{"id":2514,"date":"2024-12-17T14:28:21","date_gmt":"2024-12-17T14:28:21","guid":{"rendered":"https:\/\/marist.sjdigitaldemo.ovh\/espana\/"},"modified":"2025-04-15T14:48:22","modified_gmt":"2025-04-15T12:48:22","slug":"espana","status":"publish","type":"page","link":"https:\/\/maristeurope.eu\/es\/comunidades\/espana\/","title":{"rendered":"Espa\u00f1a"},"content":{"rendered":"<p>[et_pb_section fb_built=\"1&#8243; _builder_version=\"4.27.4&#8243; _module_preset=\"default\" use_background_color_gradient=\"on\" background_color_gradient_stops=\"rgba(2,48,71,0.2) 0%|rgba(2,48,71,0.4) 100%\" background_color_gradient_overlays_image=\"on\" background_image=\"https:\/\/maristeurope.eu\/wp-content\/uploads\/2024\/12\/istock_32842014_1578464420_231003103152_800x534.jpg\" background_enable_video_mp4=\"off\" custom_padding=\"16vw||4vw||false|false\" bottom_divider_style=\"ramp2&#8243; bottom_divider_color=\"#FFFAF2&#8243; bottom_divider_flip=\"horizontal\" hover_enabled=\"0&#8243; global_colors_info=\"{}\" title_text=\"Spectacular Cathedral of Leon. %22Santa Mar\u00eda de Regla de Le\u00f3n%22 Cathedral\" sticky_enabled=\"0&#8243;][et_pb_row make_equal=\"on\" _builder_version=\"4.27.2&#8243; _module_preset=\"default\" background_enable_color=\"off\" custom_padding=\"0px|40px|0px|40px|true|true\" animation_style=\"fade\" animation_duration=\"1500ms\" animation_delay=\"200ms\" global_colors_info=\"{}\"][et_pb_column type=\"4_4&#8243; _builder_version=\"4.27.2&#8243; _module_preset=\"default\" global_colors_info=\"{}\"][et_pb_text _builder_version=\"4.27.4&#8243; _module_preset=\"default\" header_font=\"|600||on|||||\" header_text_color=\"#FFFFFF\" header_font_size=\"4rem\" header_letter_spacing=\"4px\" header_2_text_color=\"#219EBC\" header_2_font_size=\"3.5rem\" custom_margin=\"20px||20px||true|false\" global_colors_info=\"{}\"]<\/p>\n<h1>Espa\u00f1a<\/h1>\n<p>[\/et_pb_text][\/et_pb_column][\/et_pb_row][\/et_pb_section][et_pb_section fb_built=\"1&#8243; _builder_version=\"4.27.2&#8243; _module_preset=\"default\" background_color=\"#FFFAF2&#8243; background_image=\"https:\/\/maristeurope.eu\/wp-content\/uploads\/2024\/11\/Fondo-de-_DSC3323-copia-eliminado.png\" background_size=\"contain\" background_position=\"bottom_left\" background_blend=\"soft-light\" custom_padding=\"6vw||100px||false|false\" global_colors_info=\"{}\"][et_pb_row _builder_version=\"4.27.4&#8243; _module_preset=\"default\" global_colors_info=\"{}\"][et_pb_column type=\"4_4&#8243; _builder_version=\"4.27.4&#8243; _module_preset=\"default\" global_colors_info=\"{}\"][et_pb_code _builder_version=\"4.27.4&#8243; _module_preset=\"default\" global_colors_info=\"{}\"]<div class=\"sjd-locations-grid\"><div class=\"sjd-location-card\">  <div class=\"sjd-card-column sjd-column-name\">      <h2>Sahag\u00fan<\/h2>  <\/div>  <div class=\"sjd-card-column sjd-column-description\"><p>En 2018 nos embarcamos en un nuevo ministerio en la Provincia Europea: la acogida cristiana de peregrinos en el Camino de Santiago. El lugar elegido fue Sahag\u00fan, donde alquilamos la antigua hospeder\u00eda de un monasterio benedictino, que data del siglo XVI. Somos una comunidad marista internacional y formamos parte de las comunidades <em>Omnes Gentes<\/em> de la Sociedad de Mar\u00eda. Invitamos a religiosos y laicos a venir y compartir nuestra misi\u00f3n durante un periodo de tiempo como voluntarios.   <\/p><\/div>  <div class=\"sjd-card-column sjd-column-contact\">      <h3>Contact<\/h3><p>Padres Maristas, Calle Do\u00f1a Constanza 9, 24320 Sahag\u00fan, Spain<\/p><p>+34 987 780 851<\/p><p><a href=\"https:\/\/www.alberguesensahagun.es\" target=\"_blank\">Visit Website<\/a><\/p><p><a href=\"mailto:alberguesantacruzsahagun@gmail.com\">alberguesantacruzsahagun@gmail.com<\/a><\/p>  <\/div><\/div><div class=\"sjd-location-card\">  <div class=\"sjd-card-column sjd-column-name\">      <h2>Madrid<\/h2>  <\/div>  <div class=\"sjd-card-column sjd-column-description\"><p>Estamos en Madrid desde 1924. La guerra civil de 1936 puso fin al colegio que acababa de comenzar. Nuestra misi\u00f3n es ofrecer hospitalidad a los maristas y albergar las oficinas administrativas de Espa\u00f1a. Estamos comprometidos en otros ministerios seg\u00fan nuestra edad y carisma.   <\/p><\/div>  <div class=\"sjd-card-column sjd-column-contact\">      <h3>Contact<\/h3><p>Padres Maristas, Calle Olivos 10, 28003 Madrid, Spain<\/p><p>+34 91 533 96 22<\/p><p><a href=\"mailto:padresmaristas.esp@gmail.com\">padresmaristas.esp@gmail.com<\/a><\/p>  <\/div><\/div><div class=\"sjd-location-card\">  <div class=\"sjd-card-column sjd-column-name\">      <h2>Le\u00f3n Casa Sacerdotal<\/h2>  <\/div>  <div class=\"sjd-card-column sjd-column-description\"><p>Desde 2017, convivimos con sacerdotes diocesanos en activo y jubilados en la Residencia Sacerdotal de la Di\u00f3cesis de Le\u00f3n. La comunidad est\u00e1 formada por maristas jubilados, y algunos siguen prestando servicios pastorales en la di\u00f3cesis, incluido el trabajo con las comunidades de personas migrantes. <\/p><\/div>  <div class=\"sjd-card-column sjd-column-contact\">      <h3>Contact<\/h3><p>Padres Maristas, Casa Sacerdotal, Calle Obispo Almarcha 22, 24006 Le\u00f3n, Spain<\/p><p>+34 987 258 050<\/p><p><a href=\"mailto:padresmaristasleon@gmail.com\">padresmaristasleon@gmail.com<\/a><\/p>  <\/div><\/div><\/div>[\/et_pb_code][\/et_pb_column][\/et_pb_row][\/et_pb_section][et_pb_section fb_built=\"1&#8243; _builder_version=\"4.27.4&#8243; _module_preset=\"default\" background_color=\"#FFFAF2&#8243; background_image=\"https:\/\/maristeurope.eu\/wp-content\/uploads\/2024\/11\/art-therapist-background-01-1.png\" background_enable_image=\"off\" background_size=\"contain\" background_position=\"center_right\" bottom_divider_color=\"#FFFAF2&#8243; global_module=\"467&#8243; saved_tabs=\"all\" global_colors_info=\"{}\"][et_pb_row column_structure=\"1_4,1_4,1_4,1_4&#8243; use_custom_gutter=\"on\" gutter_width=\"2&#8243; make_equal=\"on\" _builder_version=\"4.27.4&#8243; _module_preset=\"default\" global_colors_info=\"{}\"][et_pb_column type=\"1_4&#8243; _builder_version=\"4.27.4&#8243; _module_preset=\"default\" background_color=\"#023047&#8243; background_image=\"https:\/\/maristeurope.eu\/wp-content\/uploads\/2024\/11\/bridge-8830231_1280-en-tamano-grande.jpeg\" background_blend=\"soft-light\" custom_padding=\"80px|20px|80px|20px|true|true\" link_option_url=\"https:\/\/maristeurope.eu\/es\/comunidades\/inglaterra\/\" border_radii=\"on|30px|30px|30px|30px\" global_colors_info=\"{}\" background__hover_enabled=\"on|hover\" background_blend__hover=\"screen\"][et_pb_text _builder_version=\"4.27.4&#8243; _module_preset=\"default\" text_font=\"|700||on|||||\" text_text_color=\"#FFFAF2&#8243; text_font_size=\"22px\" text_orientation=\"center\" global_colors_info=\"{}\"]<\/p>\n<p>Inglaterra<\/p>\n<p>[\/et_pb_text][\/et_pb_column][et_pb_column type=\"1_4&#8243; _builder_version=\"4.27.4&#8243; _module_preset=\"default\" background_color=\"#023047&#8243; background_image=\"https:\/\/maristeurope.eu\/wp-content\/uploads\/2024\/12\/GettyImages-526473857-scaled.webp\" background_blend=\"soft-light\" custom_padding=\"80px|20px|80px|20px|true|true\" link_option_url=\"https:\/\/maristeurope.eu\/es\/comunidades\/francia\/\" border_radii=\"on|30px|30px|30px|30px\" global_colors_info=\"{}\" background__hover_enabled=\"on|hover\" background_blend__hover=\"screen\"][et_pb_text _builder_version=\"4.27.4&#8243; _module_preset=\"default\" text_font=\"|700||on|||||\" text_text_color=\"#FFFAF2&#8243; text_font_size=\"22px\" text_orientation=\"center\" global_colors_info=\"{}\"]<\/p>\n<p>Francia<\/p>\n<p>[\/et_pb_text][\/et_pb_column][et_pb_column type=\"1_4&#8243; _builder_version=\"4.27.4&#8243; _module_preset=\"default\" background_color=\"#023047&#8243; background_image=\"https:\/\/maristeurope.eu\/wp-content\/uploads\/2024\/11\/brandenburger-tor-461971_1280-en-tamano-grande.jpeg\" background_blend=\"soft-light\" custom_padding=\"80px|20px|80px|20px|true|true\" link_option_url=\"https:\/\/maristeurope.eu\/es\/comunidades\/alemania\/\" border_radii=\"on|30px|30px|30px|30px\" global_colors_info=\"{}\" background__hover_enabled=\"on|hover\" background_blend__hover=\"screen\"][et_pb_text _builder_version=\"4.27.4&#8243; _module_preset=\"default\" text_font=\"|700||on|||||\" text_text_color=\"#FFFAF2&#8243; text_font_size=\"22px\" text_orientation=\"center\" global_colors_info=\"{}\"]<\/p>\n<p>Alemania<\/p>\n<p>[\/et_pb_text][\/et_pb_column][et_pb_column type=\"1_4&#8243; _builder_version=\"4.27.4&#8243; _module_preset=\"default\" background_color=\"#023047&#8243; background_image=\"https:\/\/maristeurope.eu\/wp-content\/uploads\/2024\/11\/temple-bar-2344400_1280-en-tamano-grande.jpeg\" background_blend=\"soft-light\" custom_padding=\"80px|20px|80px|20px|true|true\" link_option_url=\"https:\/\/maristeurope.eu\/es\/comunidades\/irlanda\/\" border_radii=\"on|30px|30px|30px|30px\" global_colors_info=\"{}\" background__hover_enabled=\"on|hover\" background_blend__hover=\"screen\"][et_pb_text _builder_version=\"4.27.4&#8243; _module_preset=\"default\" text_font=\"|700||on|||||\" text_text_color=\"#FFFAF2&#8243; text_font_size=\"22px\" text_orientation=\"center\" global_colors_info=\"{}\"]<\/p>\n<p>Irlanda<\/p>\n<p>[\/et_pb_text][\/et_pb_column][\/et_pb_row][et_pb_row column_structure=\"1_4,1_4,1_4,1_4&#8243; use_custom_gutter=\"on\" gutter_width=\"2&#8243; make_equal=\"on\" _builder_version=\"4.27.4&#8243; _module_preset=\"default\" global_colors_info=\"{}\"][et_pb_column type=\"1_4&#8243; _builder_version=\"4.27.4&#8243; _module_preset=\"default\" background_color=\"#023047&#8243; background_image=\"https:\/\/maristeurope.eu\/wp-content\/uploads\/2024\/12\/shutterstock_1218983827.webp\" background_blend=\"soft-light\" custom_padding=\"80px|20px|80px|20px|true|true\" link_option_url=\"https:\/\/maristeurope.eu\/es\/comunidades\/italia\/\" border_radii=\"on|30px|30px|30px|30px\" global_colors_info=\"{}\" background__hover_enabled=\"on|hover\" background_blend__hover=\"screen\"][et_pb_text _builder_version=\"4.27.4&#8243; _module_preset=\"default\" text_font=\"|700||on|||||\" text_text_color=\"#FFFAF2&#8243; text_font_size=\"22px\" text_orientation=\"center\" global_colors_info=\"{}\"]<\/p>\n<p>Italia<\/p>\n<p>[\/et_pb_text][\/et_pb_column][et_pb_column type=\"1_4&#8243; _builder_version=\"4.27.4&#8243; _module_preset=\"default\" background_color=\"#023047&#8243; background_image=\"https:\/\/maristeurope.eu\/wp-content\/uploads\/2024\/11\/norway-2405634_1280-en-tamano-grande.jpeg\" background_blend=\"soft-light\" custom_padding=\"80px|20px|80px|20px|true|true\" link_option_url=\"https:\/\/maristeurope.eu\/es\/comunidades\/noruega\/\" border_radii=\"on|30px|30px|30px|30px\" global_colors_info=\"{}\" background__hover_enabled=\"on|hover\" background_blend__hover=\"screen\"][et_pb_text _builder_version=\"4.27.4&#8243; _module_preset=\"default\" text_font=\"|700||on|||||\" text_text_color=\"#FFFAF2&#8243; text_font_size=\"22px\" text_orientation=\"center\" global_colors_info=\"{}\"]<\/p>\n<p>Noruega<\/p>\n<p>[\/et_pb_text][\/et_pb_column][et_pb_column type=\"1_4&#8243; _builder_version=\"4.27.4&#8243; _module_preset=\"default\" background_color=\"#023047&#8243; background_image=\"https:\/\/maristeurope.eu\/wp-content\/uploads\/2024\/12\/istock_32842014_1578464420_231003103152_800x534.jpg\" background_blend=\"soft-light\" custom_padding=\"80px|20px|80px|20px|true|true\" link_option_url=\"https:\/\/maristeurope.eu\/es\/comunidades\/espana\/\" border_radii=\"on|30px|30px|30px|30px\" global_colors_info=\"{}\" background__hover_enabled=\"on|hover\" background_blend__hover=\"screen\"][et_pb_text _builder_version=\"4.27.4&#8243; _module_preset=\"default\" text_font=\"|700||on|||||\" text_text_color=\"#FFFAF2&#8243; text_font_size=\"22px\" text_orientation=\"center\" global_colors_info=\"{}\"]<\/p>\n<p>Espa\u00f1a<\/p>\n<p>[\/et_pb_text][\/et_pb_column][et_pb_column type=\"1_4&#8243; _builder_version=\"4.27.4&#8243; _module_preset=\"default\" background_color=\"#023047&#8243; background_image=\"https:\/\/maristeurope.eu\/wp-content\/uploads\/2024\/12\/hulst_3049_l.jpg\" background_blend=\"soft-light\" custom_padding=\"80px|20px|80px|20px|true|true\" link_option_url=\"\/comunidades\/Pa\u00edsesBajos\/\" border_radii=\"on|30px|30px|30px|30px\" global_colors_info=\"{}\" background__hover_enabled=\"on|hover\" background_blend__hover=\"screen\"][et_pb_text _builder_version=\"4.27.4&#8243; _module_preset=\"default\" text_font=\"|700||on|||||\" text_text_color=\"#FFFAF2&#8243; text_font_size=\"22px\" text_orientation=\"center\" global_colors_info=\"{}\"]<\/p>\n<p>Pa\u00edses Bajos<\/p>\n<p>[\/et_pb_text][\/et_pb_column][\/et_pb_row][\/et_pb_section]<\/p>\n","protected":false},"excerpt":{"rendered":"<p>[et_pb_section fb_built=\"1&#8243; _builder_version=\"4.27.4&#8243; _module_preset=\"default\" use_background_color_gradient=\"on\" background_color_gradient_stops=\"rgba(2,48,71,0.2) 0%|rgba(2,48,71,0.4) 100%\" background_color_gradient_overlays_image=\"on\" background_image=\"https:\/\/maristeurope.eu\/wp-content\/uploads\/2024\/12\/istock_32842014_1578464420_231003103152_800x534.jpg\" background_enable_video_mp4=\"off\" custom_padding=\"16vw||4vw||false|false\" bottom_divider_style=\"ramp2&#8243; bottom_divider_color=\"#FFFAF2&#8243; bottom_divider_flip=\"horizontal\" hover_enabled=\"0&#8243; global_colors_info=\"{}\" title_text=\"Spectacular Cathedral of Leon. %22Santa Mar\u00eda de Regla de Le\u00f3n%22 Cathedral\" sticky_enabled=\"0&#8243;][et_pb_row make_equal=\"on\" _builder_version=\"4.27.2&#8243; _module_preset=\"default\" background_enable_color=\"off\" custom_padding=\"0px|40px|0px|40px|true|true\" animation_style=\"fade\" animation_duration=\"1500ms\" animation_delay=\"200ms\" global_colors_info=\"{}\"][et_pb_column type=\"4_4&#8243; _builder_version=\"4.27.2&#8243; _module_preset=\"default\" global_colors_info=\"{}\"][et_pb_text _builder_version=\"4.27.4&#8243; _module_preset=\"default\" header_font=\"|600||on|||||\" header_text_color=\"#FFFFFF\" header_font_size=\"4rem\" header_letter_spacing=\"4px\" header_2_text_color=\"#219EBC\" header_2_font_size=\"3.5rem\" custom_margin=\"20px||20px||true|false\" global_colors_info=\"{}\"] Espa\u00f1a [\/et_pb_text][\/et_pb_column][\/et_pb_row][\/et_pb_section][et_pb_section fb_built=\"1&#8243; [&hellip;]<\/p>\n","protected":false},"author":1,"featured_media":1645,"parent":2970,"menu_order":0,"comment_status":"closed","ping_status":"closed","template":"","meta":{"_et_pb_use_builder":"on","_et_pb_old_content":"","_et_gb_content_width":"","footnotes":""},"class_list":["post-2514","page","type-page","status-publish","has-post-thumbnail","hentry"],"yoast_head":"<!-- This site is optimized with the Yoast SEO plugin v27.4 - https:\/\/yoast.com\/product\/yoast-seo-wordpress\/ -->\n<title>Espa\u00f1a - Marist Europe<\/title>\n<meta name=\"robots\" content=\"index, follow, max-snippet:-1, max-image-preview:large, max-video-preview:-1\" \/>\n<link rel=\"canonical\" href=\"https:\/\/maristeurope.eu\/es\/comunidades\/espana\/\" \/>\n<meta property=\"og:locale\" content=\"es_ES\" \/>\n<meta property=\"og:type\" content=\"article\" \/>\n<meta property=\"og:title\" content=\"Espa\u00f1a - Marist Europe\" \/>\n<meta property=\"og:description\" content=\"[et_pb_section fb_built=&quot;1&#8243; _builder_version=&quot;4.27.4&#8243; _module_preset=&quot;default&quot; use_background_color_gradient=&quot;on&quot; background_color_gradient_stops=&quot;rgba(2,48,71,0.2) 0%|rgba(2,48,71,0.4) 100%&quot; background_color_gradient_overlays_image=&quot;on&quot; background_image=&quot;https:\/\/maristeurope.eu\/wp-content\/uploads\/2024\/12\/istock_32842014_1578464420_231003103152_800x534.jpg&quot; background_enable_video_mp4=&quot;off&quot; custom_padding=&quot;16vw||4vw||false|false&quot; bottom_divider_style=&quot;ramp2&#8243; bottom_divider_color=&quot;#FFFAF2&#8243; bottom_divider_flip=&quot;horizontal&quot; hover_enabled=&quot;0&#8243; global_colors_info=&quot;{}&quot; title_text=&quot;Spectacular Cathedral of Leon. %22Santa Mar\u00eda de Regla de Le\u00f3n%22 Cathedral&quot; sticky_enabled=&quot;0&#8243;][et_pb_row make_equal=&quot;on&quot; _builder_version=&quot;4.27.2&#8243; _module_preset=&quot;default&quot; background_enable_color=&quot;off&quot; custom_padding=&quot;0px|40px|0px|40px|true|true&quot; animation_style=&quot;fade&quot; animation_duration=&quot;1500ms&quot; animation_delay=&quot;200ms&quot; global_colors_info=&quot;{}&quot;][et_pb_column type=&quot;4_4&#8243; _builder_version=&quot;4.27.2&#8243; _module_preset=&quot;default&quot; global_colors_info=&quot;{}&quot;][et_pb_text _builder_version=&quot;4.27.4&#8243; _module_preset=&quot;default&quot; header_font=&quot;|600||on|||||&quot; header_text_color=&quot;#FFFFFF&quot; header_font_size=&quot;4rem&quot; header_letter_spacing=&quot;4px&quot; header_2_text_color=&quot;#219EBC&quot; header_2_font_size=&quot;3.5rem&quot; custom_margin=&quot;20px||20px||true|false&quot; global_colors_info=&quot;{}&quot;] Espa\u00f1a [\/et_pb_text][\/et_pb_column][\/et_pb_row][\/et_pb_section][et_pb_section fb_built=&quot;1&#8243; [&hellip;]\" \/>\n<meta property=\"og:url\" content=\"https:\/\/maristeurope.eu\/es\/comunidades\/espana\/\" \/>\n<meta property=\"og:site_name\" content=\"Marist Europe\" \/>\n<meta property=\"article:modified_time\" content=\"2025-04-15T12:48:22+00:00\" \/>\n<meta property=\"og:image\" content=\"https:\/\/maristeurope.eu\/wp-content\/uploads\/2024\/11\/spain-985372_1280-en-tamano-grande.jpeg\" \/>\n\t<meta property=\"og:image:width\" content=\"1280\" \/>\n\t<meta property=\"og:image:height\" content=\"853\" \/>\n\t<meta property=\"og:image:type\" content=\"image\/jpeg\" \/>\n<meta name=\"twitter:card\" content=\"summary_large_image\" \/>\n<meta name=\"twitter:label1\" content=\"Tiempo de lectura\" \/>\n\t<meta name=\"twitter:data1\" content=\"6 minuto\" \/>\n<script type=\"application\/ld+json\" class=\"yoast-schema-graph\">{\"@context\":\"https:\\\/\\\/schema.org\",\"@graph\":[{\"@type\":\"WebPage\",\"@id\":\"https:\\\/\\\/maristeurope.eu\\\/es\\\/comunidades\\\/espana\\\/\",\"url\":\"https:\\\/\\\/maristeurope.eu\\\/es\\\/comunidades\\\/espana\\\/\",\"name\":\"Espa\u00f1a - Marist Europe\",\"isPartOf\":{\"@id\":\"https:\\\/\\\/maristeurope.eu\\\/es\\\/#website\"},\"primaryImageOfPage\":{\"@id\":\"https:\\\/\\\/maristeurope.eu\\\/es\\\/comunidades\\\/espana\\\/#primaryimage\"},\"image\":{\"@id\":\"https:\\\/\\\/maristeurope.eu\\\/es\\\/comunidades\\\/espana\\\/#primaryimage\"},\"thumbnailUrl\":\"https:\\\/\\\/maristeurope.eu\\\/wp-content\\\/uploads\\\/2024\\\/11\\\/spain-985372_1280-en-tamano-grande.jpeg\",\"datePublished\":\"2024-12-17T14:28:21+00:00\",\"dateModified\":\"2025-04-15T12:48:22+00:00\",\"breadcrumb\":{\"@id\":\"https:\\\/\\\/maristeurope.eu\\\/es\\\/comunidades\\\/espana\\\/#breadcrumb\"},\"inLanguage\":\"es\",\"potentialAction\":[{\"@type\":\"ReadAction\",\"target\":[\"https:\\\/\\\/maristeurope.eu\\\/es\\\/comunidades\\\/espana\\\/\"]}]},{\"@type\":\"ImageObject\",\"inLanguage\":\"es\",\"@id\":\"https:\\\/\\\/maristeurope.eu\\\/es\\\/comunidades\\\/espana\\\/#primaryimage\",\"url\":\"https:\\\/\\\/maristeurope.eu\\\/wp-content\\\/uploads\\\/2024\\\/11\\\/spain-985372_1280-en-tamano-grande.jpeg\",\"contentUrl\":\"https:\\\/\\\/maristeurope.eu\\\/wp-content\\\/uploads\\\/2024\\\/11\\\/spain-985372_1280-en-tamano-grande.jpeg\",\"width\":1280,\"height\":853},{\"@type\":\"BreadcrumbList\",\"@id\":\"https:\\\/\\\/maristeurope.eu\\\/es\\\/comunidades\\\/espana\\\/#breadcrumb\",\"itemListElement\":[{\"@type\":\"ListItem\",\"position\":1,\"name\":\"Home\",\"item\":\"https:\\\/\\\/maristeurope.eu\\\/es\\\/\"},{\"@type\":\"ListItem\",\"position\":2,\"name\":\"Comunidades\",\"item\":\"https:\\\/\\\/maristeurope.eu\\\/es\\\/comunidades\\\/\"},{\"@type\":\"ListItem\",\"position\":3,\"name\":\"Espa\u00f1a\"}]},{\"@type\":\"WebSite\",\"@id\":\"https:\\\/\\\/maristeurope.eu\\\/es\\\/#website\",\"url\":\"https:\\\/\\\/maristeurope.eu\\\/es\\\/\",\"name\":\"Marist Europe\",\"description\":\"\",\"publisher\":{\"@id\":\"https:\\\/\\\/maristeurope.eu\\\/es\\\/#organization\"},\"potentialAction\":[{\"@type\":\"SearchAction\",\"target\":{\"@type\":\"EntryPoint\",\"urlTemplate\":\"https:\\\/\\\/maristeurope.eu\\\/es\\\/?s={search_term_string}\"},\"query-input\":{\"@type\":\"PropertyValueSpecification\",\"valueRequired\":true,\"valueName\":\"search_term_string\"}}],\"inLanguage\":\"es\"},{\"@type\":\"Organization\",\"@id\":\"https:\\\/\\\/maristeurope.eu\\\/es\\\/#organization\",\"name\":\"Marist Europe\",\"url\":\"https:\\\/\\\/maristeurope.eu\\\/es\\\/\",\"logo\":{\"@type\":\"ImageObject\",\"inLanguage\":\"es\",\"@id\":\"https:\\\/\\\/maristeurope.eu\\\/es\\\/#\\\/schema\\\/logo\\\/image\\\/\",\"url\":\"https:\\\/\\\/maristeurope.eu\\\/wp-content\\\/uploads\\\/2024\\\/10\\\/EU-SM-Finalogo-02.png\",\"contentUrl\":\"https:\\\/\\\/maristeurope.eu\\\/wp-content\\\/uploads\\\/2024\\\/10\\\/EU-SM-Finalogo-02.png\",\"width\":150,\"height\":156,\"caption\":\"Marist Europe\"},\"image\":{\"@id\":\"https:\\\/\\\/maristeurope.eu\\\/es\\\/#\\\/schema\\\/logo\\\/image\\\/\"}}]}<\/script>\n<!-- \/ Yoast SEO plugin. -->","yoast_head_json":{"title":"Espa\u00f1a - Marist Europe","robots":{"index":"index","follow":"follow","max-snippet":"max-snippet:-1","max-image-preview":"max-image-preview:large","max-video-preview":"max-video-preview:-1"},"canonical":"https:\/\/maristeurope.eu\/es\/comunidades\/espana\/","og_locale":"es_ES","og_type":"article","og_title":"Espa\u00f1a - Marist Europe","og_description":"[et_pb_section fb_built=\"1&#8243; _builder_version=\"4.27.4&#8243; _module_preset=\"default\" use_background_color_gradient=\"on\" background_color_gradient_stops=\"rgba(2,48,71,0.2) 0%|rgba(2,48,71,0.4) 100%\" background_color_gradient_overlays_image=\"on\" background_image=\"https:\/\/maristeurope.eu\/wp-content\/uploads\/2024\/12\/istock_32842014_1578464420_231003103152_800x534.jpg\" background_enable_video_mp4=\"off\" custom_padding=\"16vw||4vw||false|false\" bottom_divider_style=\"ramp2&#8243; bottom_divider_color=\"#FFFAF2&#8243; bottom_divider_flip=\"horizontal\" hover_enabled=\"0&#8243; global_colors_info=\"{}\" title_text=\"Spectacular Cathedral of Leon. %22Santa Mar\u00eda de Regla de Le\u00f3n%22 Cathedral\" sticky_enabled=\"0&#8243;][et_pb_row make_equal=\"on\" _builder_version=\"4.27.2&#8243; _module_preset=\"default\" background_enable_color=\"off\" custom_padding=\"0px|40px|0px|40px|true|true\" animation_style=\"fade\" animation_duration=\"1500ms\" animation_delay=\"200ms\" global_colors_info=\"{}\"][et_pb_column type=\"4_4&#8243; _builder_version=\"4.27.2&#8243; _module_preset=\"default\" global_colors_info=\"{}\"][et_pb_text _builder_version=\"4.27.4&#8243; _module_preset=\"default\" header_font=\"|600||on|||||\" header_text_color=\"#FFFFFF\" header_font_size=\"4rem\" header_letter_spacing=\"4px\" header_2_text_color=\"#219EBC\" header_2_font_size=\"3.5rem\" custom_margin=\"20px||20px||true|false\" global_colors_info=\"{}\"] Espa\u00f1a [\/et_pb_text][\/et_pb_column][\/et_pb_row][\/et_pb_section][et_pb_section fb_built=\"1&#8243; [&hellip;]","og_url":"https:\/\/maristeurope.eu\/es\/comunidades\/espana\/","og_site_name":"Marist Europe","article_modified_time":"2025-04-15T12:48:22+00:00","og_image":[{"width":1280,"height":853,"url":"https:\/\/maristeurope.eu\/wp-content\/uploads\/2024\/11\/spain-985372_1280-en-tamano-grande.jpeg","type":"image\/jpeg"}],"twitter_card":"summary_large_image","twitter_misc":{"Tiempo de lectura":"6 minuto"},"schema":{"@context":"https:\/\/schema.org","@graph":[{"@type":"WebPage","@id":"https:\/\/maristeurope.eu\/es\/comunidades\/espana\/","url":"https:\/\/maristeurope.eu\/es\/comunidades\/espana\/","name":"Espa\u00f1a - Marist Europe","isPartOf":{"@id":"https:\/\/maristeurope.eu\/es\/#website"},"primaryImageOfPage":{"@id":"https:\/\/maristeurope.eu\/es\/comunidades\/espana\/#primaryimage"},"image":{"@id":"https:\/\/maristeurope.eu\/es\/comunidades\/espana\/#primaryimage"},"thumbnailUrl":"https:\/\/maristeurope.eu\/wp-content\/uploads\/2024\/11\/spain-985372_1280-en-tamano-grande.jpeg","datePublished":"2024-12-17T14:28:21+00:00","dateModified":"2025-04-15T12:48:22+00:00","breadcrumb":{"@id":"https:\/\/maristeurope.eu\/es\/comunidades\/espana\/#breadcrumb"},"inLanguage":"es","potentialAction":[{"@type":"ReadAction","target":["https:\/\/maristeurope.eu\/es\/comunidades\/espana\/"]}]},{"@type":"ImageObject","inLanguage":"es","@id":"https:\/\/maristeurope.eu\/es\/comunidades\/espana\/#primaryimage","url":"https:\/\/maristeurope.eu\/wp-content\/uploads\/2024\/11\/spain-985372_1280-en-tamano-grande.jpeg","contentUrl":"https:\/\/maristeurope.eu\/wp-content\/uploads\/2024\/11\/spain-985372_1280-en-tamano-grande.jpeg","width":1280,"height":853},{"@type":"BreadcrumbList","@id":"https:\/\/maristeurope.eu\/es\/comunidades\/espana\/#breadcrumb","itemListElement":[{"@type":"ListItem","position":1,"name":"Home","item":"https:\/\/maristeurope.eu\/es\/"},{"@type":"ListItem","position":2,"name":"Comunidades","item":"https:\/\/maristeurope.eu\/es\/comunidades\/"},{"@type":"ListItem","position":3,"name":"Espa\u00f1a"}]},{"@type":"WebSite","@id":"https:\/\/maristeurope.eu\/es\/#website","url":"https:\/\/maristeurope.eu\/es\/","name":"Marist Europe","description":"","publisher":{"@id":"https:\/\/maristeurope.eu\/es\/#organization"},"potentialAction":[{"@type":"SearchAction","target":{"@type":"EntryPoint","urlTemplate":"https:\/\/maristeurope.eu\/es\/?s={search_term_string}"},"query-input":{"@type":"PropertyValueSpecification","valueRequired":true,"valueName":"search_term_string"}}],"inLanguage":"es"},{"@type":"Organization","@id":"https:\/\/maristeurope.eu\/es\/#organization","name":"Marist Europe","url":"https:\/\/maristeurope.eu\/es\/","logo":{"@type":"ImageObject","inLanguage":"es","@id":"https:\/\/maristeurope.eu\/es\/#\/schema\/logo\/image\/","url":"https:\/\/maristeurope.eu\/wp-content\/uploads\/2024\/10\/EU-SM-Finalogo-02.png","contentUrl":"https:\/\/maristeurope.eu\/wp-content\/uploads\/2024\/10\/EU-SM-Finalogo-02.png","width":150,"height":156,"caption":"Marist Europe"},"image":{"@id":"https:\/\/maristeurope.eu\/es\/#\/schema\/logo\/image\/"}}]}},"_links":{"self":[{"href":"https:\/\/maristeurope.eu\/es\/wp-json\/wp\/v2\/pages\/2514","targetHints":{"allow":["GET"]}}],"collection":[{"href":"https:\/\/maristeurope.eu\/es\/wp-json\/wp\/v2\/pages"}],"about":[{"href":"https:\/\/maristeurope.eu\/es\/wp-json\/wp\/v2\/types\/page"}],"author":[{"embeddable":true,"href":"https:\/\/maristeurope.eu\/es\/wp-json\/wp\/v2\/users\/1"}],"replies":[{"embeddable":true,"href":"https:\/\/maristeurope.eu\/es\/wp-json\/wp\/v2\/comments?post=2514"}],"version-history":[{"count":10,"href":"https:\/\/maristeurope.eu\/es\/wp-json\/wp\/v2\/pages\/2514\/revisions"}],"predecessor-version":[{"id":7030,"href":"https:\/\/maristeurope.eu\/es\/wp-json\/wp\/v2\/pages\/2514\/revisions\/7030"}],"up":[{"embeddable":true,"href":"https:\/\/maristeurope.eu\/es\/wp-json\/wp\/v2\/pages\/2970"}],"wp:featuredmedia":[{"embeddable":true,"href":"https:\/\/maristeurope.eu\/es\/wp-json\/wp\/v2\/media\/1645"}],"wp:attachment":[{"href":"https:\/\/maristeurope.eu\/es\/wp-json\/wp\/v2\/media?parent=2514"}],"curies":[{"name":"wp","href":"https:\/\/api.w.org\/{rel}","templated":true}]}}