{"id":2444,"date":"2024-12-17T14:54:13","date_gmt":"2024-12-17T13:54:13","guid":{"rendered":"https:\/\/marist.sjdigitaldemo.ovh\/noruega\/"},"modified":"2026-05-07T08:35:19","modified_gmt":"2026-05-07T06:35:19","slug":"noruega","status":"publish","type":"page","link":"https:\/\/maristeurope.eu\/es\/comunidades\/noruega\/","title":{"rendered":"Noruega"},"content":{"rendered":"\n<div class=\"et_pb_section_0 et_pb_section et_section_regular et_block_section section_has_divider et_pb_bottom_divider\"><div class=\"et_pb_row_0 et_pb_row et_pb_equal_columns et_block_row et_animated preset--module--divi-row--default\"><div class=\"et_pb_column_0 et_pb_column et_pb_column_4_4 et-last-child et_block_column et_pb_css_mix_blend_mode_passthrough\"><div class=\"et_pb_text_0 et_pb_text et_pb_bg_layout_light et_pb_module et_block_module\"><div class=\"et_pb_text_inner\"><h1>Noruega<\/h1>\n<\/div><\/div><\/div><\/div><div class=\"et_pb_bottom_inside_divider et-no-transition\"><\/div><\/div><div class=\"et_pb_section_1 et_pb_section et_section_regular et_block_section\"><div class=\"et_pb_row_1 et_pb_row et_block_row preset--module--divi-row--default\"><div class=\"et_pb_column_1 et_pb_column et_pb_column_4_4 et-last-child et_block_column et_pb_css_mix_blend_mode_passthrough\"><div class=\"et_pb_code_0 et_pb_code et_pb_module\"><div class=\"et_pb_code_inner\"><div class=\"sjd-locations-grid\"><div class=\"sjd-location-card\">  <div class=\"sjd-card-column sjd-column-name\">      <h2>Str\u00f8mmen<\/h2>  <\/div>  <div class=\"sjd-card-column sjd-column-description\"><p>La presencia marista en Noruega se remonta a 1925, cuando el padre Jacob Mangers sm, que m\u00e1s tarde ser\u00eda obispo de Oslo, lleg\u00f3 para ayudar a la peque\u00f1a iglesia de la di\u00e1spora cat\u00f3lica del norte. Desde 2001, la comunidad tiene su sede en Maristua, Str\u00f8mmen, en las afueras de Oslo. Los miembros se dedican al trabajo en retiros, a la pastoral juvenil y parroquial en la zona.   <\/p><\/div>  <div class=\"sjd-card-column sjd-column-contact\">      <h3>Contact<\/h3><p>Maristua, Kroken 15, NO-1466 Str\u00f8mmen, Norway<\/p><p>+47 6381 9376<\/p><p><a href=\"mailto:maristene@katolsk.no\">maristene@katolsk.no<\/a><\/p>  <\/div><\/div><\/div><\/div><\/div><\/div><\/div><\/div>\n","protected":false},"excerpt":{"rendered":"","protected":false},"author":1,"featured_media":1635,"parent":2970,"menu_order":0,"comment_status":"closed","ping_status":"closed","template":"","meta":{"footnotes":""},"class_list":["post-2444","page","type-page","status-publish","has-post-thumbnail","hentry"],"yoast_head":"<!-- This site is optimized with the Yoast SEO plugin v27.5 - https:\/\/yoast.com\/product\/yoast-seo-wordpress\/ -->\n<title>Noruega - Marist Europe<\/title>\n<meta name=\"robots\" content=\"index, follow, max-snippet:-1, max-image-preview:large, max-video-preview:-1\" \/>\n<link rel=\"canonical\" href=\"https:\/\/maristeurope.eu\/es\/comunidades\/noruega\/\" \/>\n<meta property=\"og:locale\" content=\"es_ES\" \/>\n<meta property=\"og:type\" content=\"article\" \/>\n<meta property=\"og:title\" content=\"Noruega - Marist Europe\" \/>\n<meta property=\"og:url\" content=\"https:\/\/maristeurope.eu\/es\/comunidades\/noruega\/\" \/>\n<meta property=\"og:site_name\" content=\"Marist Europe\" \/>\n<meta property=\"article:modified_time\" content=\"2026-05-07T06:35:19+00:00\" \/>\n<meta property=\"og:image\" content=\"https:\/\/maristeurope.eu\/wp-content\/uploads\/2024\/11\/norway-2405634_1280-en-tamano-grande.jpeg\" \/>\n\t<meta property=\"og:image:width\" content=\"1280\" \/>\n\t<meta property=\"og:image:height\" content=\"853\" \/>\n\t<meta property=\"og:image:type\" content=\"image\/jpeg\" \/>\n<meta name=\"twitter:card\" content=\"summary_large_image\" \/>\n<script type=\"application\/ld+json\" class=\"yoast-schema-graph\">{\"@context\":\"https:\\\/\\\/schema.org\",\"@graph\":[{\"@type\":\"WebPage\",\"@id\":\"https:\\\/\\\/maristeurope.eu\\\/es\\\/comunidades\\\/noruega\\\/\",\"url\":\"https:\\\/\\\/maristeurope.eu\\\/es\\\/comunidades\\\/noruega\\\/\",\"name\":\"Noruega - Marist Europe\",\"isPartOf\":{\"@id\":\"https:\\\/\\\/maristeurope.eu\\\/es\\\/#website\"},\"primaryImageOfPage\":{\"@id\":\"https:\\\/\\\/maristeurope.eu\\\/es\\\/comunidades\\\/noruega\\\/#primaryimage\"},\"image\":{\"@id\":\"https:\\\/\\\/maristeurope.eu\\\/es\\\/comunidades\\\/noruega\\\/#primaryimage\"},\"thumbnailUrl\":\"https:\\\/\\\/maristeurope.eu\\\/wp-content\\\/uploads\\\/2024\\\/11\\\/norway-2405634_1280-en-tamano-grande.jpeg\",\"datePublished\":\"2024-12-17T13:54:13+00:00\",\"dateModified\":\"2026-05-07T06:35:19+00:00\",\"breadcrumb\":{\"@id\":\"https:\\\/\\\/maristeurope.eu\\\/es\\\/comunidades\\\/noruega\\\/#breadcrumb\"},\"inLanguage\":\"es\",\"potentialAction\":[{\"@type\":\"ReadAction\",\"target\":[\"https:\\\/\\\/maristeurope.eu\\\/es\\\/comunidades\\\/noruega\\\/\"]}]},{\"@type\":\"ImageObject\",\"inLanguage\":\"es\",\"@id\":\"https:\\\/\\\/maristeurope.eu\\\/es\\\/comunidades\\\/noruega\\\/#primaryimage\",\"url\":\"https:\\\/\\\/maristeurope.eu\\\/wp-content\\\/uploads\\\/2024\\\/11\\\/norway-2405634_1280-en-tamano-grande.jpeg\",\"contentUrl\":\"https:\\\/\\\/maristeurope.eu\\\/wp-content\\\/uploads\\\/2024\\\/11\\\/norway-2405634_1280-en-tamano-grande.jpeg\",\"width\":1280,\"height\":853},{\"@type\":\"BreadcrumbList\",\"@id\":\"https:\\\/\\\/maristeurope.eu\\\/es\\\/comunidades\\\/noruega\\\/#breadcrumb\",\"itemListElement\":[{\"@type\":\"ListItem\",\"position\":1,\"name\":\"Home\",\"item\":\"https:\\\/\\\/maristeurope.eu\\\/es\\\/\"},{\"@type\":\"ListItem\",\"position\":2,\"name\":\"Comunidades\",\"item\":\"https:\\\/\\\/maristeurope.eu\\\/es\\\/communities\\\/\"},{\"@type\":\"ListItem\",\"position\":3,\"name\":\"Noruega\"}]},{\"@type\":\"WebSite\",\"@id\":\"https:\\\/\\\/maristeurope.eu\\\/es\\\/#website\",\"url\":\"https:\\\/\\\/maristeurope.eu\\\/es\\\/\",\"name\":\"Marist Europe\",\"description\":\"\",\"publisher\":{\"@id\":\"https:\\\/\\\/maristeurope.eu\\\/es\\\/#organization\"},\"potentialAction\":[{\"@type\":\"SearchAction\",\"target\":{\"@type\":\"EntryPoint\",\"urlTemplate\":\"https:\\\/\\\/maristeurope.eu\\\/es\\\/?s={search_term_string}\"},\"query-input\":{\"@type\":\"PropertyValueSpecification\",\"valueRequired\":true,\"valueName\":\"search_term_string\"}}],\"inLanguage\":\"es\"},{\"@type\":\"Organization\",\"@id\":\"https:\\\/\\\/maristeurope.eu\\\/es\\\/#organization\",\"name\":\"Marist Europe\",\"url\":\"https:\\\/\\\/maristeurope.eu\\\/es\\\/\",\"logo\":{\"@type\":\"ImageObject\",\"inLanguage\":\"es\",\"@id\":\"https:\\\/\\\/maristeurope.eu\\\/es\\\/#\\\/schema\\\/logo\\\/image\\\/\",\"url\":\"https:\\\/\\\/maristeurope.eu\\\/wp-content\\\/uploads\\\/2024\\\/10\\\/EU-SM-Finalogo-02.png\",\"contentUrl\":\"https:\\\/\\\/maristeurope.eu\\\/wp-content\\\/uploads\\\/2024\\\/10\\\/EU-SM-Finalogo-02.png\",\"width\":150,\"height\":156,\"caption\":\"Marist Europe\"},\"image\":{\"@id\":\"https:\\\/\\\/maristeurope.eu\\\/es\\\/#\\\/schema\\\/logo\\\/image\\\/\"}}]}<\/script>\n<!-- \/ Yoast SEO plugin. -->","yoast_head_json":{"title":"Noruega - Marist Europe","robots":{"index":"index","follow":"follow","max-snippet":"max-snippet:-1","max-image-preview":"max-image-preview:large","max-video-preview":"max-video-preview:-1"},"canonical":"https:\/\/maristeurope.eu\/es\/comunidades\/noruega\/","og_locale":"es_ES","og_type":"article","og_title":"Noruega - Marist Europe","og_url":"https:\/\/maristeurope.eu\/es\/comunidades\/noruega\/","og_site_name":"Marist Europe","article_modified_time":"2026-05-07T06:35:19+00:00","og_image":[{"width":1280,"height":853,"url":"https:\/\/maristeurope.eu\/wp-content\/uploads\/2024\/11\/norway-2405634_1280-en-tamano-grande.jpeg","type":"image\/jpeg"}],"twitter_card":"summary_large_image","schema":{"@context":"https:\/\/schema.org","@graph":[{"@type":"WebPage","@id":"https:\/\/maristeurope.eu\/es\/comunidades\/noruega\/","url":"https:\/\/maristeurope.eu\/es\/comunidades\/noruega\/","name":"Noruega - Marist Europe","isPartOf":{"@id":"https:\/\/maristeurope.eu\/es\/#website"},"primaryImageOfPage":{"@id":"https:\/\/maristeurope.eu\/es\/comunidades\/noruega\/#primaryimage"},"image":{"@id":"https:\/\/maristeurope.eu\/es\/comunidades\/noruega\/#primaryimage"},"thumbnailUrl":"https:\/\/maristeurope.eu\/wp-content\/uploads\/2024\/11\/norway-2405634_1280-en-tamano-grande.jpeg","datePublished":"2024-12-17T13:54:13+00:00","dateModified":"2026-05-07T06:35:19+00:00","breadcrumb":{"@id":"https:\/\/maristeurope.eu\/es\/comunidades\/noruega\/#breadcrumb"},"inLanguage":"es","potentialAction":[{"@type":"ReadAction","target":["https:\/\/maristeurope.eu\/es\/comunidades\/noruega\/"]}]},{"@type":"ImageObject","inLanguage":"es","@id":"https:\/\/maristeurope.eu\/es\/comunidades\/noruega\/#primaryimage","url":"https:\/\/maristeurope.eu\/wp-content\/uploads\/2024\/11\/norway-2405634_1280-en-tamano-grande.jpeg","contentUrl":"https:\/\/maristeurope.eu\/wp-content\/uploads\/2024\/11\/norway-2405634_1280-en-tamano-grande.jpeg","width":1280,"height":853},{"@type":"BreadcrumbList","@id":"https:\/\/maristeurope.eu\/es\/comunidades\/noruega\/#breadcrumb","itemListElement":[{"@type":"ListItem","position":1,"name":"Home","item":"https:\/\/maristeurope.eu\/es\/"},{"@type":"ListItem","position":2,"name":"Comunidades","item":"https:\/\/maristeurope.eu\/es\/communities\/"},{"@type":"ListItem","position":3,"name":"Noruega"}]},{"@type":"WebSite","@id":"https:\/\/maristeurope.eu\/es\/#website","url":"https:\/\/maristeurope.eu\/es\/","name":"Marist Europe","description":"","publisher":{"@id":"https:\/\/maristeurope.eu\/es\/#organization"},"potentialAction":[{"@type":"SearchAction","target":{"@type":"EntryPoint","urlTemplate":"https:\/\/maristeurope.eu\/es\/?s={search_term_string}"},"query-input":{"@type":"PropertyValueSpecification","valueRequired":true,"valueName":"search_term_string"}}],"inLanguage":"es"},{"@type":"Organization","@id":"https:\/\/maristeurope.eu\/es\/#organization","name":"Marist Europe","url":"https:\/\/maristeurope.eu\/es\/","logo":{"@type":"ImageObject","inLanguage":"es","@id":"https:\/\/maristeurope.eu\/es\/#\/schema\/logo\/image\/","url":"https:\/\/maristeurope.eu\/wp-content\/uploads\/2024\/10\/EU-SM-Finalogo-02.png","contentUrl":"https:\/\/maristeurope.eu\/wp-content\/uploads\/2024\/10\/EU-SM-Finalogo-02.png","width":150,"height":156,"caption":"Marist Europe"},"image":{"@id":"https:\/\/maristeurope.eu\/es\/#\/schema\/logo\/image\/"}}]}},"_links":{"self":[{"href":"https:\/\/maristeurope.eu\/es\/wp-json\/wp\/v2\/pages\/2444","targetHints":{"allow":["GET"]}}],"collection":[{"href":"https:\/\/maristeurope.eu\/es\/wp-json\/wp\/v2\/pages"}],"about":[{"href":"https:\/\/maristeurope.eu\/es\/wp-json\/wp\/v2\/types\/page"}],"author":[{"embeddable":true,"href":"https:\/\/maristeurope.eu\/es\/wp-json\/wp\/v2\/users\/1"}],"replies":[{"embeddable":true,"href":"https:\/\/maristeurope.eu\/es\/wp-json\/wp\/v2\/comments?post=2444"}],"version-history":[{"count":10,"href":"https:\/\/maristeurope.eu\/es\/wp-json\/wp\/v2\/pages\/2444\/revisions"}],"predecessor-version":[{"id":10887,"href":"https:\/\/maristeurope.eu\/es\/wp-json\/wp\/v2\/pages\/2444\/revisions\/10887"}],"up":[{"embeddable":true,"href":"https:\/\/maristeurope.eu\/es\/wp-json\/wp\/v2\/pages\/2970"}],"wp:featuredmedia":[{"embeddable":true,"href":"https:\/\/maristeurope.eu\/es\/wp-json\/wp\/v2\/media\/1635"}],"wp:attachment":[{"href":"https:\/\/maristeurope.eu\/es\/wp-json\/wp\/v2\/media?parent=2444"}],"curies":[{"name":"wp","href":"https:\/\/api.w.org\/{rel}","templated":true}]}}