{"id":2392,"date":"2024-12-19T09:36:39","date_gmt":"2024-12-19T08:36:39","guid":{"rendered":"https:\/\/marist.sjdigitaldemo.ovh\/reza-con-nosotros\/"},"modified":"2026-05-07T08:35:42","modified_gmt":"2026-05-07T06:35:42","slug":"reza-con-nosotros","status":"publish","type":"page","link":"https:\/\/maristeurope.eu\/es\/reza-con-nosotros\/","title":{"rendered":"Reza con nosotros"},"content":{"rendered":"\n<div class=\"et_pb_section_0 et_pb_section et_section_regular et_block_section section_has_divider et_pb_bottom_divider\"><div class=\"et_pb_row_0 et_pb_row et_pb_equal_columns et_block_row et_animated preset--module--divi-row--default\"><div class=\"et_pb_column_0 et_pb_column et_pb_column_4_4 et-last-child et_block_column et_pb_css_mix_blend_mode_passthrough\"><div class=\"et_pb_text_0 et_pb_text et_pb_bg_layout_light et_pb_module et_block_module\"><div class=\"et_pb_text_inner\"><h2>Reza con nosotros<\/h2>\n<\/div><\/div><\/div><\/div><div class=\"et_pb_bottom_inside_divider et-no-transition\"><\/div><\/div><div class=\"et_pb_section_1 et_pb_section et_section_regular et_block_section section_has_divider et_pb_bottom_divider\"><div class=\"et_pb_row_1 et_pb_row et_pb_equal_columns et_block_row preset--module--divi-row--default\"><div class=\"et_pb_column_1 et_pb_column et_pb_column_3_5 et_block_column et_pb_css_mix_blend_mode_passthrough et_animated\"><div class=\"et_pb_text_1 et_pb_text et_pb_bg_layout_light et_animated et_pb_module et_block_module\"><div class=\"et_pb_text_inner\"><h2><strong>Aprender de la presencia contemplativa de Mar\u00eda<\/strong><\/h2>\n<\/div><\/div><div class=\"et_pb_text_2 et_pb_text et_pb_bg_layout_light et_pb_module et_block_module\"><div class=\"et_pb_text_inner\"><p><span style=\"font-weight: 400;\">Mar\u00eda estuvo presente en el nacimiento de la Iglesia en el momento de <\/span><b>Pentecost\u00e9s<\/b><span style=\"font-weight: 400;\">  orando en medio de los ap\u00f3stoles. Su lugar no es de privilegio, sino de simple disc\u00edpula de Jes\u00fas, intercediendo por las necesidades del mundo salvado por su hijo. Al unirse a Mar\u00eda en este ministerio de oraci\u00f3n, los maristas siguen realizando su obra, no recitando oraciones especiales, sino siendo su presencia en la Iglesia, intercediendo por los que luchan, buscando un sentido a la vida y por los menos privilegiados de nuestro mundo.  <\/span><\/p>\n<\/div><\/div><\/div><div class=\"et_pb_column_2 et_pb_column et_pb_column_2_5 et-last-child et_block_column et_pb_css_mix_blend_mode_passthrough et_animated\"><div class=\"et_pb_image_0 et_pb_image et_animated et_pb_module et_block_module\"><span class=\"et_pb_image_wrap\"><img loading=\"lazy\" decoding=\"async\" src=\"https:\/\/maristeurope.eu\/wp-content\/uploads\/2025\/02\/pentecost.jpeg\" width=\"261\" height=\"318\" srcset=\"https:\/\/maristeurope.eu\/wp-content\/uploads\/2025\/02\/pentecost.jpeg 261w, https:\/\/maristeurope.eu\/wp-content\/uploads\/2025\/02\/pentecost-246x300.jpeg 246w\" sizes=\"(max-width: 261px) 100vw, 261px\" class=\"wp-image-3854\" title=\"pentecost\u00e9s\" \/><\/span><\/div><\/div><\/div><div class=\"et_pb_bottom_inside_divider et-no-transition\"><\/div><\/div><div class=\"et_pb_section_2 et_pb_section et_section_regular et_block_section\"><span class=\"et_pb_background_pattern\"><\/span><div class=\"et_pb_row_2 et_pb_row et_pb_equal_columns et_block_row preset--module--divi-row--default\"><div class=\"et_pb_column_3 et_pb_column et_pb_column_4_4 et-last-child et_block_column et_pb_css_mix_blend_mode_passthrough et_animated\"><div class=\"et_pb_text_3 et_pb_text et_pb_bg_layout_light et_pb_module et_block_module\"><div class=\"et_pb_text_inner\"><h1>Vivir el Esp\u00edritu de Mar\u00eda<\/h1>\n<\/div><\/div><\/div><\/div><div class=\"et_pb_row_3 et_pb_row et_pb_equal_columns et_block_row preset--module--divi-row--default\"><div class=\"et_pb_column_4 et_pb_column et_pb_column_1_2 et_block_column et_pb_css_mix_blend_mode_passthrough et_animated\"><div class=\"et_pb_text_4 et_pb_text et_pb_bg_layout_light et_animated et_pb_module et_block_module\"><div class=\"et_pb_text_inner\"><p>Puesto que nuestra vocaci\u00f3n es ser en el mundo de hoy una presencia especial de Mar\u00eda, haciendo la obra de Dios a la manera de Ella, los maristas tienen presente a esta mujer que, por una elecci\u00f3n llena de gracia, los llam\u00f3 y les dio su nombre. Para reforzar los lazos que nos unen a ella, tenemos en gran estima las pr\u00e1cticas en su honor tradicionales en la Sociedad de Mar\u00eda. <\/p>\n<\/div><\/div><\/div><div class=\"et_pb_column_5 et_pb_column et_pb_column_1_2 et-last-child et_block_column et_pb_css_mix_blend_mode_passthrough et_animated\"><div class=\"et_pb_text_5 et_pb_text et_pb_bg_layout_light et_animated et_pb_module et_block_module\"><div class=\"et_pb_text_inner\"><blockquote>\n<p>\"Por llevar <strong>el nombre de Mar\u00eda<\/strong>, <strong>los maristas<\/strong> <strong>desean ser como ella<\/strong> y <strong>seguir a Jes\u00fas como ella lo hizo<\/strong>. Contemplando a Mar\u00eda en los misterios de Nazaret y Pentecost\u00e9s y su papel al final de los tiempos, llegan a compartir su celo por la misi\u00f3n de su Hijo en su lucha contra el mal, y a <strong>responder con prontitud a las necesidades m\u00e1s urgentes del pueblo de Dios<\/strong>.\" <\/p>\n<\/blockquote>\n<p><em>(Constituciones de la Sociedad de Mar\u00eda 8)<\/em><\/p>\n<\/div><\/div><\/div><\/div><div class=\"et_pb_row_4 et_pb_row et_pb_equal_columns et_block_row et_animated preset--module--divi-row--default\"><div class=\"et_pb_column_6 et_pb_column et_pb_column_1_5 et_block_column et_pb_column_empty et_pb_css_mix_blend_mode_passthrough\"><\/div><div class=\"et_pb_column_7 et_pb_column et_pb_column_3_5 et_block_column et_pb_css_mix_blend_mode_passthrough\"><div class=\"et_pb_text_6 et_pb_text et_pb_bg_layout_light et_animated et_pb_module et_block_module\"><div class=\"et_pb_text_inner\"><blockquote>\n<p>\"Como maristas, <strong>deseamos respirar el esp\u00edritu de Mar\u00eda<\/strong>, ser humildes y obedientes, y negarnos a nosotros mismos por amor a Dios y al pr\u00f3jimo... <strong>Mar\u00eda, nos inspira valor<\/strong>: para crecer en la santidad personal, para trabajar por la salvaci\u00f3n de nuestro pr\u00f3jimo, y para mantener la fe de la Iglesia cat\u00f3lica y defenderla con todas nuestras fuerzas. Persiguiendo estos objetivos en el esp\u00edritu de Mar\u00eda, contribuiremos a renovar la Iglesia a su imagen, una Iglesia servidora y peregrina\". <br \/><em> <\/em><\/p>\n<\/blockquote>\n<p><em>(Constituciones de la Sociedad de Mar\u00eda 9-10)<\/em><\/p>\n<\/div><\/div><\/div><div class=\"et_pb_column_8 et_pb_column et_pb_column_1_5 et-last-child et_block_column et_pb_column_empty et_pb_css_mix_blend_mode_passthrough\"><\/div><\/div><\/div><div class=\"et_pb_section_3 et_pb_section et_section_regular et_block_section section_has_divider et_pb_top_divider et_pb_bottom_divider\"><div class=\"et_pb_top_inside_divider et-no-transition\"><\/div><span class=\"et_pb_background_pattern\"><\/span><div class=\"et_pb_row_5 et_pb_row et_block_row preset--module--divi-row--default\"><div class=\"et_pb_column_9 et_pb_column et_pb_column_4_4 et-last-child et_block_column et_pb_css_mix_blend_mode_passthrough\"><div class=\"et_pb_text_7 et_pb_text et_pb_bg_layout_light et_animated et_pb_module et_block_module\"><div class=\"et_pb_text_inner\"><h2>Salve Regina<\/h2>\n<\/div><\/div><\/div><\/div><div class=\"et_pb_row_6 et_pb_row et_pb_equal_columns et_block_row preset--module--divi-row--default\"><div class=\"et_pb_column_10 et_pb_column et_pb_column_1_2 et_block_column et_pb_css_mix_blend_mode_passthrough\"><div class=\"et_pb_text_8 et_pb_text et_pb_bg_layout_light et_animated et_pb_module et_block_module\"><div class=\"et_pb_text_inner\"><p><strong>Dios te salve, Reina y Madre de misericordia,<\/strong> <br \/><strong>vida, dulzura y esperanza nuestra.<\/strong> <br \/><strong>Dios te salve !<\/strong><br \/><strong>A ti llamamos los desterrados hijos de Eva,<\/strong> <br \/><strong>a ti suspiramos gimiendo y llorando en este valle de l\u00e1grimas.<\/strong><\/p>\n<p><strong>Ea, pues, Se\u00f1ora, abogada nuestra,<\/strong> <br \/><strong>vuelve a nosotros tus ojos misericordiosos,<\/strong> <br \/><strong>y despu\u00e9s de este destierro, mu\u00e9stranos a Jes\u00fas,<br \/>fruto bendito de tu vientre.<br \/><\/strong><strong>Oh, clement\u00edsima, oh piadosa, oh dulce Virgen Mar\u00eda!<\/strong><br \/><strong>Ruega por nosotros, santa Madre de Dios, <br \/>para que seamos dignos de alcanzar las promesas de nuestro Se\u00f1or Jesucristo.<br \/>Am\u00e9n.<\/strong><\/p>\n<\/div><\/div><\/div><div class=\"et_pb_column_11 et_pb_column et_pb_column_1_2 et-last-child et_block_column et_pb_css_mix_blend_mode_passthrough\"><div class=\"et_pb_text_9 et_pb_text et_pb_bg_layout_light et_animated et_pb_module et_block_module\"><div class=\"et_pb_text_inner\"><p>Dios te salve, Reina y Madre de misericordia, <br \/>vida, dulzura y esperanza nuestra. <br \/>Dios te salve. <br \/>A Ti clamamos los desterrados hijos de Eva, <br \/>a Ti suspiramos, gimiendo y llorando en este valle de l\u00e1grimas.<\/p>\n<p>Ea, pues, Se\u00f1ora Abogada Nuestra, <br \/>vuelve a nosotros tus ojos misericordiosos, <br \/>y despu\u00e9s de este destierro, mu\u00e9stranos a Jes\u00fas,<br \/>fruto bendito de tu vientre.<br \/>Oh, clement\u00edsima, oh piadosa, oh dulce Virgen Mar\u00eda. <br \/>Ruega por nosotros, Santa Madre de Dios, <br \/>para que seamos dignos de alcanzar las promesas de Nuestro Se\u00f1or Jesucristo.<br \/>Am\u00e9n<\/p>\n<\/div><\/div><\/div><\/div><div class=\"et_pb_bottom_inside_divider et-no-transition\"><\/div><\/div><div class=\"et_pb_section_4 et_pb_section et_section_regular et_block_section\"><span class=\"et_pb_background_pattern\"><\/span><div class=\"et_pb_row_7 et_pb_row et_pb_equal_columns et_block_row preset--module--divi-row--default\"><div class=\"et_pb_column_12 et_pb_column et_pb_column_1_2 et_block_column et_pb_css_mix_blend_mode_passthrough et_animated\"><div class=\"et_pb_text_10 et_pb_text et_pb_bg_layout_light et_pb_module et_block_module\"><div class=\"et_pb_text_inner\"><p>Siguiendo el ejemplo de los primeros misioneros maristas, <strong>seguimos rezando por las personas<\/strong> para que acojan la alegr\u00eda del Evangelio y en apoyo de la misi\u00f3n evangelizadora de la Iglesia.<\/p>\n<\/div><\/div><\/div><div class=\"et_pb_column_13 et_pb_column et_pb_column_1_2 et-last-child et_block_column et_pb_css_mix_blend_mode_passthrough et_animated\"><div class=\"et_pb_accordion_0 et_pb_accordion et_pb_module et_block_module\"><div class=\"et_pb_accordion_item_0 et_pb_accordion_item et_pb_toggle et_pb_module et_pb_toggle_open et_block_module\"><h5 class=\"et_pb_toggle_title\">Oraci\u00f3n de Consagraci\u00f3n a Mar\u00eda<\/h5><div class=\"et_pb_toggle_content\"><p>Oh Mar\u00eda, Reina y Se\u00f1ora m\u00eda, me entrego a tu custodia y encomiendo a tu especial cuidado mi cuerpo y mi alma, en este d\u00eda y durante todos los dias de mi vida.<br \/>A ti encomiendo mis esperanzas y consuelos, mis dificultades y penas, mi vida y mi muerte; para que por tu intercesi\u00f3n y m\u00e9ritos, todas mis acciones sean dirigidas y dispuestas seg\u00fan tu voluntad y la de tu Hijo. Am\u00e9n.<\/p>\n<p>&nbsp;<\/p>\n<\/div><\/div><div class=\"et_pb_accordion_item_1 et_pb_accordion_item et_pb_toggle et_pb_module et_pb_toggle_close et_block_module\"><h5 class=\"et_pb_toggle_title\">Oraci\u00f3n a Nuestra Se\u00f1ora de la Evangelizaci\u00f3n (por San Juan Pablo II)<\/h5><div class=\"et_pb_toggle_content\"><p>Oh Mar\u00eda, Madre de Jes\u00fas y Madre de la Iglesia, <br \/>somos conscientes del papel que desempe\u00f1as en la evangelizaci\u00f3n de las almas que a\u00fan no le conocen. Sabemos c\u00f3mo los misioneros llegaron con la fuerza del Evangelio de Cristo y te confiaron el \u00e9xito de su trabajo.<br \/>Como Madre de la Divina Gracia, acompa\u00f1aste a los misioneros en todos sus esfuerzos.<br \/>Y como Madre de la Iglesia presidiste todas las actividades de la evangelizaci\u00f3n y de la implantaci\u00f3n del Evangelio en el coraz\u00f3n de los fieles. Sostuviste a los misioneros en la esperanza y llenaste de alegr\u00eda a cada nueva comunidad que nac\u00eda de la actividad evangelizadora de la Iglesia.<br \/>Estabas all\u00ed con tu intercesi\u00f3n y tus oraciones, mientras se desarrollaba la primera gracia del bautismo, y mientras aquellos que hab\u00edan recibido la vida nueva en Cristo, tu Hijo, llegaban a la plenitud de su vocaci\u00f3n cristiana.<br \/>Te pedimos, Mar\u00eda, que nos ayudes a cumplir esta misi\u00f3n de evangelizaci\u00f3n que tu Hijo ha confiado a su Iglesia y que nos corresponde a nosotros. Conscientes de tu papel de Auxilio <br \/>de los cristianos, nos encomendamos a ti en la tarea de llevar el Evangelio al coraz\u00f3n y a la vida de todos los hombres. Te confiamos nuestro mandato misionero y encomendamos totalmente nuestra causa a tus oraciones.<br \/>Alabado sea Jesucristo, tu Hijo, junto con el Padre y en la unidad del Esp\u00edritu Santo;<br \/>gloria y acci\u00f3n de gracias por los siglos de los siglos. Am\u00e9n.    <\/p>\n<p>Am\u00e9n.<\/p>\n<\/div><\/div><div class=\"et_pb_accordion_item_2 et_pb_accordion_item et_pb_toggle et_pb_module et_pb_toggle_close et_block_module\"><h5 class=\"et_pb_toggle_title\">Oraci\u00f3n Sub Tuum Praesidium<\/h5><div class=\"et_pb_toggle_content\"><p><em>La Oraci\u00f3n Sub tuum - encontrada por primera vez en un papiro griego, hacia el a\u00f1o 300 d.C., es la oraci\u00f3n a la Virgen m\u00e1s antigua que se conoce. <\/em><br \/>Bajo tu amparo nos acogemos,<br \/>Santa Madre de Dios;<br \/>No desoigas la oraci\u00f3n de tus hijos necesitados,<br \/>antes l\u00edbranos de todo peligro,<br \/>\u00a1oh siempre Virgen, gloriosa y bendita!<\/p>\n<\/div><\/div><\/div><\/div><\/div><\/div><div class=\"et_pb_section_5 et_pb_section et_section_regular et_block_section section_has_divider et_pb_top_divider et_pb_bottom_divider\"><div class=\"et_pb_top_inside_divider et-no-transition\"><\/div><div class=\"et_pb_row_8 et_pb_row et_pb_equal_columns et_block_row preset--module--divi-row--default\"><div class=\"et_pb_column_14 et_pb_column et_pb_column_3_5 et_block_column et_pb_css_mix_blend_mode_passthrough et_animated\"><div class=\"et_pb_text_11 et_pb_text et_pb_bg_layout_light et_animated et_pb_module et_block_module\"><div class=\"et_pb_text_inner\"><h2><b>El Venerable Juan-Claudio Colin: una vida fiel al esp\u00edritu de Mar\u00eda<\/b><\/h2>\n<\/div><\/div><div class=\"et_pb_text_12 et_pb_text et_pb_bg_layout_light et_pb_module et_block_module\"><div class=\"et_pb_text_inner\"><p><strong>El Venerable Juan-Claudio Colin<\/strong> (<span style=\"color: #003366;\"><a href=\"http:\/\/www.jeanclaudecolin.org\" target=\"_blank\" rel=\"noopener\" style=\"color: #003366;\">www.jeanclaudecolin.org<\/a><\/span>), nuestro fundador, ten\u00eda un profundo sentimiento de estar llamado a compartir la misi\u00f3n de Mar\u00eda de atraer a todos los hombres hacia Dios con \"un solo coraz\u00f3n y un solo esp\u00edritu\". Rezamos por su beatificaci\u00f3n: <br \/><em>Dios lleno de amor, que inspiraste a Juan-Claudio Colin una vida fiel al Evangelio y al esp\u00edritu de Mar\u00eda. Si es tu voluntad que sea honrado como santo para gloria de tu nombre, mu\u00e9stranos el favor de que goza ante tus ojos concedi\u00e9ndole la gracia o las gracias que ahora te pedimos por su intercesi\u00f3n (pedir la gracia que se desea): Te lo pedimos por Cristo Nuestro Se\u00f1or. Am\u00e9n  <\/em><\/p>\n<\/div><\/div><\/div><div class=\"et_pb_column_15 et_pb_column et_pb_column_2_5 et-last-child et_block_column et_pb_css_mix_blend_mode_passthrough et_animated\"><div class=\"et_pb_image_1 et_pb_image et_animated et_pb_module et_block_module\"><span class=\"et_pb_image_wrap\"><img loading=\"lazy\" decoding=\"async\" src=\"https:\/\/maristeurope.eu\/wp-content\/uploads\/2024\/11\/Colin-2.jpg\" width=\"600\" height=\"717\" srcset=\"https:\/\/maristeurope.eu\/wp-content\/uploads\/2024\/11\/Colin-2.jpg 600w, https:\/\/maristeurope.eu\/wp-content\/uploads\/2024\/11\/Colin-2-480x574.jpg 480w\" sizes=\"(min-width: 0px) and (max-width: 480px) 480px, (min-width: 481px) 600px, 100vw\" class=\"wp-image-423\" title=\"Colin 2\" \/><\/span><\/div><\/div><\/div><div class=\"et_pb_bottom_inside_divider et-no-transition\"><\/div><\/div><div class=\"et_pb_section_6 et_pb_section et_section_regular et_block_section section_has_divider et_pb_bottom_divider\"><span class=\"et_pb_background_pattern\"><\/span><div class=\"et_pb_row_9 et_pb_row et_pb_equal_columns et_block_row et_animated preset--module--divi-row--default\"><div class=\"et_pb_column_16 et_pb_column et_pb_column_2_5 et_block_column et_pb_css_mix_blend_mode_passthrough\"><div class=\"et_pb_text_13 et_pb_text et_pb_bg_layout_light et_animated et_pb_module et_block_module et_pb_text_align_right\"><div class=\"et_pb_text_inner\"><h1><b>Red de Oraci\u00f3n de Intercesi\u00f3n de la Familia Marista<\/b><\/h1>\n<\/div><\/div><div class=\"et_pb_icon_0 et_pb_icon et_pb_module et_block_module\"><span class=\"et_pb_icon_wrap\"><span class=\"et-pb-icon\">\uf684<\/span><\/span><\/div><\/div><div class=\"et_pb_column_17 et_pb_column et_pb_column_3_5 et-last-child et_block_column et_pb_css_mix_blend_mode_passthrough\"><div class=\"et_pb_text_14 et_pb_text et_pb_bg_layout_light et_animated et_pb_module et_block_module\"><div class=\"et_pb_text_inner\"><p>Todos tenemos la capacidad de rezar por otros en nuestra oraci\u00f3n, y necesitamos que otros recen por nosotros. La red de oraci\u00f3n es una oportunidad para establecer v\u00ednculos entre comunidades e individuos de todo el mundo para rezar por actividades espec\u00edficas de la misi\u00f3n marista. Te invitamos a unirte a nuestra red de oraci\u00f3n. Ponte en contacto con nosotros enviando un correo electr\u00f3nico a <strong><span style=\"color: #023047;\"><a href=\"mailto:provincialsecretary@maristeurope.eu\" style=\"color: #023047;\">provincialsecretary@maristeurope.eu<\/a><\/span><\/strong>  <\/p>\n<\/div><\/div><\/div><\/div><div class=\"et_pb_row_10 et_pb_row et_block_row preset--module--divi-row--default\"><div class=\"et_pb_column_18 et_pb_column et_pb_column_4_4 et-last-child et_block_column et_pb_css_mix_blend_mode_passthrough\"><div class=\"et_pb_text_15 et_pb_text et_pb_bg_layout_light et_animated et_pb_module et_block_module et_pb_text_align_right\"><div class=\"et_pb_text_inner\"><h1 style=\"text-align: center;\"><b>\u00bfQuieres que recemos por tu intenci\u00f3n?  <\/b><\/h1>\n<\/div><\/div><div class=\"et_pb_module et_pb_button_module_wrapper et_pb_button_0_wrapper\"><a class=\"et_pb_button_0 et_pb_button et_pb_bg_layout_light et_animated et_pb_module et_block_module\" href=\"https:\/\/maristeurope.eu\/es\/pagina-de-contacto\/\">Contacto con nosotros<\/a><\/div><\/div><\/div><div class=\"et_pb_bottom_inside_divider et-no-transition\"><\/div><\/div>\n","protected":false},"excerpt":{"rendered":"","protected":false},"author":1,"featured_media":0,"parent":0,"menu_order":0,"comment_status":"closed","ping_status":"closed","template":"","meta":{"footnotes":""},"class_list":["post-2392","page","type-page","status-publish","hentry"],"yoast_head":"<!-- This site is optimized with the Yoast SEO plugin v27.5 - https:\/\/yoast.com\/product\/yoast-seo-wordpress\/ -->\n<title>Reza con nosotros - Marist Europe<\/title>\n<meta name=\"robots\" content=\"index, follow, max-snippet:-1, max-image-preview:large, max-video-preview:-1\" \/>\n<link rel=\"canonical\" href=\"https:\/\/maristeurope.eu\/es\/reza-con-nosotros\/\" \/>\n<meta property=\"og:locale\" content=\"es_ES\" \/>\n<meta property=\"og:type\" content=\"article\" \/>\n<meta property=\"og:title\" content=\"Reza con nosotros - Marist Europe\" \/>\n<meta property=\"og:url\" content=\"https:\/\/maristeurope.eu\/es\/reza-con-nosotros\/\" \/>\n<meta property=\"og:site_name\" content=\"Marist Europe\" \/>\n<meta property=\"article:modified_time\" content=\"2026-05-07T06:35:42+00:00\" \/>\n<meta name=\"twitter:card\" content=\"summary_large_image\" \/>\n<script type=\"application\/ld+json\" class=\"yoast-schema-graph\">{\"@context\":\"https:\\\/\\\/schema.org\",\"@graph\":[{\"@type\":\"WebPage\",\"@id\":\"https:\\\/\\\/maristeurope.eu\\\/es\\\/reza-con-nosotros\\\/\",\"url\":\"https:\\\/\\\/maristeurope.eu\\\/es\\\/reza-con-nosotros\\\/\",\"name\":\"Reza con nosotros - Marist Europe\",\"isPartOf\":{\"@id\":\"https:\\\/\\\/maristeurope.eu\\\/es\\\/#website\"},\"datePublished\":\"2024-12-19T08:36:39+00:00\",\"dateModified\":\"2026-05-07T06:35:42+00:00\",\"breadcrumb\":{\"@id\":\"https:\\\/\\\/maristeurope.eu\\\/es\\\/reza-con-nosotros\\\/#breadcrumb\"},\"inLanguage\":\"es\",\"potentialAction\":[{\"@type\":\"ReadAction\",\"target\":[\"https:\\\/\\\/maristeurope.eu\\\/es\\\/reza-con-nosotros\\\/\"]}]},{\"@type\":\"BreadcrumbList\",\"@id\":\"https:\\\/\\\/maristeurope.eu\\\/es\\\/reza-con-nosotros\\\/#breadcrumb\",\"itemListElement\":[{\"@type\":\"ListItem\",\"position\":1,\"name\":\"Home\",\"item\":\"https:\\\/\\\/maristeurope.eu\\\/es\\\/\"},{\"@type\":\"ListItem\",\"position\":2,\"name\":\"Reza con nosotros\"}]},{\"@type\":\"WebSite\",\"@id\":\"https:\\\/\\\/maristeurope.eu\\\/es\\\/#website\",\"url\":\"https:\\\/\\\/maristeurope.eu\\\/es\\\/\",\"name\":\"Marist Europe\",\"description\":\"\",\"publisher\":{\"@id\":\"https:\\\/\\\/maristeurope.eu\\\/es\\\/#organization\"},\"potentialAction\":[{\"@type\":\"SearchAction\",\"target\":{\"@type\":\"EntryPoint\",\"urlTemplate\":\"https:\\\/\\\/maristeurope.eu\\\/es\\\/?s={search_term_string}\"},\"query-input\":{\"@type\":\"PropertyValueSpecification\",\"valueRequired\":true,\"valueName\":\"search_term_string\"}}],\"inLanguage\":\"es\"},{\"@type\":\"Organization\",\"@id\":\"https:\\\/\\\/maristeurope.eu\\\/es\\\/#organization\",\"name\":\"Marist Europe\",\"url\":\"https:\\\/\\\/maristeurope.eu\\\/es\\\/\",\"logo\":{\"@type\":\"ImageObject\",\"inLanguage\":\"es\",\"@id\":\"https:\\\/\\\/maristeurope.eu\\\/es\\\/#\\\/schema\\\/logo\\\/image\\\/\",\"url\":\"https:\\\/\\\/maristeurope.eu\\\/wp-content\\\/uploads\\\/2024\\\/10\\\/EU-SM-Finalogo-02.png\",\"contentUrl\":\"https:\\\/\\\/maristeurope.eu\\\/wp-content\\\/uploads\\\/2024\\\/10\\\/EU-SM-Finalogo-02.png\",\"width\":150,\"height\":156,\"caption\":\"Marist Europe\"},\"image\":{\"@id\":\"https:\\\/\\\/maristeurope.eu\\\/es\\\/#\\\/schema\\\/logo\\\/image\\\/\"}}]}<\/script>\n<!-- \/ Yoast SEO plugin. -->","yoast_head_json":{"title":"Reza con nosotros - Marist Europe","robots":{"index":"index","follow":"follow","max-snippet":"max-snippet:-1","max-image-preview":"max-image-preview:large","max-video-preview":"max-video-preview:-1"},"canonical":"https:\/\/maristeurope.eu\/es\/reza-con-nosotros\/","og_locale":"es_ES","og_type":"article","og_title":"Reza con nosotros - Marist Europe","og_url":"https:\/\/maristeurope.eu\/es\/reza-con-nosotros\/","og_site_name":"Marist Europe","article_modified_time":"2026-05-07T06:35:42+00:00","twitter_card":"summary_large_image","schema":{"@context":"https:\/\/schema.org","@graph":[{"@type":"WebPage","@id":"https:\/\/maristeurope.eu\/es\/reza-con-nosotros\/","url":"https:\/\/maristeurope.eu\/es\/reza-con-nosotros\/","name":"Reza con nosotros - Marist Europe","isPartOf":{"@id":"https:\/\/maristeurope.eu\/es\/#website"},"datePublished":"2024-12-19T08:36:39+00:00","dateModified":"2026-05-07T06:35:42+00:00","breadcrumb":{"@id":"https:\/\/maristeurope.eu\/es\/reza-con-nosotros\/#breadcrumb"},"inLanguage":"es","potentialAction":[{"@type":"ReadAction","target":["https:\/\/maristeurope.eu\/es\/reza-con-nosotros\/"]}]},{"@type":"BreadcrumbList","@id":"https:\/\/maristeurope.eu\/es\/reza-con-nosotros\/#breadcrumb","itemListElement":[{"@type":"ListItem","position":1,"name":"Home","item":"https:\/\/maristeurope.eu\/es\/"},{"@type":"ListItem","position":2,"name":"Reza con nosotros"}]},{"@type":"WebSite","@id":"https:\/\/maristeurope.eu\/es\/#website","url":"https:\/\/maristeurope.eu\/es\/","name":"Marist Europe","description":"","publisher":{"@id":"https:\/\/maristeurope.eu\/es\/#organization"},"potentialAction":[{"@type":"SearchAction","target":{"@type":"EntryPoint","urlTemplate":"https:\/\/maristeurope.eu\/es\/?s={search_term_string}"},"query-input":{"@type":"PropertyValueSpecification","valueRequired":true,"valueName":"search_term_string"}}],"inLanguage":"es"},{"@type":"Organization","@id":"https:\/\/maristeurope.eu\/es\/#organization","name":"Marist Europe","url":"https:\/\/maristeurope.eu\/es\/","logo":{"@type":"ImageObject","inLanguage":"es","@id":"https:\/\/maristeurope.eu\/es\/#\/schema\/logo\/image\/","url":"https:\/\/maristeurope.eu\/wp-content\/uploads\/2024\/10\/EU-SM-Finalogo-02.png","contentUrl":"https:\/\/maristeurope.eu\/wp-content\/uploads\/2024\/10\/EU-SM-Finalogo-02.png","width":150,"height":156,"caption":"Marist Europe"},"image":{"@id":"https:\/\/maristeurope.eu\/es\/#\/schema\/logo\/image\/"}}]}},"_links":{"self":[{"href":"https:\/\/maristeurope.eu\/es\/wp-json\/wp\/v2\/pages\/2392","targetHints":{"allow":["GET"]}}],"collection":[{"href":"https:\/\/maristeurope.eu\/es\/wp-json\/wp\/v2\/pages"}],"about":[{"href":"https:\/\/maristeurope.eu\/es\/wp-json\/wp\/v2\/types\/page"}],"author":[{"embeddable":true,"href":"https:\/\/maristeurope.eu\/es\/wp-json\/wp\/v2\/users\/1"}],"replies":[{"embeddable":true,"href":"https:\/\/maristeurope.eu\/es\/wp-json\/wp\/v2\/comments?post=2392"}],"version-history":[{"count":33,"href":"https:\/\/maristeurope.eu\/es\/wp-json\/wp\/v2\/pages\/2392\/revisions"}],"predecessor-version":[{"id":11014,"href":"https:\/\/maristeurope.eu\/es\/wp-json\/wp\/v2\/pages\/2392\/revisions\/11014"}],"wp:attachment":[{"href":"https:\/\/maristeurope.eu\/es\/wp-json\/wp\/v2\/media?parent=2392"}],"curies":[{"name":"wp","href":"https:\/\/api.w.org\/{rel}","templated":true}]}}