{"id":2367,"date":"2024-12-19T09:55:50","date_gmt":"2024-12-19T09:55:50","guid":{"rendered":"https:\/\/marist.sjdigitaldemo.ovh\/mision\/justicia-y-creacion\/"},"modified":"2025-04-15T11:49:30","modified_gmt":"2025-04-15T09:49:30","slug":"justicia-y-creacion","status":"publish","type":"page","link":"https:\/\/maristeurope.eu\/es\/mision\/justicia-y-creacion\/","title":{"rendered":"Justicia y Creaci\u00f3n"},"content":{"rendered":"<p>[et_pb_section fb_built=\"1&#8243; _builder_version=\"4.27.4&#8243; _module_preset=\"default\" use_background_color_gradient=\"on\" background_color_gradient_stops=\"rgba(2,48,71,0.2) 0%|rgba(2,48,71,0.4) 100%\" background_color_gradient_overlays_image=\"on\" background_image=\"https:\/\/maristeurope.eu\/wp-content\/uploads\/2024\/12\/DSC3585-1-en-tamano-grande.jpeg\" background_enable_video_mp4=\"off\" custom_padding=\"16vw||4vw||false|false\" bottom_divider_style=\"ramp2&#8243; bottom_divider_color=\"#FFFAF2&#8243; bottom_divider_flip=\"horizontal\" global_colors_info=\"{}\"][et_pb_row column_structure=\"2_3,1_3&#8243; make_equal=\"on\" _builder_version=\"4.27.4&#8243; _module_preset=\"default\" background_enable_color=\"off\" custom_padding=\"0px|40px|0px|40px|true|true\" animation_style=\"fade\" animation_duration=\"1500ms\" animation_delay=\"200ms\" global_colors_info=\"{}\"][et_pb_column type=\"2_3&#8243; _builder_version=\"4.27.4&#8243; _module_preset=\"default\" custom_css_main_element=\"margin: auto;\" global_colors_info=\"{}\"][et_pb_text _builder_version=\"4.27.4&#8243; _module_preset=\"default\" header_font=\"|600||on|||||\" header_text_color=\"#FFFFFF\" header_font_size=\"4rem\" header_letter_spacing=\"4px\" header_2_text_color=\"#219EBC\" header_2_font_size=\"3.5rem\" custom_margin=\"20px||20px||true|false\" global_colors_info=\"{}\"]<\/p>\n<h1><strong>Justicia y Creaci\u00f3n<\/strong><\/h1>\n<p>[\/et_pb_text][\/et_pb_column][et_pb_column type=\"1_3&#8243; _builder_version=\"4.27.2&#8243; _module_preset=\"default\" global_colors_info=\"{}\"][\/et_pb_column][\/et_pb_row][\/et_pb_section][et_pb_section fb_built=\"1&#8243; _builder_version=\"4.27.4&#8243; _module_preset=\"default\" background_color=\"#FFFAF2&#8243; background_image=\"https:\/\/maristeurope.eu\/wp-content\/uploads\/2024\/11\/art-therapist-illustration-04-1.png\" background_size=\"initial\" background_position=\"top_right\" global_colors_info=\"{}\"][et_pb_row column_structure=\"1_5,3_5,1_5&#8243; _builder_version=\"4.27.4&#8243; _module_preset=\"default\" global_colors_info=\"{}\"][et_pb_column type=\"1_5&#8243; _builder_version=\"4.27.4&#8243; _module_preset=\"default\" global_colors_info=\"{}\"][\/et_pb_column][et_pb_column type=\"3_5&#8243; _builder_version=\"4.27.4&#8243; _module_preset=\"default\" global_colors_info=\"{}\"][et_pb_text _builder_version=\"4.27.4&#8243; _module_preset=\"default\" text_text_color=\"#023047&#8243; text_font_size=\"3rem\" text_line_height=\"2.9rem\" text_orientation=\"center\" animation_style=\"slide\" animation_duration=\"1500ms\" animation_delay=\"300ms\" hover_enabled=\"0&#8243; global_colors_info=\"{}\" sticky_enabled=\"0&#8243;]<\/p>\n<p><span style=\"font-weight: 400;\">Nuestra misi\u00f3n marista<\/span> <b>est\u00e1 estrechamente vinculada a las cuestiones <\/b><span style=\"font-weight: 400;\">de \"Justicia, Paz e Integridad de la Creaci\u00f3n\".<\/span> <\/p>\n<p>[\/et_pb_text][\/et_pb_column][et_pb_column type=\"1_5&#8243; _builder_version=\"4.27.4&#8243; _module_preset=\"default\" global_colors_info=\"{}\"][\/et_pb_column][\/et_pb_row][\/et_pb_section][et_pb_section fb_built=\"1&#8243; _builder_version=\"4.27.4&#8243; _module_preset=\"default\" background_color=\"#FFFAF2&#8243; background_size=\"initial\" background_position=\"center_left\" hover_enabled=\"0&#8243; global_colors_info=\"{}\" background_enable_image=\"off\" sticky_enabled=\"0&#8243;][et_pb_row column_structure=\"3_5,2_5&#8243; make_equal=\"on\" _builder_version=\"4.27.4&#8243; _module_preset=\"default\" global_colors_info=\"{}\"][et_pb_column type=\"3_5&#8243; _builder_version=\"4.27.4&#8243; _module_preset=\"default\" animation_style=\"fade\" animation_duration=\"1500ms\" animation_delay=\"100ms\" custom_css_main_element=\"margin: auto;\" global_colors_info=\"{}\"][et_pb_text _builder_version=\"4.27.4&#8243; _module_preset=\"default\" text_text_color=\"#023047&#8243; text_font_size=\"18px\" header_2_text_color=\"#023047&#8243; header_2_font_size=\"32px\" hover_enabled=\"0&#8243; global_colors_info=\"{}\" sticky_enabled=\"0&#8243;]<\/p>\n<h2><b>Solidaridad y servicio<\/b><\/h2>\n<p>&nbsp;<\/p>\n<p>Vivir el Evangelio significa hacer que los lugares en los que vivimos reflejen los valores de justicia y paz. Inspirados por la justicia social, los maristas de todo el mundo <strong>sirven a los menos privilegiados de la sociedad<\/strong>, ayudan a los emigrantes y refugiados a integrarse en la sociedad. Nos esforzamos por crear conciencia ecolog\u00eda y formas de vivir en armon\u00eda con la naturaleza. Algunos maristas trabajan en la pastoral penitenciaria y en el di\u00e1logo interreligioso.   <\/p>\n<p>La administraci\u00f3n general de la Sociedad estableci\u00f3 medios para comunicar informaci\u00f3n sobre asuntos de paz, justicia e integridad de la creaci\u00f3n, como el \"blog de JPIC <a href=\"https:\/\/jpicblog.maristsm.org\">\": https:\/\/jpicblog.maristsm.org,<\/a> que publica cada semana art\u00edculos que cubren una amplia gama de temas en este campo.<\/p>\n<p>[\/et_pb_text][\/et_pb_column][et_pb_column type=\"2_5&#8243; _builder_version=\"4.27.4&#8243; _module_preset=\"default\" custom_css_main_element=\"margin: auto;\" global_colors_info=\"{}\"][et_pb_image src=\"https:\/\/maristeurope.eu\/wp-content\/uploads\/2024\/12\/MEMORIAL-Barbery-cross-3J-fence-crpps-en-tamano-mediano.jpeg\" title_text=\"MEMORIAL-Barbery-cross-3J-fence-crpps en tama\u00f1o mediano\" _builder_version=\"4.27.4&#8243; _module_preset=\"default\" animation_style=\"slide\" animation_direction=\"right\" animation_duration=\"1500ms\" animation_delay=\"400ms\" border_radii=\"on|50px|50px|50px|50px\" global_colors_info=\"{}\"][\/et_pb_image][\/et_pb_column][\/et_pb_row][\/et_pb_section][et_pb_section fb_built=\"1&#8243; _builder_version=\"4.27.4&#8243; _module_preset=\"default\" background_color=\"#FFFAF2&#8243; background_image=\"https:\/\/maristeurope.eu\/wp-content\/uploads\/2024\/11\/art-therapist-background-02b.png\" background_size=\"contain\" background_position=\"bottom_left\" custom_padding=\"6vw||100px||false|false\" global_colors_info=\"{}\"][et_pb_row _builder_version=\"4.27.4&#8243; _module_preset=\"default\" global_colors_info=\"{}\"][et_pb_column type=\"4_4&#8243; _builder_version=\"4.27.4&#8243; _module_preset=\"default\" global_colors_info=\"{}\"][et_pb_text _builder_version=\"4.27.4&#8243; _module_preset=\"default\" text_text_color=\"#023047&#8243; text_font_size=\"18px\" header_2_text_color=\"#023047&#8243; header_2_font_size=\"32px\" hover_enabled=\"0&#8243; global_colors_info=\"{}\" sticky_enabled=\"0&#8243;]<\/p>\n<h2>Los maristas de la Provincia Europea est\u00e1n implicados en tales ministerios; he aqu\u00ed algunos ejemplos:<\/h2>\n<p>[\/et_pb_text][et_pb_text _builder_version=\"4.27.4&#8243; _module_preset=\"default\" text_text_color=\"#023047&#8243; text_font_size=\"18px\" header_2_text_color=\"#FFFFFF\" header_2_font_size=\"32px\" hover_enabled=\"0&#8243; global_colors_info=\"{}\" sticky_enabled=\"0&#8243;]<\/p>\n<div class=\"sjd-locations-grid\"><div class=\"sjd-location-card\">  <div class=\"sjd-card-column sjd-column-name\">      <h2>Blog de Justicia, Paz e Integridad de la Creaci\u00f3n<\/h2>      <h3>Internet<\/h3>  <\/div>  <div class=\"sjd-card-column sjd-column-description\"><p>Un blog semanal sobre temas de justicia, paz y creaci\u00f3n en todo el mundo.<\/p><\/div>  <div class=\"sjd-card-column sjd-column-contact\">      <h3>Contact<\/h3><p><a href=\"https:\/\/jpicblog.maristsm.org\" target=\"_blank\">Visit Website<\/a><\/p>  <\/div><\/div><div class=\"sjd-location-card\">  <div class=\"sjd-card-column sjd-column-name\">      <h2>El proyecto Laudato Si (Yaund\u00e9, Camer\u00fan, \u00c1frica) es<\/h2>      <h3>Camer\u00fan<\/h3>  <\/div>  <div class=\"sjd-card-column sjd-column-description\"><p>U<span style=\"font-weight: 400;\">n proyecto agr\u00edcola dirigido por un marista italiano, Luigi Savoldelli, sm. El proyecto trabaja con un grupo de familias locales, tiene su origenes en la enc\u00edclica Laudato Si' del Papa Francisco. Luigi escribe:   <\/span><i><span style=\"font-weight: 400;\">\"El trabajo va m\u00e1s all\u00e1 de cultivar la tierra o cavar un pozo de agua para saciar la sed de las personas, los animales y regar los cultivos. M\u00e1s all\u00e1 de cada iniciativa dedicada a las personas que tienen poco y son m\u00e1s vulnerables, est\u00e1 el profundo significado de ayudarles a vivir mejor de lo que podr\u00edan haber imaginado. Creamos oportunidades para un futuro mejor para unos 35 j\u00f3venes y sus familias, para que no se vean obligados a abandonar sus hogares y su pa\u00eds.\"<\/span><\/i><\/p><\/div>  <div class=\"sjd-card-column sjd-column-contact\">      <h3>Contact<\/h3>  <\/div><\/div><div class=\"sjd-location-card\">  <div class=\"sjd-card-column sjd-column-name\">      <h2>Tur\u00edn - Corso Francia<\/h2>      <h3>Italia<\/h3>  <\/div>  <div class=\"sjd-card-column sjd-column-description\"><p><span style=\"font-weight: 400;\">El Santuario de Nuestra Se\u00f1ora de Lourdes de Corso Francia (Tur\u00edn), adem\u00e1s de diversas actividades lit\u00fargicas y espirituales, lleva a cabo actividades caritativas al servicio de familias necesitadas y personas sin hogar, aproximadamente 250 personas. Este proyecto est\u00e1 gestionado por un peque\u00f1o grupo de voluntarios que, dos veces por semana (mi\u00e9rcoles y jueves), acogen a personas para distribuirles alimentos y ropa. El servicio funciona en colaboraci\u00f3n con el Banco de Alimentos de Piamonte y supermercados locales. Gracias a la generosidad de nuestros simpatizantes, podemos ofrecer una modesta contribuci\u00f3n econ\u00f3mica a las personas que llaman a nuestra puerta en busca de ayuda. Las solicitudes m\u00e1s frecuentes que recibimos son para la compra de medicamentos en la farmacia, el pago de facturas y gastos de recarga telef\u00f3nica.     <\/span><\/p><\/div>  <div class=\"sjd-card-column sjd-column-contact\">      <h3>Contact<\/h3><p>Corso Francia 29, 10138 Turin, Italy<\/p><p>+39 011 4472368<\/p><p><a href=\"mailto:renatofrappi@gmail.com\">renatofrappi@gmail.com<\/a><\/p>  <\/div><\/div><div class=\"sjd-location-card\">  <div class=\"sjd-card-column sjd-column-name\">      <h2>En Notre Dame de France, Londres<\/h2>      <h3>England<\/h3>  <\/div>  <div class=\"sjd-card-column sjd-column-description\"><p><span style=\"font-weight: 400;\">Acogemos a <\/span><b>personas sin hogar<\/b><span style=\"font-weight: 400;\"> y otras personas necesitadas durante unas horas los s\u00e1bados, ofreci\u00e9ndoles bocadillos y bebidas calientes y, lo que es quiz\u00e1s m\u00e1s importante, la oportunidad de charlar y relajarse. Una vez al mes organizamos un Cine Club. <\/span><a href=\"http:\/\/www.ndfchurch.org\/en\/solidarity\"> <span style=\"font-weight: 400;\">www.ndfchurch.org\/en\/solidarity<\/span><\/a><span style=\"font-weight: 400;\">  <\/span>\n\n<span style=\"font-weight: 400;\">El Centro<\/span> <b>de Refugiados de Notre Dame<\/b><span style=\"font-weight: 400;\"> (<\/span><a href=\"http:\/\/www.notredamerc.org.uk\/\"><span style=\"font-weight: 400;\">www.notredamerc.org.uk<\/span><\/a><span style=\"font-weight: 400;\">) acoge a solicitantes de asilo y refugiados<\/span> <span style=\"font-weight: 400;\">en un centro de acogida ofrece apoyo general, un espacio de socializaci\u00f3n, asesoramiento sobre inmigraci\u00f3n y vivienda, clases de ingl\u00e9s y ropa y art\u00edculos de aseo gratuitos. <\/span> <\/p><\/div>  <div class=\"sjd-card-column sjd-column-contact\">      <h3>Contact<\/h3><p>5 Leicester Place, London WC2H 7BX, UK<\/p><p><a href=\"https:\/\/www.notredamerc.org.uk\" target=\"_blank\">Visit Website<\/a><\/p>  <\/div><\/div><\/div>\n<p>[\/et_pb_text][\/et_pb_column][\/et_pb_row][\/et_pb_section]<\/p>\n","protected":false},"excerpt":{"rendered":"<p>[et_pb_section fb_built=\"1&#8243; _builder_version=\"4.27.4&#8243; _module_preset=\"default\" use_background_color_gradient=\"on\" background_color_gradient_stops=\"rgba(2,48,71,0.2) 0%|rgba(2,48,71,0.4) 100%\" background_color_gradient_overlays_image=\"on\" background_image=\"https:\/\/maristeurope.eu\/wp-content\/uploads\/2024\/12\/DSC3585-1-en-tamano-grande.jpeg\" background_enable_video_mp4=\"off\" custom_padding=\"16vw||4vw||false|false\" bottom_divider_style=\"ramp2&#8243; bottom_divider_color=\"#FFFAF2&#8243; bottom_divider_flip=\"horizontal\" global_colors_info=\"{}\"][et_pb_row column_structure=\"2_3,1_3&#8243; make_equal=\"on\" _builder_version=\"4.27.4&#8243; _module_preset=\"default\" background_enable_color=\"off\" custom_padding=\"0px|40px|0px|40px|true|true\" animation_style=\"fade\" animation_duration=\"1500ms\" animation_delay=\"200ms\" global_colors_info=\"{}\"][et_pb_column type=\"2_3&#8243; _builder_version=\"4.27.4&#8243; _module_preset=\"default\" custom_css_main_element=\"margin: auto;\" global_colors_info=\"{}\"][et_pb_text _builder_version=\"4.27.4&#8243; _module_preset=\"default\" header_font=\"|600||on|||||\" header_text_color=\"#FFFFFF\" header_font_size=\"4rem\" header_letter_spacing=\"4px\" header_2_text_color=\"#219EBC\" header_2_font_size=\"3.5rem\" custom_margin=\"20px||20px||true|false\" global_colors_info=\"{}\"] Justicia y Creaci\u00f3n [\/et_pb_text][\/et_pb_column][et_pb_column type=\"1_3&#8243; _builder_version=\"4.27.2&#8243; _module_preset=\"default\" global_colors_info=\"{}\"][\/et_pb_column][\/et_pb_row][\/et_pb_section][et_pb_section fb_built=\"1&#8243; _builder_version=\"4.27.4&#8243; _module_preset=\"default\" background_color=\"#FFFAF2&#8243; background_image=\"https:\/\/maristeurope.eu\/wp-content\/uploads\/2024\/11\/art-therapist-illustration-04-1.png\" [&hellip;]<\/p>\n","protected":false},"author":1,"featured_media":0,"parent":2269,"menu_order":0,"comment_status":"closed","ping_status":"closed","template":"","meta":{"_et_pb_use_builder":"on","_et_pb_old_content":"","_et_gb_content_width":"","footnotes":""},"class_list":["post-2367","page","type-page","status-publish","hentry"],"yoast_head":"<!-- This site is optimized with the Yoast SEO plugin v27.4 - https:\/\/yoast.com\/product\/yoast-seo-wordpress\/ -->\n<title>Justicia y Creaci\u00f3n - Marist Europe<\/title>\n<meta name=\"robots\" content=\"index, follow, max-snippet:-1, max-image-preview:large, max-video-preview:-1\" \/>\n<link rel=\"canonical\" href=\"https:\/\/maristeurope.eu\/es\/mision\/justicia-y-creacion\/\" \/>\n<meta property=\"og:locale\" content=\"es_ES\" \/>\n<meta property=\"og:type\" content=\"article\" \/>\n<meta property=\"og:title\" content=\"Justicia y Creaci\u00f3n - Marist Europe\" \/>\n<meta property=\"og:description\" content=\"[et_pb_section fb_built=&quot;1&#8243; _builder_version=&quot;4.27.4&#8243; _module_preset=&quot;default&quot; use_background_color_gradient=&quot;on&quot; background_color_gradient_stops=&quot;rgba(2,48,71,0.2) 0%|rgba(2,48,71,0.4) 100%&quot; background_color_gradient_overlays_image=&quot;on&quot; background_image=&quot;https:\/\/maristeurope.eu\/wp-content\/uploads\/2024\/12\/DSC3585-1-en-tamano-grande.jpeg&quot; background_enable_video_mp4=&quot;off&quot; custom_padding=&quot;16vw||4vw||false|false&quot; bottom_divider_style=&quot;ramp2&#8243; bottom_divider_color=&quot;#FFFAF2&#8243; bottom_divider_flip=&quot;horizontal&quot; global_colors_info=&quot;{}&quot;][et_pb_row column_structure=&quot;2_3,1_3&#8243; make_equal=&quot;on&quot; _builder_version=&quot;4.27.4&#8243; _module_preset=&quot;default&quot; background_enable_color=&quot;off&quot; custom_padding=&quot;0px|40px|0px|40px|true|true&quot; animation_style=&quot;fade&quot; animation_duration=&quot;1500ms&quot; animation_delay=&quot;200ms&quot; global_colors_info=&quot;{}&quot;][et_pb_column type=&quot;2_3&#8243; _builder_version=&quot;4.27.4&#8243; _module_preset=&quot;default&quot; custom_css_main_element=&quot;margin: auto;&quot; global_colors_info=&quot;{}&quot;][et_pb_text _builder_version=&quot;4.27.4&#8243; _module_preset=&quot;default&quot; header_font=&quot;|600||on|||||&quot; header_text_color=&quot;#FFFFFF&quot; header_font_size=&quot;4rem&quot; header_letter_spacing=&quot;4px&quot; header_2_text_color=&quot;#219EBC&quot; header_2_font_size=&quot;3.5rem&quot; custom_margin=&quot;20px||20px||true|false&quot; global_colors_info=&quot;{}&quot;] Justicia y Creaci\u00f3n [\/et_pb_text][\/et_pb_column][et_pb_column type=&quot;1_3&#8243; _builder_version=&quot;4.27.2&#8243; _module_preset=&quot;default&quot; global_colors_info=&quot;{}&quot;][\/et_pb_column][\/et_pb_row][\/et_pb_section][et_pb_section fb_built=&quot;1&#8243; _builder_version=&quot;4.27.4&#8243; _module_preset=&quot;default&quot; background_color=&quot;#FFFAF2&#8243; background_image=&quot;https:\/\/maristeurope.eu\/wp-content\/uploads\/2024\/11\/art-therapist-illustration-04-1.png&quot; [&hellip;]\" \/>\n<meta property=\"og:url\" content=\"https:\/\/maristeurope.eu\/es\/mision\/justicia-y-creacion\/\" \/>\n<meta property=\"og:site_name\" content=\"Marist Europe\" \/>\n<meta property=\"article:modified_time\" content=\"2025-04-15T09:49:30+00:00\" \/>\n<meta name=\"twitter:card\" content=\"summary_large_image\" \/>\n<meta name=\"twitter:label1\" content=\"Tiempo de lectura\" \/>\n\t<meta name=\"twitter:data1\" content=\"4 minuto\" \/>\n<script type=\"application\/ld+json\" class=\"yoast-schema-graph\">{\"@context\":\"https:\\\/\\\/schema.org\",\"@graph\":[{\"@type\":\"WebPage\",\"@id\":\"https:\\\/\\\/maristeurope.eu\\\/es\\\/mision\\\/justicia-y-creacion\\\/\",\"url\":\"https:\\\/\\\/maristeurope.eu\\\/es\\\/mision\\\/justicia-y-creacion\\\/\",\"name\":\"Justicia y Creaci\u00f3n - Marist Europe\",\"isPartOf\":{\"@id\":\"https:\\\/\\\/maristeurope.eu\\\/es\\\/#website\"},\"datePublished\":\"2024-12-19T09:55:50+00:00\",\"dateModified\":\"2025-04-15T09:49:30+00:00\",\"breadcrumb\":{\"@id\":\"https:\\\/\\\/maristeurope.eu\\\/es\\\/mision\\\/justicia-y-creacion\\\/#breadcrumb\"},\"inLanguage\":\"es\",\"potentialAction\":[{\"@type\":\"ReadAction\",\"target\":[\"https:\\\/\\\/maristeurope.eu\\\/es\\\/mision\\\/justicia-y-creacion\\\/\"]}]},{\"@type\":\"BreadcrumbList\",\"@id\":\"https:\\\/\\\/maristeurope.eu\\\/es\\\/mision\\\/justicia-y-creacion\\\/#breadcrumb\",\"itemListElement\":[{\"@type\":\"ListItem\",\"position\":1,\"name\":\"Home\",\"item\":\"https:\\\/\\\/maristeurope.eu\\\/es\\\/\"},{\"@type\":\"ListItem\",\"position\":2,\"name\":\"Misi\u00f3n\",\"item\":\"https:\\\/\\\/maristeurope.eu\\\/es\\\/mision\\\/\"},{\"@type\":\"ListItem\",\"position\":3,\"name\":\"Justicia y Creaci\u00f3n\"}]},{\"@type\":\"WebSite\",\"@id\":\"https:\\\/\\\/maristeurope.eu\\\/es\\\/#website\",\"url\":\"https:\\\/\\\/maristeurope.eu\\\/es\\\/\",\"name\":\"Marist Europe\",\"description\":\"\",\"publisher\":{\"@id\":\"https:\\\/\\\/maristeurope.eu\\\/es\\\/#organization\"},\"potentialAction\":[{\"@type\":\"SearchAction\",\"target\":{\"@type\":\"EntryPoint\",\"urlTemplate\":\"https:\\\/\\\/maristeurope.eu\\\/es\\\/?s={search_term_string}\"},\"query-input\":{\"@type\":\"PropertyValueSpecification\",\"valueRequired\":true,\"valueName\":\"search_term_string\"}}],\"inLanguage\":\"es\"},{\"@type\":\"Organization\",\"@id\":\"https:\\\/\\\/maristeurope.eu\\\/es\\\/#organization\",\"name\":\"Marist Europe\",\"url\":\"https:\\\/\\\/maristeurope.eu\\\/es\\\/\",\"logo\":{\"@type\":\"ImageObject\",\"inLanguage\":\"es\",\"@id\":\"https:\\\/\\\/maristeurope.eu\\\/es\\\/#\\\/schema\\\/logo\\\/image\\\/\",\"url\":\"https:\\\/\\\/maristeurope.eu\\\/wp-content\\\/uploads\\\/2024\\\/10\\\/EU-SM-Finalogo-02.png\",\"contentUrl\":\"https:\\\/\\\/maristeurope.eu\\\/wp-content\\\/uploads\\\/2024\\\/10\\\/EU-SM-Finalogo-02.png\",\"width\":150,\"height\":156,\"caption\":\"Marist Europe\"},\"image\":{\"@id\":\"https:\\\/\\\/maristeurope.eu\\\/es\\\/#\\\/schema\\\/logo\\\/image\\\/\"}}]}<\/script>\n<!-- \/ Yoast SEO plugin. -->","yoast_head_json":{"title":"Justicia y Creaci\u00f3n - Marist Europe","robots":{"index":"index","follow":"follow","max-snippet":"max-snippet:-1","max-image-preview":"max-image-preview:large","max-video-preview":"max-video-preview:-1"},"canonical":"https:\/\/maristeurope.eu\/es\/mision\/justicia-y-creacion\/","og_locale":"es_ES","og_type":"article","og_title":"Justicia y Creaci\u00f3n - Marist Europe","og_description":"[et_pb_section fb_built=\"1&#8243; _builder_version=\"4.27.4&#8243; _module_preset=\"default\" use_background_color_gradient=\"on\" background_color_gradient_stops=\"rgba(2,48,71,0.2) 0%|rgba(2,48,71,0.4) 100%\" background_color_gradient_overlays_image=\"on\" background_image=\"https:\/\/maristeurope.eu\/wp-content\/uploads\/2024\/12\/DSC3585-1-en-tamano-grande.jpeg\" background_enable_video_mp4=\"off\" custom_padding=\"16vw||4vw||false|false\" bottom_divider_style=\"ramp2&#8243; bottom_divider_color=\"#FFFAF2&#8243; bottom_divider_flip=\"horizontal\" global_colors_info=\"{}\"][et_pb_row column_structure=\"2_3,1_3&#8243; make_equal=\"on\" _builder_version=\"4.27.4&#8243; _module_preset=\"default\" background_enable_color=\"off\" custom_padding=\"0px|40px|0px|40px|true|true\" animation_style=\"fade\" animation_duration=\"1500ms\" animation_delay=\"200ms\" global_colors_info=\"{}\"][et_pb_column type=\"2_3&#8243; _builder_version=\"4.27.4&#8243; _module_preset=\"default\" custom_css_main_element=\"margin: auto;\" global_colors_info=\"{}\"][et_pb_text _builder_version=\"4.27.4&#8243; _module_preset=\"default\" header_font=\"|600||on|||||\" header_text_color=\"#FFFFFF\" header_font_size=\"4rem\" header_letter_spacing=\"4px\" header_2_text_color=\"#219EBC\" header_2_font_size=\"3.5rem\" custom_margin=\"20px||20px||true|false\" global_colors_info=\"{}\"] Justicia y Creaci\u00f3n [\/et_pb_text][\/et_pb_column][et_pb_column type=\"1_3&#8243; _builder_version=\"4.27.2&#8243; _module_preset=\"default\" global_colors_info=\"{}\"][\/et_pb_column][\/et_pb_row][\/et_pb_section][et_pb_section fb_built=\"1&#8243; _builder_version=\"4.27.4&#8243; _module_preset=\"default\" background_color=\"#FFFAF2&#8243; background_image=\"https:\/\/maristeurope.eu\/wp-content\/uploads\/2024\/11\/art-therapist-illustration-04-1.png\" [&hellip;]","og_url":"https:\/\/maristeurope.eu\/es\/mision\/justicia-y-creacion\/","og_site_name":"Marist Europe","article_modified_time":"2025-04-15T09:49:30+00:00","twitter_card":"summary_large_image","twitter_misc":{"Tiempo de lectura":"4 minuto"},"schema":{"@context":"https:\/\/schema.org","@graph":[{"@type":"WebPage","@id":"https:\/\/maristeurope.eu\/es\/mision\/justicia-y-creacion\/","url":"https:\/\/maristeurope.eu\/es\/mision\/justicia-y-creacion\/","name":"Justicia y Creaci\u00f3n - Marist Europe","isPartOf":{"@id":"https:\/\/maristeurope.eu\/es\/#website"},"datePublished":"2024-12-19T09:55:50+00:00","dateModified":"2025-04-15T09:49:30+00:00","breadcrumb":{"@id":"https:\/\/maristeurope.eu\/es\/mision\/justicia-y-creacion\/#breadcrumb"},"inLanguage":"es","potentialAction":[{"@type":"ReadAction","target":["https:\/\/maristeurope.eu\/es\/mision\/justicia-y-creacion\/"]}]},{"@type":"BreadcrumbList","@id":"https:\/\/maristeurope.eu\/es\/mision\/justicia-y-creacion\/#breadcrumb","itemListElement":[{"@type":"ListItem","position":1,"name":"Home","item":"https:\/\/maristeurope.eu\/es\/"},{"@type":"ListItem","position":2,"name":"Misi\u00f3n","item":"https:\/\/maristeurope.eu\/es\/mision\/"},{"@type":"ListItem","position":3,"name":"Justicia y Creaci\u00f3n"}]},{"@type":"WebSite","@id":"https:\/\/maristeurope.eu\/es\/#website","url":"https:\/\/maristeurope.eu\/es\/","name":"Marist Europe","description":"","publisher":{"@id":"https:\/\/maristeurope.eu\/es\/#organization"},"potentialAction":[{"@type":"SearchAction","target":{"@type":"EntryPoint","urlTemplate":"https:\/\/maristeurope.eu\/es\/?s={search_term_string}"},"query-input":{"@type":"PropertyValueSpecification","valueRequired":true,"valueName":"search_term_string"}}],"inLanguage":"es"},{"@type":"Organization","@id":"https:\/\/maristeurope.eu\/es\/#organization","name":"Marist Europe","url":"https:\/\/maristeurope.eu\/es\/","logo":{"@type":"ImageObject","inLanguage":"es","@id":"https:\/\/maristeurope.eu\/es\/#\/schema\/logo\/image\/","url":"https:\/\/maristeurope.eu\/wp-content\/uploads\/2024\/10\/EU-SM-Finalogo-02.png","contentUrl":"https:\/\/maristeurope.eu\/wp-content\/uploads\/2024\/10\/EU-SM-Finalogo-02.png","width":150,"height":156,"caption":"Marist Europe"},"image":{"@id":"https:\/\/maristeurope.eu\/es\/#\/schema\/logo\/image\/"}}]}},"_links":{"self":[{"href":"https:\/\/maristeurope.eu\/es\/wp-json\/wp\/v2\/pages\/2367","targetHints":{"allow":["GET"]}}],"collection":[{"href":"https:\/\/maristeurope.eu\/es\/wp-json\/wp\/v2\/pages"}],"about":[{"href":"https:\/\/maristeurope.eu\/es\/wp-json\/wp\/v2\/types\/page"}],"author":[{"embeddable":true,"href":"https:\/\/maristeurope.eu\/es\/wp-json\/wp\/v2\/users\/1"}],"replies":[{"embeddable":true,"href":"https:\/\/maristeurope.eu\/es\/wp-json\/wp\/v2\/comments?post=2367"}],"version-history":[{"count":7,"href":"https:\/\/maristeurope.eu\/es\/wp-json\/wp\/v2\/pages\/2367\/revisions"}],"predecessor-version":[{"id":6938,"href":"https:\/\/maristeurope.eu\/es\/wp-json\/wp\/v2\/pages\/2367\/revisions\/6938"}],"up":[{"embeddable":true,"href":"https:\/\/maristeurope.eu\/es\/wp-json\/wp\/v2\/pages\/2269"}],"wp:attachment":[{"href":"https:\/\/maristeurope.eu\/es\/wp-json\/wp\/v2\/media?parent=2367"}],"curies":[{"name":"wp","href":"https:\/\/api.w.org\/{rel}","templated":true}]}}