{"id":2305,"date":"2024-10-04T05:42:42","date_gmt":"2024-10-04T05:42:42","guid":{"rendered":"https:\/\/marist.sjdigitaldemo.ovh\/politica-de-privacidad\/"},"modified":"2025-03-13T17:18:46","modified_gmt":"2025-03-13T17:18:46","slug":"politica-de-privacidad","status":"publish","type":"page","link":"https:\/\/maristeurope.eu\/es\/politica-de-privacidad\/","title":{"rendered":"Pol\u00edtica de privacidad de la Sociedad de Mar\u00eda en Europa"},"content":{"rendered":"<p>[et_pb_section fb_built=\"1&#8243; admin_label=\"section\" _builder_version=\"4.16&#8243; global_colors_info=\"{}\"][et_pb_row admin_label=\"fila\" _builder_version=\"4.16&#8243; background_size=\"initial\" background_position=\"top_left\" background_repeat=\"repeat\" global_colors_info=\"{}\"][et_pb_column type=\"4_4&#8243; _builder_version=\"4.16&#8243; custom_padding=\"|||\" global_colors_info=\"{}\" custom_padding__hover=\"|||\"][et_pb_text admin_label=\"Text\" _builder_version=\"4.16&#8243; background_size=\"initial\" background_position=\"top_left\" background_repeat=\"repeat\" global_colors_info=\"{}\"]<\/p>\n<p>&nbsp;<\/p>\n<p>&nbsp;<\/p>\n<p>&nbsp;<\/p>\n<p>&nbsp;<\/p>\n<h2 class=\"wp-block-heading\"><strong>Pol\u00edtica de privacidad<\/strong><\/h2>\n<p>&nbsp;<\/p>\n<p>Este es el sitio web principal de la Sociedad de Mar\u00eda en Europa. Nuestra Casa Provincial Europea se encuentra en Francia: 104 rue de Vaugirard, 75006 Par\u00eds y puedes ponerte en contacto con ella por correo electr\u00f3nico en <a href=\"mailto:info@maristeurope.eu\" target=\"_blank\" rel=\"noreferrer noopener\">info@maristeurope.eu.<\/a> <\/p>\n<\/p>\n<p>Hemos adoptado esta Pol\u00edtica de privacidad para demostrar nuestro firme compromiso con la privacidad. Esta pol\u00edtica de privacidad establece nuestras pr\u00e1cticas en el tratamiento de la informaci\u00f3n que puedas revelarnos a trav\u00e9s del uso de este sitio web. <\/p>\n<\/p>\n<h2 class=\"wp-block-heading\"><strong>Aceptaci\u00f3n de la Declaraci\u00f3n de Privacidad<\/strong><\/h2>\n<\/p>\n<p>Al utilizar este sitio, das a entender que aceptas esta declaraci\u00f3n. Si no est\u00e1s de acuerdo con alg\u00fan aspecto de esta declaraci\u00f3n, te recomendamos que dejes de utilizar el sitio web. Nos reservamos el derecho a modificar esta Pol\u00edtica de Privacidad en cualquier momento. Por lo tanto, cada vez que utilices este sitio web quedar\u00e1s vinculado por la Pol\u00edtica de Privacidad vigente y deber\u00e1s revisarla cada vez que utilices el sitio web para asegurarte de que aceptas cualquier cambio.   <\/p>\n<\/p>\n<h2 class=\"wp-block-heading\"><strong>Informaci\u00f3n que recogemos<\/strong><\/h2>\n<\/p>\n<p>Nuestro objetivo es mejorar continuamente tu experiencia en nuestros canales digitales. Utilizamos cookies para mejorar tu experiencia como cliente de nuestro servicio y aplicaciones en l\u00ednea. Puedes acceder a nuestro sitio web y navegar por \u00e9l sin revelarnos tus datos personales. Si s\u00f3lo navegas y lees informaci\u00f3n en el sitio web, como cualquier otro sitio web, recopilamos y almacenamos la siguiente informaci\u00f3n an\u00f3nima sobre tu visita:   <\/p>\n<\/p>\n<p>- La direcci\u00f3n IP asociada a tu conexi\u00f3n cuando visitabas el sitio web;<\/p>\n<\/p>\n<p>- El sistema operativo y el navegador que utilizaste al visitar el sitio web;<\/p>\n<\/p>\n<p>- La URL que te remiti\u00f3 al sitio web;<\/p>\n<\/p>\n<p>- La fecha, hora y duraci\u00f3n de tu visita; y<\/p>\n<\/p>\n<p>- Las URL de las p\u00e1ginas que visitas en el sitio web.<\/p>\n<\/p>\n<p>Podemos utilizar esta informaci\u00f3n an\u00f3nima por motivos estad\u00edsticos y podemos compartir informaci\u00f3n demogr\u00e1fica agregada gen\u00e9rica no vinculada a informaci\u00f3n de identificaci\u00f3n personal con terceros para ayudarnos a comprender mejor c\u00f3mo utiliza la gente nuestro sitio web y su inter\u00e9s por nuestros servicios.<\/p>\n<\/p>\n<h2 class=\"wp-block-heading\"><strong>Tus datos de identificaci\u00f3n personal<\/strong><\/h2>\n<\/p>\n<p>No registramos autom\u00e1ticamente informaci\u00f3n de identificaci\u00f3n personal cuando utilizas e interact\u00faas con este sitio web. No vinculamos la informaci\u00f3n registrada autom\u00e1ticamente por otros medios con informaci\u00f3n de identificaci\u00f3n personal sobre personas concretas que utilizan e interact\u00faan con este sitio web. No recopilamos informaci\u00f3n sobre nuestros visitantes de otras fuentes, como registros u organismos p\u00fablicos u organizaciones privadas.  <\/p>\n<\/p>\n<p>Sin embargo, puedes optar por revelar informaci\u00f3n personal a la Provincia Europea de la Sociedad de Mar\u00eda mediante diversos m\u00e9todos en este sitio web, que incluyen, entre otros, los formularios de contacto, los formularios de consulta o cuando rellenas una encuesta en l\u00ednea. Esta informaci\u00f3n personal s\u00f3lo podr\u00e1 utilizarse para identificarte como individuo.  Si nos facilitas datos de identificaci\u00f3n personal, los utilizaremos con el fin de prestarte el servicio o facilitarte la informaci\u00f3n que solicitaste a la Provincia Europea de la Sociedad de Mar\u00eda.<\/p>\n<\/p>\n<h2 class=\"wp-block-heading\"><strong>Nos das tu consentimiento<\/strong><\/h2>\n<\/p>\n<p>Utilizar tus datos personales para recomendarte servicios o proporcionarte otra informaci\u00f3n que consideremos que pueda ser relevante para ti. Nos reservamos el derecho a cooperar con las autoridades policiales locales, nacionales o internacionales en la investigaci\u00f3n de actividades impropias o ilegales. Si una investigaci\u00f3n espec\u00edfica requiere el suministro de informaci\u00f3n personal, puede ser necesario revelar informaci\u00f3n personal relativa a esas personas. S\u00f3lo lo haremos si lo permite y exige la ley.   <\/p>\n<\/p>\n<h2 class=\"wp-block-heading\"><strong>Cookies<\/strong><\/h2>\n<\/p>\n<p>Las cookies se utilizan para controlar el tr\u00e1fico del sitio web y mejorar tu experiencia en nuestro sitio web. Las cookies son fragmentos de datos que tu ordenador o dispositivo m\u00f3vil o tableta descarga cuando visitas un sitio web. Las cookies se utilizan para hacer un seguimiento de tus preferencias y reconocer a los visitantes que vuelven. Puedes configurar tu navegador para que rechace las cookies o para que te avise cuando se env\u00eden cookies. Si lo hacen, ten en cuenta que algunas partes de este sitio web pueden no funcionar como se pretende.    <\/p>\n<\/p>\n<h2 class=\"wp-block-heading\"><strong>Hiperv\u00ednculos<\/strong><\/h2>\n<\/p>\n<p>Algunas de las p\u00e1ginas de nuestros sitios web pueden contener enlaces de hipertexto a sitios web no mantenidos por la Provincia Europea de la Sociedad de Mar\u00eda. Te recordamos que se aplicar\u00e1n t\u00e9rminos y condiciones de uso diferentes como usuario de dichos sitios web. Adem\u00e1s, dichos sitios web pueden no alcanzar los mismos est\u00e1ndares de privacidad que mantiene la Provincia Europea de la Sociedad de Mar\u00eda. Te recomendamos encarecidamente que revises la Pol\u00edtica de Privacidad de cada sitio que visites.   <\/p>\n<\/p>\n<h2 class=\"wp-block-heading\"><strong>Derecho de acceso y rectificaci\u00f3n<\/strong><\/h2>\n<\/p>\n<p>Puedes solicitar detalles de la informaci\u00f3n personal que tenemos sobre ti en virtud de las Leyes de Protecci\u00f3n de Datos pertinentes y del Reglamento General de Protecci\u00f3n de Datos (RGPD). Si quieres una copia de la informaci\u00f3n que tenemos sobre ti, ponte en contacto con nosotros. Si crees que la informaci\u00f3n que tenemos sobre ti es incorrecta o incompleta, escr\u00edbenos a la direcci\u00f3n anterior o env\u00edanos un correo electr\u00f3nico <a href=\"mailto:info@maristeurope.eu\" target=\"_blank\" rel=\"noreferrer noopener\">a info@maristeurope.eu.<\/a>   Corregiremos sin demora cualquier informaci\u00f3n que resulte ser incorrecta o eliminaremos todo el registro si as\u00ed lo solicitas.<\/p>\n<\/p>\n<h2 class=\"wp-block-heading\"><strong>Seguridad<\/strong><\/h2>\n<\/p>\n<p>Nos tomamos muy en serio nuestras responsabilidades en materia de seguridad, empleando las medidas f\u00edsicas y t\u00e9cnicas m\u00e1s adecuadas disponibles, incluida la implantaci\u00f3n del software de seguridad m\u00e1s reciente, la formaci\u00f3n y la concienciaci\u00f3n del personal, y revisamos estas medidas peri\u00f3dicamente.<\/p>\n<\/p>\n<h2 class=\"wp-block-heading\"><strong>Retenci\u00f3n<\/strong><\/h2>\n<\/p>\n<p>Si proporcionas a la Provincia Europea de la Sociedad de Mar\u00eda tus datos personales, s\u00f3lo los conservaremos durante el tiempo que sea razonablemente necesario, teniendo en cuenta nuestra necesidad de responder a consultas o resolver problemas, proporcionar servicios mejorados y nuevos y cumplir los requisitos legales en virtud de la(s) legislaci\u00f3n(es) aplicable(s). Esto significa que podemos conservar tu informaci\u00f3n personal durante un per\u00edodo razonable despu\u00e9s de que dejes de utilizar nuestros servicios o de que dejes de utilizar este sitio web. Transcurrido este periodo, tus datos personales se eliminar\u00e1n de todos los sistemas de la Provincia Europea de la Sociedad de Mar\u00eda. Tienes derecho a que se elimine tu informaci\u00f3n personal en cualquier momento.   <\/p>\n<\/p>\n<h2 class=\"wp-block-heading\"><strong>Cambios en esta pol\u00edtica<\/strong><\/h2>\n<\/p>\n<p>Nos reservamos el derecho a cambiar, adaptar y ajustar esta Pol\u00edtica de Privacidad en el sitio web sin notificaci\u00f3n previa. Reconoces y aceptas que esta Pol\u00edtica de Privacidad puede cambiar de vez en cuando y te das cuenta de que la \u00faltima versi\u00f3n es aplicable cuando visitas el sitio web. <\/p>\n<\/p>\n<h2 class=\"wp-block-heading\"><strong>Contacta con nosotros<\/strong><\/h2>\n<\/p>\n<p>Esta pol\u00edtica revela las pr\u00e1cticas de privacidad de la Provincia Europea de la Sociedad de Mar\u00eda. Si tienes alguna pregunta espec\u00edfica sobre estas pr\u00e1cticas y pol\u00edticas, puedes enviarnos un correo electr\u00f3nico a <a href=\"mailto:info@maristeurope.eu\" target=\"_blank\" rel=\"noreferrer noopener\">info@maristeurope.eu.<\/a> <\/p>\n<\/p>\n<p>[\/et_pb_text][\/et_pb_column][\/et_pb_row][\/et_pb_section]<\/p>\n","protected":false},"excerpt":{"rendered":"<p>&nbsp; &nbsp; &nbsp; &nbsp; Pol\u00edtica de privacidad &nbsp; Este es el sitio web principal de la Sociedad de Mar\u00eda en Europa. Nuestra Casa Provincial Europea se encuentra en Francia: 104 rue de Vaugirard, 75006 Par\u00eds y puedes ponerte en contacto con ella por correo electr\u00f3nico en info@maristeurope.eu. Hemos adoptado esta Pol\u00edtica de privacidad para demostrar [&hellip;]<\/p>\n","protected":false},"author":1,"featured_media":0,"parent":0,"menu_order":0,"comment_status":"closed","ping_status":"open","template":"","meta":{"_et_pb_use_builder":"on","_et_pb_old_content":"","_et_gb_content_width":"","footnotes":""},"class_list":["post-2305","page","type-page","status-publish","hentry"],"yoast_head":"<!-- This site is optimized with the Yoast SEO plugin v27.4 - https:\/\/yoast.com\/product\/yoast-seo-wordpress\/ -->\n<title>Pol\u00edtica de privacidad de la Sociedad de Mar\u00eda en Europa - Marist Europe<\/title>\n<meta name=\"robots\" content=\"index, follow, max-snippet:-1, max-image-preview:large, max-video-preview:-1\" \/>\n<link rel=\"canonical\" href=\"https:\/\/maristeurope.eu\/es\/politica-de-privacidad\/\" \/>\n<meta property=\"og:locale\" content=\"es_ES\" \/>\n<meta property=\"og:type\" content=\"article\" \/>\n<meta property=\"og:title\" content=\"Pol\u00edtica de privacidad de la Sociedad de Mar\u00eda en Europa - Marist Europe\" \/>\n<meta property=\"og:description\" content=\"&nbsp; &nbsp; &nbsp; &nbsp; Pol\u00edtica de privacidad &nbsp; Este es el sitio web principal de la Sociedad de Mar\u00eda en Europa. Nuestra Casa Provincial Europea se encuentra en Francia: 104 rue de Vaugirard, 75006 Par\u00eds y puedes ponerte en contacto con ella por correo electr\u00f3nico en info@maristeurope.eu. Hemos adoptado esta Pol\u00edtica de privacidad para demostrar [&hellip;]\" \/>\n<meta property=\"og:url\" content=\"https:\/\/maristeurope.eu\/es\/politica-de-privacidad\/\" \/>\n<meta property=\"og:site_name\" content=\"Marist Europe\" \/>\n<meta property=\"article:modified_time\" content=\"2025-03-13T17:18:46+00:00\" \/>\n<meta name=\"twitter:card\" content=\"summary_large_image\" \/>\n<meta name=\"twitter:label1\" content=\"Tiempo de lectura\" \/>\n\t<meta name=\"twitter:data1\" content=\"6 minuto\" \/>\n<script type=\"application\/ld+json\" class=\"yoast-schema-graph\">{\"@context\":\"https:\\\/\\\/schema.org\",\"@graph\":[{\"@type\":\"WebPage\",\"@id\":\"https:\\\/\\\/maristeurope.eu\\\/es\\\/politica-de-privacidad\\\/\",\"url\":\"https:\\\/\\\/maristeurope.eu\\\/es\\\/politica-de-privacidad\\\/\",\"name\":\"Pol\u00edtica de privacidad de la Sociedad de Mar\u00eda en Europa - Marist Europe\",\"isPartOf\":{\"@id\":\"https:\\\/\\\/maristeurope.eu\\\/es\\\/#website\"},\"datePublished\":\"2024-10-04T05:42:42+00:00\",\"dateModified\":\"2025-03-13T17:18:46+00:00\",\"breadcrumb\":{\"@id\":\"https:\\\/\\\/maristeurope.eu\\\/es\\\/politica-de-privacidad\\\/#breadcrumb\"},\"inLanguage\":\"es\",\"potentialAction\":[{\"@type\":\"ReadAction\",\"target\":[\"https:\\\/\\\/maristeurope.eu\\\/es\\\/politica-de-privacidad\\\/\"]}]},{\"@type\":\"BreadcrumbList\",\"@id\":\"https:\\\/\\\/maristeurope.eu\\\/es\\\/politica-de-privacidad\\\/#breadcrumb\",\"itemListElement\":[{\"@type\":\"ListItem\",\"position\":1,\"name\":\"Home\",\"item\":\"https:\\\/\\\/maristeurope.eu\\\/es\\\/\"},{\"@type\":\"ListItem\",\"position\":2,\"name\":\"Pol\u00edtica de privacidad de la Sociedad de Mar\u00eda en Europa\"}]},{\"@type\":\"WebSite\",\"@id\":\"https:\\\/\\\/maristeurope.eu\\\/es\\\/#website\",\"url\":\"https:\\\/\\\/maristeurope.eu\\\/es\\\/\",\"name\":\"Marist Europe\",\"description\":\"\",\"publisher\":{\"@id\":\"https:\\\/\\\/maristeurope.eu\\\/es\\\/#organization\"},\"potentialAction\":[{\"@type\":\"SearchAction\",\"target\":{\"@type\":\"EntryPoint\",\"urlTemplate\":\"https:\\\/\\\/maristeurope.eu\\\/es\\\/?s={search_term_string}\"},\"query-input\":{\"@type\":\"PropertyValueSpecification\",\"valueRequired\":true,\"valueName\":\"search_term_string\"}}],\"inLanguage\":\"es\"},{\"@type\":\"Organization\",\"@id\":\"https:\\\/\\\/maristeurope.eu\\\/es\\\/#organization\",\"name\":\"Marist Europe\",\"url\":\"https:\\\/\\\/maristeurope.eu\\\/es\\\/\",\"logo\":{\"@type\":\"ImageObject\",\"inLanguage\":\"es\",\"@id\":\"https:\\\/\\\/maristeurope.eu\\\/es\\\/#\\\/schema\\\/logo\\\/image\\\/\",\"url\":\"https:\\\/\\\/maristeurope.eu\\\/wp-content\\\/uploads\\\/2024\\\/10\\\/EU-SM-Finalogo-02.png\",\"contentUrl\":\"https:\\\/\\\/maristeurope.eu\\\/wp-content\\\/uploads\\\/2024\\\/10\\\/EU-SM-Finalogo-02.png\",\"width\":150,\"height\":156,\"caption\":\"Marist Europe\"},\"image\":{\"@id\":\"https:\\\/\\\/maristeurope.eu\\\/es\\\/#\\\/schema\\\/logo\\\/image\\\/\"}}]}<\/script>\n<!-- \/ Yoast SEO plugin. -->","yoast_head_json":{"title":"Pol\u00edtica de privacidad de la Sociedad de Mar\u00eda en Europa - Marist Europe","robots":{"index":"index","follow":"follow","max-snippet":"max-snippet:-1","max-image-preview":"max-image-preview:large","max-video-preview":"max-video-preview:-1"},"canonical":"https:\/\/maristeurope.eu\/es\/politica-de-privacidad\/","og_locale":"es_ES","og_type":"article","og_title":"Pol\u00edtica de privacidad de la Sociedad de Mar\u00eda en Europa - Marist Europe","og_description":"&nbsp; &nbsp; &nbsp; &nbsp; Pol\u00edtica de privacidad &nbsp; Este es el sitio web principal de la Sociedad de Mar\u00eda en Europa. Nuestra Casa Provincial Europea se encuentra en Francia: 104 rue de Vaugirard, 75006 Par\u00eds y puedes ponerte en contacto con ella por correo electr\u00f3nico en info@maristeurope.eu. Hemos adoptado esta Pol\u00edtica de privacidad para demostrar [&hellip;]","og_url":"https:\/\/maristeurope.eu\/es\/politica-de-privacidad\/","og_site_name":"Marist Europe","article_modified_time":"2025-03-13T17:18:46+00:00","twitter_card":"summary_large_image","twitter_misc":{"Tiempo de lectura":"6 minuto"},"schema":{"@context":"https:\/\/schema.org","@graph":[{"@type":"WebPage","@id":"https:\/\/maristeurope.eu\/es\/politica-de-privacidad\/","url":"https:\/\/maristeurope.eu\/es\/politica-de-privacidad\/","name":"Pol\u00edtica de privacidad de la Sociedad de Mar\u00eda en Europa - Marist Europe","isPartOf":{"@id":"https:\/\/maristeurope.eu\/es\/#website"},"datePublished":"2024-10-04T05:42:42+00:00","dateModified":"2025-03-13T17:18:46+00:00","breadcrumb":{"@id":"https:\/\/maristeurope.eu\/es\/politica-de-privacidad\/#breadcrumb"},"inLanguage":"es","potentialAction":[{"@type":"ReadAction","target":["https:\/\/maristeurope.eu\/es\/politica-de-privacidad\/"]}]},{"@type":"BreadcrumbList","@id":"https:\/\/maristeurope.eu\/es\/politica-de-privacidad\/#breadcrumb","itemListElement":[{"@type":"ListItem","position":1,"name":"Home","item":"https:\/\/maristeurope.eu\/es\/"},{"@type":"ListItem","position":2,"name":"Pol\u00edtica de privacidad de la Sociedad de Mar\u00eda en Europa"}]},{"@type":"WebSite","@id":"https:\/\/maristeurope.eu\/es\/#website","url":"https:\/\/maristeurope.eu\/es\/","name":"Marist Europe","description":"","publisher":{"@id":"https:\/\/maristeurope.eu\/es\/#organization"},"potentialAction":[{"@type":"SearchAction","target":{"@type":"EntryPoint","urlTemplate":"https:\/\/maristeurope.eu\/es\/?s={search_term_string}"},"query-input":{"@type":"PropertyValueSpecification","valueRequired":true,"valueName":"search_term_string"}}],"inLanguage":"es"},{"@type":"Organization","@id":"https:\/\/maristeurope.eu\/es\/#organization","name":"Marist Europe","url":"https:\/\/maristeurope.eu\/es\/","logo":{"@type":"ImageObject","inLanguage":"es","@id":"https:\/\/maristeurope.eu\/es\/#\/schema\/logo\/image\/","url":"https:\/\/maristeurope.eu\/wp-content\/uploads\/2024\/10\/EU-SM-Finalogo-02.png","contentUrl":"https:\/\/maristeurope.eu\/wp-content\/uploads\/2024\/10\/EU-SM-Finalogo-02.png","width":150,"height":156,"caption":"Marist Europe"},"image":{"@id":"https:\/\/maristeurope.eu\/es\/#\/schema\/logo\/image\/"}}]}},"_links":{"self":[{"href":"https:\/\/maristeurope.eu\/es\/wp-json\/wp\/v2\/pages\/2305","targetHints":{"allow":["GET"]}}],"collection":[{"href":"https:\/\/maristeurope.eu\/es\/wp-json\/wp\/v2\/pages"}],"about":[{"href":"https:\/\/maristeurope.eu\/es\/wp-json\/wp\/v2\/types\/page"}],"author":[{"embeddable":true,"href":"https:\/\/maristeurope.eu\/es\/wp-json\/wp\/v2\/users\/1"}],"replies":[{"embeddable":true,"href":"https:\/\/maristeurope.eu\/es\/wp-json\/wp\/v2\/comments?post=2305"}],"version-history":[{"count":12,"href":"https:\/\/maristeurope.eu\/es\/wp-json\/wp\/v2\/pages\/2305\/revisions"}],"predecessor-version":[{"id":4853,"href":"https:\/\/maristeurope.eu\/es\/wp-json\/wp\/v2\/pages\/2305\/revisions\/4853"}],"wp:attachment":[{"href":"https:\/\/maristeurope.eu\/es\/wp-json\/wp\/v2\/media?parent=2305"}],"curies":[{"name":"wp","href":"https:\/\/api.w.org\/{rel}","templated":true}]}}