{"id":2239,"date":"2024-10-07T13:32:08","date_gmt":"2024-10-07T11:32:08","guid":{"rendered":"https:\/\/marist.sjdigitaldemo.ovh\/biblioteca\/"},"modified":"2025-10-11T12:32:05","modified_gmt":"2025-10-11T10:32:05","slug":"biblioteca","status":"publish","type":"page","link":"https:\/\/maristeurope.eu\/es\/biblioteca\/","title":{"rendered":"Recursos"},"content":{"rendered":"<p>[et_pb_section fb_built=\"1&#8243; _builder_version=\"4.27.4&#8243; _module_preset=\"default\" background_color=\"#FB8500&#8243; use_background_color_gradient=\"on\" background_color_gradient_stops=\"rgba(2,48,71,0.2) 0%|rgba(2,48,71,0.4) 100%\" background_color_gradient_overlays_image=\"on\" background_enable_image=\"off\" background_enable_video_mp4=\"off\" background_enable_pattern_style=\"on\" background_pattern_style=\"confetti\" background_pattern_color=\"rgba(0,0,0,0.11)\" custom_padding=\"200px||4vw||false|false\" bottom_divider_style=\"ramp2&#8243; bottom_divider_color=\"#FFFAF2&#8243; bottom_divider_flip=\"horizontal\" global_colors_info=\"{}\"][et_pb_row column_structure=\"2_3,1_3&#8243; make_equal=\"on\" _builder_version=\"4.27.4&#8243; _module_preset=\"default\" background_enable_color=\"off\" custom_padding=\"0px|40px|0px|40px|true|true\" animation_style=\"fade\" animation_duration=\"1500ms\" animation_delay=\"200ms\" global_colors_info=\"{}\"][et_pb_column type=\"2_3&#8243; _builder_version=\"4.27.4&#8243; _module_preset=\"default\" custom_css_main_element=\"margin: auto;\" global_colors_info=\"{}\"][et_pb_text _builder_version=\"4.27.4&#8243; _module_preset=\"default\" header_font=\"|600||on|||||\" header_text_color=\"#FFFFFF\" header_font_size=\"4rem\" header_letter_spacing=\"4px\" header_2_text_color=\"#219EBC\" header_2_font_size=\"3.5rem\" custom_margin=\"20px||20px||true|false\" global_colors_info=\"{}\"]<\/p>\n<h1><strong>RECURSOS<\/strong><\/h1>\n<p>[\/et_pb_text][\/et_pb_column][et_pb_column type=\"1_3&#8243; _builder_version=\"4.27.2&#8243; _module_preset=\"default\" global_colors_info=\"{}\"][\/et_pb_column][\/et_pb_row][\/et_pb_section][et_pb_section fb_built=\"1&#8243; module_id=\"recursos\" _builder_version=\"4.27.4&#8243; _module_preset=\"default\" background_color=\"#FFFAF2&#8243; background_enable_image=\"off\" background_size=\"contain\" global_colors_info=\"{}\"][et_pb_row disabled_on=\"off|off|off\" _builder_version=\"4.27.4&#8243; _module_preset=\"default\" global_colors_info=\"{}\"][et_pb_column type=\"4_4&#8243; _builder_version=\"4.27.4&#8243; _module_preset=\"cb26f350-8f59-46c4-8f67-0c8d03d9ef93&#8243; global_colors_info=\"{}\"][et_pb_text _builder_version=\"4.27.4&#8243; _module_preset=\"default\" custom_padding=\"9px|||||\" global_colors_info=\"{}\"]<\/p>\n<h2>Seguimos desarrollando esta p\u00e1gina de recursos. Le rogamos que tenga paciencia mientras a\u00f1adimos materiales.<\/h2>\n<h3><span style=\"color: #ff6600;\"><a href=\"https:\/\/maristeurope.eu\/es\/pagina-de-contacto\/\" target=\"_blank\" rel=\"noopener\" style=\"color: #ff6600;\">P\u00f3ngase en contacto con nosotros<\/a> <\/span>con sus comentarios y sugerencias.<\/h3>\n<p>[\/et_pb_text][\/et_pb_column][\/et_pb_row][et_pb_row disabled_on=\"off|off|off\" _builder_version=\"4.27.4&#8243; _module_preset=\"default\" global_colors_info=\"{}\"][et_pb_column type=\"4_4&#8243; _builder_version=\"4.27.4&#8243; _module_preset=\"default\" global_colors_info=\"{}\"][et_pb_tabs active_tab_background_color=\"#FFB703&#8243; inactive_tab_background_color=\"#219EBC\" active_tab_text_color=\"#023047&#8243; module_id=\"colegios\" module_class=\"resources\" _builder_version=\"4.27.4&#8243; _module_preset=\"default\" tab_text_color=\"#FFFAF2&#8243; body_font=\"|600|||||||\" body_text_color=\"#023047&#8243; body_font_size=\"18px\" tab_font_size=\"24px\" body_link_font=\"||||on|||#FB8500|\" body_link_text_color=\"#FB8500&#8243; body_link_font_size=\"19px\" background_color=\"#8ECAE6&#8243; custom_padding=\"||||false|false\" custom_padding_last_edited=\"off|desktop\" hover_enabled=\"0&#8243; border_radii=\"on|50px|50px|50px|50px\" border_width_all=\"0px\" global_colors_info=\"{}\" sticky_enabled=\"0&#8243;][et_pb_tab title=\"Ingl\u00e9s\" _builder_version=\"4.27.4&#8243; _module_preset=\"default\" body_text_color=\"#023047&#8243; global_colors_info=\"{}\"]<\/p>\n<h3>Fuentes maristas<\/h3>\n<div><a href=\"https:\/\/maristeurope.eu\/wp-content\/uploads\/2025\/03\/Constitutions-1987-English.pdf\" target=\"_blank\" rel=\"noopener\">Constituciones 1987<\/a><br \/>\n  <a href=\"https:\/\/maristeurope.eu\/wp-content\/uploads\/2025\/03\/A-Founder-speaks-ENGLISH.pdf\" target=\"_blank\" rel=\"noopener\">Habla un Fundador<\/a><br \/>\n  <br \/>\n    <a href=\"https:\/\/maristeurope.eu\/wp-content\/uploads\/2025\/03\/A-Founder-Acts-ENGLISH.pdf\" target=\"_blank\" rel=\"noopener\">Un Fundador act\u00faa<\/a><\/p>\n<\/div>\n<h3><\/h3>\n<h3>Historia y Espiritualidad Marista<\/h3>\n<div><a href=\"href=\" maristeurope=\"\" eu=\"\" wp-content=\"\" uploads=\"\" jan-snijders-age-of-mary-english=\"\" pdf=\"\" target=\"_blank\" rel=\"noopener\" https:=\"\">Jan Snijders: La edad de Mar\u00eda<\/a><br \/>\n  <a href=\"https:\/\/maristeurope.eu\/wp-content\/uploads\/2025\/03\/Francois-Marc-Marian-Church.pdf\" target=\"_blank\" rel=\"noopener\">Fran\u00e7ois Marc: Iglesia mariana<\/a>\n<\/div>\n<h3><\/h3>\n<h3>Libros y revistas maristas<\/h3>\n<div><a href=\"https:\/\/maristeurope.eu\/wp-content\/uploads\/2025\/03\/KEEL_Book_of_Texts_ENGLISH.pdf\" target=\"_blank\" rel=\"noopener\">Libro de textos de Keel<\/a><\/div>\n<h3><\/h3>\n<h3>Laicos<\/h3>\n<div><a href=\"https:\/\/maristeurope.eu\/wp-content\/uploads\/2025\/03\/Frank-McKay-SM-The-Marist-Laity-Maristica-4-ENGLISH.pdf\" target=\"_blank\" rel=\"noopener\">Frank McKay: El laicado marista<\/a><\/div>\n<h3><\/h3>\n<h3>Liturgia <span>- Fiestas - Oraciones<\/span><\/h3>\n<div><a href=\"https:\/\/maristeurope.eu\/wp-content\/uploads\/2025\/03\/Mass_HNM_0919-ENGLISH.pdf\" target=\"_blank\" rel=\"noopener\">Misa del Sant\u00edsimo Nombre de Mar\u00eda<\/a><br \/>\n  <a href=\"https:\/\/maristeurope.eu\/wp-content\/uploads\/2025\/03\/Paraliturgy_HNM_0919-ENGLISH.pdf\" target=\"_blank\" rel=\"noopener\">Paraliturgia del Santo Nombre de Mar\u00eda<\/a><br \/>\n  <br \/>\n    <a href=\"https:\/\/maristeurope.eu\/wp-content\/uploads\/2025\/03\/Fourviere_liturgy_0719-c-ENGLISH.pdf\" target=\"_blank\" rel=\"noopener\">Liturgia de Fourviere<\/a><\/p>\n<\/div>\n<div><a href=\"https:\/\/maristeurope.eu\/wp-content\/uploads\/2025\/03\/JCC_Novena_booklet_EN_1020-scrolling-c2.pdf\" target=\"_blank\" rel=\"noopener\">Juan Claudio Colin Novena<\/a><\/div>\n<p>[\/et_pb_tab][et_pb_tab title=\"Holand\u00e9s\" _builder_version=\"4.27.4&#8243; _module_preset=\"default\" body_text_color=\"#023047&#8243; global_colors_info=\"{}\"]<\/p>\n<h3>Fuentes maristas<\/h3>\n<p>&nbsp;<\/p>\n<h3>Historia y Espiritualidad Marista<\/h3>\n<h3> <\/h3>\n<h3>Libros y revistas maristas<\/h3>\n<p>&nbsp;<\/p>\n<h3>Laicado marista<\/h3>\n<p>&nbsp;<\/p>\n<h3>Liturgia <span>- Fiestas - Oraciones<\/span><\/h3>\n<p>&nbsp;<\/p>\n<div><\/div>\n<p>[\/et_pb_tab][et_pb_tab title=\"Franc\u00e9s\" _builder_version=\"4.27.4&#8243; _module_preset=\"default\" body_text_color=\"#023047&#8243; global_colors_info=\"{}\"]<\/p>\n<h3>Fuentes maristas<\/h3>\n<div><a href=\"https:\/\/maristeurope.eu\/wp-content\/uploads\/2025\/03\/Constitutions-Francais-.pdf\" target=\"_blank\" rel=\"noopener\">Constituciones<\/a><br \/>\n  <a href=\"https:\/\/maristeurope.eu\/wp-content\/uploads\/2025\/03\/Entretiens-Spirituels.pdf\" target=\"_blank\" rel=\"noopener\">Habla un Fundador<\/a><br \/>\n  <br \/>\n    <a href=\"https:\/\/maristeurope.eu\/wp-content\/uploads\/2025\/03\/Quelques-souvenirs-Propos-du-pere-Colin-recueillis-par-le-P.-Mayet-2.pdf\" target=\"_blank\" rel=\"noopener\">Un fundador act\u00faa<\/a><\/p>\n<\/div>\n<p>&nbsp;<\/p>\n<h3>Historia y Espiritualidad Marista<\/h3>\n<div><\/div>\n<h3><\/h3>\n<h3>Libros y revistas maristas<\/h3>\n<h3><\/h3>\n<h3>Laicos<\/h3>\n<div><\/div>\n<h3>Liturgia <span>- Fiestas - Oraciones<\/span><\/h3>\n<p>&nbsp;<\/p>\n<p>[\/et_pb_tab][et_pb_tab title=\"Alem\u00e1nia\" _builder_version=\"4.27.4&#8243; _module_preset=\"default\" body_text_color=\"#023047&#8243; global_colors_info=\"{}\"]<\/p>\n<h3>Fuentes maristas<\/h3>\n<div><a href=\"https:\/\/maristeurope.eu\/wp-content\/uploads\/2025\/03\/1987-Konstitutionen.pdf\" target=\"_blank\" rel=\"noopener\">Constituciones<\/a><br \/>\n  <a href=\"https:\/\/maristeurope.eu\/wp-content\/uploads\/2025\/03\/Geistliche-Gesprache-Colin.pdf\" target=\"_blank\" rel=\"noopener\">Habla un fundador<\/a>\n<\/div>\n<h3><\/h3>\n<h3>Historia y Espiritualidad Marista<\/h3>\n<p>&nbsp;<\/p>\n<h3>Libros y revistas maristas<\/h3>\n<h3><\/h3>\n<h3>Laicos<a href=\"#\"><\/a><\/h3>\n<h3><\/h3>\n<h3>Liturgia <span>- Fiestas - Oraciones<\/span><\/h3>\n<div><\/div>\n<p>[\/et_pb_tab][et_pb_tab title=\"Italiano\" _builder_version=\"4.27.4&#8243; _module_preset=\"default\" body_text_color=\"#023047&#8243; global_colors_info=\"{}\"]<\/p>\n<h3>Fuentes maristas<\/h3>\n<div><a href=\"https:\/\/maristeurope.eu\/wp-content\/uploads\/2025\/03\/costituzioni_sm_1988.pdf\" target=\"_blank\" rel=\"noopener\">Constituciones<\/a><br \/>\n  <a href=\"https:\/\/maristeurope.eu\/wp-content\/uploads\/2025\/03\/parole_di_un_fondatore.pdf\" target=\"_blank\" rel=\"noopener\">Habla un Fundador<\/a><br \/>\n  <br \/>\n    <a href=\"https:\/\/maristeurope.eu\/wp-content\/uploads\/2025\/03\/un_fondatore_in_azione.pdf\" target=\"_blank\" rel=\"noopener\">Un fundador act\u00faa<\/a><\/p>\n<\/div>\n<h3><\/h3>\n<h3>Historia y Espiritualidad Marista<\/h3>\n<div><\/div>\n<div><\/div>\n<h3>Libros y revistas maristas<\/h3>\n<div><\/div>\n<div><\/div>\n<h3>Laicos<\/h3>\n<div><\/div>\n<div><\/div>\n<h3>Liturgia <span>- Fiestas - Oraciones<\/span><\/h3>\n<div><\/div>\n<p>[\/et_pb_tab][et_pb_tab title=\"Noruega\" _builder_version=\"4.27.4&#8243; _module_preset=\"default\" body_text_color=\"#023047&#8243; global_colors_info=\"{}\"]<\/p>\n<h3>Fuentes maristas<a href=\"#\"><\/a><\/h3>\n<p>&nbsp;<\/p>\n<h3>Historia y Espiritualidad Marista<\/h3>\n<p>&nbsp;<\/p>\n<h3>Libros y revistas maristas<a href=\"#\"><\/a><\/h3>\n<p>&nbsp;<\/p>\n<h3>Laicos<a href=\"#\"><\/a><\/h3>\n<p>&nbsp;<\/p>\n<h3>Liturgia <span>- Fiestas - Oraciones<\/span><\/h3>\n<div><\/div>\n<p>[\/et_pb_tab][et_pb_tab title=\"Espa\u00f1ol\" _builder_version=\"4.27.4&#8243; _module_preset=\"default\" body_text_color=\"#023047&#8243; global_colors_info=\"{}\"]<\/p>\n<h3>Fuentes maristas<\/h3>\n<div><a href=\"https:\/\/maristeurope.eu\/wp-content\/uploads\/2025\/03\/Const88-ESPANOL.pdf\" target=\"_blank\" rel=\"noopener\">Constituciones<\/a><br \/>\n  <a href=\"https:\/\/maristeurope.eu\/wp-content\/uploads\/2025\/03\/Habla-un-Fundador.pdf\" target=\"_blank\" rel=\"noopener\">Habla un Fundador<\/a><br \/>\n  <br \/>\n    <a href=\"https:\/\/maristeurope.eu\/wp-content\/uploads\/2025\/03\/Un-Fundador-en-accion.pdf\" target=\"_blank\" rel=\"noopener\">Un fundador act\u00faa<\/a><\/p>\n<\/div>\n<p>&nbsp;<\/p>\n<h3>Historia y Espiritualidad Marista<\/h3>\n<div><\/div>\n<div><\/div>\n<h3>Libros y revistas maristas<\/h3>\n<div><\/div>\n<div><\/div>\n<h3>Laicos<\/h3>\n<div><\/div>\n<div><\/div>\n<h3>Liturgia <span>- Fiestas - Oraciones<\/span><\/h3>\n<div><\/div>\n<p>[\/et_pb_tab][et_pb_tab title=\"EuroInfo\" _builder_version=\"4.27.4&#8243; _module_preset=\"default\" link_option_url_new_window=\"on\" hover_enabled=\"0&#8243; global_colors_info=\"{}\" sticky_enabled=\"0&#8243;]<\/p>\n<h3>10 octubre 2025 <\/h3>\n<div><a href=\"https:\/\/maristeurope.eu\/wp-content\/uploads\/2025\/10\/EuroInfo-204-EN.pdf\" target=\"_blank\" rel=\"noopener\">Ingl\u00e9s<\/a><br \/>\n  <a href=\"https:\/\/maristeurope.eu\/wp-content\/uploads\/2025\/10\/EuroInfo-204-FR.pdf\" target=\"_blank\" rel=\"noopener\">Franc\u00e9s<\/a>\n<\/div>\n<div><a href=\"https:\/\/maristeurope.eu\/wp-content\/uploads\/2025\/10\/EuroInfo-204-DE.pdf\" target=\"_blank\" rel=\"noopener\">Alem\u00e1nia<\/a><\/div>\n<div><a href=\"https:\/\/maristeurope.eu\/wp-content\/uploads\/2025\/10\/EuroInfo-204-NL.pdf\" target=\"_blank\" rel=\"noopener\">Holand\u00e9s<\/a><\/div>\n<div><a href=\"https:\/\/maristeurope.eu\/wp-content\/uploads\/2025\/10\/EuroInfo-204-IT.pdf\" target=\"_blank\" rel=\"noopener\">Italiano<\/a><\/div>\n<div><a href=\"https:\/\/maristeurope.eu\/wp-content\/uploads\/2025\/10\/EuroInfo-204-ES.pdf\" target=\"_blank\" rel=\"noopener\">Espa\u00f1ol<\/a><\/div>\n<p>&nbsp;<\/p>\n<h3>09 septiembre 2025<\/h3>\n<p>&nbsp;<\/p>\n<p>[\/et_pb_tab][\/et_pb_tabs][\/et_pb_column][\/et_pb_row][\/et_pb_section]<\/p>\n","protected":false},"excerpt":{"rendered":"<p>RECURSOSSeguimos desarrollando esta p\u00e1gina de recursos. Le rogamos que tenga paciencia mientras a\u00f1adimos materiales. P\u00f3ngase en contacto con nosotros con sus comentarios y sugerencias.Fuentes maristas Constituciones 1987 Habla un Fundador Un Fundador act\u00faa Historia y Espiritualidad Marista Jan Snijders: La edad de Mar\u00eda Fran\u00e7ois Marc: Iglesia mariana Libros y revistas maristas Libro de textos de [&hellip;]<\/p>\n","protected":false},"author":1,"featured_media":0,"parent":0,"menu_order":0,"comment_status":"closed","ping_status":"closed","template":"","meta":{"_et_pb_use_builder":"on","_et_pb_old_content":"","_et_gb_content_width":"","footnotes":""},"class_list":["post-2239","page","type-page","status-publish","hentry"],"yoast_head":"<!-- This site is optimized with the Yoast SEO plugin v27.4 - https:\/\/yoast.com\/product\/yoast-seo-wordpress\/ -->\n<title>Recursos - Marist Europe<\/title>\n<meta name=\"robots\" content=\"index, follow, max-snippet:-1, max-image-preview:large, max-video-preview:-1\" \/>\n<link rel=\"canonical\" href=\"https:\/\/maristeurope.eu\/es\/biblioteca\/\" \/>\n<meta property=\"og:locale\" content=\"es_ES\" \/>\n<meta property=\"og:type\" content=\"article\" \/>\n<meta property=\"og:title\" content=\"Recursos - Marist Europe\" \/>\n<meta property=\"og:description\" content=\"RECURSOSSeguimos desarrollando esta p\u00e1gina de recursos. Le rogamos que tenga paciencia mientras a\u00f1adimos materiales. P\u00f3ngase en contacto con nosotros con sus comentarios y sugerencias.Fuentes maristas Constituciones 1987 Habla un Fundador Un Fundador act\u00faa Historia y Espiritualidad Marista Jan Snijders: La edad de Mar\u00eda Fran\u00e7ois Marc: Iglesia mariana Libros y revistas maristas Libro de textos de [&hellip;]\" \/>\n<meta property=\"og:url\" content=\"https:\/\/maristeurope.eu\/es\/biblioteca\/\" \/>\n<meta property=\"og:site_name\" content=\"Marist Europe\" \/>\n<meta property=\"article:modified_time\" content=\"2025-10-11T10:32:05+00:00\" \/>\n<meta name=\"twitter:card\" content=\"summary_large_image\" \/>\n<meta name=\"twitter:label1\" content=\"Tiempo de lectura\" \/>\n\t<meta name=\"twitter:data1\" content=\"4 minuto\" \/>\n<script type=\"application\/ld+json\" class=\"yoast-schema-graph\">{\"@context\":\"https:\\\/\\\/schema.org\",\"@graph\":[{\"@type\":\"WebPage\",\"@id\":\"https:\\\/\\\/maristeurope.eu\\\/es\\\/biblioteca\\\/\",\"url\":\"https:\\\/\\\/maristeurope.eu\\\/es\\\/biblioteca\\\/\",\"name\":\"Recursos - Marist Europe\",\"isPartOf\":{\"@id\":\"https:\\\/\\\/maristeurope.eu\\\/es\\\/#website\"},\"datePublished\":\"2024-10-07T11:32:08+00:00\",\"dateModified\":\"2025-10-11T10:32:05+00:00\",\"breadcrumb\":{\"@id\":\"https:\\\/\\\/maristeurope.eu\\\/es\\\/biblioteca\\\/#breadcrumb\"},\"inLanguage\":\"es\",\"potentialAction\":[{\"@type\":\"ReadAction\",\"target\":[\"https:\\\/\\\/maristeurope.eu\\\/es\\\/biblioteca\\\/\"]}]},{\"@type\":\"BreadcrumbList\",\"@id\":\"https:\\\/\\\/maristeurope.eu\\\/es\\\/biblioteca\\\/#breadcrumb\",\"itemListElement\":[{\"@type\":\"ListItem\",\"position\":1,\"name\":\"Home\",\"item\":\"https:\\\/\\\/maristeurope.eu\\\/es\\\/\"},{\"@type\":\"ListItem\",\"position\":2,\"name\":\"Recursos\"}]},{\"@type\":\"WebSite\",\"@id\":\"https:\\\/\\\/maristeurope.eu\\\/es\\\/#website\",\"url\":\"https:\\\/\\\/maristeurope.eu\\\/es\\\/\",\"name\":\"Marist Europe\",\"description\":\"\",\"publisher\":{\"@id\":\"https:\\\/\\\/maristeurope.eu\\\/es\\\/#organization\"},\"potentialAction\":[{\"@type\":\"SearchAction\",\"target\":{\"@type\":\"EntryPoint\",\"urlTemplate\":\"https:\\\/\\\/maristeurope.eu\\\/es\\\/?s={search_term_string}\"},\"query-input\":{\"@type\":\"PropertyValueSpecification\",\"valueRequired\":true,\"valueName\":\"search_term_string\"}}],\"inLanguage\":\"es\"},{\"@type\":\"Organization\",\"@id\":\"https:\\\/\\\/maristeurope.eu\\\/es\\\/#organization\",\"name\":\"Marist Europe\",\"url\":\"https:\\\/\\\/maristeurope.eu\\\/es\\\/\",\"logo\":{\"@type\":\"ImageObject\",\"inLanguage\":\"es\",\"@id\":\"https:\\\/\\\/maristeurope.eu\\\/es\\\/#\\\/schema\\\/logo\\\/image\\\/\",\"url\":\"https:\\\/\\\/maristeurope.eu\\\/wp-content\\\/uploads\\\/2024\\\/10\\\/EU-SM-Finalogo-02.png\",\"contentUrl\":\"https:\\\/\\\/maristeurope.eu\\\/wp-content\\\/uploads\\\/2024\\\/10\\\/EU-SM-Finalogo-02.png\",\"width\":150,\"height\":156,\"caption\":\"Marist Europe\"},\"image\":{\"@id\":\"https:\\\/\\\/maristeurope.eu\\\/es\\\/#\\\/schema\\\/logo\\\/image\\\/\"}}]}<\/script>\n<!-- \/ Yoast SEO plugin. -->","yoast_head_json":{"title":"Recursos - Marist Europe","robots":{"index":"index","follow":"follow","max-snippet":"max-snippet:-1","max-image-preview":"max-image-preview:large","max-video-preview":"max-video-preview:-1"},"canonical":"https:\/\/maristeurope.eu\/es\/biblioteca\/","og_locale":"es_ES","og_type":"article","og_title":"Recursos - Marist Europe","og_description":"RECURSOSSeguimos desarrollando esta p\u00e1gina de recursos. Le rogamos que tenga paciencia mientras a\u00f1adimos materiales. P\u00f3ngase en contacto con nosotros con sus comentarios y sugerencias.Fuentes maristas Constituciones 1987 Habla un Fundador Un Fundador act\u00faa Historia y Espiritualidad Marista Jan Snijders: La edad de Mar\u00eda Fran\u00e7ois Marc: Iglesia mariana Libros y revistas maristas Libro de textos de [&hellip;]","og_url":"https:\/\/maristeurope.eu\/es\/biblioteca\/","og_site_name":"Marist Europe","article_modified_time":"2025-10-11T10:32:05+00:00","twitter_card":"summary_large_image","twitter_misc":{"Tiempo de lectura":"4 minuto"},"schema":{"@context":"https:\/\/schema.org","@graph":[{"@type":"WebPage","@id":"https:\/\/maristeurope.eu\/es\/biblioteca\/","url":"https:\/\/maristeurope.eu\/es\/biblioteca\/","name":"Recursos - Marist Europe","isPartOf":{"@id":"https:\/\/maristeurope.eu\/es\/#website"},"datePublished":"2024-10-07T11:32:08+00:00","dateModified":"2025-10-11T10:32:05+00:00","breadcrumb":{"@id":"https:\/\/maristeurope.eu\/es\/biblioteca\/#breadcrumb"},"inLanguage":"es","potentialAction":[{"@type":"ReadAction","target":["https:\/\/maristeurope.eu\/es\/biblioteca\/"]}]},{"@type":"BreadcrumbList","@id":"https:\/\/maristeurope.eu\/es\/biblioteca\/#breadcrumb","itemListElement":[{"@type":"ListItem","position":1,"name":"Home","item":"https:\/\/maristeurope.eu\/es\/"},{"@type":"ListItem","position":2,"name":"Recursos"}]},{"@type":"WebSite","@id":"https:\/\/maristeurope.eu\/es\/#website","url":"https:\/\/maristeurope.eu\/es\/","name":"Marist Europe","description":"","publisher":{"@id":"https:\/\/maristeurope.eu\/es\/#organization"},"potentialAction":[{"@type":"SearchAction","target":{"@type":"EntryPoint","urlTemplate":"https:\/\/maristeurope.eu\/es\/?s={search_term_string}"},"query-input":{"@type":"PropertyValueSpecification","valueRequired":true,"valueName":"search_term_string"}}],"inLanguage":"es"},{"@type":"Organization","@id":"https:\/\/maristeurope.eu\/es\/#organization","name":"Marist Europe","url":"https:\/\/maristeurope.eu\/es\/","logo":{"@type":"ImageObject","inLanguage":"es","@id":"https:\/\/maristeurope.eu\/es\/#\/schema\/logo\/image\/","url":"https:\/\/maristeurope.eu\/wp-content\/uploads\/2024\/10\/EU-SM-Finalogo-02.png","contentUrl":"https:\/\/maristeurope.eu\/wp-content\/uploads\/2024\/10\/EU-SM-Finalogo-02.png","width":150,"height":156,"caption":"Marist Europe"},"image":{"@id":"https:\/\/maristeurope.eu\/es\/#\/schema\/logo\/image\/"}}]}},"_links":{"self":[{"href":"https:\/\/maristeurope.eu\/es\/wp-json\/wp\/v2\/pages\/2239","targetHints":{"allow":["GET"]}}],"collection":[{"href":"https:\/\/maristeurope.eu\/es\/wp-json\/wp\/v2\/pages"}],"about":[{"href":"https:\/\/maristeurope.eu\/es\/wp-json\/wp\/v2\/types\/page"}],"author":[{"embeddable":true,"href":"https:\/\/maristeurope.eu\/es\/wp-json\/wp\/v2\/users\/1"}],"replies":[{"embeddable":true,"href":"https:\/\/maristeurope.eu\/es\/wp-json\/wp\/v2\/comments?post=2239"}],"version-history":[{"count":138,"href":"https:\/\/maristeurope.eu\/es\/wp-json\/wp\/v2\/pages\/2239\/revisions"}],"predecessor-version":[{"id":8111,"href":"https:\/\/maristeurope.eu\/es\/wp-json\/wp\/v2\/pages\/2239\/revisions\/8111"}],"wp:attachment":[{"href":"https:\/\/maristeurope.eu\/es\/wp-json\/wp\/v2\/media?parent=2239"}],"curies":[{"name":"wp","href":"https:\/\/api.w.org\/{rel}","templated":true}]}}