{"id":2224,"date":"2024-12-19T14:30:51","date_gmt":"2024-12-19T13:30:51","guid":{"rendered":"https:\/\/marist.sjdigitaldemo.ovh\/voluntariado\/"},"modified":"2025-03-25T14:33:06","modified_gmt":"2025-03-25T13:33:06","slug":"voluntariado","status":"publish","type":"page","link":"https:\/\/maristeurope.eu\/es\/voluntariado\/","title":{"rendered":"VOLUNTARIADO"},"content":{"rendered":"<p>[et_pb_section fb_built=\"1&#8243; admin_label=\"Secci\u00f3n\" _builder_version=\"4.27.4&#8243; _module_preset=\"default\" use_background_color_gradient=\"on\" background_color_gradient_stops=\"rgba(2,48,71,0.2) 0%|rgba(2,48,71,0.4) 100%\" background_color_gradient_overlays_image=\"on\" background_image=\"https:\/\/maristeurope.eu\/wp-content\/uploads\/2025\/03\/Ester-Youth-Camp-Norway.jpg\" background_position=\"top_center\" background_enable_video_mp4=\"off\" custom_padding=\"16vw||4vw||false|false\" bottom_divider_style=\"ramp2&#8243; bottom_divider_color=\"#FB8500&#8243; bottom_divider_flip=\"horizontal\" hover_enabled=\"0&#8243; global_colors_info=\"{}\" sticky_enabled=\"0&#8243; title_text=\"Ester Youth Camp Norway\"][et_pb_row make_equal=\"on\" _builder_version=\"4.27.2&#8243; _module_preset=\"936634bb-b644-4f86-9881-50254cef8e93&#8243; background_enable_color=\"off\" custom_padding=\"0px|40px|0px|40px|true|true\" animation_style=\"fade\" animation_duration=\"1500ms\" animation_delay=\"200ms\" global_colors_info=\"{}\"][et_pb_column type=\"4_4&#8243; _builder_version=\"4.27.2&#8243; _module_preset=\"default\" global_colors_info=\"{}\"][et_pb_text _builder_version=\"4.27.4&#8243; _module_preset=\"default\" header_font=\"|600||on|||||\" header_text_color=\"#FFFFFF\" header_font_size=\"4rem\" header_letter_spacing=\"4px\" header_2_text_color=\"#FFFFFF\" header_2_font_size=\"3.5rem\" custom_margin=\"20px||20px||true|false\" global_colors_info=\"{}\"]<\/p>\n<h2>VOLUNTARIADO<\/h2>\n<p>[\/et_pb_text][\/et_pb_column][\/et_pb_row][\/et_pb_section][et_pb_section fb_built=\"1&#8243; admin_label=\"Secci\u00f3n\" _builder_version=\"4.27.4&#8243; _module_preset=\"default\" background_color=\"#FB8500&#8243; background_image=\"https:\/\/maristeurope.eu\/wp-content\/uploads\/2024\/11\/art-therapist-illustration-06-1.png\" background_size=\"initial\" background_blend=\"soft-light\" custom_padding=\"6vw||12vw||false|false\" top_divider_color=\"#FB8500&#8243; bottom_divider_style=\"wave2&#8243; bottom_divider_color=\"#FFFAF2&#8243; bottom_divider_flip=\"horizontal\" bottom_divider_arrangement=\"above_content\" global_colors_info=\"{}\"][et_pb_row column_structure=\"3_5,2_5&#8243; make_equal=\"on\" admin_label=\"Fila\" _builder_version=\"4.27.4&#8243; _module_preset=\"936634bb-b644-4f86-9881-50254cef8e93&#8243; background_enable_color=\"off\" background_enable_image=\"off\" custom_padding=\"|||40px|false|false\" border_radii=\"on|50px|50px|50px|50px\" global_colors_info=\"{}\"][et_pb_column type=\"3_5&#8243; _builder_version=\"4.27.2&#8243; _module_preset=\"default\" animation_style=\"fade\" animation_duration=\"1500ms\" animation_delay=\"200ms\" custom_css_main_element=\"margin: auto auto;\" global_colors_info=\"{}\"][et_pb_text _builder_version=\"4.27.4&#8243; _module_preset=\"default\" text_text_color=\"#FFFFFF\" header_text_color=\"#FFFFFF\" header_2_text_color=\"#FFFFFF\" header_2_font_size=\"3rem\" animation_style=\"fade\" animation_delay=\"200ms\" global_colors_info=\"{}\"]<\/p>\n<h2>\u00danete a nosotros como voluntario<\/h2>\n<p>[\/et_pb_text][et_pb_text _builder_version=\"4.27.4&#8243; _module_preset=\"default\" text_text_color=\"#FFFFFF\" text_font_size=\"20px\" global_colors_info=\"{}\"]<\/p>\n<p>Las actividades <strong>misioneras<\/strong> maristas contin\u00faan <strong>en todo el mundo<\/strong>.<\/p>\n<p>\u00bfPor qu\u00e9 no <strong>utilizar<\/strong> hoy <strong>tus talentos<\/strong> y habilidades en beneficio de las personas a las que sirve la Obra de Mar\u00eda?<\/p>\n<p><strong>\u00a1Considera la posibilidad de unirte a nosotros como voluntario!<\/strong><\/p>\n<p>[\/et_pb_text][\/et_pb_column][et_pb_column type=\"2_5&#8243; _builder_version=\"4.27.2&#8243; _module_preset=\"default\" animation_style=\"slide\" animation_direction=\"right\" animation_duration=\"1500ms\" animation_delay=\"500ms\" global_colors_info=\"{}\"][et_pb_image src=\"https:\/\/maristeurope.eu\/wp-content\/uploads\/2024\/12\/Peter-Thailand.jpg\" title_text=\"Peter Tailandia\" _builder_version=\"4.27.4&#8243; _module_preset=\"default\" width=\"100%\" animation_style=\"fade\" animation_duration=\"2000ms\" animation_delay=\"600ms\" border_radii=\"on|50px|50px|50px|50px\" locked=\"off\" global_colors_info=\"{}\"][\/et_pb_image][\/et_pb_column][\/et_pb_row][\/et_pb_section][et_pb_section fb_built=\"1&#8243; admin_label=\"Secci\u00f3n\" _builder_version=\"4.27.2&#8243; _module_preset=\"default\" background_color=\"#FFFAF2&#8243; background_enable_image=\"off\" background_size=\"contain\" background_blend=\"soft-light\" background_enable_pattern_style=\"on\" background_pattern_style=\"confetti\" background_pattern_color=\"rgba(0,0,0,0.05)\" custom_padding=\"6vw||12vw||false|false\" bottom_divider_style=\"wave2&#8243; bottom_divider_color=\"#FFFAF2&#8243; bottom_divider_flip=\"horizontal\" bottom_divider_arrangement=\"above_content\" global_colors_info=\"{}\"][et_pb_row column_structure=\"2_5,3_5&#8243; make_equal=\"on\" _builder_version=\"4.27.2&#8243; _module_preset=\"936634bb-b644-4f86-9881-50254cef8e93&#8243; custom_padding=\"50px||50px||true|false\" animation_style=\"slide\" animation_duration=\"1500ms\" animation_delay=\"200ms\" border_color_top=\"#FFB703&#8243; global_colors_info=\"{}\"][et_pb_column type=\"2_5&#8243; _builder_version=\"4.27.2&#8243; _module_preset=\"default\" border_color_right=\"#FFB703&#8243; global_colors_info=\"{}\"][et_pb_text _builder_version=\"4.27.4&#8243; _module_preset=\"default\" text_font=\"|800|||||||\" text_text_color=\"#FFFFFF\" text_font_size=\"2rem\" header_font=\"-et_global_heading_font|700|||||||\" header_text_color=\"#FFB703&#8243; header_font_size=\"50px\" header_line_height=\"1.2em\" text_orientation=\"right\" custom_padding=\"20px|40px|20px||false|false\" animation_style=\"slide\" animation_direction=\"left\" animation_duration=\"1500ms\" animation_delay=\"500ms\" animation_starting_opacity=\"100%\" border_color_right=\"#FFB703&#8243; global_colors_info=\"{}\"]<\/p>\n<h1><b>Para el voluntariado local puedes ponerse en contacto con la comunidad marista de su pa\u00eds.<\/b><\/h1>\n<h2>Tenemos algunas oportunidades a medio y largo plazo a nivel internacional:<\/h2>\n<p>[\/et_pb_text][\/et_pb_column][et_pb_column type=\"3_5&#8243; _builder_version=\"4.27.2&#8243; _module_preset=\"default\" global_colors_info=\"{}\"][et_pb_accordion open_toggle_text_color=\"#023047&#8243; open_toggle_background_color=\"#FFB703&#8243; closed_toggle_background_color=\"rgba(255,183,3,0.3)\" icon_color=\"#023047&#8243; use_icon_font_size=\"on\" icon_font_size=\"24px\" _builder_version=\"4.27.4&#8243; _module_preset=\"default\" toggle_font_size=\"24px\" toggle_line_height=\"1.8em\" body_text_color=\"#023047&#8243; body_font_size=\"18px\" background_enable_color=\"off\" custom_padding=\"40px|20px|40px|20px|true|true\" border_radii=\"on|50px|50px|50px|50px\" border_width_all=\"0px\" global_colors_info=\"{}\"][et_pb_accordion_item title=\"Acogida Cristiana a los peregrinos del Camino de Santiago, Sahag\u00fan, Espa\u00f1a\" _builder_version=\"4.27.4&#8243; _module_preset=\"default\" global_colors_info=\"{}\" open=\"on\"]<\/p>\n<p><span style=\"font-weight: 400;\">Desde 2018 acogemos a peregrinos en nuestro albergue del Camino, en el monasterio benedictino de Santa Cruz de Sahag\u00fan. Ofrecemos una acogida y acompa\u00f1amiento espiritual a los peregrinos.  <\/span><\/p>\n<p><span style=\"font-weight: 400;\">Abrimos de mediados de marzo a mediados de noviembre. Cada a\u00f1o acogemos a miles de peregrinos. Por eso, si te sientes llamado a acoger y escuchar a los peregrinos, no dudes en ponerte en contacto con el equipo. Te implicar\u00e1s desde el primer momento en la preparaci\u00f3n de la acogida (limpieza, organizaci\u00f3n, preparaci\u00f3n de los recursos materiales y espirituales), en el inscripci\u00f3n y el alojamiento de los peregrinos, escuch\u00e1ndoles y sirvi\u00e9ndoles con el amor de Dios e intentando ver en cada peregrino a Cristo mismo que necesita un cobijo.    <\/span><\/p>\n<p><span style=\"font-weight: 400;\">Recibimos voluntarios por un periodo de dos semanas o varios meses, de marzo a noviembre, as\u00ed que si crees que te gustar\u00eda servir a los peregrinos, no dudes en ponerte en contacto con nosotros:<\/span><\/p>\n<p> <strong>E: <\/strong><a href=\"mailto:alberguesantacruzsahagun@gmail.com\"><span style=\"font-weight: 400;\">alberguesantacruzsahagun@gmail.com<\/span><\/a><span style=\"font-weight: 400;\"> <\/span><\/p>\n<p><span style=\"font-weight: 400;\"><strong>tel\u00e9fono<\/strong> (+34) 650 696 023 Web: <\/span><a href=\"http:\/\/www.alberguesensahagun.es\"><span style=\"font-weight: 400;\">www.alberguesensahagun.es<\/span><\/a><span style=\"font-weight: 400;\">  <\/span><\/p>\n<p><span style=\"font-weight: 400;\"><strong>Facebook<\/strong>: Albergue Santa Cruz<\/span><\/p>\n<p><span style=\"font-weight: 400;\"><strong>Instagram<\/strong>: albergue_santacruz<\/span><\/p>\n<p>[\/et_pb_accordion_item][et_pb_accordion_item title=\"Notre Dame de France, Londres, Reino Unido\" _builder_version=\"4.27.4&#8243; _module_preset=\"default\" global_colors_info=\"{}\" open=\"off\"]<\/p>\n<p><span style=\"font-weight: 400;\">Los j\u00f3venes est\u00e1n invitados a unirse a nuestra comunidad marista del centro de la ciudad y a la capellan\u00eda franc\u00f3fona en el coraz\u00f3n de Londres. Comparte la vida de la comunidad marista a trav\u00e9s de la oraci\u00f3n y el servicio en la parroquia, como el servicio de bocadillos para personas sin hogar o el Centro de Refugiados Notre Dame. <\/span><\/p>\n<p><strong>M\u00e1s detalles <\/strong><span style=\"font-weight: 400;\"><a href=\"http:\/\/www.ndfchurch.org\">www.ndfchurch.org<\/a><a href=\"http:\/\/www.ndfchurch.org\"><\/a><\/span><\/p>\n<p><strong>Contacto con <\/strong><a href=\"mailto:pascal.boidin@ndfchurch.org\"><span style=\"font-weight: 400;\">pascal.boidin@ndfchurch.org<\/span><\/a><span style=\"font-weight: 400;\"> <\/span><\/p>\n<p>[\/et_pb_accordion_item][et_pb_accordion_item title=\"Ranong, Tailandia\" _builder_version=\"4.27.4&#8243; _module_preset=\"default\" global_colors_info=\"{}\" open=\"off\"]<\/p>\n<p><span style=\"font-weight: 400;\">Buscamos voluntarios entusiastas para unirse a nuestro equipo y tener un impacto positivo trabajando con ni\u00f1os de Myanmar (Brimania). Como voluntario tendr\u00e1s la oportunidad de adquirir una valiosa experiencia, conocer gente nueva y contribuir a nuestra misi\u00f3n marista. Los servicios incluyen ense\u00f1anza de ingl\u00e9s, visitas a enfermos y personas confinadas en sus casas.  <\/span><\/p>\n<p><span style=\"font-weight: 400;\"><strong>M\u00e1s detalles: <\/strong> <\/span><a href=\"http:\/\/www.maristasiafoundation.org\/volunteers\"><span style=\"font-weight: 400;\">ww.maristasiafoundation.org\/volunteers<\/span><\/a><\/p>\n<p>[\/et_pb_accordion_item][et_pb_accordion_item title=\"Camer\u00fan, Senegal y Burundi\" _builder_version=\"4.27.4&#8243; _module_preset=\"default\" global_colors_info=\"{}\" open=\"off\"]<\/p>\n<p><span style=\"font-weight: 400;\">La misi\u00f3n marista en \u00c1frica incluye la ayuda a los ni\u00f1os de la calle, proyectos de educaci\u00f3n formal e informal, iniciativas ecol\u00f3gicas y pastoral. Damos la bienvenida a voluntarios que ayuden al personal profesional al servicio de la gente en estos proyetos. <\/span><\/p>\n<p><strong>Conntacto :<\/strong><a href=\"mailto:info@maristeurope.eu\"><span style=\"font-weight: 400;\">info@maristeurope.eu<\/span><\/a><\/p>\n<p>[\/et_pb_accordion_item][et_pb_accordion_item title=\"Marist School Outreach Programme, Atlanta, EE.UU. \" open=\"off\" _builder_version=\"4.27.4&#8243; _module_preset=\"default\" global_colors_info=\"{}\"]<\/p>\n<p><span style=\"font-weight: 400;\">El acercamiento a la comunidad es esencial para el esp\u00edritu marista, especialmente para los marginados y desatendidos. Oportunidades de servicio en colaboraci\u00f3n con el Departamento de Pastoral Universitaria, que incluye la tutor\u00eda de los estudiantes, la participaci\u00f3n en proyectos de extensi\u00f3n de la escuela. <\/span><\/p>\n<p><strong>M\u00e1s detalles: <\/strong><a href=\"http:\/\/www.marist.com\"><span style=\"font-weight: 400;\">www.marist.com<\/span><\/a><span style=\"font-weight: 400;\"> <\/span><\/p>\n<p><strong>Contacto:<\/strong><a href=\"mailto:europrovsm.education@gmail.com\"><span style=\"font-weight: 400;\">europrovsm.education@gmail.com<\/span><\/a><\/p>\n<p>[\/et_pb_accordion_item][\/et_pb_accordion][\/et_pb_column][\/et_pb_row][\/et_pb_section]<\/p>\n","protected":false},"excerpt":{"rendered":"<p>VOLUNTARIADO\u00danete a nosotros como voluntarioLas actividades misioneras maristas contin\u00faan en todo el mundo. \u00bfPor qu\u00e9 no utilizar hoy tus talentos y habilidades en beneficio de las personas a las que sirve la Obra de Mar\u00eda? \u00a1Considera la posibilidad de unirte a nosotros como voluntario!Para el voluntariado local puedes ponerse en contacto con la comunidad marista [&hellip;]<\/p>\n","protected":false},"author":1,"featured_media":0,"parent":0,"menu_order":0,"comment_status":"closed","ping_status":"closed","template":"","meta":{"_et_pb_use_builder":"on","_et_pb_old_content":"","_et_gb_content_width":"","footnotes":""},"class_list":["post-2224","page","type-page","status-publish","hentry"],"yoast_head":"<!-- This site is optimized with the Yoast SEO plugin v27.4 - https:\/\/yoast.com\/product\/yoast-seo-wordpress\/ -->\n<title>VOLUNTARIADO - Marist Europe<\/title>\n<meta name=\"robots\" content=\"index, follow, max-snippet:-1, max-image-preview:large, max-video-preview:-1\" \/>\n<link rel=\"canonical\" href=\"https:\/\/maristeurope.eu\/es\/voluntariado\/\" \/>\n<meta property=\"og:locale\" content=\"es_ES\" \/>\n<meta property=\"og:type\" content=\"article\" \/>\n<meta property=\"og:title\" content=\"VOLUNTARIADO - Marist Europe\" \/>\n<meta property=\"og:description\" content=\"VOLUNTARIADO\u00danete a nosotros como voluntarioLas actividades misioneras maristas contin\u00faan en todo el mundo. \u00bfPor qu\u00e9 no utilizar hoy tus talentos y habilidades en beneficio de las personas a las que sirve la Obra de Mar\u00eda? \u00a1Considera la posibilidad de unirte a nosotros como voluntario!Para el voluntariado local puedes ponerse en contacto con la comunidad marista [&hellip;]\" \/>\n<meta property=\"og:url\" content=\"https:\/\/maristeurope.eu\/es\/voluntariado\/\" \/>\n<meta property=\"og:site_name\" content=\"Marist Europe\" \/>\n<meta property=\"article:modified_time\" content=\"2025-03-25T13:33:06+00:00\" \/>\n<meta name=\"twitter:card\" content=\"summary_large_image\" \/>\n<meta name=\"twitter:label1\" content=\"Tiempo de lectura\" \/>\n\t<meta name=\"twitter:data1\" content=\"7 minuto\" \/>\n<script type=\"application\/ld+json\" class=\"yoast-schema-graph\">{\"@context\":\"https:\\\/\\\/schema.org\",\"@graph\":[{\"@type\":\"WebPage\",\"@id\":\"https:\\\/\\\/maristeurope.eu\\\/es\\\/voluntariado\\\/\",\"url\":\"https:\\\/\\\/maristeurope.eu\\\/es\\\/voluntariado\\\/\",\"name\":\"VOLUNTARIADO - Marist Europe\",\"isPartOf\":{\"@id\":\"https:\\\/\\\/maristeurope.eu\\\/es\\\/#website\"},\"datePublished\":\"2024-12-19T13:30:51+00:00\",\"dateModified\":\"2025-03-25T13:33:06+00:00\",\"breadcrumb\":{\"@id\":\"https:\\\/\\\/maristeurope.eu\\\/es\\\/voluntariado\\\/#breadcrumb\"},\"inLanguage\":\"es\",\"potentialAction\":[{\"@type\":\"ReadAction\",\"target\":[\"https:\\\/\\\/maristeurope.eu\\\/es\\\/voluntariado\\\/\"]}]},{\"@type\":\"BreadcrumbList\",\"@id\":\"https:\\\/\\\/maristeurope.eu\\\/es\\\/voluntariado\\\/#breadcrumb\",\"itemListElement\":[{\"@type\":\"ListItem\",\"position\":1,\"name\":\"Home\",\"item\":\"https:\\\/\\\/maristeurope.eu\\\/es\\\/\"},{\"@type\":\"ListItem\",\"position\":2,\"name\":\"VOLUNTARIADO\"}]},{\"@type\":\"WebSite\",\"@id\":\"https:\\\/\\\/maristeurope.eu\\\/es\\\/#website\",\"url\":\"https:\\\/\\\/maristeurope.eu\\\/es\\\/\",\"name\":\"Marist Europe\",\"description\":\"\",\"publisher\":{\"@id\":\"https:\\\/\\\/maristeurope.eu\\\/es\\\/#organization\"},\"potentialAction\":[{\"@type\":\"SearchAction\",\"target\":{\"@type\":\"EntryPoint\",\"urlTemplate\":\"https:\\\/\\\/maristeurope.eu\\\/es\\\/?s={search_term_string}\"},\"query-input\":{\"@type\":\"PropertyValueSpecification\",\"valueRequired\":true,\"valueName\":\"search_term_string\"}}],\"inLanguage\":\"es\"},{\"@type\":\"Organization\",\"@id\":\"https:\\\/\\\/maristeurope.eu\\\/es\\\/#organization\",\"name\":\"Marist Europe\",\"url\":\"https:\\\/\\\/maristeurope.eu\\\/es\\\/\",\"logo\":{\"@type\":\"ImageObject\",\"inLanguage\":\"es\",\"@id\":\"https:\\\/\\\/maristeurope.eu\\\/es\\\/#\\\/schema\\\/logo\\\/image\\\/\",\"url\":\"https:\\\/\\\/maristeurope.eu\\\/wp-content\\\/uploads\\\/2024\\\/10\\\/EU-SM-Finalogo-02.png\",\"contentUrl\":\"https:\\\/\\\/maristeurope.eu\\\/wp-content\\\/uploads\\\/2024\\\/10\\\/EU-SM-Finalogo-02.png\",\"width\":150,\"height\":156,\"caption\":\"Marist Europe\"},\"image\":{\"@id\":\"https:\\\/\\\/maristeurope.eu\\\/es\\\/#\\\/schema\\\/logo\\\/image\\\/\"}}]}<\/script>\n<!-- \/ Yoast SEO plugin. -->","yoast_head_json":{"title":"VOLUNTARIADO - Marist Europe","robots":{"index":"index","follow":"follow","max-snippet":"max-snippet:-1","max-image-preview":"max-image-preview:large","max-video-preview":"max-video-preview:-1"},"canonical":"https:\/\/maristeurope.eu\/es\/voluntariado\/","og_locale":"es_ES","og_type":"article","og_title":"VOLUNTARIADO - Marist Europe","og_description":"VOLUNTARIADO\u00danete a nosotros como voluntarioLas actividades misioneras maristas contin\u00faan en todo el mundo. \u00bfPor qu\u00e9 no utilizar hoy tus talentos y habilidades en beneficio de las personas a las que sirve la Obra de Mar\u00eda? \u00a1Considera la posibilidad de unirte a nosotros como voluntario!Para el voluntariado local puedes ponerse en contacto con la comunidad marista [&hellip;]","og_url":"https:\/\/maristeurope.eu\/es\/voluntariado\/","og_site_name":"Marist Europe","article_modified_time":"2025-03-25T13:33:06+00:00","twitter_card":"summary_large_image","twitter_misc":{"Tiempo de lectura":"7 minuto"},"schema":{"@context":"https:\/\/schema.org","@graph":[{"@type":"WebPage","@id":"https:\/\/maristeurope.eu\/es\/voluntariado\/","url":"https:\/\/maristeurope.eu\/es\/voluntariado\/","name":"VOLUNTARIADO - Marist Europe","isPartOf":{"@id":"https:\/\/maristeurope.eu\/es\/#website"},"datePublished":"2024-12-19T13:30:51+00:00","dateModified":"2025-03-25T13:33:06+00:00","breadcrumb":{"@id":"https:\/\/maristeurope.eu\/es\/voluntariado\/#breadcrumb"},"inLanguage":"es","potentialAction":[{"@type":"ReadAction","target":["https:\/\/maristeurope.eu\/es\/voluntariado\/"]}]},{"@type":"BreadcrumbList","@id":"https:\/\/maristeurope.eu\/es\/voluntariado\/#breadcrumb","itemListElement":[{"@type":"ListItem","position":1,"name":"Home","item":"https:\/\/maristeurope.eu\/es\/"},{"@type":"ListItem","position":2,"name":"VOLUNTARIADO"}]},{"@type":"WebSite","@id":"https:\/\/maristeurope.eu\/es\/#website","url":"https:\/\/maristeurope.eu\/es\/","name":"Marist Europe","description":"","publisher":{"@id":"https:\/\/maristeurope.eu\/es\/#organization"},"potentialAction":[{"@type":"SearchAction","target":{"@type":"EntryPoint","urlTemplate":"https:\/\/maristeurope.eu\/es\/?s={search_term_string}"},"query-input":{"@type":"PropertyValueSpecification","valueRequired":true,"valueName":"search_term_string"}}],"inLanguage":"es"},{"@type":"Organization","@id":"https:\/\/maristeurope.eu\/es\/#organization","name":"Marist Europe","url":"https:\/\/maristeurope.eu\/es\/","logo":{"@type":"ImageObject","inLanguage":"es","@id":"https:\/\/maristeurope.eu\/es\/#\/schema\/logo\/image\/","url":"https:\/\/maristeurope.eu\/wp-content\/uploads\/2024\/10\/EU-SM-Finalogo-02.png","contentUrl":"https:\/\/maristeurope.eu\/wp-content\/uploads\/2024\/10\/EU-SM-Finalogo-02.png","width":150,"height":156,"caption":"Marist Europe"},"image":{"@id":"https:\/\/maristeurope.eu\/es\/#\/schema\/logo\/image\/"}}]}},"_links":{"self":[{"href":"https:\/\/maristeurope.eu\/es\/wp-json\/wp\/v2\/pages\/2224","targetHints":{"allow":["GET"]}}],"collection":[{"href":"https:\/\/maristeurope.eu\/es\/wp-json\/wp\/v2\/pages"}],"about":[{"href":"https:\/\/maristeurope.eu\/es\/wp-json\/wp\/v2\/types\/page"}],"author":[{"embeddable":true,"href":"https:\/\/maristeurope.eu\/es\/wp-json\/wp\/v2\/users\/1"}],"replies":[{"embeddable":true,"href":"https:\/\/maristeurope.eu\/es\/wp-json\/wp\/v2\/comments?post=2224"}],"version-history":[{"count":11,"href":"https:\/\/maristeurope.eu\/es\/wp-json\/wp\/v2\/pages\/2224\/revisions"}],"predecessor-version":[{"id":6721,"href":"https:\/\/maristeurope.eu\/es\/wp-json\/wp\/v2\/pages\/2224\/revisions\/6721"}],"wp:attachment":[{"href":"https:\/\/maristeurope.eu\/es\/wp-json\/wp\/v2\/media?parent=2224"}],"curies":[{"name":"wp","href":"https:\/\/api.w.org\/{rel}","templated":true}]}}