{"id":2191,"date":"2024-10-23T11:10:49","date_gmt":"2024-10-23T09:10:49","guid":{"rendered":"https:\/\/marist.sjdigitaldemo.ovh\/noticias\/"},"modified":"2026-05-07T08:28:35","modified_gmt":"2026-05-07T06:28:35","slug":"noticias","status":"publish","type":"page","link":"https:\/\/maristeurope.eu\/es\/noticias\/","title":{"rendered":"Noticias"},"content":{"rendered":"\n<div class=\"et_pb_section_0 et_pb_section et_section_regular et_block_section section_has_divider et_pb_bottom_divider\"><span class=\"et_pb_background_pattern\"><\/span><div class=\"et_pb_row_0 et_pb_row et_pb_equal_columns et_block_row et_animated preset--module--divi-row--default\"><div class=\"et_pb_column_0 et_pb_column et_pb_column_2_3 et_block_column et_pb_css_mix_blend_mode_passthrough\"><div class=\"et_pb_text_0 et_pb_text et_pb_bg_layout_light et_pb_module et_block_module\"><div class=\"et_pb_text_inner\"><h1><strong>Noticias<\/strong><\/h1>\n<\/div><\/div><\/div><div class=\"et_pb_column_1 et_pb_column et_pb_column_1_3 et-last-child et_block_column et_pb_column_empty et_pb_css_mix_blend_mode_passthrough\"><\/div><\/div><div class=\"et_pb_bottom_inside_divider et-no-transition\"><\/div><\/div><div class=\"et_pb_section_1 et_pb_section et_section_regular et_block_section\"><div class=\"et_pb_row_1 et_pb_row et_block_row preset--module--divi-row--default\"><div class=\"et_pb_column_2 et_pb_column et_pb_column_4_4 et-last-child et_block_column et_pb_css_mix_blend_mode_passthrough\"><div class=\"et_pb_blog_0 et_pb_blog et_pb_bg_layout_light et_pb_posts et_animated et_pb_module\"><div class=\"et_pb_ajax_pagination_container\"><div class=\"et_pb_posts et_grid_module\"><article class=\"et_pb_post et_pb_post_id_10771 clearfix et_pb_blog_item_0_0 post-10771 post type-post status-publish format-standard has-post-thumbnail hentry category-sin-categoria\"><div class=\"et_pb_image_container\"><a href=\"https:\/\/maristeurope.eu\/es\/cultivar-el-espiritu-marista-en-nuestras-escuelas-de-irlanda\/\" class=\"entry-featured-image-url\"><img loading=\"lazy\" decoding=\"async\" src=\"https:\/\/maristeurope.eu\/wp-content\/uploads\/2026\/05\/1000143931-scaled.jpg\" width=\"400\" height=\"284\" alt=\"Cultivar el esp\u00edritu marista en nuestras escuelas de Irlanda\" class=\"\" srcset=\"https:\/\/maristeurope.eu\/wp-content\/uploads\/2026\/05\/1000143931-scaled.jpg 479w, https:\/\/maristeurope.eu\/wp-content\/uploads\/2026\/05\/1000143931-400x284.jpg 480w\" sizes=\"(max-width:479px) 479px, 100vw\" \/><span data-icon=\"\ue050\" class=\"et_overlay et_pb_inline_icon\"><\/span><\/a><\/div><h2 class=\"entry-title\"><a href=\"https:\/\/maristeurope.eu\/es\/cultivar-el-espiritu-marista-en-nuestras-escuelas-de-irlanda\/\">Cultivar el esp\u00edritu marista en nuestras escuelas de Irlanda<\/a><\/h2><p class=\"post-meta\"><span class=\"published\">May 6, 2026<\/span><\/p><div class=\"post-content\"><div class=\"post-content-inner\"><p>La comunidad Chanel de Coolock (Irlanda) acogi\u00f3 recientemente durante una semana a Lachie Bartlett, seminarista de segundo a\u00f1o de la Casa Di Maria de Roma. Acompa\u00f1ado por el P. Martin McAnaney, estuvo ayudando en los esfuerzos del organismo de patrocinio de la educaci\u00f3n marista, Marist Education Authority Schools (MEAS), en sus esfuerzos por promover el ethos marista y la formaci\u00f3n de l\u00edderes en la educaci\u00f3n.   <\/p>\n<\/div><\/div><\/article><article class=\"et_pb_post et_pb_post_id_10622 clearfix et_pb_blog_item_0_1 post-10622 post type-post status-publish format-standard has-post-thumbnail hentry category-sin-categoria\"><div class=\"et_pb_image_container\"><a href=\"https:\/\/maristeurope.eu\/es\/jornadas-maristas-compartir-sobre-las-vocaciones-en-las-escuelas-francesas\/\" class=\"entry-featured-image-url\"><img loading=\"lazy\" decoding=\"async\" src=\"https:\/\/maristeurope.eu\/wp-content\/uploads\/2026\/04\/PHOTO-2026-04-22-14-42-39.jpg\" width=\"400\" height=\"284\" alt=\"Jornadas Maristas: compartir sobre las vocaciones en las escuelas francesas\" class=\"\" srcset=\"https:\/\/maristeurope.eu\/wp-content\/uploads\/2026\/04\/PHOTO-2026-04-22-14-42-39.jpg 479w, https:\/\/maristeurope.eu\/wp-content\/uploads\/2026\/04\/PHOTO-2026-04-22-14-42-39-400x284.jpg 480w\" sizes=\"(max-width:479px) 479px, 100vw\" \/><span data-icon=\"\ue050\" class=\"et_overlay et_pb_inline_icon\"><\/span><\/a><\/div><h2 class=\"entry-title\"><a href=\"https:\/\/maristeurope.eu\/es\/jornadas-maristas-compartir-sobre-las-vocaciones-en-las-escuelas-francesas\/\">Jornadas Maristas: compartir sobre las vocaciones en las escuelas francesas<\/a><\/h2><p class=\"post-meta\"><span class=\"published\">Abr 29, 2026<\/span><\/p><div class=\"post-content\"><div class=\"post-content-inner\"><p>Esta primavera, varias escuelas maristas de Francia celebraron \"Les journ\u00e9es maristes\" (Las jornadas maristas). La jornada comenz\u00f3 en marzo en Bury y Le Rosaire (norte de Par\u00eds) y continu\u00f3 despu\u00e9s de Pascua en nuestras tres sedes de Toulon: Cours F\u00e9nelon, Institution Sainte Marie, y Externat Saint Joseph la Cordeille. <\/p>\n<\/div><\/div><\/article><article class=\"et_pb_post et_pb_post_id_10576 clearfix et_pb_blog_item_0_2 post-10576 post type-post status-publish format-standard has-post-thumbnail hentry category-sin-categoria\"><div class=\"et_pb_image_container\"><a href=\"https:\/\/maristeurope.eu\/es\/los-padres-maristas-se-unen-a-la-provincia-de-europa\/\" class=\"entry-featured-image-url\"><img loading=\"lazy\" decoding=\"async\" src=\"https:\/\/maristeurope.eu\/wp-content\/uploads\/2026\/04\/small-table-lamp-world-map-copy-space-1-scaled.jpg\" width=\"400\" height=\"284\" alt=\"Los Padres Maristas se unen a la Provincia de Europa\" class=\"\" srcset=\"https:\/\/maristeurope.eu\/wp-content\/uploads\/2026\/04\/small-table-lamp-world-map-copy-space-1-scaled.jpg 479w, https:\/\/maristeurope.eu\/wp-content\/uploads\/2026\/04\/small-table-lamp-world-map-copy-space-1-400x284.jpg 480w\" sizes=\"(max-width:479px) 479px, 100vw\" \/><span data-icon=\"\ue050\" class=\"et_overlay et_pb_inline_icon\"><\/span><\/a><\/div><h2 class=\"entry-title\"><a href=\"https:\/\/maristeurope.eu\/es\/los-padres-maristas-se-unen-a-la-provincia-de-europa\/\">Los Padres Maristas se unen a la Provincia de Europa<\/a><\/h2><p class=\"post-meta\"><span class=\"published\">Abr 22, 2026<\/span><\/p><div class=\"post-content\"><div class=\"post-content-inner\"><p>Nos complace dar la bienvenida a la Provincia de Europa al Padre Christian, que vive con la comunidad de Lyon, y al Padre Clovis, que se une a la comunidad de Londres.<\/p>\n<\/div><\/div><\/article><article class=\"et_pb_post et_pb_post_id_10533 clearfix et_pb_blog_item_0_3 post-10533 post type-post status-publish format-standard has-post-thumbnail hentry category-sin-categoria\"><div class=\"et_pb_image_container\"><a href=\"https:\/\/maristeurope.eu\/es\/32-anos-de-mision-marista-en-filipinas\/\" class=\"entry-featured-image-url\"><img loading=\"lazy\" decoding=\"async\" src=\"https:\/\/maristeurope.eu\/wp-content\/uploads\/2026\/04\/IMG-20260225-WA0006-e1775511047653.jpg\" width=\"400\" height=\"284\" alt=\"32 a\u00f1os de misi\u00f3n marista en Filipinas\" class=\"\" srcset=\"https:\/\/maristeurope.eu\/wp-content\/uploads\/2026\/04\/IMG-20260225-WA0006-e1775511047653.jpg 479w, https:\/\/maristeurope.eu\/wp-content\/uploads\/2026\/04\/IMG-20260225-WA0006-400x284.jpg 480w\" sizes=\"(max-width:479px) 479px, 100vw\" \/><span data-icon=\"\ue050\" class=\"et_overlay et_pb_inline_icon\"><\/span><\/a><\/div><h2 class=\"entry-title\"><a href=\"https:\/\/maristeurope.eu\/es\/32-anos-de-mision-marista-en-filipinas\/\">32 a\u00f1os de misi\u00f3n marista en Filipinas<\/a><\/h2><p class=\"post-meta\"><span class=\"published\">Abr 9, 2026<\/span><\/p><div class=\"post-content\"><div class=\"post-content-inner\"><p>El padre Paddy Muckian ha regresado recientemente a su Irlanda natal. Escribe sobre sus a\u00f1os de misi\u00f3n con gran celo y alegr\u00eda&#8230; <\/p>\n<\/div><\/div><\/article><article class=\"et_pb_post et_pb_post_id_10477 clearfix et_pb_blog_item_0_4 post-10477 post type-post status-publish format-standard has-post-thumbnail hentry category-sin-categoria\"><div class=\"et_pb_image_container\"><a href=\"https:\/\/maristeurope.eu\/es\/novena-a-san-pedro-chanel\/\" class=\"entry-featured-image-url\"><img loading=\"lazy\" decoding=\"async\" src=\"https:\/\/maristeurope.eu\/wp-content\/uploads\/2026\/04\/peter-chanel.jpg\" width=\"400\" height=\"284\" alt=\"Novena a San Pedro Chanel\" class=\"\" srcset=\"https:\/\/maristeurope.eu\/wp-content\/uploads\/2026\/04\/peter-chanel.jpg 479w, https:\/\/maristeurope.eu\/wp-content\/uploads\/2026\/04\/peter-chanel-400x284.jpg 480w\" sizes=\"(max-width:479px) 479px, 100vw\" \/><span data-icon=\"\ue050\" class=\"et_overlay et_pb_inline_icon\"><\/span><\/a><\/div><h2 class=\"entry-title\"><a href=\"https:\/\/maristeurope.eu\/es\/novena-a-san-pedro-chanel\/\">Novena a San Pedro Chanel<\/a><\/h2><p class=\"post-meta\"><span class=\"published\">Abr 7, 2026<\/span><\/p><div class=\"post-content\"><div class=\"post-content-inner\"><p>Es costumbre rezar por las vocaciones maristas durante la Novena del 20 de abril que precede a la fiesta de San Pedro Chanel, el 28 de abril.  <\/p>\n<\/div><\/div><\/article><article class=\"et_pb_post et_pb_post_id_10345 clearfix et_pb_blog_item_0_5 post-10345 post type-post status-publish format-standard has-post-thumbnail hentry category-sin-categoria\"><div class=\"et_pb_image_container\"><a href=\"https:\/\/maristeurope.eu\/es\/amar-hasta-el-final\/\" class=\"entry-featured-image-url\"><img loading=\"lazy\" decoding=\"async\" src=\"https:\/\/maristeurope.eu\/wp-content\/uploads\/2026\/04\/IMG20260329111520.jpg\" width=\"400\" height=\"284\" alt=\"Amar hasta el final&#8230;\" class=\"\" srcset=\"https:\/\/maristeurope.eu\/wp-content\/uploads\/2026\/04\/IMG20260329111520.jpg 479w, https:\/\/maristeurope.eu\/wp-content\/uploads\/2026\/04\/IMG20260329111520-400x284.jpg 480w\" sizes=\"(max-width:479px) 479px, 100vw\" \/><span data-icon=\"\ue050\" class=\"et_overlay et_pb_inline_icon\"><\/span><\/a><\/div><h2 class=\"entry-title\"><a href=\"https:\/\/maristeurope.eu\/es\/amar-hasta-el-final\/\">Amar hasta el final&#8230;<\/a><\/h2><p class=\"post-meta\"><span class=\"published\">Abr 4, 2026<\/span><\/p><div class=\"post-content\"><div class=\"post-content-inner\"><p>Los acontecimientos que celebramos y recordamos durante el Triduo Pascual tuvieron lugar hace dos mil a\u00f1os en Jerusal\u00e9n, pero hoy son una inspiraci\u00f3n para innumerables personas en todo el mundo. En estos tiempos dif\u00edciles, en los que la guerra hace estragos en tantos lugares, muchos de nuestros hermanos y hermanas viven la Pasi\u00f3n de un modo demasiado real&#8230; <\/p>\n<\/div><\/div><\/article><article class=\"et_pb_post et_pb_post_id_10406 clearfix et_pb_blog_item_0_6 post-10406 post type-post status-publish format-standard has-post-thumbnail hentry category-sin-categoria\"><div class=\"et_pb_image_container\"><a href=\"https:\/\/maristeurope.eu\/es\/gracia-de-celebrar-la-eucaristia\/\" class=\"entry-featured-image-url\"><img loading=\"lazy\" decoding=\"async\" src=\"https:\/\/maristeurope.eu\/wp-content\/uploads\/2026\/04\/fran-e1775317376428.jpg\" width=\"400\" height=\"284\" alt=\"Gracia de celebrar la Eucarist\u00eda\" class=\"\" srcset=\"https:\/\/maristeurope.eu\/wp-content\/uploads\/2026\/04\/fran-e1775317376428.jpg 479w, https:\/\/maristeurope.eu\/wp-content\/uploads\/2026\/04\/fran-400x284.jpg 480w\" sizes=\"(max-width:479px) 479px, 100vw\" \/><span data-icon=\"\ue050\" class=\"et_overlay et_pb_inline_icon\"><\/span><\/a><\/div><h2 class=\"entry-title\"><a href=\"https:\/\/maristeurope.eu\/es\/gracia-de-celebrar-la-eucaristia\/\">Gracia de celebrar la Eucarist\u00eda<\/a><\/h2><p class=\"post-meta\"><span class=\"published\">Mar 27, 2026<\/span><\/p><div class=\"post-content\"><div class=\"post-content-inner\"><p>Fran\u00e7ois Chauvet nos invita a mirar m\u00e1s all\u00e1 del sacerdote para ver al Se\u00f1or. En este breve art\u00edculo, reflexiona sobre su viaje de 42 a\u00f1os y la humilde gracia de celebrar la Eucarist\u00eda en medio de la vida cotidiana: la lluvia, las monta\u00f1as y los corazones de la gente. <\/p>\n<\/div><\/div><\/article><article class=\"et_pb_post et_pb_post_id_10295 clearfix et_pb_blog_item_0_7 post-10295 post type-post status-publish format-standard has-post-thumbnail hentry category-sin-categoria\"><div class=\"et_pb_image_container\"><a href=\"https:\/\/maristeurope.eu\/es\/celebracion-del-ano-de-san-francisco-en-asis\/\" class=\"entry-featured-image-url\"><img loading=\"lazy\" decoding=\"async\" src=\"https:\/\/maristeurope.eu\/wp-content\/uploads\/2026\/03\/20260225_124158-scaled.jpg\" width=\"400\" height=\"284\" alt=\"Celebraci\u00f3n del A\u00f1o de San Francisco en As\u00eds\" class=\"\" srcset=\"https:\/\/maristeurope.eu\/wp-content\/uploads\/2026\/03\/20260225_124158-scaled.jpg 479w, https:\/\/maristeurope.eu\/wp-content\/uploads\/2026\/03\/20260225_124158-400x284.jpg 480w\" sizes=\"(max-width:479px) 479px, 100vw\" \/><span data-icon=\"\ue050\" class=\"et_overlay et_pb_inline_icon\"><\/span><\/a><\/div><h2 class=\"entry-title\"><a href=\"https:\/\/maristeurope.eu\/es\/celebracion-del-ano-de-san-francisco-en-asis\/\">Celebraci\u00f3n del A\u00f1o de San Francisco en As\u00eds<\/a><\/h2><p class=\"post-meta\"><span class=\"published\">Mar 21, 2026<\/span><\/p><div class=\"post-content\"><div class=\"post-content-inner\"><p>Del 10 de enero de 2026 al 10 de enero de 2027 se celebra en As\u00eds un A\u00f1o Jubilar especial de San Francisco, con motivo del 800 aniversario de la muerte del santo (1226-2026). Proclamado por el Papa Le\u00f3n XIV, este \"A\u00f1o de San Francisco\" incluye la rara exposici\u00f3n p\u00fablica de los restos mortales de San Francisco.   <\/p>\n<\/div><\/div><\/article><article class=\"et_pb_post et_pb_post_id_10251 clearfix et_pb_blog_item_0_8 post-10251 post type-post status-publish format-standard has-post-thumbnail hentry category-sin-categoria\"><div class=\"et_pb_image_container\"><a href=\"https:\/\/maristeurope.eu\/es\/un-marista-en-japon-del-choque-cultural-al-crecimiento\/\" class=\"entry-featured-image-url\"><img loading=\"lazy\" decoding=\"async\" src=\"https:\/\/maristeurope.eu\/wp-content\/uploads\/2026\/03\/image-1.png\" width=\"400\" height=\"284\" alt=\"Un marista en Jap\u00f3n: del choque cultural al crecimiento\" class=\"\" srcset=\"https:\/\/maristeurope.eu\/wp-content\/uploads\/2026\/03\/image-1.png 479w, https:\/\/maristeurope.eu\/wp-content\/uploads\/2026\/03\/image-1-400x284.png 480w\" sizes=\"(max-width:479px) 479px, 100vw\" \/><span data-icon=\"\ue050\" class=\"et_overlay et_pb_inline_icon\"><\/span><\/a><\/div><h2 class=\"entry-title\"><a href=\"https:\/\/maristeurope.eu\/es\/un-marista-en-japon-del-choque-cultural-al-crecimiento\/\">Un marista en Jap\u00f3n: del choque cultural al crecimiento<\/a><\/h2><p class=\"post-meta\"><span class=\"published\">Mar 16, 2026<\/span><\/p><div class=\"post-content\"><div class=\"post-content-inner\"><p>El padre Paddy O&#8217;Hare habla de su rica experiencia misionera en Jap\u00f3n y Europa&#8230;  <\/p>\n<\/div><\/div><\/article><article class=\"et_pb_post et_pb_post_id_10191 clearfix et_pb_blog_item_0_9 post-10191 post type-post status-publish format-standard has-post-thumbnail hentry category-sin-categoria\"><div class=\"et_pb_image_container\"><a href=\"https:\/\/maristeurope.eu\/es\/oracion-por-las-vocaciones-maristas\/\" class=\"entry-featured-image-url\"><img loading=\"lazy\" decoding=\"async\" src=\"https:\/\/maristeurope.eu\/wp-content\/uploads\/2026\/03\/standing-mountain-peak-arms-raised-success-generated-by-ai-scaled-e1773611179222.jpg\" width=\"400\" height=\"284\" alt=\"Oraci\u00f3n por las vocaciones maristas\" class=\"\" srcset=\"https:\/\/maristeurope.eu\/wp-content\/uploads\/2026\/03\/standing-mountain-peak-arms-raised-success-generated-by-ai-scaled-e1773611179222.jpg 479w, https:\/\/maristeurope.eu\/wp-content\/uploads\/2026\/03\/standing-mountain-peak-arms-raised-success-generated-by-ai-400x284.jpg 480w\" sizes=\"(max-width:479px) 479px, 100vw\" \/><span data-icon=\"\ue050\" class=\"et_overlay et_pb_inline_icon\"><\/span><\/a><\/div><h2 class=\"entry-title\"><a href=\"https:\/\/maristeurope.eu\/es\/oracion-por-las-vocaciones-maristas\/\">Oraci\u00f3n por las vocaciones maristas<\/a><\/h2><p class=\"post-meta\"><span class=\"published\">Mar 15, 2026<\/span><\/p><div class=\"post-content\"><div class=\"post-content-inner\"><p>Descarga la nueva oraci\u00f3n por las vocaciones que nos anima a compartir en la provincia. Oremos: para que el Esp\u00edritu Santo gu\u00ede las diversas iniciativas por las vocaciones en la provincia.  <\/p>\n<\/div><\/div><\/article><article class=\"et_pb_post et_pb_post_id_10010 clearfix et_pb_blog_item_0_10 post-10010 post type-post status-publish format-standard has-post-thumbnail hentry category-sin-categoria\"><div class=\"et_pb_image_container\"><a href=\"https:\/\/maristeurope.eu\/es\/la-neyliere-acogio-un-premio-literario\/\" class=\"entry-featured-image-url\"><img loading=\"lazy\" decoding=\"async\" src=\"https:\/\/maristeurope.eu\/wp-content\/uploads\/2026\/03\/Photo-1-scaled.jpg\" width=\"400\" height=\"284\" alt=\"La Neyli\u00e8re acogi\u00f3 un premio literario\" class=\"\" srcset=\"https:\/\/maristeurope.eu\/wp-content\/uploads\/2026\/03\/Photo-1-scaled.jpg 479w, https:\/\/maristeurope.eu\/wp-content\/uploads\/2026\/03\/Photo-1-400x284.jpg 480w\" sizes=\"(max-width:479px) 479px, 100vw\" \/><span data-icon=\"\ue050\" class=\"et_overlay et_pb_inline_icon\"><\/span><\/a><\/div><h2 class=\"entry-title\"><a href=\"https:\/\/maristeurope.eu\/es\/la-neyliere-acogio-un-premio-literario\/\">La Neyli\u00e8re acogi\u00f3 un premio literario<\/a><\/h2><p class=\"post-meta\"><span class=\"published\">Mar 13, 2026<\/span><\/p><div class=\"post-content\"><div class=\"post-content-inner\"><p>Cada dos a\u00f1os, la red de mediatecas Com&#8217;MonLy de la mancomunidad de municipios de Monts du Lyonnais organiza un premio literario sobre un tema relacionado con un continente o pa\u00eds. En su quinta edici\u00f3n, el premio se centr\u00f3 en Ocean\u00eda. <\/p>\n<\/div><\/div><\/article><article class=\"et_pb_post et_pb_post_id_9960 clearfix et_pb_blog_item_0_11 post-9960 post type-post status-publish format-standard has-post-thumbnail hentry category-sin-categoria\"><div class=\"et_pb_image_container\"><a href=\"https:\/\/maristeurope.eu\/es\/predicar-para-las-misiones\/\" class=\"entry-featured-image-url\"><img loading=\"lazy\" decoding=\"async\" src=\"https:\/\/maristeurope.eu\/wp-content\/uploads\/2026\/03\/IMG-20240426-WA0012.jpg\" width=\"400\" height=\"284\" alt=\"Predicar para las misiones\" class=\"\" srcset=\"https:\/\/maristeurope.eu\/wp-content\/uploads\/2026\/03\/IMG-20240426-WA0012.jpg 479w, https:\/\/maristeurope.eu\/wp-content\/uploads\/2026\/03\/IMG-20240426-WA0012-400x284.jpg 480w\" sizes=\"(max-width:479px) 479px, 100vw\" \/><span data-icon=\"\ue050\" class=\"et_overlay et_pb_inline_icon\"><\/span><\/a><\/div><h2 class=\"entry-title\"><a href=\"https:\/\/maristeurope.eu\/es\/predicar-para-las-misiones\/\">Predicar para las misiones<\/a><\/h2><p class=\"post-meta\"><span class=\"published\">Mar 5, 2026<\/span><\/p><div class=\"post-content\"><div class=\"post-content-inner\"><p>Damien Diouf nos habla de su ministerio visitando parroquias y hablando del carisma marista y de nuestros apostolados misioneros&#8230;<\/p>\n<\/div><\/div><\/article><\/div><div class=\"pagination clearfix\">\n\t<div class=\"alignleft\"><a href=\"https:\/\/maristeurope.eu\/es\/wp-json\/wp\/v2\/pages\/2191\/page\/2\/?et_blog\" >&laquo; Entradas Anteriores<\/a><\/div>\n\t<div class=\"alignright\"><\/div>\n<\/div><\/div><\/div><\/div><\/div><\/div>\n","protected":false},"excerpt":{"rendered":"","protected":false},"author":1,"featured_media":0,"parent":0,"menu_order":0,"comment_status":"closed","ping_status":"closed","template":"","meta":{"footnotes":""},"class_list":["post-2191","page","type-page","status-publish","hentry"],"yoast_head":"<!-- This site is optimized with the Yoast SEO plugin v27.5 - https:\/\/yoast.com\/product\/yoast-seo-wordpress\/ -->\n<title>Noticias - Marist Europe<\/title>\n<meta name=\"robots\" content=\"index, follow, max-snippet:-1, max-image-preview:large, max-video-preview:-1\" \/>\n<link rel=\"canonical\" href=\"https:\/\/maristeurope.eu\/es\/noticias\/\" \/>\n<meta property=\"og:locale\" content=\"es_ES\" \/>\n<meta property=\"og:type\" content=\"article\" \/>\n<meta property=\"og:title\" content=\"Noticias - Marist Europe\" \/>\n<meta property=\"og:url\" content=\"https:\/\/maristeurope.eu\/es\/noticias\/\" \/>\n<meta property=\"og:site_name\" content=\"Marist Europe\" \/>\n<meta property=\"article:modified_time\" content=\"2026-05-07T06:28:35+00:00\" \/>\n<meta name=\"twitter:card\" content=\"summary_large_image\" \/>\n<script type=\"application\/ld+json\" class=\"yoast-schema-graph\">{\"@context\":\"https:\\\/\\\/schema.org\",\"@graph\":[{\"@type\":\"WebPage\",\"@id\":\"https:\\\/\\\/maristeurope.eu\\\/es\\\/noticias\\\/\",\"url\":\"https:\\\/\\\/maristeurope.eu\\\/es\\\/noticias\\\/\",\"name\":\"Noticias - Marist Europe\",\"isPartOf\":{\"@id\":\"https:\\\/\\\/maristeurope.eu\\\/es\\\/#website\"},\"datePublished\":\"2024-10-23T09:10:49+00:00\",\"dateModified\":\"2026-05-07T06:28:35+00:00\",\"breadcrumb\":{\"@id\":\"https:\\\/\\\/maristeurope.eu\\\/es\\\/noticias\\\/#breadcrumb\"},\"inLanguage\":\"es\",\"potentialAction\":[{\"@type\":\"ReadAction\",\"target\":[\"https:\\\/\\\/maristeurope.eu\\\/es\\\/noticias\\\/\"]}]},{\"@type\":\"BreadcrumbList\",\"@id\":\"https:\\\/\\\/maristeurope.eu\\\/es\\\/noticias\\\/#breadcrumb\",\"itemListElement\":[{\"@type\":\"ListItem\",\"position\":1,\"name\":\"Home\",\"item\":\"https:\\\/\\\/maristeurope.eu\\\/es\\\/\"},{\"@type\":\"ListItem\",\"position\":2,\"name\":\"Noticias\"}]},{\"@type\":\"WebSite\",\"@id\":\"https:\\\/\\\/maristeurope.eu\\\/es\\\/#website\",\"url\":\"https:\\\/\\\/maristeurope.eu\\\/es\\\/\",\"name\":\"Marist Europe\",\"description\":\"\",\"publisher\":{\"@id\":\"https:\\\/\\\/maristeurope.eu\\\/es\\\/#organization\"},\"potentialAction\":[{\"@type\":\"SearchAction\",\"target\":{\"@type\":\"EntryPoint\",\"urlTemplate\":\"https:\\\/\\\/maristeurope.eu\\\/es\\\/?s={search_term_string}\"},\"query-input\":{\"@type\":\"PropertyValueSpecification\",\"valueRequired\":true,\"valueName\":\"search_term_string\"}}],\"inLanguage\":\"es\"},{\"@type\":\"Organization\",\"@id\":\"https:\\\/\\\/maristeurope.eu\\\/es\\\/#organization\",\"name\":\"Marist Europe\",\"url\":\"https:\\\/\\\/maristeurope.eu\\\/es\\\/\",\"logo\":{\"@type\":\"ImageObject\",\"inLanguage\":\"es\",\"@id\":\"https:\\\/\\\/maristeurope.eu\\\/es\\\/#\\\/schema\\\/logo\\\/image\\\/\",\"url\":\"https:\\\/\\\/maristeurope.eu\\\/wp-content\\\/uploads\\\/2024\\\/10\\\/EU-SM-Finalogo-02.png\",\"contentUrl\":\"https:\\\/\\\/maristeurope.eu\\\/wp-content\\\/uploads\\\/2024\\\/10\\\/EU-SM-Finalogo-02.png\",\"width\":150,\"height\":156,\"caption\":\"Marist Europe\"},\"image\":{\"@id\":\"https:\\\/\\\/maristeurope.eu\\\/es\\\/#\\\/schema\\\/logo\\\/image\\\/\"}}]}<\/script>\n<!-- \/ Yoast SEO plugin. -->","yoast_head_json":{"title":"Noticias - Marist Europe","robots":{"index":"index","follow":"follow","max-snippet":"max-snippet:-1","max-image-preview":"max-image-preview:large","max-video-preview":"max-video-preview:-1"},"canonical":"https:\/\/maristeurope.eu\/es\/noticias\/","og_locale":"es_ES","og_type":"article","og_title":"Noticias - Marist Europe","og_url":"https:\/\/maristeurope.eu\/es\/noticias\/","og_site_name":"Marist Europe","article_modified_time":"2026-05-07T06:28:35+00:00","twitter_card":"summary_large_image","schema":{"@context":"https:\/\/schema.org","@graph":[{"@type":"WebPage","@id":"https:\/\/maristeurope.eu\/es\/noticias\/","url":"https:\/\/maristeurope.eu\/es\/noticias\/","name":"Noticias - Marist Europe","isPartOf":{"@id":"https:\/\/maristeurope.eu\/es\/#website"},"datePublished":"2024-10-23T09:10:49+00:00","dateModified":"2026-05-07T06:28:35+00:00","breadcrumb":{"@id":"https:\/\/maristeurope.eu\/es\/noticias\/#breadcrumb"},"inLanguage":"es","potentialAction":[{"@type":"ReadAction","target":["https:\/\/maristeurope.eu\/es\/noticias\/"]}]},{"@type":"BreadcrumbList","@id":"https:\/\/maristeurope.eu\/es\/noticias\/#breadcrumb","itemListElement":[{"@type":"ListItem","position":1,"name":"Home","item":"https:\/\/maristeurope.eu\/es\/"},{"@type":"ListItem","position":2,"name":"Noticias"}]},{"@type":"WebSite","@id":"https:\/\/maristeurope.eu\/es\/#website","url":"https:\/\/maristeurope.eu\/es\/","name":"Marist Europe","description":"","publisher":{"@id":"https:\/\/maristeurope.eu\/es\/#organization"},"potentialAction":[{"@type":"SearchAction","target":{"@type":"EntryPoint","urlTemplate":"https:\/\/maristeurope.eu\/es\/?s={search_term_string}"},"query-input":{"@type":"PropertyValueSpecification","valueRequired":true,"valueName":"search_term_string"}}],"inLanguage":"es"},{"@type":"Organization","@id":"https:\/\/maristeurope.eu\/es\/#organization","name":"Marist Europe","url":"https:\/\/maristeurope.eu\/es\/","logo":{"@type":"ImageObject","inLanguage":"es","@id":"https:\/\/maristeurope.eu\/es\/#\/schema\/logo\/image\/","url":"https:\/\/maristeurope.eu\/wp-content\/uploads\/2024\/10\/EU-SM-Finalogo-02.png","contentUrl":"https:\/\/maristeurope.eu\/wp-content\/uploads\/2024\/10\/EU-SM-Finalogo-02.png","width":150,"height":156,"caption":"Marist Europe"},"image":{"@id":"https:\/\/maristeurope.eu\/es\/#\/schema\/logo\/image\/"}}]}},"_links":{"self":[{"href":"https:\/\/maristeurope.eu\/es\/wp-json\/wp\/v2\/pages\/2191","targetHints":{"allow":["GET"]}}],"collection":[{"href":"https:\/\/maristeurope.eu\/es\/wp-json\/wp\/v2\/pages"}],"about":[{"href":"https:\/\/maristeurope.eu\/es\/wp-json\/wp\/v2\/types\/page"}],"author":[{"embeddable":true,"href":"https:\/\/maristeurope.eu\/es\/wp-json\/wp\/v2\/users\/1"}],"replies":[{"embeddable":true,"href":"https:\/\/maristeurope.eu\/es\/wp-json\/wp\/v2\/comments?post=2191"}],"version-history":[{"count":25,"href":"https:\/\/maristeurope.eu\/es\/wp-json\/wp\/v2\/pages\/2191\/revisions"}],"predecessor-version":[{"id":10738,"href":"https:\/\/maristeurope.eu\/es\/wp-json\/wp\/v2\/pages\/2191\/revisions\/10738"}],"wp:attachment":[{"href":"https:\/\/maristeurope.eu\/es\/wp-json\/wp\/v2\/media?parent=2191"}],"curies":[{"name":"wp","href":"https:\/\/api.w.org\/{rel}","templated":true}]}}