{"id":3401,"date":"2024-12-19T12:39:13","date_gmt":"2024-12-19T11:39:13","guid":{"rendered":"https:\/\/marist.sjdigitaldemo.ovh\/maristen-laien\/"},"modified":"2026-05-07T12:39:04","modified_gmt":"2026-05-07T10:39:04","slug":"maristen-laien","status":"publish","type":"page","link":"https:\/\/maristeurope.eu\/de\/maristen-laien\/","title":{"rendered":"Maristen Laien"},"content":{"rendered":"\n<div class=\"et_pb_section_0 et_pb_section et_section_regular et_block_section section_has_divider et_pb_bottom_divider\"><div class=\"et_pb_row_0 et_pb_row et_pb_equal_columns et_block_row et_animated preset--module--divi-row--default\"><div class=\"et_pb_column_0 et_pb_column et_pb_column_4_4 et-last-child et_block_column et_pb_css_mix_blend_mode_passthrough\"><div class=\"et_pb_text_0 et_pb_text et_pb_bg_layout_light et_pb_module et_block_module\"><div class=\"et_pb_text_inner\"><h1>MARIST LAITY  <\/h1>\n<\/div><\/div><\/div><\/div><div class=\"et_pb_bottom_inside_divider et-no-transition\"><\/div><\/div><div class=\"et_pb_section_1 et_pb_section et_section_regular et_block_section\"><div class=\"et_pb_row_1 et_pb_row et_pb_equal_columns et_block_row preset--module--divi-row--default\"><div class=\"et_pb_column_1 et_pb_column et_pb_column_3_5 et_block_column et_pb_css_mix_blend_mode_passthrough et_animated\"><div class=\"et_pb_text_1 et_pb_text et_pb_bg_layout_light et_animated et_pb_module et_block_module\"><div class=\"et_pb_text_inner\"><h2 style=\"text-align: center;\"><b>Laienmaristen in der Welt<\/b><span style=\"font-weight: 400;\"> <\/span><\/h2>\n<\/div><\/div><div class=\"et_pb_text_2 et_pb_text et_pb_bg_layout_light et_pb_module et_block_module\"><div class=\"et_pb_text_inner\"><p>In \u00dcbereinstimmung mit Pater Colins Intuition besteht die Berufung der Laienmaristen darin, wie eine Br\u00fccke zu sein, um die Freude des Evangeliums auf Marias Weise ins Herz der Welt zu bringen. Der Laienzweig ist ein wesentlicher Teil der Maristenfamilie und das Werk Mariens in Europa wird im Wesentlichen durch das Leben und die Mission der Laienmaristen fortgesetzt.<\/p>\n<\/div><\/div><\/div><div class=\"et_pb_column_2 et_pb_column et_pb_column_2_5 et-last-child et_block_column et_pb_css_mix_blend_mode_passthrough et_animated\"><div class=\"et_pb_image_0 et_pb_image et_animated et_pb_module et_block_module\"><span class=\"et_pb_image_wrap\"><img decoding=\"async\" src=\"https:\/\/maristeurope.eu\/wp-content\/uploads\/2025\/01\/marist-laity2.jpg\" title=\"maristische Laien2\" \/><\/span><\/div><\/div><\/div><div class=\"et_pb_row_2 et_pb_row et_block_row preset--module--divi-row--default\"><div class=\"et_pb_column_3 et_pb_column et_pb_column_4_4 et-last-child et_block_column et_pb_css_mix_blend_mode_passthrough\"><div class=\"et_pb_text_3 et_pb_text et_pb_bg_layout_light et_pb_module et_block_module\"><div class=\"et_pb_text_inner\"><p>Von Anfang an sah das maristische Projekt - zusammen mit den Patres, Br\u00fcdern, Schwestern und Missionsschwestern - einen Zweig vor, der f\u00fcr Laienfrauen und -m\u00e4nner offen ist,<strong> eine Vereinigung, die allen Menschen offen steht<\/strong>, unabh\u00e4ngig von ihrer Situation, ihrem Alter oder ihrem Zustand. Alle sind unverzichtbare Glieder des Leibes der Gesellschaft Mariens und teilen die <strong>gemeinsame Sendung, das Werk Mariens<\/strong> in der Welt <strong>zu tun und zu sein<\/strong> - eine Gemeinschaft von Gl\u00e4ubigen mit einem Geist und einem Herzen aufzubauen. <\/p>\n<\/div><\/div><\/div><\/div><div class=\"et_pb_row_3 et_pb_row et_block_row preset--module--divi-row--default\"><div class=\"et_pb_column_4 et_pb_column et_pb_column_3_5 et_block_column et_pb_css_mix_blend_mode_passthrough\"><div class=\"et_pb_text_4 et_pb_text et_pb_bg_layout_light et_pb_module et_block_module\"><div class=\"et_pb_text_inner\"><p>\u00dcberall auf der Welt gibt es eine <strong>Reihe von maristischen Laiengruppen und Vereinigungsformen<\/strong>. Wir erkennen einen wachsenden Wunsch dieser Gruppen, mit dem maristischen Projekt verbunden zu sein und ihr Verst\u00e4ndnis f\u00fcr das maristische Charisma und die Werke, die sich daraus ergeben, zu vertiefen. Zusammen mit den anderen Zweigen bauen die maristischen Laien das marianische Gesicht der Kirche auf. Ihre christliche Identit\u00e4t ist von der maristischen Spiritualit\u00e4t und Mission gepr\u00e4gt, w\u00e4hrend sie sich bem\u00fchen, Marias Pr\u00e4senz in der Welt zu sein.   <\/p>\n<\/div><\/div><\/div><div class=\"et_pb_column_5 et_pb_column et_pb_column_2_5 et-last-child et_block_column et_pb_css_mix_blend_mode_passthrough\"><div class=\"et_pb_text_5 et_pb_text et_pb_bg_layout_light et_pb_module et_block_module\"><div class=\"et_pb_text_inner\"><p>Im Jahr 2007 gr\u00fcndeten die maristischen Laiengruppen in Europa eine Koordinationsgruppe mit regelm\u00e4\u00dfigen Treffen, um ihre Bem\u00fchungen als Laienzweig der Maristenfamilie zu koordinieren.<br \/><strong>Hier<\/strong> k\u00f6nnen Sie die Statuten der europ\u00e4ischen maristischen Laien lesen.<\/p>\n<\/div><\/div><\/div><\/div><\/div><div class=\"et_pb_section_2 et_pb_section et_section_regular et_block_section section_has_divider et_pb_top_divider\"><div class=\"et_pb_top_inside_divider et-no-transition\"><\/div><div class=\"et_pb_row_4 et_pb_row et_pb_equal_columns et_block_row preset--module--divi-row--default\"><div class=\"et_pb_column_6 et_pb_column et_pb_column_3_5 et_block_column et_pb_css_mix_blend_mode_passthrough\"><div class=\"et_pb_text_6 et_pb_text et_pb_bg_layout_light et_animated et_pb_module et_block_module\"><div class=\"et_pb_text_inner\"><p><span style=\"font-weight: 400;\"><strong>Italien<\/strong>: Paolo Serafini <\/span><a href=\"mailto:paolo.sera63@gmail.com\"><span style=\"font-weight: 400;\">paolo.sera63@gmail.com<\/span><\/a><\/p>\n<p><span style=\"font-weight: 400;\"><strong>Spanien<\/strong>: David Sanz <\/span><a href=\"mailto:dasadedi@gmail.com\"><span style=\"font-weight: 400;\">dasadedi@gmail.com<\/span><\/a><\/p>\n<p><span style=\"font-weight: 400;\"><strong>Norwegen<\/strong>: Siri-Beate Hagen <\/span><a href=\"mailto:siri.beate.hagen@gmail.com\"><span style=\"font-weight: 400;\">siri.beate.hagen@gmail.com<\/span><\/a><\/p>\n<p><span style=\"font-weight: 400;\"><strong>Irland<\/strong>: Eileen McCann <\/span><a href=\"mailto:eibhlinnicanna@eircom.net\"><span style=\"font-weight: 400;\">eibhlinnicanna@eircom.net<\/span><\/a><\/p>\n<p><span style=\"font-weight: 400;\"><strong>England<\/strong>: Pat O'Connor <\/span><a href=\"mailto:patriciaoconnor44@gmail.com\"><span style=\"font-weight: 400;\">patriciaoconnor44@gmail.com<\/span><\/a><span style=\"font-weight: 400;\"> <\/span><\/p>\n<p><span style=\"font-weight: 400;\"><strong>Frankreich<\/strong>: <\/span><a href=\"http:\/\/www.maristeslaics.fr\/\"><span style=\"font-weight: 400;\">www.maristeslaics.fr<\/span><\/a><span style=\"font-weight: 400;\"> Maristes La\u00efcs, 104 Rue de Vaugirard, 75006 Paris, Frankreich Pr\u00e4sident: Bernard Fenet +33 67444 7396<\/span><span style=\"font-weight: 400;\"><br \/><\/span><span style=\"font-weight: 400;\">Odile de Villenaut <\/span><a href=\"mailto:odiledevillenaut@hotmail.com\"><span style=\"font-weight: 400;\">odiledevillenaut@hotmail.com<\/span><\/a><\/p>\n<p><span style=\"font-weight: 400;\"><strong>Deutschland<\/strong>: Pater Wilhelm Tangen   <\/span><a href=\"mailto:wtangen@gmail.com\"><span style=\"font-weight: 400;\">wtangen@gmail.com<\/span><\/a><\/p>\n<p><span style=\"font-weight: 400;\"><strong>Die Niederlande<\/strong>: Pater Jan Hulshof <\/span><a href=\"mailto:janhulshof41@gmail.com\"><span style=\"font-weight: 400;\">janhulshof41@gmail.com<\/span><\/a><\/p>\n<\/div><\/div><\/div><div class=\"et_pb_column_7 et_pb_column et_pb_column_2_5 et-last-child et_block_column et_pb_css_mix_blend_mode_passthrough\"><div class=\"et_pb_image_1 et_pb_image et_animated et_pb_module et_block_module\"><span class=\"et_pb_image_wrap\"><img loading=\"lazy\" decoding=\"async\" src=\"https:\/\/maristeurope.eu\/wp-content\/uploads\/2024\/12\/IMG_0984.jpg\" width=\"1277\" height=\"958\" srcset=\"https:\/\/maristeurope.eu\/wp-content\/uploads\/2024\/12\/IMG_0984.jpg 1277w, https:\/\/maristeurope.eu\/wp-content\/uploads\/2024\/12\/IMG_0984-980x735.jpg 980w, https:\/\/maristeurope.eu\/wp-content\/uploads\/2024\/12\/IMG_0984-480x360.jpg 480w\" sizes=\"(min-width: 0px) and (max-width: 480px) 480px, (min-width: 481px) and (max-width: 980px) 980px, (min-width: 981px) 1277px, 100vw\" class=\"wp-image-849\" title=\"IMG_0984\" \/><\/span><\/div><\/div><\/div><\/div>\n","protected":false},"excerpt":{"rendered":"","protected":false},"author":1,"featured_media":0,"parent":0,"menu_order":0,"comment_status":"closed","ping_status":"closed","template":"","meta":{"footnotes":""},"class_list":["post-3401","page","type-page","status-publish","hentry"],"yoast_head":"<!-- This site is optimized with the Yoast SEO plugin v27.5 - https:\/\/yoast.com\/product\/yoast-seo-wordpress\/ -->\n<title>Maristen Laien - Marist Europe<\/title>\n<meta name=\"robots\" content=\"index, follow, max-snippet:-1, max-image-preview:large, max-video-preview:-1\" \/>\n<link rel=\"canonical\" href=\"https:\/\/maristeurope.eu\/de\/maristen-laien\/\" \/>\n<meta property=\"og:locale\" content=\"de_DE\" \/>\n<meta property=\"og:type\" content=\"article\" \/>\n<meta property=\"og:title\" content=\"Maristen Laien - Marist Europe\" \/>\n<meta property=\"og:url\" content=\"https:\/\/maristeurope.eu\/de\/maristen-laien\/\" \/>\n<meta property=\"og:site_name\" content=\"Marist Europe\" \/>\n<meta property=\"article:modified_time\" content=\"2026-05-07T10:39:04+00:00\" \/>\n<meta name=\"twitter:card\" content=\"summary_large_image\" \/>\n<script type=\"application\/ld+json\" class=\"yoast-schema-graph\">{\"@context\":\"https:\\\/\\\/schema.org\",\"@graph\":[{\"@type\":\"WebPage\",\"@id\":\"https:\\\/\\\/maristeurope.eu\\\/de\\\/maristen-laien\\\/\",\"url\":\"https:\\\/\\\/maristeurope.eu\\\/de\\\/maristen-laien\\\/\",\"name\":\"Maristen Laien - Marist Europe\",\"isPartOf\":{\"@id\":\"https:\\\/\\\/maristeurope.eu\\\/de\\\/#website\"},\"datePublished\":\"2024-12-19T11:39:13+00:00\",\"dateModified\":\"2026-05-07T10:39:04+00:00\",\"breadcrumb\":{\"@id\":\"https:\\\/\\\/maristeurope.eu\\\/de\\\/maristen-laien\\\/#breadcrumb\"},\"inLanguage\":\"de\",\"potentialAction\":[{\"@type\":\"ReadAction\",\"target\":[\"https:\\\/\\\/maristeurope.eu\\\/de\\\/maristen-laien\\\/\"]}]},{\"@type\":\"BreadcrumbList\",\"@id\":\"https:\\\/\\\/maristeurope.eu\\\/de\\\/maristen-laien\\\/#breadcrumb\",\"itemListElement\":[{\"@type\":\"ListItem\",\"position\":1,\"name\":\"Home\",\"item\":\"https:\\\/\\\/maristeurope.eu\\\/de\\\/\"},{\"@type\":\"ListItem\",\"position\":2,\"name\":\"Maristen Laien\"}]},{\"@type\":\"WebSite\",\"@id\":\"https:\\\/\\\/maristeurope.eu\\\/de\\\/#website\",\"url\":\"https:\\\/\\\/maristeurope.eu\\\/de\\\/\",\"name\":\"Marist Europe\",\"description\":\"\",\"publisher\":{\"@id\":\"https:\\\/\\\/maristeurope.eu\\\/de\\\/#organization\"},\"potentialAction\":[{\"@type\":\"SearchAction\",\"target\":{\"@type\":\"EntryPoint\",\"urlTemplate\":\"https:\\\/\\\/maristeurope.eu\\\/de\\\/?s={search_term_string}\"},\"query-input\":{\"@type\":\"PropertyValueSpecification\",\"valueRequired\":true,\"valueName\":\"search_term_string\"}}],\"inLanguage\":\"de\"},{\"@type\":\"Organization\",\"@id\":\"https:\\\/\\\/maristeurope.eu\\\/de\\\/#organization\",\"name\":\"Marist Europe\",\"url\":\"https:\\\/\\\/maristeurope.eu\\\/de\\\/\",\"logo\":{\"@type\":\"ImageObject\",\"inLanguage\":\"de\",\"@id\":\"https:\\\/\\\/maristeurope.eu\\\/de\\\/#\\\/schema\\\/logo\\\/image\\\/\",\"url\":\"https:\\\/\\\/maristeurope.eu\\\/wp-content\\\/uploads\\\/2024\\\/10\\\/EU-SM-Finalogo-02.png\",\"contentUrl\":\"https:\\\/\\\/maristeurope.eu\\\/wp-content\\\/uploads\\\/2024\\\/10\\\/EU-SM-Finalogo-02.png\",\"width\":150,\"height\":156,\"caption\":\"Marist Europe\"},\"image\":{\"@id\":\"https:\\\/\\\/maristeurope.eu\\\/de\\\/#\\\/schema\\\/logo\\\/image\\\/\"}}]}<\/script>\n<!-- \/ Yoast SEO plugin. -->","yoast_head_json":{"title":"Maristen Laien - Marist Europe","robots":{"index":"index","follow":"follow","max-snippet":"max-snippet:-1","max-image-preview":"max-image-preview:large","max-video-preview":"max-video-preview:-1"},"canonical":"https:\/\/maristeurope.eu\/de\/maristen-laien\/","og_locale":"de_DE","og_type":"article","og_title":"Maristen Laien - Marist Europe","og_url":"https:\/\/maristeurope.eu\/de\/maristen-laien\/","og_site_name":"Marist Europe","article_modified_time":"2026-05-07T10:39:04+00:00","twitter_card":"summary_large_image","schema":{"@context":"https:\/\/schema.org","@graph":[{"@type":"WebPage","@id":"https:\/\/maristeurope.eu\/de\/maristen-laien\/","url":"https:\/\/maristeurope.eu\/de\/maristen-laien\/","name":"Maristen Laien - Marist Europe","isPartOf":{"@id":"https:\/\/maristeurope.eu\/de\/#website"},"datePublished":"2024-12-19T11:39:13+00:00","dateModified":"2026-05-07T10:39:04+00:00","breadcrumb":{"@id":"https:\/\/maristeurope.eu\/de\/maristen-laien\/#breadcrumb"},"inLanguage":"de","potentialAction":[{"@type":"ReadAction","target":["https:\/\/maristeurope.eu\/de\/maristen-laien\/"]}]},{"@type":"BreadcrumbList","@id":"https:\/\/maristeurope.eu\/de\/maristen-laien\/#breadcrumb","itemListElement":[{"@type":"ListItem","position":1,"name":"Home","item":"https:\/\/maristeurope.eu\/de\/"},{"@type":"ListItem","position":2,"name":"Maristen Laien"}]},{"@type":"WebSite","@id":"https:\/\/maristeurope.eu\/de\/#website","url":"https:\/\/maristeurope.eu\/de\/","name":"Marist Europe","description":"","publisher":{"@id":"https:\/\/maristeurope.eu\/de\/#organization"},"potentialAction":[{"@type":"SearchAction","target":{"@type":"EntryPoint","urlTemplate":"https:\/\/maristeurope.eu\/de\/?s={search_term_string}"},"query-input":{"@type":"PropertyValueSpecification","valueRequired":true,"valueName":"search_term_string"}}],"inLanguage":"de"},{"@type":"Organization","@id":"https:\/\/maristeurope.eu\/de\/#organization","name":"Marist Europe","url":"https:\/\/maristeurope.eu\/de\/","logo":{"@type":"ImageObject","inLanguage":"de","@id":"https:\/\/maristeurope.eu\/de\/#\/schema\/logo\/image\/","url":"https:\/\/maristeurope.eu\/wp-content\/uploads\/2024\/10\/EU-SM-Finalogo-02.png","contentUrl":"https:\/\/maristeurope.eu\/wp-content\/uploads\/2024\/10\/EU-SM-Finalogo-02.png","width":150,"height":156,"caption":"Marist Europe"},"image":{"@id":"https:\/\/maristeurope.eu\/de\/#\/schema\/logo\/image\/"}}]}},"_links":{"self":[{"href":"https:\/\/maristeurope.eu\/de\/wp-json\/wp\/v2\/pages\/3401","targetHints":{"allow":["GET"]}}],"collection":[{"href":"https:\/\/maristeurope.eu\/de\/wp-json\/wp\/v2\/pages"}],"about":[{"href":"https:\/\/maristeurope.eu\/de\/wp-json\/wp\/v2\/types\/page"}],"author":[{"embeddable":true,"href":"https:\/\/maristeurope.eu\/de\/wp-json\/wp\/v2\/users\/1"}],"replies":[{"embeddable":true,"href":"https:\/\/maristeurope.eu\/de\/wp-json\/wp\/v2\/comments?post=3401"}],"version-history":[{"count":11,"href":"https:\/\/maristeurope.eu\/de\/wp-json\/wp\/v2\/pages\/3401\/revisions"}],"predecessor-version":[{"id":11043,"href":"https:\/\/maristeurope.eu\/de\/wp-json\/wp\/v2\/pages\/3401\/revisions\/11043"}],"wp:attachment":[{"href":"https:\/\/maristeurope.eu\/de\/wp-json\/wp\/v2\/media?parent=3401"}],"curies":[{"name":"wp","href":"https:\/\/api.w.org\/{rel}","templated":true}]}}