{"id":3329,"date":"2024-12-19T14:53:15","date_gmt":"2024-12-19T13:53:15","guid":{"rendered":"https:\/\/marist.sjdigitaldemo.ovh\/unterstuetzen-sie-uns\/"},"modified":"2026-05-07T12:39:37","modified_gmt":"2026-05-07T10:39:37","slug":"unterstuetzen-sie-uns","status":"publish","type":"page","link":"https:\/\/maristeurope.eu\/de\/unterstuetzen-sie-uns\/","title":{"rendered":"UNTERST\u00dcTZEN SIE UNS"},"content":{"rendered":"\n<div class=\"et_pb_section_0 et_pb_section et_section_regular et_block_section section_has_divider et_pb_bottom_divider\"><div class=\"et_pb_row_0 et_pb_row et_pb_equal_columns et_block_row et_animated preset--module--divi-row--default\"><div class=\"et_pb_column_0 et_pb_column et_pb_column_2_3 et_block_column et_pb_css_mix_blend_mode_passthrough\"><div class=\"et_pb_text_0 et_pb_text et_pb_bg_layout_light et_pb_module et_block_module\"><div class=\"et_pb_text_inner\"><h1><strong>UNTERST\u00dcTZEN SIE UNS<\/strong><\/h1>\n<\/div><\/div><\/div><div class=\"et_pb_column_1 et_pb_column et_pb_column_1_3 et-last-child et_block_column et_pb_column_empty et_pb_css_mix_blend_mode_passthrough\"><\/div><\/div><div class=\"et_pb_bottom_inside_divider et-no-transition\"><\/div><\/div><div class=\"et_pb_section_1 et_pb_section et_section_regular et_block_section\"><span class=\"et_pb_background_pattern\"><\/span><div class=\"et_pb_row_1 et_pb_row et_pb_equal_columns et_block_row preset--module--divi-row--default\"><div class=\"et_pb_column_2 et_pb_column et_pb_column_3_5 et_block_column et_pb_css_mix_blend_mode_passthrough et_animated\"><div class=\"et_pb_text_1 et_pb_text et_pb_bg_layout_light et_pb_module et_block_module\"><div class=\"et_pb_text_inner\"><h2>Wir m\u00f6chten Sie dazu einladen, das Werk Mariens in der Provinz Europa zu unterst\u00fctzen<\/h2>\n<p>&nbsp;<\/p>\n<p>Unsere Wohlt\u00e4ter sind unverzichtbar, damit wir auch weiterhin den Bed\u00fcrfnissen unserer Zeit, insbesondere der benachteiligten Menschen, gerecht werden k\u00f6nnen.<\/p>\n<p><strong>Wir danken Ihnen im Voraus f\u00fcr Ihre Unterst\u00fctzung!<\/strong><\/p>\n<\/div><\/div><\/div><div class=\"et_pb_column_3 et_pb_column et_pb_column_2_5 et-last-child et_block_column et_pb_css_mix_blend_mode_passthrough\"><div class=\"et_pb_image_0 et_pb_image et_animated et_pb_module et_block_module\"><span class=\"et_pb_image_wrap\"><img loading=\"lazy\" decoding=\"async\" src=\"https:\/\/maristeurope.eu\/wp-content\/uploads\/2025\/03\/Tonio-in-class-Toulon-Camino-promotion.jpg\" width=\"639\" height=\"601\" srcset=\"https:\/\/maristeurope.eu\/wp-content\/uploads\/2025\/03\/Tonio-in-class-Toulon-Camino-promotion.jpg 639w, https:\/\/maristeurope.eu\/wp-content\/uploads\/2025\/03\/Tonio-in-class-Toulon-Camino-promotion-480x451.jpg 480w\" sizes=\"(min-width: 0px) and (max-width: 480px) 480px, (min-width: 481px) 639px, 100vw\" class=\"wp-image-6541\" title=\"Tonio in der Klasse Toulon Camino Promotion\" \/><\/span><\/div><\/div><\/div><\/div><div class=\"et_pb_section_2 et_pb_section et_section_regular et_block_section\"><span class=\"et_pb_background_pattern\"><\/span><div class=\"et_pb_row_2 et_pb_row et_block_row preset--module--divi-row--default\"><div class=\"et_pb_column_4 et_pb_column et_pb_column_4_4 et-last-child et_block_column et_pb_css_mix_blend_mode_passthrough\"><div class=\"et_pb_text_2 et_pb_text et_pb_bg_layout_light et_pb_module et_block_module\"><div class=\"et_pb_text_inner\"><h2>Wenn Sie uns unterst\u00fctzen m\u00f6chten, indem Sie unsere Projekte finanziell f\u00f6rdern, finden Sie hier einige M\u00f6glichkeiten:<\/h2>\n<\/div><\/div><div class=\"et_pb_accordion_0 et_pb_accordion et_pb_module et_block_module\"><div class=\"et_pb_accordion_item_0 et_pb_accordion_item et_pb_toggle et_pb_module et_pb_toggle_open et_block_module\"><h5 class=\"et_pb_toggle_title\">Notre Dame Refugee Centre, London<\/h5><div class=\"et_pb_toggle_content\"><p><strong>Mehr Details<\/strong><\/p>\n<p><span style=\"color: #993366;\"><a href=\"https:\/\/www.notredamerc.org.uk\" target=\"_blank\" rel=\"noopener\" style=\"color: #993366;\">https:\/\/www.notredamerc.org.uk<\/a><\/span><br \/><span style=\"color: #993366;\"><a href=\"https:\/\/localgiving.org\/charity\/notre-dame-refugee-centre\" target=\"_blank\" rel=\"noopener\" style=\"color: #993366;\">https:\/\/localgiving.org\/charity\/notre-dame-refugee-centre<\/a><\/span><\/p>\n<\/div><\/div><div class=\"et_pb_accordion_item_1 et_pb_accordion_item et_pb_toggle et_pb_module et_pb_toggle_close et_block_module\"><h5 class=\"et_pb_toggle_title\">La Neyliere, Frankreich<\/h5><div class=\"et_pb_toggle_content\"><p><strong>Mehr Details<\/strong><\/p>\n<p><span style=\"color: #993366;\"><a href=\"https:\/\/www.neyliere.fr\" target=\"_blank\" rel=\"noopener\" style=\"color: #993366;\">https:\/\/www.neyliere.fr<\/a><\/span><\/p>\n<\/div><\/div><div class=\"et_pb_accordion_item_2 et_pb_accordion_item et_pb_toggle et_pb_module et_pb_toggle_close et_block_module\"><h5 class=\"et_pb_toggle_title\">Maristisches Zentrum f\u00fcr Kultur und Spiritualit\u00e4t, Toulon<\/h5><div class=\"et_pb_toggle_content\"><p><strong>Mehr Details<\/strong><\/p>\n<p><span style=\"color: #993366;\"><a href=\"https:\/\/www.centremariste.fr%20\" target=\"_blank\" rel=\"noopener\" style=\"color: #993366;\">https:\/\/www.centremariste.fr<\/a><\/span><br \/><strong>Per Post adressiert an:<\/strong> CCSM, 22 rue Clappier 83000 Toulon, Frankreich<\/p>\n<\/div><\/div><div class=\"et_pb_accordion_item_3 et_pb_accordion_item et_pb_toggle et_pb_module et_pb_toggle_close et_block_module\"><h5 class=\"et_pb_toggle_title\">Internationale Missionen Ranong Marist Asia Foundation:<\/h5><div class=\"et_pb_toggle_content\"><p><strong>Mehr Details<\/strong><\/p>\n<p><span style=\"color: #993366;\"><a href=\"https:\/\/www.maristasiafoundation.org\/donate\" target=\"_blank\" rel=\"noopener\" style=\"color: #993366;\">https:\/\/www.maristasiafoundation.org\/donate<\/a><\/span><\/p>\n<\/div><\/div><div class=\"et_pb_accordion_item_4 et_pb_accordion_item et_pb_toggle et_pb_module et_pb_toggle_close et_block_module\"><h5 class=\"et_pb_toggle_title\">Stra\u00dfenkinderprojekt auf den Philippinen<\/h5><div class=\"et_pb_toggle_content\"><p><strong>Mehr Details<\/strong><\/p>\n<p><span style=\"color: #993366;\"><a href=\"https:\/\/maristmissions.com\/balay-pasilungan\" target=\"_blank\" rel=\"noopener\" style=\"color: #993366;\">https:\/\/maristmissions.com\/balay-pasilungan<\/a><\/span><\/p>\n<\/div><\/div><div class=\"et_pb_accordion_item_5 et_pb_accordion_item et_pb_toggle et_pb_module et_pb_toggle_close et_block_module\"><h5 class=\"et_pb_toggle_title\">Ausbildung von jungen Maristen in Rom<\/h5><div class=\"et_pb_toggle_content\"><p><span style=\"font-weight: 400;\">\u00dcber<strong> f\u00fcnfzig junge M\u00e4nner<\/strong> aus Afrika, Amerika, Ozeanien und Australasien<strong> bereiten sich auf die Maristenmission<\/strong> vor.<\/span><\/p>\n<p><span style=\"font-weight: 400;\">Junge Maristen werden in drei Schritten ausgebildet:<\/span><\/p>\n<ul>\n<li><span style=\"font-weight: 400;\">das Vor-Noviziat und das Philosophiestudium in ihren Herkunftsl\u00e4ndern<\/span><\/li>\n<li><span style=\"font-weight: 400;\">das Noviziat in Davao auf den Philippinen<\/span><\/li>\n<li><span style=\"font-weight: 400;\">und Theologiestudium in Rom oder auf den Fidschi-Inseln.<\/span><\/li>\n<\/ul>\n<p><span style=\"font-weight: 400;\"><strong>Kontakt<\/strong>:<\/span><i><span style=\"font-weight: 400;\">  <\/span><\/i><span style=\"color: #993366;\"><a href=\"mailto:gestion.fr@maristeurope.eu\" style=\"color: #993366;\"><span style=\"font-weight: 400;\">gestion.fr@maristeurope.eu<\/span><\/a><\/span><\/p>\n<\/div><\/div><\/div><\/div><\/div><\/div>\n","protected":false},"excerpt":{"rendered":"","protected":false},"author":1,"featured_media":0,"parent":0,"menu_order":0,"comment_status":"closed","ping_status":"closed","template":"","meta":{"footnotes":""},"class_list":["post-3329","page","type-page","status-publish","hentry"],"yoast_head":"<!-- This site is optimized with the Yoast SEO plugin v27.5 - https:\/\/yoast.com\/product\/yoast-seo-wordpress\/ -->\n<title>UNTERST\u00dcTZEN SIE UNS - Marist Europe<\/title>\n<meta name=\"robots\" content=\"index, follow, max-snippet:-1, max-image-preview:large, max-video-preview:-1\" \/>\n<link rel=\"canonical\" href=\"https:\/\/maristeurope.eu\/de\/unterstuetzen-sie-uns\/\" \/>\n<meta property=\"og:locale\" content=\"de_DE\" \/>\n<meta property=\"og:type\" content=\"article\" \/>\n<meta property=\"og:title\" content=\"UNTERST\u00dcTZEN SIE UNS - Marist Europe\" \/>\n<meta property=\"og:url\" content=\"https:\/\/maristeurope.eu\/de\/unterstuetzen-sie-uns\/\" \/>\n<meta property=\"og:site_name\" content=\"Marist Europe\" \/>\n<meta property=\"article:modified_time\" content=\"2026-05-07T10:39:37+00:00\" \/>\n<meta name=\"twitter:card\" content=\"summary_large_image\" \/>\n<script type=\"application\/ld+json\" class=\"yoast-schema-graph\">{\"@context\":\"https:\\\/\\\/schema.org\",\"@graph\":[{\"@type\":\"WebPage\",\"@id\":\"https:\\\/\\\/maristeurope.eu\\\/de\\\/unterstuetzen-sie-uns\\\/\",\"url\":\"https:\\\/\\\/maristeurope.eu\\\/de\\\/unterstuetzen-sie-uns\\\/\",\"name\":\"UNTERST\u00dcTZEN SIE UNS - Marist Europe\",\"isPartOf\":{\"@id\":\"https:\\\/\\\/maristeurope.eu\\\/de\\\/#website\"},\"datePublished\":\"2024-12-19T13:53:15+00:00\",\"dateModified\":\"2026-05-07T10:39:37+00:00\",\"breadcrumb\":{\"@id\":\"https:\\\/\\\/maristeurope.eu\\\/de\\\/unterstuetzen-sie-uns\\\/#breadcrumb\"},\"inLanguage\":\"de\",\"potentialAction\":[{\"@type\":\"ReadAction\",\"target\":[\"https:\\\/\\\/maristeurope.eu\\\/de\\\/unterstuetzen-sie-uns\\\/\"]}]},{\"@type\":\"BreadcrumbList\",\"@id\":\"https:\\\/\\\/maristeurope.eu\\\/de\\\/unterstuetzen-sie-uns\\\/#breadcrumb\",\"itemListElement\":[{\"@type\":\"ListItem\",\"position\":1,\"name\":\"Home\",\"item\":\"https:\\\/\\\/maristeurope.eu\\\/de\\\/\"},{\"@type\":\"ListItem\",\"position\":2,\"name\":\"UNTERST\u00dcTZEN SIE UNS\"}]},{\"@type\":\"WebSite\",\"@id\":\"https:\\\/\\\/maristeurope.eu\\\/de\\\/#website\",\"url\":\"https:\\\/\\\/maristeurope.eu\\\/de\\\/\",\"name\":\"Marist Europe\",\"description\":\"\",\"publisher\":{\"@id\":\"https:\\\/\\\/maristeurope.eu\\\/de\\\/#organization\"},\"potentialAction\":[{\"@type\":\"SearchAction\",\"target\":{\"@type\":\"EntryPoint\",\"urlTemplate\":\"https:\\\/\\\/maristeurope.eu\\\/de\\\/?s={search_term_string}\"},\"query-input\":{\"@type\":\"PropertyValueSpecification\",\"valueRequired\":true,\"valueName\":\"search_term_string\"}}],\"inLanguage\":\"de\"},{\"@type\":\"Organization\",\"@id\":\"https:\\\/\\\/maristeurope.eu\\\/de\\\/#organization\",\"name\":\"Marist Europe\",\"url\":\"https:\\\/\\\/maristeurope.eu\\\/de\\\/\",\"logo\":{\"@type\":\"ImageObject\",\"inLanguage\":\"de\",\"@id\":\"https:\\\/\\\/maristeurope.eu\\\/de\\\/#\\\/schema\\\/logo\\\/image\\\/\",\"url\":\"https:\\\/\\\/maristeurope.eu\\\/wp-content\\\/uploads\\\/2024\\\/10\\\/EU-SM-Finalogo-02.png\",\"contentUrl\":\"https:\\\/\\\/maristeurope.eu\\\/wp-content\\\/uploads\\\/2024\\\/10\\\/EU-SM-Finalogo-02.png\",\"width\":150,\"height\":156,\"caption\":\"Marist Europe\"},\"image\":{\"@id\":\"https:\\\/\\\/maristeurope.eu\\\/de\\\/#\\\/schema\\\/logo\\\/image\\\/\"}}]}<\/script>\n<!-- \/ Yoast SEO plugin. -->","yoast_head_json":{"title":"UNTERST\u00dcTZEN SIE UNS - Marist Europe","robots":{"index":"index","follow":"follow","max-snippet":"max-snippet:-1","max-image-preview":"max-image-preview:large","max-video-preview":"max-video-preview:-1"},"canonical":"https:\/\/maristeurope.eu\/de\/unterstuetzen-sie-uns\/","og_locale":"de_DE","og_type":"article","og_title":"UNTERST\u00dcTZEN SIE UNS - Marist Europe","og_url":"https:\/\/maristeurope.eu\/de\/unterstuetzen-sie-uns\/","og_site_name":"Marist Europe","article_modified_time":"2026-05-07T10:39:37+00:00","twitter_card":"summary_large_image","schema":{"@context":"https:\/\/schema.org","@graph":[{"@type":"WebPage","@id":"https:\/\/maristeurope.eu\/de\/unterstuetzen-sie-uns\/","url":"https:\/\/maristeurope.eu\/de\/unterstuetzen-sie-uns\/","name":"UNTERST\u00dcTZEN SIE UNS - Marist Europe","isPartOf":{"@id":"https:\/\/maristeurope.eu\/de\/#website"},"datePublished":"2024-12-19T13:53:15+00:00","dateModified":"2026-05-07T10:39:37+00:00","breadcrumb":{"@id":"https:\/\/maristeurope.eu\/de\/unterstuetzen-sie-uns\/#breadcrumb"},"inLanguage":"de","potentialAction":[{"@type":"ReadAction","target":["https:\/\/maristeurope.eu\/de\/unterstuetzen-sie-uns\/"]}]},{"@type":"BreadcrumbList","@id":"https:\/\/maristeurope.eu\/de\/unterstuetzen-sie-uns\/#breadcrumb","itemListElement":[{"@type":"ListItem","position":1,"name":"Home","item":"https:\/\/maristeurope.eu\/de\/"},{"@type":"ListItem","position":2,"name":"UNTERST\u00dcTZEN SIE UNS"}]},{"@type":"WebSite","@id":"https:\/\/maristeurope.eu\/de\/#website","url":"https:\/\/maristeurope.eu\/de\/","name":"Marist Europe","description":"","publisher":{"@id":"https:\/\/maristeurope.eu\/de\/#organization"},"potentialAction":[{"@type":"SearchAction","target":{"@type":"EntryPoint","urlTemplate":"https:\/\/maristeurope.eu\/de\/?s={search_term_string}"},"query-input":{"@type":"PropertyValueSpecification","valueRequired":true,"valueName":"search_term_string"}}],"inLanguage":"de"},{"@type":"Organization","@id":"https:\/\/maristeurope.eu\/de\/#organization","name":"Marist Europe","url":"https:\/\/maristeurope.eu\/de\/","logo":{"@type":"ImageObject","inLanguage":"de","@id":"https:\/\/maristeurope.eu\/de\/#\/schema\/logo\/image\/","url":"https:\/\/maristeurope.eu\/wp-content\/uploads\/2024\/10\/EU-SM-Finalogo-02.png","contentUrl":"https:\/\/maristeurope.eu\/wp-content\/uploads\/2024\/10\/EU-SM-Finalogo-02.png","width":150,"height":156,"caption":"Marist Europe"},"image":{"@id":"https:\/\/maristeurope.eu\/de\/#\/schema\/logo\/image\/"}}]}},"_links":{"self":[{"href":"https:\/\/maristeurope.eu\/de\/wp-json\/wp\/v2\/pages\/3329","targetHints":{"allow":["GET"]}}],"collection":[{"href":"https:\/\/maristeurope.eu\/de\/wp-json\/wp\/v2\/pages"}],"about":[{"href":"https:\/\/maristeurope.eu\/de\/wp-json\/wp\/v2\/types\/page"}],"author":[{"embeddable":true,"href":"https:\/\/maristeurope.eu\/de\/wp-json\/wp\/v2\/users\/1"}],"replies":[{"embeddable":true,"href":"https:\/\/maristeurope.eu\/de\/wp-json\/wp\/v2\/comments?post=3329"}],"version-history":[{"count":11,"href":"https:\/\/maristeurope.eu\/de\/wp-json\/wp\/v2\/pages\/3329\/revisions"}],"predecessor-version":[{"id":11064,"href":"https:\/\/maristeurope.eu\/de\/wp-json\/wp\/v2\/pages\/3329\/revisions\/11064"}],"wp:attachment":[{"href":"https:\/\/maristeurope.eu\/de\/wp-json\/wp\/v2\/media?parent=3329"}],"curies":[{"name":"wp","href":"https:\/\/api.w.org\/{rel}","templated":true}]}}