{"id":2863,"date":"2024-11-19T13:13:55","date_gmt":"2024-11-19T12:13:55","guid":{"rendered":"https:\/\/marist.sjdigitaldemo.ovh\/maristen\/"},"modified":"2026-05-07T08:29:06","modified_gmt":"2026-05-07T06:29:06","slug":"maristen","status":"publish","type":"page","link":"https:\/\/maristeurope.eu\/de\/","title":{"rendered":"Maristen"},"content":{"rendered":"\n<div class=\"et_pb_section_0 et_pb_section et_section_regular et_block_section et-pb-has-background-video et_pb_preload section_has_divider et_pb_bottom_divider\"><span class=\"et-pb-background-video\"><video autoplay loop playsinline muted><source type=\"video\/mp4\" src=\"https:\/\/maristeurope.eu\/wp-content\/uploads\/2025\/01\/Marist.mp4\" \/><source type=\"video\/webm\" src=\"https:\/\/maristeurope.eu\/wp-content\/uploads\/2025\/01\/Marist.webm\" \/><\/video><\/span><div class=\"et_pb_row_0 et_pb_row et_pb_row_1-4_3-4 et_pb_equal_columns et_block_row et_block_row_1-4_3-4 et_animated preset--module--divi-row--default\"><div class=\"et_pb_column_0 et_pb_column et_pb_column_1_4 et_block_column et_pb_css_mix_blend_mode_passthrough\"><div class=\"et_pb_image_0 et_pb_image et_pb_module et_block_module\"><span class=\"et_pb_image_wrap\"><img loading=\"lazy\" decoding=\"async\" src=\"https:\/\/maristeurope.eu\/wp-content\/uploads\/2024\/10\/SM-Vocations-LOGO-transparent-e1728305138154.png\" width=\"379\" height=\"514\" srcset=\"https:\/\/maristeurope.eu\/wp-content\/uploads\/2024\/10\/SM-Vocations-LOGO-transparent-e1728305138154.png 379w\" sizes=\"(min-width: 0px) and (max-width: 379px) 379px, 100vw\" class=\"wp-image-32\" title=\"SM Vocations LOGO transparent\" \/><\/span><\/div><\/div><div class=\"et_pb_column_1 et_pb_column et_pb_column_3_4 et-last-child et_block_column et_pb_css_mix_blend_mode_passthrough\"><div class=\"et_pb_text_0 et_pb_text et_pb_bg_layout_light et_pb_module et_block_module\"><div class=\"et_pb_text_inner\"><h1>Maristen in Europa<\/h1>\n<h2>Marias Gegenwart sein <br \/>in der Welt<\/h2>\n<\/div><\/div><\/div><\/div><div class=\"et_pb_bottom_inside_divider et-no-transition\"><\/div><\/div><div class=\"et_pb_section_1 et_pb_section et_section_regular et_block_section\"><div class=\"et_pb_row_1 et_pb_row et_pb_equal_columns et_block_row preset--module--divi-row--default\"><div class=\"et_pb_column_2 et_pb_column et_pb_column_1_2 et_block_column et_pb_css_mix_blend_mode_passthrough et_animated\"><div class=\"et_pb_text_1 et_pb_text et_pb_bg_layout_light et_pb_module et_block_module\"><div class=\"et_pb_text_inner\"><p>Wir sind Ordensleute und Laien, Frauen und M\u00e4nner, die sich in der r\u00f6misch-katholischen Tradition um die Nachfolge Christi in der Art Marias bem\u00fchen.<\/p>\n<p>Die <strong>Maristenpatres und -br\u00fcder<\/strong> der <strong>Gesellschaft Mariens <\/strong>in Europa sind Teil einer internationalen Ordenskongregation.<\/p>\n<\/div><\/div><\/div><div class=\"et_pb_column_3 et_pb_column et_pb_column_1_2 et-last-child et_block_column et_pb_css_mix_blend_mode_passthrough et_animated\"><div class=\"et_pb_image_1 et_pb_image et_pb_module et_block_module\"><span class=\"et_pb_image_wrap\"><img loading=\"lazy\" decoding=\"async\" src=\"https:\/\/maristeurope.eu\/wp-content\/uploads\/2024\/11\/16-NEW-0512-Arandas-OL-shrine-3J-crpps.jpg\" width=\"1000\" height=\"562\" srcset=\"https:\/\/maristeurope.eu\/wp-content\/uploads\/2024\/11\/16-NEW-0512-Arandas-OL-shrine-3J-crpps.jpg 1000w, https:\/\/maristeurope.eu\/wp-content\/uploads\/2024\/11\/16-NEW-0512-Arandas-OL-shrine-3J-crpps-980x551.jpg 980w, https:\/\/maristeurope.eu\/wp-content\/uploads\/2024\/11\/16-NEW-0512-Arandas-OL-shrine-3J-crpps-480x270.jpg 480w\" sizes=\"(min-width: 0px) and (max-width: 480px) 480px, (min-width: 481px) and (max-width: 980px) 980px, (min-width: 981px) 1000px, 100vw\" class=\"wp-image-362\" title=\"16-NEW-0512-Arandas-OL-shrine-3J-crpps\" \/><\/span><\/div><\/div><\/div><\/div><div class=\"et_pb_section_2 et_pb_section et_section_regular et_block_section\"><div class=\"et_pb_row_2 et_pb_row et_block_row preset--module--divi-row--default\"><div class=\"et_pb_column_4 et_pb_column et_pb_column_4_4 et-last-child et_block_column et_pb_css_mix_blend_mode_passthrough\"><div class=\"et_pb_image_2 et_pb_image et_animated et_pb_module et_block_module\"><span class=\"et_pb_image_wrap\"><img loading=\"lazy\" decoding=\"async\" src=\"https:\/\/maristeurope.eu\/wp-content\/uploads\/2024\/10\/DSC3594-scaled.jpg\" width=\"2560\" height=\"1210\" srcset=\"https:\/\/maristeurope.eu\/wp-content\/uploads\/2024\/10\/DSC3594-scaled.jpg 2560w, https:\/\/maristeurope.eu\/wp-content\/uploads\/2024\/10\/DSC3594-1280x605.jpg 1280w, https:\/\/maristeurope.eu\/wp-content\/uploads\/2024\/10\/DSC3594-980x463.jpg 980w, https:\/\/maristeurope.eu\/wp-content\/uploads\/2024\/10\/DSC3594-480x227.jpg 480w\" sizes=\"(min-width: 0px) and (max-width: 480px) 480px, (min-width: 481px) and (max-width: 980px) 980px, (min-width: 981px) and (max-width: 1280px) 1280px, (min-width: 1281px) 2560px, 100vw\" class=\"wp-image-151\" title=\"_DSC3594\" \/><\/span><\/div><div class=\"et_pb_text_2 et_pb_text et_pb_bg_layout_light et_pb_module et_block_module\"><div class=\"et_pb_text_inner\"><p style=\"text-align: center;\">St\u00e4rke in Einigkeit<\/p>\n<\/div><\/div><\/div><\/div><\/div><div class=\"et_pb_section_3 et_pb_section et_section_regular et_block_section\"><div class=\"et_pb_row_3 et_pb_row et_block_row preset--module--divi-row--default\"><div class=\"et_pb_column_5 et_pb_column et_pb_column_1_2 et_block_column et_pb_css_mix_blend_mode_passthrough\"><div class=\"et_pb_text_3 et_pb_text et_pb_bg_layout_light et_animated et_pb_module et_block_module\"><div class=\"et_pb_text_inner\"><p>In der <strong>Europ\u00e4ischen Provinz<\/strong> - die Gemeinschaften aus <strong>Italien, Irland, Deutschland, Spanien, England, Norwegen, Frankreich und den Niederlanden<\/strong> vereint - folgen wir dem Ruf Jesu Christi und verk\u00fcnden das Evangelium <strong>unter Marias Namen<\/strong> und F\u00fchrung.<\/p>\n<\/div><\/div><div class=\"et_pb_module et_pb_button_module_wrapper et_pb_button_0_wrapper\"><a class=\"et_pb_button_0 et_pb_button et_pb_bg_layout_light et_pb_module et_block_module\" href=\"https:\/\/maristeurope.eu\/de\/spiritualitaet\/\">Mehr erfahren<\/a><\/div><\/div><div class=\"et_pb_column_6 et_pb_column et_pb_column_1_2 et-last-child et_block_column et_pb_css_mix_blend_mode_passthrough\"><div class=\"et_pb_text_4 et_pb_text et_pb_bg_layout_light et_animated et_pb_module et_block_module\"><div class=\"et_pb_text_inner\"><p>Das Evangelium in die Tat umzusetzen bedeutet f\u00fcr uns, so <strong>zu denken, zu urteilen, zu f\u00fchlen und zu handeln<\/strong>, wie Maria es tat, in der Kultur des heutigen Europas.<\/p>\n<\/div><\/div><\/div><\/div><\/div><div class=\"et_pb_section_4 et_pb_section et_section_regular et_block_section section_has_divider et_pb_top_divider\"><div class=\"et_pb_top_inside_divider et-no-transition\"><\/div><div class=\"et_pb_row_4 et_pb_row et_block_row preset--module--divi-row--default\"><div class=\"et_pb_column_7 et_pb_column et_pb_column_4_4 et-last-child et_block_column et_pb_css_mix_blend_mode_passthrough\"><div class=\"et_pb_text_5 et_pb_text et_pb_bg_layout_light et_animated et_pb_module et_block_module\"><div class=\"et_pb_text_inner\"><h2>Was ist in der Provinz los?<\/h2>\n<\/div><\/div><div class=\"et_pb_blog_0 et_pb_blog et_pb_bg_layout_light et_pb_posts et_animated et_pb_module\"><div class=\"et_pb_ajax_pagination_container\"><div class=\"et_pb_posts et_grid_module\"><article class=\"et_pb_post et_pb_post_id_10777 clearfix et_pb_blog_item_0_0 post-10777 post type-post status-publish format-standard has-post-thumbnail hentry category-nicht-kategorisiert\"><div class=\"et_pb_image_container\"><a href=\"https:\/\/maristeurope.eu\/de\/den-maristischen-geist-in-unseren-schulen-in-irland-kultivieren\/\" class=\"entry-featured-image-url\"><img loading=\"lazy\" decoding=\"async\" src=\"https:\/\/maristeurope.eu\/wp-content\/uploads\/2026\/05\/1000143931-scaled.jpg\" width=\"400\" height=\"284\" alt=\"Den maristischen Geist in unseren Schulen in Irland kultivieren\" class=\"\" srcset=\"https:\/\/maristeurope.eu\/wp-content\/uploads\/2026\/05\/1000143931-scaled.jpg 479w, https:\/\/maristeurope.eu\/wp-content\/uploads\/2026\/05\/1000143931-400x284.jpg 480w\" sizes=\"(max-width:479px) 479px, 100vw\" \/><span data-icon=\"\ue050\" class=\"et_overlay et_pb_inline_icon\"><\/span><\/a><\/div><h2 class=\"entry-title\"><a href=\"https:\/\/maristeurope.eu\/de\/den-maristischen-geist-in-unseren-schulen-in-irland-kultivieren\/\">Den maristischen Geist in unseren Schulen in Irland kultivieren<\/a><\/h2><p class=\"post-meta\"><span class=\"published\">Mai 6, 2026<\/span><\/p><div class=\"post-content\"><div class=\"post-content-inner\"><p>Die Chanel-Gemeinschaft in Coolock (Irland) empfing k\u00fcrzlich f\u00fcr eine Woche Lachie Bartlett, einen Seminaristen im zweiten Studienjahr aus dem Casa Di Maria in Rom. In Begleitung von Pater Martin McAnaney unterst\u00fctzte er die Bem\u00fchungen des maristischen Bildungspatronats, der Marist Education Authority Schools (MEAS), zur F\u00f6rderung des maristischen Ethos und der F\u00fchrungsausbildung im Bildungswesen.   <\/p>\n<\/div><\/div><\/article><article class=\"et_pb_post et_pb_post_id_10618 clearfix et_pb_blog_item_0_1 post-10618 post type-post status-publish format-standard has-post-thumbnail hentry category-nicht-kategorisiert\"><div class=\"et_pb_image_container\"><a href=\"https:\/\/maristeurope.eu\/de\/maristen-tage-austausch-ueber-berufungen-in-franzoesischen-schulen\/\" class=\"entry-featured-image-url\"><img loading=\"lazy\" decoding=\"async\" src=\"https:\/\/maristeurope.eu\/wp-content\/uploads\/2026\/04\/PHOTO-2026-04-22-14-42-39.jpg\" width=\"400\" height=\"284\" alt=\"Maristen-Tage: Austausch \u00fcber Berufungen in franz\u00f6sischen Schulen\" class=\"\" srcset=\"https:\/\/maristeurope.eu\/wp-content\/uploads\/2026\/04\/PHOTO-2026-04-22-14-42-39.jpg 479w, https:\/\/maristeurope.eu\/wp-content\/uploads\/2026\/04\/PHOTO-2026-04-22-14-42-39-400x284.jpg 480w\" sizes=\"(max-width:479px) 479px, 100vw\" \/><span data-icon=\"\ue050\" class=\"et_overlay et_pb_inline_icon\"><\/span><\/a><\/div><h2 class=\"entry-title\"><a href=\"https:\/\/maristeurope.eu\/de\/maristen-tage-austausch-ueber-berufungen-in-franzoesischen-schulen\/\">Maristen-Tage: Austausch \u00fcber Berufungen in franz\u00f6sischen Schulen<\/a><\/h2><p class=\"post-meta\"><span class=\"published\">Apr. 29, 2026<\/span><\/p><div class=\"post-content\"><div class=\"post-content-inner\"><p>In diesem Fr\u00fchjahr feierten mehrere Maristenschulen in Frankreich \"Les journ\u00e9es maristes\" (Maristen-Tage). Die Reise begann im M\u00e4rz in Bury und Le Rosaire (n\u00f6rdlich von Paris) und wurde nach Ostern an unseren drei Standorten in Toulon fortgesetzt: Cours F\u00e9nelon, Institution Sainte Marie, und Externat Saint Joseph la Cordeille. <\/p>\n<\/div><\/div><\/article><article class=\"et_pb_post et_pb_post_id_10584 clearfix et_pb_blog_item_0_2 post-10584 post type-post status-publish format-standard has-post-thumbnail hentry category-nicht-kategorisiert\"><div class=\"et_pb_image_container\"><a href=\"https:\/\/maristeurope.eu\/de\/maristenpatres-treten-der-europaeischen-provinz-bei\/\" class=\"entry-featured-image-url\"><img loading=\"lazy\" decoding=\"async\" src=\"https:\/\/maristeurope.eu\/wp-content\/uploads\/2026\/04\/small-table-lamp-world-map-copy-space-1-scaled.jpg\" width=\"400\" height=\"284\" alt=\"Maristenpatres treten der europ\u00e4ischen Provinz bei\" class=\"\" srcset=\"https:\/\/maristeurope.eu\/wp-content\/uploads\/2026\/04\/small-table-lamp-world-map-copy-space-1-scaled.jpg 479w, https:\/\/maristeurope.eu\/wp-content\/uploads\/2026\/04\/small-table-lamp-world-map-copy-space-1-400x284.jpg 480w\" sizes=\"(max-width:479px) 479px, 100vw\" \/><span data-icon=\"\ue050\" class=\"et_overlay et_pb_inline_icon\"><\/span><\/a><\/div><h2 class=\"entry-title\"><a href=\"https:\/\/maristeurope.eu\/de\/maristenpatres-treten-der-europaeischen-provinz-bei\/\">Maristenpatres treten der europ\u00e4ischen Provinz bei<\/a><\/h2><p class=\"post-meta\"><span class=\"published\">Apr. 22, 2026<\/span><\/p><div class=\"post-content\"><div class=\"post-content-inner\"><p>Wir freuen uns, in der europ\u00e4ischen Provinz Pater Christian willkommen zu hei\u00dfen, der in der Gemeinschaft in Lyon lebt, und Pater Clovis, der sich der Gemeinschaft in London anschlie\u00dft<\/p>\n<\/div><\/div><\/article><\/div><\/div><\/div><div class=\"et_pb_module et_pb_button_module_wrapper et_pb_button_1_wrapper\"><a class=\"et_pb_button_1 et_pb_button et_pb_bg_layout_light et_pb_module et_block_module\" href=\"https:\/\/maristeurope.eu\/de\/nachrichten\/\">Mehr Nachrichten<\/a><\/div><\/div><\/div><\/div><div class=\"et_pb_section_5 et_pb_section et_section_regular et_block_section section_has_divider et_pb_top_divider et_pb_bottom_divider\"><div class=\"et_pb_top_inside_divider et-no-transition\"><\/div><span class=\"et_pb_background_pattern\"><\/span><div class=\"et_pb_row_5 et_pb_row et_pb_equal_columns et_block_row preset--module--divi-row--default\"><div class=\"et_pb_column_8 et_pb_column et_pb_column_2_5 et_block_column et_pb_css_mix_blend_mode_passthrough\"><div class=\"et_pb_text_6 et_pb_text et_pb_bg_layout_light et_pb_module et_block_module preset--module--divi-text--178bfce1-3fbd-44bf-b7e7-d42ab13944f7\"><div class=\"et_pb_text_inner\"><h4>IHRE CHANCE, EIN<\/h4>\n<\/div><\/div><div class=\"et_pb_text_7 et_pb_text et_pb_bg_layout_light et_pb_module et_block_module preset--module--divi-text--b7c8e0f7-f028-4ba3-ace1-b6f3b08d486e\"><div class=\"et_pb_text_inner\"><h2>MARISTEN-INFLUENCER<\/h2>\n<\/div><\/div><\/div><div class=\"et_pb_column_9 et_pb_column et_pb_column_3_5 et-last-child et_block_column et_pb_css_mix_blend_mode_passthrough\"><div class=\"et_pb_text_8 et_pb_text et_pb_bg_layout_light et_animated et_clickable et_pb_module et_block_module\"><div class=\"et_pb_text_inner\"><p>Bildung<\/p>\n<\/div><\/div><div class=\"et_pb_text_9 et_pb_text et_pb_bg_layout_light et_animated et_clickable et_pb_module et_block_module\"><div class=\"et_pb_text_inner\"><p>Berufungen<\/p>\n<\/div><\/div><div class=\"et_pb_text_10 et_pb_text et_pb_bg_layout_light et_animated et_clickable et_pb_module et_block_module\"><div class=\"et_pb_text_inner\"><p>Maristen Laien<\/p>\n<\/div><\/div><\/div><\/div><div class=\"et_pb_bottom_inside_divider et-no-transition\"><\/div><\/div><div class=\"et_pb_section_6 et_pb_section et_section_regular et_block_section\"><span class=\"et_pb_background_pattern\"><\/span><div class=\"et_pb_row_6 et_pb_row et_block_row et_animated preset--module--divi-row--default\"><div class=\"et_pb_column_10 et_pb_column et_pb_column_1_2 et_block_column et_pb_css_mix_blend_mode_passthrough\"><div class=\"et_pb_text_11 et_pb_text et_pb_bg_layout_light et_animated et_clickable et_pb_module et_block_module\"><div class=\"et_pb_text_inner\"><h3>Zur\u00fcck in die Zukunft<\/h3>\n<p><b>La Neyli\u00e8re<\/b><span style=\"font-weight: 400;\"> ist unser Maristen-G\u00e4stehaus, in dem unser Gr\u00fcnder, Pater Colin, in der N\u00e4he von Lyon lebte und das nun Menschen empf\u00e4ngt, die Inspiration f\u00fcr ihr Leben suchen.<\/span><\/p>\n<\/div><\/div><\/div><div class=\"et_pb_column_11 et_pb_column et_pb_column_1_2 et-last-child et_block_column et_pb_css_mix_blend_mode_passthrough\"><div class=\"et_pb_text_12 et_pb_text et_pb_bg_layout_light et_animated et_clickable et_pb_module et_block_module\"><div class=\"et_pb_text_inner\"><h3>Pilger willkommen hei\u00dfen<\/h3>\n<p><span style=\"font-weight: 400;\">auf dem <\/span><b>Camino<\/b><span style=\"font-weight: 400;\"> nach Santiago de Compostella, unsere Maristenherberge in <\/span><b>Sahag\u00fan<\/b><span style=\"font-weight: 400;\"> bietet Gastfreundschaft f\u00fcr Menschen, die auf ihrer Lebensreise nach einem Sinn suchen.<\/span><\/p>\n<\/div><\/div><\/div><\/div><div class=\"et_pb_row_7 et_pb_row et_pb_row_1-4_1-2_1-4 et_block_row et_block_row_1-4_1-2_1-4 et_animated preset--module--divi-row--default\"><div class=\"et_pb_column_12 et_pb_column et_pb_column_1_4 et_block_column et_pb_column_empty et_pb_css_mix_blend_mode_passthrough\"><\/div><div class=\"et_pb_column_13 et_pb_column et_pb_column_1_2 et_block_column et_pb_css_mix_blend_mode_passthrough\"><div class=\"et_pb_text_13 et_pb_text et_pb_bg_layout_light et_animated et_clickable et_pb_module et_block_module\"><div class=\"et_pb_text_inner\"><h3>Mission Stadtzentrum<\/h3>\n<p><span style=\"font-weight: 400;\">Notre Dame de France ist eine Kirche im West End von <\/span><b>London<\/b><span style=\"font-weight: 400;\">Sie ist die Heimat der frankophonen Gemeinden, die in Wort und Tat in der Stadt evangelisieren.<\/span><\/p>\n<\/div><\/div><\/div><div class=\"et_pb_column_14 et_pb_column et_pb_column_1_4 et-last-child et_block_column et_pb_column_empty et_pb_css_mix_blend_mode_passthrough\"><\/div><\/div><\/div>\n","protected":false},"excerpt":{"rendered":"","protected":false},"author":1,"featured_media":0,"parent":0,"menu_order":0,"comment_status":"closed","ping_status":"closed","template":"","meta":{"footnotes":""},"class_list":["post-2863","page","type-page","status-publish","hentry"],"yoast_head":"<!-- This site is optimized with the Yoast SEO plugin v27.5 - https:\/\/yoast.com\/product\/yoast-seo-wordpress\/ -->\n<title>Maristen - Marist Europe<\/title>\n<meta name=\"robots\" content=\"index, follow, max-snippet:-1, max-image-preview:large, max-video-preview:-1\" \/>\n<link rel=\"canonical\" href=\"https:\/\/maristeurope.eu\/de\/\" \/>\n<meta property=\"og:locale\" content=\"de_DE\" \/>\n<meta property=\"og:type\" content=\"article\" \/>\n<meta property=\"og:title\" content=\"Maristen - Marist Europe\" \/>\n<meta property=\"og:url\" content=\"https:\/\/maristeurope.eu\/de\/\" \/>\n<meta property=\"og:site_name\" content=\"Marist Europe\" \/>\n<meta property=\"article:modified_time\" content=\"2026-05-07T06:29:06+00:00\" \/>\n<meta name=\"twitter:card\" content=\"summary_large_image\" \/>\n<script type=\"application\/ld+json\" class=\"yoast-schema-graph\">{\"@context\":\"https:\\\/\\\/schema.org\",\"@graph\":[{\"@type\":\"WebPage\",\"@id\":\"https:\\\/\\\/maristeurope.eu\\\/de\\\/\",\"url\":\"https:\\\/\\\/maristeurope.eu\\\/de\\\/\",\"name\":\"Maristen - Marist Europe\",\"isPartOf\":{\"@id\":\"https:\\\/\\\/maristeurope.eu\\\/de\\\/#website\"},\"datePublished\":\"2024-11-19T12:13:55+00:00\",\"dateModified\":\"2026-05-07T06:29:06+00:00\",\"breadcrumb\":{\"@id\":\"https:\\\/\\\/maristeurope.eu\\\/de\\\/#breadcrumb\"},\"inLanguage\":\"de\",\"potentialAction\":[{\"@type\":\"ReadAction\",\"target\":[\"https:\\\/\\\/maristeurope.eu\\\/de\\\/\"]}]},{\"@type\":\"BreadcrumbList\",\"@id\":\"https:\\\/\\\/maristeurope.eu\\\/de\\\/#breadcrumb\",\"itemListElement\":[{\"@type\":\"ListItem\",\"position\":1,\"name\":\"Home\",\"item\":\"https:\\\/\\\/maristeurope.eu\\\/de\\\/\"},{\"@type\":\"ListItem\",\"position\":2,\"name\":\"Maristen\"}]},{\"@type\":\"WebSite\",\"@id\":\"https:\\\/\\\/maristeurope.eu\\\/de\\\/#website\",\"url\":\"https:\\\/\\\/maristeurope.eu\\\/de\\\/\",\"name\":\"Marist Europe\",\"description\":\"\",\"publisher\":{\"@id\":\"https:\\\/\\\/maristeurope.eu\\\/de\\\/#organization\"},\"potentialAction\":[{\"@type\":\"SearchAction\",\"target\":{\"@type\":\"EntryPoint\",\"urlTemplate\":\"https:\\\/\\\/maristeurope.eu\\\/de\\\/?s={search_term_string}\"},\"query-input\":{\"@type\":\"PropertyValueSpecification\",\"valueRequired\":true,\"valueName\":\"search_term_string\"}}],\"inLanguage\":\"de\"},{\"@type\":\"Organization\",\"@id\":\"https:\\\/\\\/maristeurope.eu\\\/de\\\/#organization\",\"name\":\"Marist Europe\",\"url\":\"https:\\\/\\\/maristeurope.eu\\\/de\\\/\",\"logo\":{\"@type\":\"ImageObject\",\"inLanguage\":\"de\",\"@id\":\"https:\\\/\\\/maristeurope.eu\\\/de\\\/#\\\/schema\\\/logo\\\/image\\\/\",\"url\":\"https:\\\/\\\/maristeurope.eu\\\/wp-content\\\/uploads\\\/2024\\\/10\\\/EU-SM-Finalogo-02.png\",\"contentUrl\":\"https:\\\/\\\/maristeurope.eu\\\/wp-content\\\/uploads\\\/2024\\\/10\\\/EU-SM-Finalogo-02.png\",\"width\":150,\"height\":156,\"caption\":\"Marist Europe\"},\"image\":{\"@id\":\"https:\\\/\\\/maristeurope.eu\\\/de\\\/#\\\/schema\\\/logo\\\/image\\\/\"}}]}<\/script>\n<!-- \/ Yoast SEO plugin. -->","yoast_head_json":{"title":"Maristen - Marist Europe","robots":{"index":"index","follow":"follow","max-snippet":"max-snippet:-1","max-image-preview":"max-image-preview:large","max-video-preview":"max-video-preview:-1"},"canonical":"https:\/\/maristeurope.eu\/de\/","og_locale":"de_DE","og_type":"article","og_title":"Maristen - Marist Europe","og_url":"https:\/\/maristeurope.eu\/de\/","og_site_name":"Marist Europe","article_modified_time":"2026-05-07T06:29:06+00:00","twitter_card":"summary_large_image","schema":{"@context":"https:\/\/schema.org","@graph":[{"@type":"WebPage","@id":"https:\/\/maristeurope.eu\/de\/","url":"https:\/\/maristeurope.eu\/de\/","name":"Maristen - Marist Europe","isPartOf":{"@id":"https:\/\/maristeurope.eu\/de\/#website"},"datePublished":"2024-11-19T12:13:55+00:00","dateModified":"2026-05-07T06:29:06+00:00","breadcrumb":{"@id":"https:\/\/maristeurope.eu\/de\/#breadcrumb"},"inLanguage":"de","potentialAction":[{"@type":"ReadAction","target":["https:\/\/maristeurope.eu\/de\/"]}]},{"@type":"BreadcrumbList","@id":"https:\/\/maristeurope.eu\/de\/#breadcrumb","itemListElement":[{"@type":"ListItem","position":1,"name":"Home","item":"https:\/\/maristeurope.eu\/de\/"},{"@type":"ListItem","position":2,"name":"Maristen"}]},{"@type":"WebSite","@id":"https:\/\/maristeurope.eu\/de\/#website","url":"https:\/\/maristeurope.eu\/de\/","name":"Marist Europe","description":"","publisher":{"@id":"https:\/\/maristeurope.eu\/de\/#organization"},"potentialAction":[{"@type":"SearchAction","target":{"@type":"EntryPoint","urlTemplate":"https:\/\/maristeurope.eu\/de\/?s={search_term_string}"},"query-input":{"@type":"PropertyValueSpecification","valueRequired":true,"valueName":"search_term_string"}}],"inLanguage":"de"},{"@type":"Organization","@id":"https:\/\/maristeurope.eu\/de\/#organization","name":"Marist Europe","url":"https:\/\/maristeurope.eu\/de\/","logo":{"@type":"ImageObject","inLanguage":"de","@id":"https:\/\/maristeurope.eu\/de\/#\/schema\/logo\/image\/","url":"https:\/\/maristeurope.eu\/wp-content\/uploads\/2024\/10\/EU-SM-Finalogo-02.png","contentUrl":"https:\/\/maristeurope.eu\/wp-content\/uploads\/2024\/10\/EU-SM-Finalogo-02.png","width":150,"height":156,"caption":"Marist Europe"},"image":{"@id":"https:\/\/maristeurope.eu\/de\/#\/schema\/logo\/image\/"}}]}},"_links":{"self":[{"href":"https:\/\/maristeurope.eu\/de\/wp-json\/wp\/v2\/pages\/2863","targetHints":{"allow":["GET"]}}],"collection":[{"href":"https:\/\/maristeurope.eu\/de\/wp-json\/wp\/v2\/pages"}],"about":[{"href":"https:\/\/maristeurope.eu\/de\/wp-json\/wp\/v2\/types\/page"}],"author":[{"embeddable":true,"href":"https:\/\/maristeurope.eu\/de\/wp-json\/wp\/v2\/users\/1"}],"replies":[{"embeddable":true,"href":"https:\/\/maristeurope.eu\/de\/wp-json\/wp\/v2\/comments?post=2863"}],"version-history":[{"count":24,"href":"https:\/\/maristeurope.eu\/de\/wp-json\/wp\/v2\/pages\/2863\/revisions"}],"predecessor-version":[{"id":10753,"href":"https:\/\/maristeurope.eu\/de\/wp-json\/wp\/v2\/pages\/2863\/revisions\/10753"}],"wp:attachment":[{"href":"https:\/\/maristeurope.eu\/de\/wp-json\/wp\/v2\/media?parent=2863"}],"curies":[{"name":"wp","href":"https:\/\/api.w.org\/{rel}","templated":true}]}}