{"id":2803,"date":"2024-11-27T11:56:05","date_gmt":"2024-11-27T10:56:05","guid":{"rendered":"https:\/\/marist.sjdigitaldemo.ovh\/ueber-uns\/familie-marist\/"},"modified":"2026-05-07T08:34:19","modified_gmt":"2026-05-07T06:34:19","slug":"familie-marist","status":"publish","type":"page","link":"https:\/\/maristeurope.eu\/de\/ueber-uns\/familie-marist\/","title":{"rendered":"Familie Marist"},"content":{"rendered":"\n<div class=\"et_pb_section_0 et_pb_section et_section_regular et_block_section section_has_divider et_pb_bottom_divider\"><div class=\"et_pb_row_0 et_pb_row et_pb_equal_columns et_block_row et_animated preset--module--divi-row--default\"><div class=\"et_pb_column_0 et_pb_column et_pb_column_4_4 et-last-child et_block_column et_pb_css_mix_blend_mode_passthrough\"><div class=\"et_pb_text_0 et_pb_text et_pb_bg_layout_light et_pb_module et_block_module\"><div class=\"et_pb_text_inner\"><h2>Familie Marist<\/h2>\n<\/div><\/div><\/div><\/div><div class=\"et_pb_bottom_inside_divider et-no-transition\"><\/div><\/div><div class=\"et_pb_section_1 et_pb_section et_section_regular et_block_section\"><div class=\"et_pb_row_1 et_pb_row et_pb_equal_columns et_block_row preset--module--divi-row--default\"><div class=\"et_pb_column_1 et_pb_column et_pb_column_2_3 et_block_column et_pb_css_mix_blend_mode_passthrough et_animated\"><div class=\"et_pb_text_1 et_pb_text et_pb_bg_layout_light et_pb_module et_block_module\"><div class=\"et_pb_text_inner\"><p>Die \"Gesellschaft Mariens\" wurde am 23. Juli 1816 im Heiligtum von Notre Dame de Fourvi\u00e8re (in Lyon, Frankreich) gegr\u00fcndet.<\/p>\n<p>Die Gr\u00fcnder: eine Gruppe von zw\u00f6lf Seminaristen, darunter Jean-Claude Colin und Marcellin Champagnat. Ihre Vision wurde allumfassend: Diese 'Gesellschaft Mariens', der sie sich verschrieben, sollte in einer Bewegung Priester, Br\u00fcder, Schwestern und einen dritten Orden von Laien umfassen. Es w\u00fcrde <strong>eine 'Familie' mit vier Zweigen<\/strong> sein <strong>.<\/strong>  <\/p>\n<p>  Sie waren durch ihr spirituelles Ideal verbunden: sich, wie Maria, in den Dienst der Kirche zu stellen durch eine Arbeit, die diskret und verborgen, aber dennoch gro\u00dfz\u00fcgig und dynamisch war.<\/p>\n<\/div><\/div><\/div><div class=\"et_pb_column_2 et_pb_column et_pb_column_1_3 et-last-child et_block_column et_pb_css_mix_blend_mode_passthrough et_animated\"><div class=\"et_pb_image_0 et_pb_image et_pb_module et_block_module\"><span class=\"et_pb_image_wrap\"><img loading=\"lazy\" decoding=\"async\" src=\"https:\/\/maristeurope.eu\/wp-content\/uploads\/2025\/01\/Marist-Family-tree.jpg\" width=\"705\" height=\"600\" srcset=\"https:\/\/maristeurope.eu\/wp-content\/uploads\/2025\/01\/Marist-Family-tree.jpg 705w, https:\/\/maristeurope.eu\/wp-content\/uploads\/2025\/01\/Marist-Family-tree-480x409.jpg 480w\" sizes=\"(min-width: 0px) and (max-width: 480px) 480px, (min-width: 481px) 705px, 100vw\" class=\"wp-image-1037\" title=\"Maristen-Stammbaum\" \/><\/span><\/div><\/div><\/div><\/div><div class=\"et_pb_section_2 et_pb_section et_section_regular et_block_section section_has_divider et_pb_top_divider\"><div class=\"et_pb_top_inside_divider et-no-transition\"><\/div><span class=\"et_pb_background_pattern\"><\/span><div class=\"et_pb_row_2 et_pb_row et_pb_equal_columns et_block_row et_animated preset--module--divi-row--default\"><div class=\"et_pb_column_3 et_pb_column et_pb_column_2_5 et_block_column et_pb_css_mix_blend_mode_passthrough\"><div class=\"et_pb_text_2 et_pb_text et_pb_bg_layout_light et_animated et_pb_module et_block_module et_pb_text_align_right\"><div class=\"et_pb_text_inner\"><h1>Die Maristenpatres und -br\u00fcder der Gesellschaft Mariens<\/h1>\n<\/div><\/div><\/div><div class=\"et_pb_column_4 et_pb_column et_pb_column_3_5 et-last-child et_block_column et_pb_css_mix_blend_mode_passthrough\"><div class=\"et_pb_text_3 et_pb_text et_pb_bg_layout_light et_animated et_pb_module et_block_module\"><div class=\"et_pb_text_inner\"><p>Die Gr\u00fcndung einer Gesellschaft, die den Namen Mariens tr\u00e4gt, \"<strong>um auf die gro\u00dfen Bed\u00fcrfnisse der V\u00f6lker zu antworten<\/strong>\", wurde mit Pater Jean Claude Colin Wirklichkeit. In einem entchristlichten Frankreich f\u00fchrten die Maristenpatres Missionen auf dem Land durch und richteten Schulen ein. Im Jahr 1836 erkl\u00e4rten sie sich auf Bitten des Papstes bereit, nach Ozeanien zu gehen und neue Missionsgebiete zu gr\u00fcnden. Heute gibt es etwa 600 Mitglieder auf f\u00fcnf Kontinenten.   <\/p>\n<\/div><\/div><\/div><\/div><div class=\"et_pb_row_3 et_pb_row et_pb_equal_columns et_block_row et_animated preset--module--divi-row--default\"><div class=\"et_pb_column_5 et_pb_column et_pb_column_4_4 et-last-child et_block_column et_pb_css_mix_blend_mode_passthrough\"><div class=\"et_pb_text_4 et_pb_text et_pb_bg_layout_light et_animated et_pb_module et_block_module et_pb_text_align_center\"><div class=\"et_pb_text_inner\"><p>\"<em><strong>Marist zu sein bedeutet, berufen und auserw\u00e4hlt zu sein, durch eine Liebe, die uns aus freien St\u00fccken geschenkt wurde, das Evangelium zu leben, wie Maria es getan hat, in einer Gesellschaft, die ihren Namen tr\u00e4gt<\/strong><\/em>\".<\/p>\n<p>Konstitutionen der Maristenpatres<\/p>\n<\/div><\/div><div class=\"et_pb_module et_pb_button_module_wrapper et_pb_button_0_wrapper\"><a class=\"et_pb_button_0 et_pb_button et_pb_bg_layout_light et_animated et_pb_module et_block_module\" href=\"\">maristsm.org<\/a><\/div><\/div><\/div><\/div><div class=\"et_pb_section_3 et_pb_section et_section_regular et_block_section section_has_divider et_pb_top_divider et_pb_bottom_divider\"><div class=\"et_pb_top_inside_divider et-no-transition\"><\/div><div class=\"et_pb_row_4 et_pb_row et_pb_equal_columns et_block_row et_animated preset--module--divi-row--default\"><div class=\"et_pb_column_6 et_pb_column et_pb_column_2_5 et_block_column et_pb_css_mix_blend_mode_passthrough\"><div class=\"et_pb_text_5 et_pb_text et_pb_bg_layout_light et_animated et_pb_module et_block_module et_pb_text_align_right\"><div class=\"et_pb_text_inner\"><h1><strong><em>Die Maristenbr\u00fcder  <\/em><\/strong><\/h1>\n<\/div><\/div><\/div><div class=\"et_pb_column_7 et_pb_column et_pb_column_3_5 et-last-child et_block_column et_pb_css_mix_blend_mode_passthrough\"><div class=\"et_pb_text_6 et_pb_text et_pb_bg_layout_light et_animated et_pb_module et_block_module\"><div class=\"et_pb_text_inner\"><p>Die Maristenbr\u00fcder entstanden<strong> 1817<\/strong> als Antwort auf die spirituellen, erzieherischen und physischen Bed\u00fcrfnisse der jungen und armen Menschen. Der Gr\u00fcnder, ein junger franz\u00f6sischer Maristenpater, Marcellin Champagnat, war Teil der Zw\u00f6lfergruppe Fourvi\u00e8re. Er reagierte auf diese Bed\u00fcrfnisse, indem er junge M\u00e4nner als Lehrer ausbildete. Heute arbeiten rund 2.400 Maristenbr\u00fcder in mehr als 60 L\u00e4ndern in Schulen und anderen Bildungs-, Entwicklungs- und katechetischen Projekten.  <\/p>\n<\/div><\/div><\/div><\/div><div class=\"et_pb_row_5 et_pb_row et_block_row preset--module--divi-row--default\"><div class=\"et_pb_column_8 et_pb_column et_pb_column_4_4 et-last-child et_block_column et_pb_css_mix_blend_mode_passthrough\"><div class=\"et_pb_text_7 et_pb_text et_pb_bg_layout_light et_animated et_pb_module et_block_module et_pb_text_align_center\"><div class=\"et_pb_text_inner\"><p><em>\"<strong>Wir tun unser Bestes, um dem Geist des auferstandenen Erl\u00f6sers treu zu bleiben, der uns, wie den ersten Christen, die Gnade schenkt, \"eins in Geist und Herz<\/strong>\"<strong>zu leben<\/strong>.<\/em><\/p>\n<p>Maristenbr\u00fcder Konstitutionen<\/p>\n<\/div><\/div><div class=\"et_pb_module et_pb_button_module_wrapper et_pb_button_1_wrapper\"><a class=\"et_pb_button_1 et_pb_button et_pb_bg_layout_light et_animated et_pb_module et_block_module\" href=\"https:\/\/champagnat.org\">champagnat.org<\/a><\/div><\/div><\/div><div class=\"et_pb_bottom_inside_divider et-no-transition\"><\/div><\/div><div class=\"et_pb_section_4 et_pb_section et_section_regular et_block_section\"><span class=\"et_pb_background_pattern\"><\/span><div class=\"et_pb_row_6 et_pb_row et_pb_equal_columns et_block_row et_animated preset--module--divi-row--default\"><div class=\"et_pb_column_9 et_pb_column et_pb_column_1_2 et_block_column et_pb_css_mix_blend_mode_passthrough\"><div class=\"et_pb_text_8 et_pb_text et_pb_bg_layout_light et_animated et_pb_module et_block_module\"><div class=\"et_pb_text_inner\"><p>Der erste weibliche Zweig der Gesellschaft Mariens entstand in Frankreich 1817 in Cerdon und entwickelte sich dank der Einsicht und des Eifers von Jeanne-Marie Chavoin in Belley weiter. Die Maristenschwestern erkennen Jean-Claude Colin als ihren Gr\u00fcnder und Jeanne-Marie Chavoin als ihre Gr\u00fcnderin an. Ihrem Beispiel folgend <strong>leben<\/strong> die <strong>Maristenschwestern heute ihre Mission in der Kirche, vor allem mit jungen Menschen, den Armen und Kranken, in Europa, Australien und Ozeanien, Amerika und Afrika.<\/strong>  <\/p>\n<\/div><\/div><\/div><div class=\"et_pb_column_10 et_pb_column et_pb_column_1_2 et-last-child et_block_column et_pb_css_mix_blend_mode_passthrough\"><div class=\"et_pb_text_9 et_pb_text et_pb_bg_layout_light et_animated et_pb_module et_block_module et_pb_text_align_right\"><div class=\"et_pb_text_inner\"><h1 style=\"text-align: left;\"><strong><em>Die Maristenschwestern  <\/em><\/strong><\/h1>\n<\/div><\/div><\/div><\/div><div class=\"et_pb_row_7 et_pb_row et_block_row preset--module--divi-row--default\"><div class=\"et_pb_column_11 et_pb_column et_pb_column_4_4 et-last-child et_block_column et_pb_css_mix_blend_mode_passthrough\"><div class=\"et_pb_text_10 et_pb_text et_pb_bg_layout_light et_animated et_pb_module et_block_module et_pb_text_align_center\"><div class=\"et_pb_text_inner\"><p><em>\"<strong>Unsere Kongregation zeichnet sich durch den Wunsch aus, das Geheimnis Mariens in der Kirche zur t\u00e4glichen Inspiration ihres Lebens und Handelns zu machen, und nicht durch eine besondere Arbeit oder durch die F\u00f6rderung einer besonderen Form der Marienverehrung.<\/strong>\"<\/em><\/p>\n<p>Konstitutionen der Maristenschwestern<\/p>\n<\/div><\/div><div class=\"et_pb_module et_pb_button_module_wrapper et_pb_button_2_wrapper\"><a class=\"et_pb_button_2 et_pb_button et_pb_bg_layout_light et_animated et_pb_module et_block_module\" href=\"https:\/\/www.marists.net%20\">marists.net  <\/a><\/div><\/div><\/div><\/div><div class=\"et_pb_section_5 et_pb_section et_section_regular et_block_section section_has_divider et_pb_top_divider et_pb_bottom_divider\"><div class=\"et_pb_top_inside_divider et-no-transition\"><\/div><div class=\"et_pb_row_8 et_pb_row et_pb_equal_columns et_block_row et_animated preset--module--divi-row--default\"><div class=\"et_pb_column_12 et_pb_column et_pb_column_2_5 et_block_column et_pb_css_mix_blend_mode_passthrough\"><div class=\"et_pb_text_11 et_pb_text et_pb_bg_layout_light et_animated et_pb_module et_block_module et_pb_text_align_right\"><div class=\"et_pb_text_inner\"><h1><strong><em>Die Missionsschwestern der Gesellschaft Mariens  <\/em><\/strong><\/h1>\n<\/div><\/div><\/div><div class=\"et_pb_column_13 et_pb_column et_pb_column_3_5 et-last-child et_block_column et_pb_css_mix_blend_mode_passthrough\"><div class=\"et_pb_text_12 et_pb_text et_pb_bg_layout_light et_animated et_pb_module et_block_module\"><div class=\"et_pb_text_inner\"><p>Gegr\u00fcndet von <strong>Fran\u00e7oise Perroton<\/strong>, einer franz\u00f6sischen Laienfrau, die 1845 auf die Insel Wallis in Ozeanien reiste, nicht lange nachdem die ersten Maristenpatres dort angekommen waren. Sie lebte als Mitglied des Dritten Marienordens und k\u00fcmmerte sich vor allem um die Frauen und Kinder der Insel. Im Jahr 1931 wurden die Missionsschwestern der Gesellschaft Mariens als Ordensgemeinschaft anerkannt.  <\/p>\n<\/div><\/div><\/div><\/div><div class=\"et_pb_row_9 et_pb_row et_block_row preset--module--divi-row--default\"><div class=\"et_pb_column_14 et_pb_column et_pb_column_4_4 et-last-child et_block_column et_pb_css_mix_blend_mode_passthrough\"><div class=\"et_pb_text_13 et_pb_text et_pb_bg_layout_light et_animated et_pb_module et_block_module et_pb_text_align_center\"><div class=\"et_pb_text_inner\"><p><em>\"<strong>Wir wollen mit dem Wagemut und dem Eifer der Pioniere auf die Aufrufe von heute antworten. Wir wollen diesen Wagemut - einfach, freudig und umsichtig - lebendig halten, der sich allein auf die Liebe und die Kraft Gottes gr\u00fcndet, um das Evangelium in seiner Kraft und Integrit\u00e4t zu verk\u00fcnden, indem wir lernen, uns an unterschiedliche Kulturen und Lebensbedingungen anzupassen. <\/strong>\"<\/em><\/p>\n<p>Konstitutionen der Maristen-Missionsschwestern<\/p>\n<\/div><\/div><div class=\"et_pb_module et_pb_button_module_wrapper et_pb_button_3_wrapper\"><a class=\"et_pb_button_3 et_pb_button et_pb_bg_layout_light et_animated et_pb_module et_block_module\" href=\"http:\/\/www.smsmsisters.org%20\">smsmsisters.org  <\/a><\/div><\/div><\/div><div class=\"et_pb_bottom_inside_divider et-no-transition\"><\/div><\/div><div class=\"et_pb_section_6 et_pb_section et_section_regular et_block_section section_has_divider et_pb_bottom_divider\"><span class=\"et_pb_background_pattern\"><\/span><div class=\"et_pb_row_10 et_pb_row et_pb_equal_columns et_block_row et_animated preset--module--divi-row--default\"><div class=\"et_pb_column_15 et_pb_column et_pb_column_2_5 et_block_column et_pb_css_mix_blend_mode_passthrough\"><div class=\"et_pb_text_14 et_pb_text et_pb_bg_layout_light et_animated et_pb_module et_block_module et_pb_text_align_right\"><div class=\"et_pb_text_inner\"><h1><b>Die Laienzweige der Maristenfamilie<\/b><\/h1>\n<\/div><\/div><\/div><div class=\"et_pb_column_16 et_pb_column et_pb_column_3_5 et-last-child et_block_column et_pb_css_mix_blend_mode_passthrough\"><div class=\"et_pb_text_15 et_pb_text et_pb_bg_layout_light et_animated et_pb_module et_block_module\"><div class=\"et_pb_text_inner\"><p>Die urspr\u00fcngliche Vision f\u00fcr das maristische Projekt sah vor, dass 'die ganze Welt maristisch' sein sollte, und <strong>zwar durch das Leben unz\u00e4hliger Laien, die den Geist Mariens annehmen<\/strong>. Das Engagement der Laien in der Maristenfamilie wurde vom heiligen Julian Eymard als Dritter Orden der Gesellschaft Mariens gepr\u00e4gt. Seither hat sich daraus eine Vielzahl von maristischen Laiengruppen in verschiedenen Teilen der Welt entwickelt. Unabh\u00e4ngig von ihrem Namen versammeln diese Gruppen M\u00e4nner und Frauen, verheiratet oder alleinstehend, Familien und Freunde, die sich von der maristischen Intuition inspirieren lassen wollen, um ihr Engagement als Laien in der Kirche und in der Welt zu leben.   <\/p>\n<\/div><\/div><\/div><\/div><div class=\"et_pb_row_11 et_pb_row et_block_row preset--module--divi-row--default\"><div class=\"et_pb_column_17 et_pb_column et_pb_column_4_4 et-last-child et_block_column et_pb_css_mix_blend_mode_passthrough\"><div class=\"et_pb_text_16 et_pb_text et_pb_bg_layout_light et_animated et_pb_module et_block_module et_pb_text_align_center\"><div class=\"et_pb_text_inner\"><p><em>\"<span style=\"font-weight: 400;\">T<strong>as charakteristische Merkmal der maristischen Laien ist der Stil ihrer Mission. Sie leben ihre Spiritualit\u00e4t mitten in dieser Welt. Sie sind die \"Pr\u00e4senz Mariens\" dort, wo die anderen Gliederungen nicht hinkommen: an ihrem Arbeitsplatz, im sozialen Leben, bei ihren Freunden und Nachbarn und in der Zivilgesellschaft.  <\/strong><\/span>\"<\/em><\/p>\n<p><span style=\"font-weight: 400;\">Statuten der europ\u00e4ischen Laienmaristen<\/span><\/p>\n<\/div><\/div><\/div><\/div><div class=\"et_pb_bottom_inside_divider et-no-transition\"><\/div><\/div>\n","protected":false},"excerpt":{"rendered":"","protected":false},"author":1,"featured_media":0,"parent":2214,"menu_order":0,"comment_status":"closed","ping_status":"closed","template":"","meta":{"footnotes":""},"class_list":["post-2803","page","type-page","status-publish","hentry"],"yoast_head":"<!-- This site is optimized with the Yoast SEO plugin v27.5 - https:\/\/yoast.com\/product\/yoast-seo-wordpress\/ -->\n<title>Familie Marist - Marist Europe<\/title>\n<meta name=\"robots\" content=\"index, follow, max-snippet:-1, max-image-preview:large, max-video-preview:-1\" \/>\n<link rel=\"canonical\" href=\"https:\/\/maristeurope.eu\/de\/ueber-uns\/familie-marist\/\" \/>\n<meta property=\"og:locale\" content=\"de_DE\" \/>\n<meta property=\"og:type\" content=\"article\" \/>\n<meta property=\"og:title\" content=\"Familie Marist - Marist Europe\" \/>\n<meta property=\"og:url\" content=\"https:\/\/maristeurope.eu\/de\/ueber-uns\/familie-marist\/\" \/>\n<meta property=\"og:site_name\" content=\"Marist Europe\" \/>\n<meta property=\"article:modified_time\" content=\"2026-05-07T06:34:19+00:00\" \/>\n<meta name=\"twitter:card\" content=\"summary_large_image\" \/>\n<script type=\"application\/ld+json\" class=\"yoast-schema-graph\">{\"@context\":\"https:\\\/\\\/schema.org\",\"@graph\":[{\"@type\":\"WebPage\",\"@id\":\"https:\\\/\\\/maristeurope.eu\\\/de\\\/ueber-uns\\\/familie-marist\\\/\",\"url\":\"https:\\\/\\\/maristeurope.eu\\\/de\\\/ueber-uns\\\/familie-marist\\\/\",\"name\":\"Familie Marist - Marist Europe\",\"isPartOf\":{\"@id\":\"https:\\\/\\\/maristeurope.eu\\\/de\\\/#website\"},\"datePublished\":\"2024-11-27T10:56:05+00:00\",\"dateModified\":\"2026-05-07T06:34:19+00:00\",\"breadcrumb\":{\"@id\":\"https:\\\/\\\/maristeurope.eu\\\/de\\\/ueber-uns\\\/familie-marist\\\/#breadcrumb\"},\"inLanguage\":\"de\",\"potentialAction\":[{\"@type\":\"ReadAction\",\"target\":[\"https:\\\/\\\/maristeurope.eu\\\/de\\\/ueber-uns\\\/familie-marist\\\/\"]}]},{\"@type\":\"BreadcrumbList\",\"@id\":\"https:\\\/\\\/maristeurope.eu\\\/de\\\/ueber-uns\\\/familie-marist\\\/#breadcrumb\",\"itemListElement\":[{\"@type\":\"ListItem\",\"position\":1,\"name\":\"Home\",\"item\":\"https:\\\/\\\/maristeurope.eu\\\/de\\\/\"},{\"@type\":\"ListItem\",\"position\":2,\"name\":\"\u00dcber uns\",\"item\":\"https:\\\/\\\/maristeurope.eu\\\/de\\\/about-us\\\/\"},{\"@type\":\"ListItem\",\"position\":3,\"name\":\"Familie Marist\"}]},{\"@type\":\"WebSite\",\"@id\":\"https:\\\/\\\/maristeurope.eu\\\/de\\\/#website\",\"url\":\"https:\\\/\\\/maristeurope.eu\\\/de\\\/\",\"name\":\"Marist Europe\",\"description\":\"\",\"publisher\":{\"@id\":\"https:\\\/\\\/maristeurope.eu\\\/de\\\/#organization\"},\"potentialAction\":[{\"@type\":\"SearchAction\",\"target\":{\"@type\":\"EntryPoint\",\"urlTemplate\":\"https:\\\/\\\/maristeurope.eu\\\/de\\\/?s={search_term_string}\"},\"query-input\":{\"@type\":\"PropertyValueSpecification\",\"valueRequired\":true,\"valueName\":\"search_term_string\"}}],\"inLanguage\":\"de\"},{\"@type\":\"Organization\",\"@id\":\"https:\\\/\\\/maristeurope.eu\\\/de\\\/#organization\",\"name\":\"Marist Europe\",\"url\":\"https:\\\/\\\/maristeurope.eu\\\/de\\\/\",\"logo\":{\"@type\":\"ImageObject\",\"inLanguage\":\"de\",\"@id\":\"https:\\\/\\\/maristeurope.eu\\\/de\\\/#\\\/schema\\\/logo\\\/image\\\/\",\"url\":\"https:\\\/\\\/maristeurope.eu\\\/wp-content\\\/uploads\\\/2024\\\/10\\\/EU-SM-Finalogo-02.png\",\"contentUrl\":\"https:\\\/\\\/maristeurope.eu\\\/wp-content\\\/uploads\\\/2024\\\/10\\\/EU-SM-Finalogo-02.png\",\"width\":150,\"height\":156,\"caption\":\"Marist Europe\"},\"image\":{\"@id\":\"https:\\\/\\\/maristeurope.eu\\\/de\\\/#\\\/schema\\\/logo\\\/image\\\/\"}}]}<\/script>\n<!-- \/ Yoast SEO plugin. -->","yoast_head_json":{"title":"Familie Marist - Marist Europe","robots":{"index":"index","follow":"follow","max-snippet":"max-snippet:-1","max-image-preview":"max-image-preview:large","max-video-preview":"max-video-preview:-1"},"canonical":"https:\/\/maristeurope.eu\/de\/ueber-uns\/familie-marist\/","og_locale":"de_DE","og_type":"article","og_title":"Familie Marist - Marist Europe","og_url":"https:\/\/maristeurope.eu\/de\/ueber-uns\/familie-marist\/","og_site_name":"Marist Europe","article_modified_time":"2026-05-07T06:34:19+00:00","twitter_card":"summary_large_image","schema":{"@context":"https:\/\/schema.org","@graph":[{"@type":"WebPage","@id":"https:\/\/maristeurope.eu\/de\/ueber-uns\/familie-marist\/","url":"https:\/\/maristeurope.eu\/de\/ueber-uns\/familie-marist\/","name":"Familie Marist - Marist Europe","isPartOf":{"@id":"https:\/\/maristeurope.eu\/de\/#website"},"datePublished":"2024-11-27T10:56:05+00:00","dateModified":"2026-05-07T06:34:19+00:00","breadcrumb":{"@id":"https:\/\/maristeurope.eu\/de\/ueber-uns\/familie-marist\/#breadcrumb"},"inLanguage":"de","potentialAction":[{"@type":"ReadAction","target":["https:\/\/maristeurope.eu\/de\/ueber-uns\/familie-marist\/"]}]},{"@type":"BreadcrumbList","@id":"https:\/\/maristeurope.eu\/de\/ueber-uns\/familie-marist\/#breadcrumb","itemListElement":[{"@type":"ListItem","position":1,"name":"Home","item":"https:\/\/maristeurope.eu\/de\/"},{"@type":"ListItem","position":2,"name":"\u00dcber uns","item":"https:\/\/maristeurope.eu\/de\/about-us\/"},{"@type":"ListItem","position":3,"name":"Familie Marist"}]},{"@type":"WebSite","@id":"https:\/\/maristeurope.eu\/de\/#website","url":"https:\/\/maristeurope.eu\/de\/","name":"Marist Europe","description":"","publisher":{"@id":"https:\/\/maristeurope.eu\/de\/#organization"},"potentialAction":[{"@type":"SearchAction","target":{"@type":"EntryPoint","urlTemplate":"https:\/\/maristeurope.eu\/de\/?s={search_term_string}"},"query-input":{"@type":"PropertyValueSpecification","valueRequired":true,"valueName":"search_term_string"}}],"inLanguage":"de"},{"@type":"Organization","@id":"https:\/\/maristeurope.eu\/de\/#organization","name":"Marist Europe","url":"https:\/\/maristeurope.eu\/de\/","logo":{"@type":"ImageObject","inLanguage":"de","@id":"https:\/\/maristeurope.eu\/de\/#\/schema\/logo\/image\/","url":"https:\/\/maristeurope.eu\/wp-content\/uploads\/2024\/10\/EU-SM-Finalogo-02.png","contentUrl":"https:\/\/maristeurope.eu\/wp-content\/uploads\/2024\/10\/EU-SM-Finalogo-02.png","width":150,"height":156,"caption":"Marist Europe"},"image":{"@id":"https:\/\/maristeurope.eu\/de\/#\/schema\/logo\/image\/"}}]}},"_links":{"self":[{"href":"https:\/\/maristeurope.eu\/de\/wp-json\/wp\/v2\/pages\/2803","targetHints":{"allow":["GET"]}}],"collection":[{"href":"https:\/\/maristeurope.eu\/de\/wp-json\/wp\/v2\/pages"}],"about":[{"href":"https:\/\/maristeurope.eu\/de\/wp-json\/wp\/v2\/types\/page"}],"author":[{"embeddable":true,"href":"https:\/\/maristeurope.eu\/de\/wp-json\/wp\/v2\/users\/1"}],"replies":[{"embeddable":true,"href":"https:\/\/maristeurope.eu\/de\/wp-json\/wp\/v2\/comments?post=2803"}],"version-history":[{"count":5,"href":"https:\/\/maristeurope.eu\/de\/wp-json\/wp\/v2\/pages\/2803\/revisions"}],"predecessor-version":[{"id":10792,"href":"https:\/\/maristeurope.eu\/de\/wp-json\/wp\/v2\/pages\/2803\/revisions\/10792"}],"up":[{"embeddable":true,"href":"https:\/\/maristeurope.eu\/de\/wp-json\/wp\/v2\/pages\/2214"}],"wp:attachment":[{"href":"https:\/\/maristeurope.eu\/de\/wp-json\/wp\/v2\/media?parent=2803"}],"curies":[{"name":"wp","href":"https:\/\/api.w.org\/{rel}","templated":true}]}}