{"id":2532,"date":"2024-12-17T14:28:21","date_gmt":"2024-12-17T13:28:21","guid":{"rendered":"https:\/\/marist.sjdigitaldemo.ovh\/gemeinden\/spanien\/"},"modified":"2026-05-07T08:34:58","modified_gmt":"2026-05-07T06:34:58","slug":"spanien","status":"publish","type":"page","link":"https:\/\/maristeurope.eu\/de\/gemeinden\/spanien\/","title":{"rendered":"Spanien"},"content":{"rendered":"\n<div class=\"et_pb_section_0 et_pb_section et_section_regular et_block_section section_has_divider et_pb_bottom_divider\"><div class=\"et_pb_row_0 et_pb_row et_pb_equal_columns et_block_row et_animated preset--module--divi-row--default\"><div class=\"et_pb_column_0 et_pb_column et_pb_column_4_4 et-last-child et_block_column et_pb_css_mix_blend_mode_passthrough\"><div class=\"et_pb_text_0 et_pb_text et_pb_bg_layout_light et_pb_module et_block_module\"><div class=\"et_pb_text_inner\"><h1>Spanien<\/h1>\n<\/div><\/div><\/div><\/div><div class=\"et_pb_bottom_inside_divider et-no-transition\"><\/div><\/div><div class=\"et_pb_section_1 et_pb_section et_section_regular et_block_section\"><div class=\"et_pb_row_1 et_pb_row et_block_row preset--module--divi-row--default\"><div class=\"et_pb_column_1 et_pb_column et_pb_column_4_4 et-last-child et_block_column et_pb_css_mix_blend_mode_passthrough\"><div class=\"et_pb_code_0 et_pb_code et_pb_module\"><div class=\"et_pb_code_inner\"><div class=\"sjd-locations-grid\"><div class=\"sjd-location-card\">  <div class=\"sjd-card-column sjd-column-name\">      <h2>Sahag\u00fan<\/h2>  <\/div>  <div class=\"sjd-card-column sjd-column-description\"><p>Im Jahr 2018 haben wir in der Europ\u00e4ischen Provinz einen neuen Dienst begonnen: die christliche Aufnahme von Pilgern auf dem Jakobsweg (Camino de Santiago). Als Standort wurde Sahag\u00fan gew\u00e4hlt, wo wir das ehemalige G\u00e4stehaus eines Benediktinerklosters aus dem XVI Jahrhundert gemietet haben. Wir sind eine internationale Maristengemeinschaft und geh\u00f6ren zu den <em>Omnes Gentes-Gemeinschaften<\/em> der Gesellschaft Mariens. Wir laden Ordensleute und Laien ein, f\u00fcr eine gewisse Zeit als Freiwillige an unserer Mission teilzunehmen.   <\/p><\/div>  <div class=\"sjd-card-column sjd-column-contact\">      <h3>Contact<\/h3><p>Padres Maristas, Calle Do\u00f1a Constanza 9, 24320 Sahag\u00fan, Spain<\/p><p>+34 987 780 851<\/p><p><a href=\"https:\/\/www.alberguesensahagun.es\" target=\"_blank\">Visit Website<\/a><\/p><p><a href=\"mailto:alberguesantacruzsahagun@gmail.com\">alberguesantacruzsahagun@gmail.com<\/a><\/p>  <\/div><\/div><div class=\"sjd-location-card\">  <div class=\"sjd-card-column sjd-column-name\">      <h2>Madrid<\/h2>  <\/div>  <div class=\"sjd-card-column sjd-column-description\"><p>Wir sind seit 1924 in Madrid. Der B\u00fcrgerkrieg von 1936 setzte der Schule, die gerade erst begonnen hatte, ein Ende. Unsere Aufgabe ist es, den Maristen Gastfreundschaft zu bieten und die Verwaltungsb\u00fcros in Spanien unterzubringen. Je nach Alter und Charisma sind wir in verschiedenen anderen Diensten t\u00e4tig.   <\/p><\/div>  <div class=\"sjd-card-column sjd-column-contact\">      <h3>Contact<\/h3><p>Padres Maristas, Calle Olivos 10, 28003 Madrid, Spain<\/p><p>+34 91 533 96 22<\/p><p><a href=\"mailto:padresmaristas.esp@gmail.com\">padresmaristas.esp@gmail.com<\/a><\/p>  <\/div><\/div><div class=\"sjd-location-card\">  <div class=\"sjd-card-column sjd-column-name\">      <h2>Le\u00f3n Casa Sacerdotal<\/h2>  <\/div>  <div class=\"sjd-card-column sjd-column-description\"><p>Seit 2017 leben wir gemeinsam mit aktiven und pensionierten Di\u00f6zesanpriestern in der Residenz f\u00fcr Priester der Di\u00f6zese Le\u00f3n. Die Gemeinschaft besteht aus Maristen im Ruhestand, von denen einige noch immer pastorale Dienste in der Di\u00f6zese leisten, einschlie\u00dflich der Arbeit mit den Migrantengemeinschaften. <\/p><\/div>  <div class=\"sjd-card-column sjd-column-contact\">      <h3>Contact<\/h3><p>Padres Maristas, Casa Sacerdotal, Calle Obispo Almarcha 22, 24006 Le\u00f3n, Spain<\/p><p>+34 987 258 050<\/p><p><a href=\"mailto:padresmaristasleon@gmail.com\">padresmaristasleon@gmail.com<\/a><\/p>  <\/div><\/div><\/div><\/div><\/div><\/div><\/div><\/div>\n","protected":false},"excerpt":{"rendered":"","protected":false},"author":1,"featured_media":1643,"parent":2272,"menu_order":0,"comment_status":"closed","ping_status":"closed","template":"","meta":{"footnotes":""},"class_list":["post-2532","page","type-page","status-publish","has-post-thumbnail","hentry"],"yoast_head":"<!-- This site is optimized with the Yoast SEO plugin v27.5 - https:\/\/yoast.com\/product\/yoast-seo-wordpress\/ -->\n<title>Spanien - Marist Europe<\/title>\n<meta name=\"robots\" content=\"index, follow, max-snippet:-1, max-image-preview:large, max-video-preview:-1\" \/>\n<link rel=\"canonical\" href=\"https:\/\/maristeurope.eu\/de\/gemeinden\/spanien\/\" \/>\n<meta property=\"og:locale\" content=\"de_DE\" \/>\n<meta property=\"og:type\" content=\"article\" \/>\n<meta property=\"og:title\" content=\"Spanien - Marist Europe\" \/>\n<meta property=\"og:url\" content=\"https:\/\/maristeurope.eu\/de\/gemeinden\/spanien\/\" \/>\n<meta property=\"og:site_name\" content=\"Marist Europe\" \/>\n<meta property=\"article:modified_time\" content=\"2026-05-07T06:34:58+00:00\" \/>\n<meta property=\"og:image\" content=\"https:\/\/maristeurope.eu\/wp-content\/uploads\/2024\/11\/spain-985372_1280-en-tamano-grande.jpeg\" \/>\n\t<meta property=\"og:image:width\" content=\"1280\" \/>\n\t<meta property=\"og:image:height\" content=\"853\" \/>\n\t<meta property=\"og:image:type\" content=\"image\/jpeg\" \/>\n<meta name=\"twitter:card\" content=\"summary_large_image\" \/>\n<script type=\"application\/ld+json\" class=\"yoast-schema-graph\">{\"@context\":\"https:\\\/\\\/schema.org\",\"@graph\":[{\"@type\":\"WebPage\",\"@id\":\"https:\\\/\\\/maristeurope.eu\\\/de\\\/gemeinden\\\/spanien\\\/\",\"url\":\"https:\\\/\\\/maristeurope.eu\\\/de\\\/gemeinden\\\/spanien\\\/\",\"name\":\"Spanien - Marist Europe\",\"isPartOf\":{\"@id\":\"https:\\\/\\\/maristeurope.eu\\\/de\\\/#website\"},\"primaryImageOfPage\":{\"@id\":\"https:\\\/\\\/maristeurope.eu\\\/de\\\/gemeinden\\\/spanien\\\/#primaryimage\"},\"image\":{\"@id\":\"https:\\\/\\\/maristeurope.eu\\\/de\\\/gemeinden\\\/spanien\\\/#primaryimage\"},\"thumbnailUrl\":\"https:\\\/\\\/maristeurope.eu\\\/wp-content\\\/uploads\\\/2024\\\/11\\\/spain-985372_1280-en-tamano-grande.jpeg\",\"datePublished\":\"2024-12-17T13:28:21+00:00\",\"dateModified\":\"2026-05-07T06:34:58+00:00\",\"breadcrumb\":{\"@id\":\"https:\\\/\\\/maristeurope.eu\\\/de\\\/gemeinden\\\/spanien\\\/#breadcrumb\"},\"inLanguage\":\"de\",\"potentialAction\":[{\"@type\":\"ReadAction\",\"target\":[\"https:\\\/\\\/maristeurope.eu\\\/de\\\/gemeinden\\\/spanien\\\/\"]}]},{\"@type\":\"ImageObject\",\"inLanguage\":\"de\",\"@id\":\"https:\\\/\\\/maristeurope.eu\\\/de\\\/gemeinden\\\/spanien\\\/#primaryimage\",\"url\":\"https:\\\/\\\/maristeurope.eu\\\/wp-content\\\/uploads\\\/2024\\\/11\\\/spain-985372_1280-en-tamano-grande.jpeg\",\"contentUrl\":\"https:\\\/\\\/maristeurope.eu\\\/wp-content\\\/uploads\\\/2024\\\/11\\\/spain-985372_1280-en-tamano-grande.jpeg\",\"width\":1280,\"height\":853},{\"@type\":\"BreadcrumbList\",\"@id\":\"https:\\\/\\\/maristeurope.eu\\\/de\\\/gemeinden\\\/spanien\\\/#breadcrumb\",\"itemListElement\":[{\"@type\":\"ListItem\",\"position\":1,\"name\":\"Home\",\"item\":\"https:\\\/\\\/maristeurope.eu\\\/de\\\/\"},{\"@type\":\"ListItem\",\"position\":2,\"name\":\"Gemeinden\",\"item\":\"https:\\\/\\\/maristeurope.eu\\\/de\\\/communities\\\/\"},{\"@type\":\"ListItem\",\"position\":3,\"name\":\"Spanien\"}]},{\"@type\":\"WebSite\",\"@id\":\"https:\\\/\\\/maristeurope.eu\\\/de\\\/#website\",\"url\":\"https:\\\/\\\/maristeurope.eu\\\/de\\\/\",\"name\":\"Marist Europe\",\"description\":\"\",\"publisher\":{\"@id\":\"https:\\\/\\\/maristeurope.eu\\\/de\\\/#organization\"},\"potentialAction\":[{\"@type\":\"SearchAction\",\"target\":{\"@type\":\"EntryPoint\",\"urlTemplate\":\"https:\\\/\\\/maristeurope.eu\\\/de\\\/?s={search_term_string}\"},\"query-input\":{\"@type\":\"PropertyValueSpecification\",\"valueRequired\":true,\"valueName\":\"search_term_string\"}}],\"inLanguage\":\"de\"},{\"@type\":\"Organization\",\"@id\":\"https:\\\/\\\/maristeurope.eu\\\/de\\\/#organization\",\"name\":\"Marist Europe\",\"url\":\"https:\\\/\\\/maristeurope.eu\\\/de\\\/\",\"logo\":{\"@type\":\"ImageObject\",\"inLanguage\":\"de\",\"@id\":\"https:\\\/\\\/maristeurope.eu\\\/de\\\/#\\\/schema\\\/logo\\\/image\\\/\",\"url\":\"https:\\\/\\\/maristeurope.eu\\\/wp-content\\\/uploads\\\/2024\\\/10\\\/EU-SM-Finalogo-02.png\",\"contentUrl\":\"https:\\\/\\\/maristeurope.eu\\\/wp-content\\\/uploads\\\/2024\\\/10\\\/EU-SM-Finalogo-02.png\",\"width\":150,\"height\":156,\"caption\":\"Marist Europe\"},\"image\":{\"@id\":\"https:\\\/\\\/maristeurope.eu\\\/de\\\/#\\\/schema\\\/logo\\\/image\\\/\"}}]}<\/script>\n<!-- \/ Yoast SEO plugin. -->","yoast_head_json":{"title":"Spanien - Marist Europe","robots":{"index":"index","follow":"follow","max-snippet":"max-snippet:-1","max-image-preview":"max-image-preview:large","max-video-preview":"max-video-preview:-1"},"canonical":"https:\/\/maristeurope.eu\/de\/gemeinden\/spanien\/","og_locale":"de_DE","og_type":"article","og_title":"Spanien - Marist Europe","og_url":"https:\/\/maristeurope.eu\/de\/gemeinden\/spanien\/","og_site_name":"Marist Europe","article_modified_time":"2026-05-07T06:34:58+00:00","og_image":[{"width":1280,"height":853,"url":"https:\/\/maristeurope.eu\/wp-content\/uploads\/2024\/11\/spain-985372_1280-en-tamano-grande.jpeg","type":"image\/jpeg"}],"twitter_card":"summary_large_image","schema":{"@context":"https:\/\/schema.org","@graph":[{"@type":"WebPage","@id":"https:\/\/maristeurope.eu\/de\/gemeinden\/spanien\/","url":"https:\/\/maristeurope.eu\/de\/gemeinden\/spanien\/","name":"Spanien - Marist Europe","isPartOf":{"@id":"https:\/\/maristeurope.eu\/de\/#website"},"primaryImageOfPage":{"@id":"https:\/\/maristeurope.eu\/de\/gemeinden\/spanien\/#primaryimage"},"image":{"@id":"https:\/\/maristeurope.eu\/de\/gemeinden\/spanien\/#primaryimage"},"thumbnailUrl":"https:\/\/maristeurope.eu\/wp-content\/uploads\/2024\/11\/spain-985372_1280-en-tamano-grande.jpeg","datePublished":"2024-12-17T13:28:21+00:00","dateModified":"2026-05-07T06:34:58+00:00","breadcrumb":{"@id":"https:\/\/maristeurope.eu\/de\/gemeinden\/spanien\/#breadcrumb"},"inLanguage":"de","potentialAction":[{"@type":"ReadAction","target":["https:\/\/maristeurope.eu\/de\/gemeinden\/spanien\/"]}]},{"@type":"ImageObject","inLanguage":"de","@id":"https:\/\/maristeurope.eu\/de\/gemeinden\/spanien\/#primaryimage","url":"https:\/\/maristeurope.eu\/wp-content\/uploads\/2024\/11\/spain-985372_1280-en-tamano-grande.jpeg","contentUrl":"https:\/\/maristeurope.eu\/wp-content\/uploads\/2024\/11\/spain-985372_1280-en-tamano-grande.jpeg","width":1280,"height":853},{"@type":"BreadcrumbList","@id":"https:\/\/maristeurope.eu\/de\/gemeinden\/spanien\/#breadcrumb","itemListElement":[{"@type":"ListItem","position":1,"name":"Home","item":"https:\/\/maristeurope.eu\/de\/"},{"@type":"ListItem","position":2,"name":"Gemeinden","item":"https:\/\/maristeurope.eu\/de\/communities\/"},{"@type":"ListItem","position":3,"name":"Spanien"}]},{"@type":"WebSite","@id":"https:\/\/maristeurope.eu\/de\/#website","url":"https:\/\/maristeurope.eu\/de\/","name":"Marist Europe","description":"","publisher":{"@id":"https:\/\/maristeurope.eu\/de\/#organization"},"potentialAction":[{"@type":"SearchAction","target":{"@type":"EntryPoint","urlTemplate":"https:\/\/maristeurope.eu\/de\/?s={search_term_string}"},"query-input":{"@type":"PropertyValueSpecification","valueRequired":true,"valueName":"search_term_string"}}],"inLanguage":"de"},{"@type":"Organization","@id":"https:\/\/maristeurope.eu\/de\/#organization","name":"Marist Europe","url":"https:\/\/maristeurope.eu\/de\/","logo":{"@type":"ImageObject","inLanguage":"de","@id":"https:\/\/maristeurope.eu\/de\/#\/schema\/logo\/image\/","url":"https:\/\/maristeurope.eu\/wp-content\/uploads\/2024\/10\/EU-SM-Finalogo-02.png","contentUrl":"https:\/\/maristeurope.eu\/wp-content\/uploads\/2024\/10\/EU-SM-Finalogo-02.png","width":150,"height":156,"caption":"Marist Europe"},"image":{"@id":"https:\/\/maristeurope.eu\/de\/#\/schema\/logo\/image\/"}}]}},"_links":{"self":[{"href":"https:\/\/maristeurope.eu\/de\/wp-json\/wp\/v2\/pages\/2532","targetHints":{"allow":["GET"]}}],"collection":[{"href":"https:\/\/maristeurope.eu\/de\/wp-json\/wp\/v2\/pages"}],"about":[{"href":"https:\/\/maristeurope.eu\/de\/wp-json\/wp\/v2\/types\/page"}],"author":[{"embeddable":true,"href":"https:\/\/maristeurope.eu\/de\/wp-json\/wp\/v2\/users\/1"}],"replies":[{"embeddable":true,"href":"https:\/\/maristeurope.eu\/de\/wp-json\/wp\/v2\/comments?post=2532"}],"version-history":[{"count":6,"href":"https:\/\/maristeurope.eu\/de\/wp-json\/wp\/v2\/pages\/2532\/revisions"}],"predecessor-version":[{"id":10856,"href":"https:\/\/maristeurope.eu\/de\/wp-json\/wp\/v2\/pages\/2532\/revisions\/10856"}],"up":[{"embeddable":true,"href":"https:\/\/maristeurope.eu\/de\/wp-json\/wp\/v2\/pages\/2272"}],"wp:featuredmedia":[{"embeddable":true,"href":"https:\/\/maristeurope.eu\/de\/wp-json\/wp\/v2\/media\/1643"}],"wp:attachment":[{"href":"https:\/\/maristeurope.eu\/de\/wp-json\/wp\/v2\/media?parent=2532"}],"curies":[{"name":"wp","href":"https:\/\/api.w.org\/{rel}","templated":true}]}}