{"id":2403,"date":"2024-12-19T09:36:39","date_gmt":"2024-12-19T08:36:39","guid":{"rendered":"https:\/\/marist.sjdigitaldemo.ovh\/beten-sie-mit-uns\/"},"modified":"2026-05-07T08:35:44","modified_gmt":"2026-05-07T06:35:44","slug":"beten-sie-mit-uns","status":"publish","type":"page","link":"https:\/\/maristeurope.eu\/de\/beten-sie-mit-uns\/","title":{"rendered":"Beten Sie mit uns"},"content":{"rendered":"\n<div class=\"et_pb_section_0 et_pb_section et_section_regular et_block_section section_has_divider et_pb_bottom_divider\"><div class=\"et_pb_row_0 et_pb_row et_pb_equal_columns et_block_row et_animated preset--module--divi-row--default\"><div class=\"et_pb_column_0 et_pb_column et_pb_column_4_4 et-last-child et_block_column et_pb_css_mix_blend_mode_passthrough\"><div class=\"et_pb_text_0 et_pb_text et_pb_bg_layout_light et_pb_module et_block_module\"><div class=\"et_pb_text_inner\"><h2>Beten Sie mit uns<\/h2>\n<\/div><\/div><\/div><\/div><div class=\"et_pb_bottom_inside_divider et-no-transition\"><\/div><\/div><div class=\"et_pb_section_1 et_pb_section et_section_regular et_block_section section_has_divider et_pb_bottom_divider\"><div class=\"et_pb_row_1 et_pb_row et_pb_equal_columns et_block_row preset--module--divi-row--default\"><div class=\"et_pb_column_1 et_pb_column et_pb_column_3_5 et_block_column et_pb_css_mix_blend_mode_passthrough et_animated\"><div class=\"et_pb_text_1 et_pb_text et_pb_bg_layout_light et_animated et_pb_module et_block_module\"><div class=\"et_pb_text_inner\"><h2><strong>Von Marias kontemplativer Pr\u00e4senz lernen<\/strong><\/h2>\n<\/div><\/div><div class=\"et_pb_text_2 et_pb_text et_pb_bg_layout_light et_pb_module et_block_module\"><div class=\"et_pb_text_inner\"><p><span style=\"font-weight: 400;\">Maria war bei der Geburt der Kirche dabei, als die <\/span><b>Pfingsten<\/b><span style=\"font-weight: 400;\">  die inmitten der Apostel betet. Ihr Platz ist nicht der eines Privilegs, sondern der einer einfachen J\u00fcngerin Jesu, die sich f\u00fcr die Bed\u00fcrfnisse der Welt einsetzt, die von ihrem Sohn gerettet wurde. Indem sie sich Maria in diesem Dienst des Gebets anschlie\u00dfen, setzen die Maristen ihr Werk fort, nicht indem sie besondere Gebete sprechen, sondern indem sie ihre Gegenwart in der Kirche sind, indem sie sich f\u00fcr diejenigen einsetzen, die sich abm\u00fchen, die nach einem Sinn im Leben suchen und f\u00fcr die weniger Privilegierten in unserer Welt.  <\/span><\/p>\n<\/div><\/div><\/div><div class=\"et_pb_column_2 et_pb_column et_pb_column_2_5 et-last-child et_block_column et_pb_css_mix_blend_mode_passthrough et_animated\"><div class=\"et_pb_image_0 et_pb_image et_animated et_pb_module et_block_module\"><span class=\"et_pb_image_wrap\"><img loading=\"lazy\" decoding=\"async\" src=\"https:\/\/maristeurope.eu\/wp-content\/uploads\/2025\/02\/pentecost.jpeg\" width=\"261\" height=\"318\" srcset=\"https:\/\/maristeurope.eu\/wp-content\/uploads\/2025\/02\/pentecost.jpeg 261w, https:\/\/maristeurope.eu\/wp-content\/uploads\/2025\/02\/pentecost-246x300.jpeg 246w\" sizes=\"(max-width: 261px) 100vw, 261px\" class=\"wp-image-3854\" title=\"Pfingsten\" \/><\/span><\/div><\/div><\/div><div class=\"et_pb_bottom_inside_divider et-no-transition\"><\/div><\/div><div class=\"et_pb_section_2 et_pb_section et_section_regular et_block_section\"><span class=\"et_pb_background_pattern\"><\/span><div class=\"et_pb_row_2 et_pb_row et_pb_equal_columns et_block_row preset--module--divi-row--default\"><div class=\"et_pb_column_3 et_pb_column et_pb_column_4_4 et-last-child et_block_column et_pb_css_mix_blend_mode_passthrough et_animated\"><div class=\"et_pb_text_3 et_pb_text et_pb_bg_layout_light et_pb_module et_block_module\"><div class=\"et_pb_text_inner\"><h1>Marias Geist leben<\/h1>\n<\/div><\/div><\/div><\/div><div class=\"et_pb_row_3 et_pb_row et_pb_equal_columns et_block_row preset--module--divi-row--default\"><div class=\"et_pb_column_4 et_pb_column et_pb_column_1_2 et_block_column et_pb_css_mix_blend_mode_passthrough et_animated\"><div class=\"et_pb_text_4 et_pb_text et_pb_bg_layout_light et_animated et_pb_module et_block_module\"><div class=\"et_pb_text_inner\"><p>Da unsere Berufung darin besteht, in der heutigen Welt eine besondere Pr\u00e4senz Mariens zu sein und Gottes Werk auf ihre Weise zu tun, erinnern sich die Maristen an diese Frau, die sie durch eine gn\u00e4dige Wahl berufen und ihnen ihren Namen gegeben hat. Um die Bande, die uns mit ihr verbinden, zu st\u00e4rken, halten wir die in der Gesellschaft Mariens \u00fcberlieferten Praktiken zu ihrer Ehre in Ehren. <\/p>\n<\/div><\/div><\/div><div class=\"et_pb_column_5 et_pb_column et_pb_column_1_2 et-last-child et_block_column et_pb_css_mix_blend_mode_passthrough et_animated\"><div class=\"et_pb_text_5 et_pb_text et_pb_bg_layout_light et_animated et_pb_module et_block_module\"><div class=\"et_pb_text_inner\"><blockquote>\n<p>\"Weil sie <strong>den Namen Marias<\/strong> tragen, wollen die <strong>Maristen<\/strong> <strong>wie sie sein<\/strong> und <strong>Jesus folgen, wie sie es getan hat<\/strong>. Indem sie Maria in den Geheimnissen von Nazareth und Pfingsten und ihre Rolle am Ende der Zeit betrachten, wollen sie ihren Eifer f\u00fcr die Mission ihres Sohnes in seinem Kampf gegen das B\u00f6se teilen und <strong>mit Schnelligkeit auf die dringendsten Bed\u00fcrfnisse des Volkes Gottes reagieren<\/strong>.\" <\/p>\n<\/blockquote>\n<p><em>(Konstitutionen der Gesellschaft Mariens 8)<\/em><\/p>\n<\/div><\/div><\/div><\/div><div class=\"et_pb_row_4 et_pb_row et_pb_equal_columns et_block_row et_animated preset--module--divi-row--default\"><div class=\"et_pb_column_6 et_pb_column et_pb_column_1_5 et_block_column et_pb_column_empty et_pb_css_mix_blend_mode_passthrough\"><\/div><div class=\"et_pb_column_7 et_pb_column et_pb_column_3_5 et_block_column et_pb_css_mix_blend_mode_passthrough\"><div class=\"et_pb_text_6 et_pb_text et_pb_bg_layout_light et_animated et_pb_module et_block_module\"><div class=\"et_pb_text_inner\"><blockquote>\n<p>\"Als Maristen <strong>wollen wir den Geist Marias atmen<\/strong>, dem\u00fctig und gehorsam sein und uns selbst aus Liebe zu Gott und dem N\u00e4chsten verleugnen... <strong>Maria inspiriert uns mit Mut<\/strong>: in der pers\u00f6nlichen Heiligkeit zu wachsen, f\u00fcr das Heil unseres N\u00e4chsten zu arbeiten und den Glauben der katholischen Kirche zu bewahren und ihn mit aller Kraft zu verteidigen. Indem wir diese Ziele im Geiste Marias verfolgen, werden wir dazu beitragen, die Kirche nach ihrem Bild zu erneuern, eine dienende und pilgernde Kirche.\" <br \/><em> <\/em><\/p>\n<\/blockquote>\n<p><em>(Konstitutionen der Gesellschaft Mariens 9-10)<\/em><\/p>\n<\/div><\/div><\/div><div class=\"et_pb_column_8 et_pb_column et_pb_column_1_5 et-last-child et_block_column et_pb_column_empty et_pb_css_mix_blend_mode_passthrough\"><\/div><\/div><\/div><div class=\"et_pb_section_3 et_pb_section et_section_regular et_block_section section_has_divider et_pb_top_divider et_pb_bottom_divider\"><div class=\"et_pb_top_inside_divider et-no-transition\"><\/div><span class=\"et_pb_background_pattern\"><\/span><div class=\"et_pb_row_5 et_pb_row et_block_row preset--module--divi-row--default\"><div class=\"et_pb_column_9 et_pb_column et_pb_column_4_4 et-last-child et_block_column et_pb_css_mix_blend_mode_passthrough\"><div class=\"et_pb_text_7 et_pb_text et_pb_bg_layout_light et_animated et_pb_module et_block_module\"><div class=\"et_pb_text_inner\"><h2>Salve Regina<\/h2>\n<\/div><\/div><\/div><\/div><div class=\"et_pb_row_6 et_pb_row et_pb_equal_columns et_block_row preset--module--divi-row--default\"><div class=\"et_pb_column_10 et_pb_column et_pb_column_1_2 et_block_column et_pb_css_mix_blend_mode_passthrough\"><div class=\"et_pb_text_8 et_pb_text et_pb_bg_layout_light et_animated et_pb_module et_block_module\"><div class=\"et_pb_text_inner\"><p><strong>Salve, Regina, Mater misericordi\u00e6,<\/strong><br \/><strong>vita, dulcedo, et spes nostra, salve<\/strong><br \/><strong>Ad te clamamus exsules filii Hev\u00e6<\/strong><br \/><strong>Ad te suspiramus, gementes et flentes<\/strong><br \/><strong>in hac lacrimarum valle.<\/strong><\/p>\n<p><strong>Eia, ergo, advocata nostra, illos tuos<\/strong><br \/><strong>misericordes oculos ad nos converte;<\/strong><br \/><strong>Et Iesum, benedictum fructum ventris tui,<\/strong><br \/><strong>nobis post hoc exsilium ostende.<\/strong><br \/><strong>O clemens, O pia, O dulcis Virgo Maria.<\/strong><\/p>\n<\/div><\/div><\/div><div class=\"et_pb_column_11 et_pb_column et_pb_column_1_2 et-last-child et_block_column et_pb_css_mix_blend_mode_passthrough\"><div class=\"et_pb_text_9 et_pb_text et_pb_bg_layout_light et_animated et_pb_module et_block_module\"><div class=\"et_pb_text_inner\"><p>Gegr\u00fc\u00dft seist du, heilige K\u00f6nigin, Mutter der Barmherzigkeit,<br \/>Gegr\u00fc\u00dft seist du, unser Leben, unsere S\u00fc\u00dfe und unsere Hoffnung.<br \/>Zu dir weinen wir, arme verbannte Kinder Evas;<br \/>zu dir senden wir unsere Seufzer,<br \/>trauernd und weinend in diesem Tal der Tr\u00e4nen.<\/p>\n<p>So wende denn, gn\u00e4digste F\u00fcrsprecherin,<br \/>deine Augen der Barmherzigkeit auf uns;<br \/>und nach diesem, unserem Exil,<br \/>zeige uns die gesegnete Frucht deines Leibes, Jesus.<br \/>O g\u00fctige, o liebende, o s\u00fc\u00dfe Jungfrau Maria.<\/p>\n<\/div><\/div><\/div><\/div><div class=\"et_pb_bottom_inside_divider et-no-transition\"><\/div><\/div><div class=\"et_pb_section_4 et_pb_section et_section_regular et_block_section\"><span class=\"et_pb_background_pattern\"><\/span><div class=\"et_pb_row_7 et_pb_row et_pb_equal_columns et_block_row preset--module--divi-row--default\"><div class=\"et_pb_column_12 et_pb_column et_pb_column_1_2 et_block_column et_pb_css_mix_blend_mode_passthrough et_animated\"><div class=\"et_pb_text_10 et_pb_text et_pb_bg_layout_light et_pb_module et_block_module\"><div class=\"et_pb_text_inner\"><p>Dem Beispiel der ersten Maristenmissionare folgend, <strong>beten wir weiterhin f\u00fcr die Menschen<\/strong>, dass sie die Freude des Evangeliums annehmen und den Auftrag der Kirche zur Evangelisierung unterst\u00fctzen.<\/p>\n<\/div><\/div><\/div><div class=\"et_pb_column_13 et_pb_column et_pb_column_1_2 et-last-child et_block_column et_pb_css_mix_blend_mode_passthrough et_animated\"><div class=\"et_pb_accordion_0 et_pb_accordion et_pb_module et_block_module\"><div class=\"et_pb_accordion_item_0 et_pb_accordion_item et_pb_toggle et_pb_module et_pb_toggle_open et_block_module\"><h5 class=\"et_pb_toggle_title\">Gebet der Weihe an Maria<\/h5><div class=\"et_pb_toggle_content\"><p>O Maria, meine K\u00f6nigin, ich \u00fcbergebe dir meinen Leib und meine Seele f\u00fcr diesen Tag und alle Tage meines Lebens in deine Obhut und empfehle sie deiner besonderen F\u00fcrsorge und deinem Schutz.<br \/>Dir \u00fcbergebe ich meine Hoffnungen und meinen Trost, meine Schwierigkeiten und mein Leid, mein Leben und meinen Tod, damit durch deine F\u00fcrsprache und deine Verdienste alle meine Handlungen nach deinem Willen und dem Willen deines Sohnes gelenkt und geordnet werden.<\/p>\n<p>&nbsp;<\/p>\n<\/div><\/div><div class=\"et_pb_accordion_item_1 et_pb_accordion_item et_pb_toggle et_pb_module et_pb_toggle_close et_block_module\"><h5 class=\"et_pb_toggle_title\">Gebet zur Muttergottes der Evangelisierung (von Johannes Paul II.)<\/h5><div class=\"et_pb_toggle_content\"><p>O Maria, Mutter Jesu und Mutter seiner Kirche, wir sind uns der Rolle bewusst, die Sie bei der Evangelisierung der Seelen spielen, die Ihn noch nicht kennen. Wir denken daran, wie die Missionare mit der Kraft des Evangeliums Christi kamen und dir den Erfolg ihrer Arbeit anvertrauten.<br \/>Als Mutter der g\u00f6ttlichen Gnade warst du mit den Missionaren bei all ihren Bem\u00fchungen.<br \/>Und als Mutter der Kirche hast du den Vorsitz \u00fcber alle Aktivit\u00e4ten der Evangelisierung und \u00fcber die Einpflanzung des Evangeliums in die Herzen der Gl\u00e4ubigen. Du hast die Missionare in der Hoffnung gest\u00e4rkt und jeder neuen Gemeinschaft, die aus der evangelisierenden T\u00e4tigkeit der Kirche hervorging, Freude geschenkt.<br \/>Du warst mit Deiner F\u00fcrsprache und Deinen Gebeten zur Stelle, als sich die erste Gnade der Taufe entwickelte und als diejenigen, die neues Leben in Christus, Deinem Sohn, hatten, zu einem vollen Verst\u00e4ndnis ihrer christlichen Berufung kamen.<br \/>Wir bitten Dich, Maria, uns zu helfen, diese Mission der Evangelisierung zu erf\u00fcllen, die Dein Sohn seiner Kirche gegeben hat und die uns zuf\u00e4llt. Im Bewusstsein deiner Rolle als Helferin der Christen vertrauen wir dir das Werk an, das Evangelium immer tiefer in die Herzen und das Leben aller Menschen zu tragen. Wir vertrauen Ihnen unseren Missionsauftrag an und vertrauen unsere Sache ganz Ihrem Gebet an.<br \/>Jesus Christus, deinem Sohn, mit dem Vater, in der Einheit des Heiligen Geistes sei Lob und Dank in Ewigkeit.    <\/p>\n<p>Amen.<\/p>\n<\/div><\/div><div class=\"et_pb_accordion_item_2 et_pb_accordion_item et_pb_toggle et_pb_module et_pb_toggle_close et_block_module\"><h5 class=\"et_pb_toggle_title\">Sub Tuum Praesidium Gebet<\/h5><div class=\"et_pb_toggle_content\"><p><em>Das Sub tuum Gebet - erstmals in einem griechischen Papyrus um 300 n. Chr. gefunden - ist das \u00e4lteste bekannte Gebet an die Jungfrau. <\/em><br \/>Wir bitten dich um Schutz,<br \/>Heilige Mutter Gottes.<br \/>Erh\u00f6re unsere Gebete und hilf uns in unseren N\u00f6ten.<br \/>Bewahre uns vor jeder Gefahr, glorreiche und selige Jungfrau.<\/p>\n<\/div><\/div><\/div><\/div><\/div><\/div><div class=\"et_pb_section_5 et_pb_section et_section_regular et_block_section section_has_divider et_pb_top_divider et_pb_bottom_divider\"><div class=\"et_pb_top_inside_divider et-no-transition\"><\/div><div class=\"et_pb_row_8 et_pb_row et_pb_equal_columns et_block_row preset--module--divi-row--default\"><div class=\"et_pb_column_14 et_pb_column et_pb_column_3_5 et_block_column et_pb_css_mix_blend_mode_passthrough et_animated\"><div class=\"et_pb_text_11 et_pb_text et_pb_bg_layout_light et_animated et_pb_module et_block_module\"><div class=\"et_pb_text_inner\"><h2><b>Der ehrw\u00fcrdige Jean-Claude Colin: ein Leben in Treue zum Geist Mariens<\/b><\/h2>\n<\/div><\/div><div class=\"et_pb_text_12 et_pb_text et_pb_bg_layout_light et_pb_module et_block_module\"><div class=\"et_pb_text_inner\"><p><strong>Der ehrw\u00fcrdige Jean-Claude Colin<\/strong> (<span style=\"color: #003366;\"><a href=\"http:\/\/www.jeanclaudecolin.org\" target=\"_blank\" rel=\"noopener\" style=\"color: #003366;\">www.jeanclaudecolin.org<\/a><\/span>), unser Gr\u00fcnder, f\u00fchlte sich zutiefst dazu berufen, an Marias Mission teilzuhaben, alle Menschen zu Gott zu f\u00fchren, \"eins in Herz und Verstand\". Wir beten f\u00fcr seine Seligsprechung: <br \/><em>Liebender Gott, du hast Jean-Claude Colin inspiriert, ein Leben in Treue zum Evangelium und im Geiste Marias zu f\u00fchren. Wenn es dein Wille ist, dass er zur Ehre deines Namens als Heiliger geehrt wird, dann zeige uns bitte die Gunst, die er in deinen Augen genie\u00dft, indem du uns die Gnade(n) gew\u00e4hrst, um die wir jetzt auf seine F\u00fcrsprache hin bitten: Darum bitten wir durch Christus, unseren Herrn. Amen  <\/em><\/p>\n<\/div><\/div><\/div><div class=\"et_pb_column_15 et_pb_column et_pb_column_2_5 et-last-child et_block_column et_pb_css_mix_blend_mode_passthrough et_animated\"><div class=\"et_pb_image_1 et_pb_image et_animated et_pb_module et_block_module\"><span class=\"et_pb_image_wrap\"><img loading=\"lazy\" decoding=\"async\" src=\"https:\/\/maristeurope.eu\/wp-content\/uploads\/2024\/11\/Colin-2.jpg\" width=\"600\" height=\"717\" srcset=\"https:\/\/maristeurope.eu\/wp-content\/uploads\/2024\/11\/Colin-2.jpg 600w, https:\/\/maristeurope.eu\/wp-content\/uploads\/2024\/11\/Colin-2-480x574.jpg 480w\" sizes=\"(min-width: 0px) and (max-width: 480px) 480px, (min-width: 481px) 600px, 100vw\" class=\"wp-image-423\" title=\"Colin 2\" \/><\/span><\/div><\/div><\/div><div class=\"et_pb_bottom_inside_divider et-no-transition\"><\/div><\/div><div class=\"et_pb_section_6 et_pb_section et_section_regular et_block_section section_has_divider et_pb_bottom_divider\"><span class=\"et_pb_background_pattern\"><\/span><div class=\"et_pb_row_9 et_pb_row et_pb_equal_columns et_block_row et_animated preset--module--divi-row--default\"><div class=\"et_pb_column_16 et_pb_column et_pb_column_2_5 et_block_column et_pb_css_mix_blend_mode_passthrough\"><div class=\"et_pb_text_13 et_pb_text et_pb_bg_layout_light et_animated et_pb_module et_block_module et_pb_text_align_right\"><div class=\"et_pb_text_inner\"><h1><b>Marist Family Gebetsnetzwerk der F\u00fcrbitte<\/b><\/h1>\n<\/div><\/div><div class=\"et_pb_icon_0 et_pb_icon et_pb_module et_block_module\"><span class=\"et_pb_icon_wrap\"><span class=\"et-pb-icon\">\uf684<\/span><\/span><\/div><\/div><div class=\"et_pb_column_17 et_pb_column et_pb_column_3_5 et-last-child et_block_column et_pb_css_mix_blend_mode_passthrough\"><div class=\"et_pb_text_14 et_pb_text et_pb_bg_layout_light et_animated et_pb_module et_block_module\"><div class=\"et_pb_text_inner\"><p>Wir alle haben die F\u00e4higkeit, andere in unserem Gebet zu tragen, und wir m\u00fcssen im Gebet der anderen getragen werden. Das Gebetsnetzwerk ist eine M\u00f6glichkeit, Verbindungen zwischen Gemeinschaften und Einzelpersonen auf der ganzen Welt herzustellen, um f\u00fcr bestimmte maristische Missionsaktivit\u00e4ten zu beten. Wir laden Sie ein, unserem Gebetsnetzwerk beizutreten. Kontaktieren Sie uns per E-Mail: <strong><span style=\"color: #023047;\"><a href=\"mailto:provincialsecretary@maristeurope.eu\" style=\"color: #023047;\">provincialsecretary@maristeurope.eu<\/a><\/span><\/strong>  <\/p>\n<\/div><\/div><\/div><\/div><div class=\"et_pb_row_10 et_pb_row et_block_row preset--module--divi-row--default\"><div class=\"et_pb_column_18 et_pb_column et_pb_column_4_4 et-last-child et_block_column et_pb_css_mix_blend_mode_passthrough\"><div class=\"et_pb_text_15 et_pb_text et_pb_bg_layout_light et_animated et_pb_module et_block_module et_pb_text_align_right\"><div class=\"et_pb_text_inner\"><h1 style=\"text-align: center;\"><b>M\u00f6chten Sie, dass wir f\u00fcr Ihr Anliegen beten?  <\/b><\/h1>\n<\/div><\/div><div class=\"et_pb_module et_pb_button_module_wrapper et_pb_button_0_wrapper\"><a class=\"et_pb_button_0 et_pb_button et_pb_bg_layout_light et_animated et_pb_module et_block_module\" href=\"https:\/\/maristeurope.eu\/de\/kontakt-seite\/\">Kontaktieren Sie uns<\/a><\/div><\/div><\/div><div class=\"et_pb_bottom_inside_divider et-no-transition\"><\/div><\/div>\n","protected":false},"excerpt":{"rendered":"","protected":false},"author":1,"featured_media":0,"parent":0,"menu_order":0,"comment_status":"closed","ping_status":"closed","template":"","meta":{"footnotes":""},"class_list":["post-2403","page","type-page","status-publish","hentry"],"yoast_head":"<!-- This site is optimized with the Yoast SEO plugin v27.5 - https:\/\/yoast.com\/product\/yoast-seo-wordpress\/ -->\n<title>Beten Sie mit uns - Marist Europe<\/title>\n<meta name=\"robots\" content=\"index, follow, max-snippet:-1, max-image-preview:large, max-video-preview:-1\" \/>\n<link rel=\"canonical\" href=\"https:\/\/maristeurope.eu\/de\/beten-sie-mit-uns\/\" \/>\n<meta property=\"og:locale\" content=\"de_DE\" \/>\n<meta property=\"og:type\" content=\"article\" \/>\n<meta property=\"og:title\" content=\"Beten Sie mit uns - Marist Europe\" \/>\n<meta property=\"og:url\" content=\"https:\/\/maristeurope.eu\/de\/beten-sie-mit-uns\/\" \/>\n<meta property=\"og:site_name\" content=\"Marist Europe\" \/>\n<meta property=\"article:modified_time\" content=\"2026-05-07T06:35:44+00:00\" \/>\n<meta name=\"twitter:card\" content=\"summary_large_image\" \/>\n<script type=\"application\/ld+json\" class=\"yoast-schema-graph\">{\"@context\":\"https:\\\/\\\/schema.org\",\"@graph\":[{\"@type\":\"WebPage\",\"@id\":\"https:\\\/\\\/maristeurope.eu\\\/de\\\/beten-sie-mit-uns\\\/\",\"url\":\"https:\\\/\\\/maristeurope.eu\\\/de\\\/beten-sie-mit-uns\\\/\",\"name\":\"Beten Sie mit uns - Marist Europe\",\"isPartOf\":{\"@id\":\"https:\\\/\\\/maristeurope.eu\\\/de\\\/#website\"},\"datePublished\":\"2024-12-19T08:36:39+00:00\",\"dateModified\":\"2026-05-07T06:35:44+00:00\",\"breadcrumb\":{\"@id\":\"https:\\\/\\\/maristeurope.eu\\\/de\\\/beten-sie-mit-uns\\\/#breadcrumb\"},\"inLanguage\":\"de\",\"potentialAction\":[{\"@type\":\"ReadAction\",\"target\":[\"https:\\\/\\\/maristeurope.eu\\\/de\\\/beten-sie-mit-uns\\\/\"]}]},{\"@type\":\"BreadcrumbList\",\"@id\":\"https:\\\/\\\/maristeurope.eu\\\/de\\\/beten-sie-mit-uns\\\/#breadcrumb\",\"itemListElement\":[{\"@type\":\"ListItem\",\"position\":1,\"name\":\"Home\",\"item\":\"https:\\\/\\\/maristeurope.eu\\\/de\\\/\"},{\"@type\":\"ListItem\",\"position\":2,\"name\":\"Beten Sie mit uns\"}]},{\"@type\":\"WebSite\",\"@id\":\"https:\\\/\\\/maristeurope.eu\\\/de\\\/#website\",\"url\":\"https:\\\/\\\/maristeurope.eu\\\/de\\\/\",\"name\":\"Marist Europe\",\"description\":\"\",\"publisher\":{\"@id\":\"https:\\\/\\\/maristeurope.eu\\\/de\\\/#organization\"},\"potentialAction\":[{\"@type\":\"SearchAction\",\"target\":{\"@type\":\"EntryPoint\",\"urlTemplate\":\"https:\\\/\\\/maristeurope.eu\\\/de\\\/?s={search_term_string}\"},\"query-input\":{\"@type\":\"PropertyValueSpecification\",\"valueRequired\":true,\"valueName\":\"search_term_string\"}}],\"inLanguage\":\"de\"},{\"@type\":\"Organization\",\"@id\":\"https:\\\/\\\/maristeurope.eu\\\/de\\\/#organization\",\"name\":\"Marist Europe\",\"url\":\"https:\\\/\\\/maristeurope.eu\\\/de\\\/\",\"logo\":{\"@type\":\"ImageObject\",\"inLanguage\":\"de\",\"@id\":\"https:\\\/\\\/maristeurope.eu\\\/de\\\/#\\\/schema\\\/logo\\\/image\\\/\",\"url\":\"https:\\\/\\\/maristeurope.eu\\\/wp-content\\\/uploads\\\/2024\\\/10\\\/EU-SM-Finalogo-02.png\",\"contentUrl\":\"https:\\\/\\\/maristeurope.eu\\\/wp-content\\\/uploads\\\/2024\\\/10\\\/EU-SM-Finalogo-02.png\",\"width\":150,\"height\":156,\"caption\":\"Marist Europe\"},\"image\":{\"@id\":\"https:\\\/\\\/maristeurope.eu\\\/de\\\/#\\\/schema\\\/logo\\\/image\\\/\"}}]}<\/script>\n<!-- \/ Yoast SEO plugin. -->","yoast_head_json":{"title":"Beten Sie mit uns - Marist Europe","robots":{"index":"index","follow":"follow","max-snippet":"max-snippet:-1","max-image-preview":"max-image-preview:large","max-video-preview":"max-video-preview:-1"},"canonical":"https:\/\/maristeurope.eu\/de\/beten-sie-mit-uns\/","og_locale":"de_DE","og_type":"article","og_title":"Beten Sie mit uns - Marist Europe","og_url":"https:\/\/maristeurope.eu\/de\/beten-sie-mit-uns\/","og_site_name":"Marist Europe","article_modified_time":"2026-05-07T06:35:44+00:00","twitter_card":"summary_large_image","schema":{"@context":"https:\/\/schema.org","@graph":[{"@type":"WebPage","@id":"https:\/\/maristeurope.eu\/de\/beten-sie-mit-uns\/","url":"https:\/\/maristeurope.eu\/de\/beten-sie-mit-uns\/","name":"Beten Sie mit uns - Marist Europe","isPartOf":{"@id":"https:\/\/maristeurope.eu\/de\/#website"},"datePublished":"2024-12-19T08:36:39+00:00","dateModified":"2026-05-07T06:35:44+00:00","breadcrumb":{"@id":"https:\/\/maristeurope.eu\/de\/beten-sie-mit-uns\/#breadcrumb"},"inLanguage":"de","potentialAction":[{"@type":"ReadAction","target":["https:\/\/maristeurope.eu\/de\/beten-sie-mit-uns\/"]}]},{"@type":"BreadcrumbList","@id":"https:\/\/maristeurope.eu\/de\/beten-sie-mit-uns\/#breadcrumb","itemListElement":[{"@type":"ListItem","position":1,"name":"Home","item":"https:\/\/maristeurope.eu\/de\/"},{"@type":"ListItem","position":2,"name":"Beten Sie mit uns"}]},{"@type":"WebSite","@id":"https:\/\/maristeurope.eu\/de\/#website","url":"https:\/\/maristeurope.eu\/de\/","name":"Marist Europe","description":"","publisher":{"@id":"https:\/\/maristeurope.eu\/de\/#organization"},"potentialAction":[{"@type":"SearchAction","target":{"@type":"EntryPoint","urlTemplate":"https:\/\/maristeurope.eu\/de\/?s={search_term_string}"},"query-input":{"@type":"PropertyValueSpecification","valueRequired":true,"valueName":"search_term_string"}}],"inLanguage":"de"},{"@type":"Organization","@id":"https:\/\/maristeurope.eu\/de\/#organization","name":"Marist Europe","url":"https:\/\/maristeurope.eu\/de\/","logo":{"@type":"ImageObject","inLanguage":"de","@id":"https:\/\/maristeurope.eu\/de\/#\/schema\/logo\/image\/","url":"https:\/\/maristeurope.eu\/wp-content\/uploads\/2024\/10\/EU-SM-Finalogo-02.png","contentUrl":"https:\/\/maristeurope.eu\/wp-content\/uploads\/2024\/10\/EU-SM-Finalogo-02.png","width":150,"height":156,"caption":"Marist Europe"},"image":{"@id":"https:\/\/maristeurope.eu\/de\/#\/schema\/logo\/image\/"}}]}},"_links":{"self":[{"href":"https:\/\/maristeurope.eu\/de\/wp-json\/wp\/v2\/pages\/2403","targetHints":{"allow":["GET"]}}],"collection":[{"href":"https:\/\/maristeurope.eu\/de\/wp-json\/wp\/v2\/pages"}],"about":[{"href":"https:\/\/maristeurope.eu\/de\/wp-json\/wp\/v2\/types\/page"}],"author":[{"embeddable":true,"href":"https:\/\/maristeurope.eu\/de\/wp-json\/wp\/v2\/users\/1"}],"replies":[{"embeddable":true,"href":"https:\/\/maristeurope.eu\/de\/wp-json\/wp\/v2\/comments?post=2403"}],"version-history":[{"count":16,"href":"https:\/\/maristeurope.eu\/de\/wp-json\/wp\/v2\/pages\/2403\/revisions"}],"predecessor-version":[{"id":11015,"href":"https:\/\/maristeurope.eu\/de\/wp-json\/wp\/v2\/pages\/2403\/revisions\/11015"}],"wp:attachment":[{"href":"https:\/\/maristeurope.eu\/de\/wp-json\/wp\/v2\/media?parent=2403"}],"curies":[{"name":"wp","href":"https:\/\/api.w.org\/{rel}","templated":true}]}}