{"id":2383,"date":"2024-12-19T09:55:50","date_gmt":"2024-12-19T09:55:50","guid":{"rendered":"https:\/\/marist.sjdigitaldemo.ovh\/gerechtigkeit-schoepfung\/"},"modified":"2025-02-12T08:48:52","modified_gmt":"2025-02-12T08:48:52","slug":"gerechtigkeit-schoepfung","status":"publish","type":"page","link":"https:\/\/maristeurope.eu\/de\/mission\/gerechtigkeit-schoepfung\/","title":{"rendered":"Gerechtigkeit &amp; Sch\u00f6pfung"},"content":{"rendered":"<p>[et_pb_section fb_built=\"1&#8243; _builder_version=\"4.27.4&#8243; _module_preset=\"default\" use_background_color_gradient=\"on\" background_color_gradient_stops=\"rgba(2,48,71,0.2) 0%|rgba(2,48,71,0.4) 100%\" background_color_gradient_overlays_image=\"on\" background_image=\"https:\/\/maristeurope.eu\/wp-content\/uploads\/2024\/12\/DSC3585-1-en-tamano-grande.jpeg\" background_enable_video_mp4=\"off\" custom_padding=\"16vw||4vw||false|false\" bottom_divider_style=\"ramp2&#8243; bottom_divider_color=\"#FFFAF2&#8243; bottom_divider_flip=\"horizontal\" global_colors_info=\"{}\"][et_pb_row column_structure=\"2_3,1_3&#8243; make_equal=\"on\" _builder_version=\"4.27.4&#8243; _module_preset=\"default\" background_enable_color=\"off\" custom_padding=\"0px|40px|0px|40px|true|true\" animation_style=\"fade\" animation_duration=\"1500ms\" animation_delay=\"200ms\" global_colors_info=\"{}\"][et_pb_column type=\"2_3&#8243; _builder_version=\"4.27.4&#8243; _module_preset=\"default\" custom_css_main_element=\"margin: auto;\" global_colors_info=\"{}\"][et_pb_text _builder_version=\"4.27.4&#8243; _module_preset=\"default\" header_font=\"|600||on|||||\" header_text_color=\"#FFFFFF\" header_font_size=\"4rem\" header_letter_spacing=\"4px\" header_2_text_color=\"#219EBC\" header_2_font_size=\"3.5rem\" custom_margin=\"20px||20px||true|false\" global_colors_info=\"{}\"]<\/p>\n<h1><strong>Gerechtigkeit &amp; Sch\u00f6pfung<\/strong><\/h1>\n<p>[\/et_pb_text][\/et_pb_column][et_pb_column type=\"1_3&#8243; _builder_version=\"4.27.2&#8243; _module_preset=\"default\" global_colors_info=\"{}\"][\/et_pb_column][\/et_pb_row][\/et_pb_section][et_pb_section fb_built=\"1&#8243; _builder_version=\"4.27.4&#8243; _module_preset=\"default\" background_color=\"#FFFAF2&#8243; background_image=\"https:\/\/maristeurope.eu\/wp-content\/uploads\/2024\/11\/art-therapist-illustration-04-1.png\" background_size=\"initial\" background_position=\"top_right\" global_colors_info=\"{}\"][et_pb_row column_structure=\"1_5,3_5,1_5&#8243; _builder_version=\"4.27.4&#8243; _module_preset=\"default\" global_colors_info=\"{}\"][et_pb_column type=\"1_5&#8243; _builder_version=\"4.27.4&#8243; _module_preset=\"default\" global_colors_info=\"{}\"][\/et_pb_column][et_pb_column type=\"3_5&#8243; _builder_version=\"4.27.4&#8243; _module_preset=\"default\" global_colors_info=\"{}\"][et_pb_text _builder_version=\"4.27.4&#8243; _module_preset=\"default\" text_text_color=\"#023047&#8243; text_font_size=\"3rem\" text_line_height=\"2.9rem\" text_orientation=\"center\" animation_style=\"slide\" animation_duration=\"1500ms\" animation_delay=\"300ms\" hover_enabled=\"0&#8243; global_colors_info=\"{}\" sticky_enabled=\"0&#8243;]<\/p>\n<p><span style=\"font-weight: 400;\">\"<\/span><b>Gerechtigkeit, Frieden und Bewahrung der Sch\u00f6pfung<\/b><span style=\"font-weight: 400;\">\" sind integraler Bestandteil unserer maristischen Mission in der heutigen Welt. <\/span> <\/p>\n<p>[\/et_pb_text][\/et_pb_column][et_pb_column type=\"1_5&#8243; _builder_version=\"4.27.4&#8243; _module_preset=\"default\" global_colors_info=\"{}\"][\/et_pb_column][\/et_pb_row][\/et_pb_section][et_pb_section fb_built=\"1&#8243; _builder_version=\"4.27.4&#8243; _module_preset=\"default\" background_color=\"#FFFAF2&#8243; background_size=\"initial\" background_position=\"center_left\" hover_enabled=\"0&#8243; global_colors_info=\"{}\" background_enable_image=\"off\" sticky_enabled=\"0&#8243;][et_pb_row column_structure=\"3_5,2_5&#8243; make_equal=\"on\" _builder_version=\"4.27.4&#8243; _module_preset=\"default\" global_colors_info=\"{}\"][et_pb_column type=\"3_5&#8243; _builder_version=\"4.27.4&#8243; _module_preset=\"default\" animation_style=\"fade\" animation_duration=\"1500ms\" animation_delay=\"100ms\" custom_css_main_element=\"margin: auto;\" global_colors_info=\"{}\"][et_pb_text _builder_version=\"4.27.4&#8243; _module_preset=\"default\" text_text_color=\"#023047&#8243; text_font_size=\"18px\" header_2_text_color=\"#023047&#8243; header_2_font_size=\"32px\" hover_enabled=\"0&#8243; global_colors_info=\"{}\" sticky_enabled=\"0&#8243;]<\/p>\n<h2><b>Solidarit\u00e4t und Service<\/b><\/h2>\n<p>&nbsp;<\/p>\n<p>Das Evangelium zu leben bedeutet, dass die Orte, an denen wir leben, die Werte von Gerechtigkeit und Frieden widerspiegeln. Inspiriert von sozialer Gerechtigkeit <strong>dienen<\/strong> die Maristen weltweit <strong>denjenigen, die in der Gesellschaft weniger privilegiert sind<\/strong>, und helfen Migranten und Fl\u00fcchtlingen, sich in die Gesellschaft zu integrieren. Wir bem\u00fchen uns, ein Bewusstsein f\u00fcr die \u00d6kologie zu schaffen und Wege zu finden, in Harmonie mit der Natur zu leben. Einige Maristen sind in der Gef\u00e4ngnispastoral und im interreligi\u00f6sen Dialog aktiv.   <\/p>\n<p>Die allgemeine Verwaltung der Gesellschaft hat Mittel und Wege geschaffen, um Informationen zu Fragen des Friedens, der Gerechtigkeit und der Bewahrung der Sch\u00f6pfung zu vermitteln, wie z.B. den \"JPIC-Blog <a href=\"https:\/\/jpicblog.maristsm.org\">\": https:\/\/jpicblog.maristsm.org,<\/a> in dem jede Woche Artikel zu einer Vielzahl von Themen aus diesem Bereich ver\u00f6ffentlicht werden.<\/p>\n<p>[\/et_pb_text][\/et_pb_column][et_pb_column type=\"2_5&#8243; _builder_version=\"4.27.4&#8243; _module_preset=\"default\" custom_css_main_element=\"margin: auto;\" global_colors_info=\"{}\"][et_pb_image src=\"https:\/\/maristeurope.eu\/wp-content\/uploads\/2024\/12\/MEMORIAL-Barbery-cross-3J-fence-crpps-en-tamano-mediano.jpeg\" title_text=\"MEMORIAL-Barbery-cross-3J-fence-crpps en tama\u00f1o mediano\" _builder_version=\"4.27.4&#8243; _module_preset=\"default\" animation_style=\"slide\" animation_direction=\"right\" animation_duration=\"1500ms\" animation_delay=\"400ms\" border_radii=\"on|50px|50px|50px|50px\" global_colors_info=\"{}\"][\/et_pb_image][\/et_pb_column][\/et_pb_row][\/et_pb_section][et_pb_section fb_built=\"1&#8243; _builder_version=\"4.27.4&#8243; _module_preset=\"default\" background_color=\"#FFFAF2&#8243; background_image=\"https:\/\/maristeurope.eu\/wp-content\/uploads\/2024\/11\/art-therapist-background-02b.png\" background_size=\"contain\" background_position=\"bottom_left\" custom_padding=\"6vw||100px||false|false\" global_colors_info=\"{}\"][et_pb_row _builder_version=\"4.27.4&#8243; _module_preset=\"default\" global_colors_info=\"{}\"][et_pb_column type=\"4_4&#8243; _builder_version=\"4.27.4&#8243; _module_preset=\"default\" global_colors_info=\"{}\"][et_pb_text _builder_version=\"4.27.4&#8243; _module_preset=\"default\" text_text_color=\"#023047&#8243; text_font_size=\"18px\" header_2_text_color=\"#023047&#8243; header_2_font_size=\"32px\" hover_enabled=\"0&#8243; global_colors_info=\"{}\" sticky_enabled=\"0&#8243;]<\/p>\n<h2>Maristen aus der Europ\u00e4ischen Provinz sind an solchen Diensten beteiligt - hier sind einige Beispiele:<\/h2>\n<p>[\/et_pb_text][et_pb_text _builder_version=\"4.27.4&#8243; _module_preset=\"default\" text_text_color=\"#023047&#8243; text_font_size=\"18px\" header_2_text_color=\"#FFFFFF\" header_2_font_size=\"32px\" hover_enabled=\"0&#8243; global_colors_info=\"{}\" sticky_enabled=\"0&#8243;]<\/p>\n<div class=\"sjd-locations-grid\"><div class=\"sjd-location-card\">  <div class=\"sjd-card-column sjd-column-name\">      <h2>Gerechtigkeit, Frieden und Bewahrung der Sch\u00f6pfung Blog<\/h2>      <h3>Internet<\/h3>  <\/div>  <div class=\"sjd-card-column sjd-column-description\"><p>Ein w\u00f6chentlicher Blog zu den Themen Gerechtigkeit, Frieden und Sch\u00f6pfung weltweit.<\/p><\/div>  <div class=\"sjd-card-column sjd-column-contact\">      <h3>Contact<\/h3><p><a href=\"https:\/\/jpicblog.maristsm.org\" target=\"_blank\">Visit Website<\/a><\/p>  <\/div><\/div><div class=\"sjd-location-card\">  <div class=\"sjd-card-column sjd-column-name\">      <h2>Projekt Laudato Si (Yaounde, Kamerun, Afrika)<\/h2>      <h3>Kamerun<\/h3>  <\/div>  <div class=\"sjd-card-column sjd-column-description\"><p>A<span style=\"font-weight: 400;\">n landwirtschaftliches Projekt unter der Leitung eines italienischen Maristen, Luigi Savoldelli, sm. Das Projekt arbeitet mit einer Gruppe lokaler Familien und hat seinen Ursprung in der Enzyklika Laudato Si' von Papst Franziskus. Luigi schreibt:    <\/span><i><span style=\"font-weight: 400;\">\"Die Arbeit geht \u00fcber die Kultivierung des Landes oder das Graben eines Brunnens hinaus, um den Durst von Menschen und Tieren zu stillen und Ernten zu bew\u00e4ssern. Hinter jeder Initiative, die den Menschen gewidmet ist, die wenig haben und am meisten gef\u00e4hrdet sind, steht die tiefe Bedeutung, ihnen zu einem besseren Leben zu verhelfen, als sie es sich h\u00e4tten vorstellen k\u00f6nnen. Wir schaffen M\u00f6glichkeiten f\u00fcr eine bessere Zukunft f\u00fcr etwa 35 junge Menschen und ihre Familien, damit sie nicht gezwungen sind, ihre Heimat und ihr Land zu verlassen.\"<\/span><\/i><\/p><\/div>  <div class=\"sjd-card-column sjd-column-contact\">      <h3>Contact<\/h3>  <\/div><\/div><div class=\"sjd-location-card\">  <div class=\"sjd-card-column sjd-column-name\">      <h2>Turin - Corso Francia<\/h2>      <h3>Italien<\/h3>  <\/div>  <div class=\"sjd-card-column sjd-column-description\"><p><span style=\"font-weight: 400;\">Das Heiligtum Unserer Lieben Frau von Lourdes in Corso Francia (Turin) f\u00fchrt neben verschiedenen liturgischen und spirituellen Aktivit\u00e4ten wohlt\u00e4tige Aktivit\u00e4ten f\u00fcr bed\u00fcrftige Familien und Obdachlose durch, etwa 250 Personen. Dieses Projekt wird von einer kleinen Gruppe von Freiwilligen geleitet, die zweimal pro Woche (mittwochs und donnerstags) Menschen zur Ausgabe von Lebensmitteln und Kleidung empfangen. Der Dienst wird in Zusammenarbeit mit der Piedmont Food Bank und \u00f6rtlichen Superm\u00e4rkten durchgef\u00fchrt. Dank der Gro\u00dfz\u00fcgigkeit unserer Unterst\u00fctzer k\u00f6nnen wir den Menschen, die an unsere T\u00fcr klopfen und um Hilfe bitten, einen bescheidenen finanziellen Beitrag anbieten. Die h\u00e4ufigsten Anfragen, die wir erhalten, betreffen den Kauf von Medikamenten in der Apotheke, die Bezahlung von Rechnungen und die Aufladung von Telefonen.      <\/span><\/p><\/div>  <div class=\"sjd-card-column sjd-column-contact\">      <h3>Contact<\/h3><p>Corso Francia 29, 10138 Turin, Italy<\/p><p>+39 011 4472368<\/p><p><a href=\"mailto:renatofrappi@gmail.com\">renatofrappi@gmail.com<\/a><\/p>  <\/div><\/div><div class=\"sjd-location-card\">  <div class=\"sjd-card-column sjd-column-name\">      <h2>In Notre Dame de France, London<\/h2>      <h3>England<\/h3>  <\/div>  <div class=\"sjd-card-column sjd-column-description\"><p><span style=\"font-weight: 400;\">Wir hei\u00dfen willkommen <\/span><b>Obdachlose Menschen<\/b><span style=\"font-weight: 400;\">  und andere Bed\u00fcrftige samstags f\u00fcr ein paar Stunden, um ihnen Sandwiches und hei\u00dfe Getr\u00e4nke anzubieten und, was vielleicht noch wichtiger ist, eine Gelegenheit zum Plaudern und Entspannen zu geben. Einmal im Monat veranstalten wir einen Cinema Club. <\/span><a href=\"http:\/\/www.ndfchurch.org\/en\/solidarity\"> <span style=\"font-weight: 400;\">www.ndfchurch.org\/en\/solidarity<\/span><\/a><span style=\"font-weight: 400;\">  <\/span>\n\n<span style=\"font-weight: 400;\">Das <\/span><b>Notre-Dame-Fl\u00fcchtlingszentrum<\/b><span style=\"font-weight: 400;\"> (<\/span><a href=\"http:\/\/www.notredamerc.org.uk\/\"><span style=\"font-weight: 400;\">www.notredamerc.org.uk<\/span><\/a><span style=\"font-weight: 400;\">) empf\u00e4ngt Asylsuchende und Fl\u00fcchtlinge<\/span> <span style=\"font-weight: 400;\">in einer Anlaufstelle f\u00fcr allgemeine Unterst\u00fctzung, einem Raum f\u00fcr soziale Kontakte, Einwanderungs- und Wohnberatung, Englischunterricht sowie kostenlose Kleidung und Hygieneartikel. <\/span> <\/p><\/div>  <div class=\"sjd-card-column sjd-column-contact\">      <h3>Contact<\/h3><p>5 Leicester Place, London WC2H 7BX, UK<\/p><p><a href=\"https:\/\/www.notredamerc.org.uk\" target=\"_blank\">Visit Website<\/a><\/p>  <\/div><\/div><\/div>\n<p>[\/et_pb_text][\/et_pb_column][\/et_pb_row][\/et_pb_section]<\/p>\n","protected":false},"excerpt":{"rendered":"<p>[et_pb_section fb_built=\"1&#8243; _builder_version=\"4.27.4&#8243; _module_preset=\"default\" use_background_color_gradient=\"on\" background_color_gradient_stops=\"rgba(2,48,71,0.2) 0%|rgba(2,48,71,0.4) 100%\" background_color_gradient_overlays_image=\"on\" background_image=\"https:\/\/maristeurope.eu\/wp-content\/uploads\/2024\/12\/DSC3585-1-en-tamano-grande.jpeg\" background_enable_video_mp4=\"off\" custom_padding=\"16vw||4vw||false|false\" bottom_divider_style=\"ramp2&#8243; bottom_divider_color=\"#FFFAF2&#8243; bottom_divider_flip=\"horizontal\" global_colors_info=\"{}\"][et_pb_row column_structure=\"2_3,1_3&#8243; make_equal=\"on\" _builder_version=\"4.27.4&#8243; _module_preset=\"default\" background_enable_color=\"off\" custom_padding=\"0px|40px|0px|40px|true|true\" animation_style=\"fade\" animation_duration=\"1500ms\" animation_delay=\"200ms\" global_colors_info=\"{}\"][et_pb_column type=\"2_3&#8243; _builder_version=\"4.27.4&#8243; _module_preset=\"default\" custom_css_main_element=\"margin: auto;\" global_colors_info=\"{}\"][et_pb_text _builder_version=\"4.27.4&#8243; _module_preset=\"default\" header_font=\"|600||on|||||\" header_text_color=\"#FFFFFF\" header_font_size=\"4rem\" header_letter_spacing=\"4px\" header_2_text_color=\"#219EBC\" header_2_font_size=\"3.5rem\" custom_margin=\"20px||20px||true|false\" global_colors_info=\"{}\"] Gerechtigkeit &amp; Sch\u00f6pfung [\/et_pb_text][\/et_pb_column][et_pb_column type=\"1_3&#8243; _builder_version=\"4.27.2&#8243; _module_preset=\"default\" global_colors_info=\"{}\"][\/et_pb_column][\/et_pb_row][\/et_pb_section][et_pb_section fb_built=\"1&#8243; _builder_version=\"4.27.4&#8243; _module_preset=\"default\" background_color=\"#FFFAF2&#8243; background_image=\"https:\/\/maristeurope.eu\/wp-content\/uploads\/2024\/11\/art-therapist-illustration-04-1.png\" [&hellip;]<\/p>\n","protected":false},"author":1,"featured_media":0,"parent":2963,"menu_order":0,"comment_status":"closed","ping_status":"closed","template":"","meta":{"_et_pb_use_builder":"on","_et_pb_old_content":"","_et_gb_content_width":"","footnotes":""},"class_list":["post-2383","page","type-page","status-publish","hentry"],"yoast_head":"<!-- This site is optimized with the Yoast SEO plugin v27.4 - https:\/\/yoast.com\/product\/yoast-seo-wordpress\/ -->\n<title>Gerechtigkeit &amp; Sch\u00f6pfung - Marist Europe<\/title>\n<meta name=\"robots\" content=\"index, follow, max-snippet:-1, max-image-preview:large, max-video-preview:-1\" \/>\n<link rel=\"canonical\" href=\"https:\/\/maristeurope.eu\/de\/mission\/gerechtigkeit-schoepfung\/\" \/>\n<meta property=\"og:locale\" content=\"de_DE\" \/>\n<meta property=\"og:type\" content=\"article\" \/>\n<meta property=\"og:title\" content=\"Gerechtigkeit &amp; Sch\u00f6pfung - Marist Europe\" \/>\n<meta property=\"og:description\" content=\"[et_pb_section fb_built=&quot;1&#8243; _builder_version=&quot;4.27.4&#8243; _module_preset=&quot;default&quot; use_background_color_gradient=&quot;on&quot; background_color_gradient_stops=&quot;rgba(2,48,71,0.2) 0%|rgba(2,48,71,0.4) 100%&quot; background_color_gradient_overlays_image=&quot;on&quot; background_image=&quot;https:\/\/maristeurope.eu\/wp-content\/uploads\/2024\/12\/DSC3585-1-en-tamano-grande.jpeg&quot; background_enable_video_mp4=&quot;off&quot; custom_padding=&quot;16vw||4vw||false|false&quot; bottom_divider_style=&quot;ramp2&#8243; bottom_divider_color=&quot;#FFFAF2&#8243; bottom_divider_flip=&quot;horizontal&quot; global_colors_info=&quot;{}&quot;][et_pb_row column_structure=&quot;2_3,1_3&#8243; make_equal=&quot;on&quot; _builder_version=&quot;4.27.4&#8243; _module_preset=&quot;default&quot; background_enable_color=&quot;off&quot; custom_padding=&quot;0px|40px|0px|40px|true|true&quot; animation_style=&quot;fade&quot; animation_duration=&quot;1500ms&quot; animation_delay=&quot;200ms&quot; global_colors_info=&quot;{}&quot;][et_pb_column type=&quot;2_3&#8243; _builder_version=&quot;4.27.4&#8243; _module_preset=&quot;default&quot; custom_css_main_element=&quot;margin: auto;&quot; global_colors_info=&quot;{}&quot;][et_pb_text _builder_version=&quot;4.27.4&#8243; _module_preset=&quot;default&quot; header_font=&quot;|600||on|||||&quot; header_text_color=&quot;#FFFFFF&quot; header_font_size=&quot;4rem&quot; header_letter_spacing=&quot;4px&quot; header_2_text_color=&quot;#219EBC&quot; header_2_font_size=&quot;3.5rem&quot; custom_margin=&quot;20px||20px||true|false&quot; global_colors_info=&quot;{}&quot;] Gerechtigkeit &amp; Sch\u00f6pfung [\/et_pb_text][\/et_pb_column][et_pb_column type=&quot;1_3&#8243; _builder_version=&quot;4.27.2&#8243; _module_preset=&quot;default&quot; global_colors_info=&quot;{}&quot;][\/et_pb_column][\/et_pb_row][\/et_pb_section][et_pb_section fb_built=&quot;1&#8243; _builder_version=&quot;4.27.4&#8243; _module_preset=&quot;default&quot; background_color=&quot;#FFFAF2&#8243; background_image=&quot;https:\/\/maristeurope.eu\/wp-content\/uploads\/2024\/11\/art-therapist-illustration-04-1.png&quot; [&hellip;]\" \/>\n<meta property=\"og:url\" content=\"https:\/\/maristeurope.eu\/de\/mission\/gerechtigkeit-schoepfung\/\" \/>\n<meta property=\"og:site_name\" content=\"Marist Europe\" \/>\n<meta property=\"article:modified_time\" content=\"2025-02-12T08:48:52+00:00\" \/>\n<meta name=\"twitter:card\" content=\"summary_large_image\" \/>\n<meta name=\"twitter:label1\" content=\"Gesch\u00e4tzte Lesezeit\" \/>\n\t<meta name=\"twitter:data1\" content=\"4\u00a0Minute\" \/>\n<script type=\"application\/ld+json\" class=\"yoast-schema-graph\">{\"@context\":\"https:\\\/\\\/schema.org\",\"@graph\":[{\"@type\":\"WebPage\",\"@id\":\"https:\\\/\\\/maristeurope.eu\\\/de\\\/mission\\\/gerechtigkeit-schoepfung\\\/\",\"url\":\"https:\\\/\\\/maristeurope.eu\\\/de\\\/mission\\\/gerechtigkeit-schoepfung\\\/\",\"name\":\"Gerechtigkeit &amp; Sch\u00f6pfung - Marist Europe\",\"isPartOf\":{\"@id\":\"https:\\\/\\\/maristeurope.eu\\\/de\\\/#website\"},\"datePublished\":\"2024-12-19T09:55:50+00:00\",\"dateModified\":\"2025-02-12T08:48:52+00:00\",\"breadcrumb\":{\"@id\":\"https:\\\/\\\/maristeurope.eu\\\/de\\\/mission\\\/gerechtigkeit-schoepfung\\\/#breadcrumb\"},\"inLanguage\":\"de\",\"potentialAction\":[{\"@type\":\"ReadAction\",\"target\":[\"https:\\\/\\\/maristeurope.eu\\\/de\\\/mission\\\/gerechtigkeit-schoepfung\\\/\"]}]},{\"@type\":\"BreadcrumbList\",\"@id\":\"https:\\\/\\\/maristeurope.eu\\\/de\\\/mission\\\/gerechtigkeit-schoepfung\\\/#breadcrumb\",\"itemListElement\":[{\"@type\":\"ListItem\",\"position\":1,\"name\":\"Home\",\"item\":\"https:\\\/\\\/maristeurope.eu\\\/de\\\/maristen\\\/\"},{\"@type\":\"ListItem\",\"position\":2,\"name\":\"Mission\",\"item\":\"https:\\\/\\\/maristeurope.eu\\\/de\\\/mission\\\/\"},{\"@type\":\"ListItem\",\"position\":3,\"name\":\"Gerechtigkeit &amp; Sch\u00f6pfung\"}]},{\"@type\":\"WebSite\",\"@id\":\"https:\\\/\\\/maristeurope.eu\\\/de\\\/#website\",\"url\":\"https:\\\/\\\/maristeurope.eu\\\/de\\\/\",\"name\":\"Marist Europe\",\"description\":\"\",\"publisher\":{\"@id\":\"https:\\\/\\\/maristeurope.eu\\\/de\\\/#organization\"},\"potentialAction\":[{\"@type\":\"SearchAction\",\"target\":{\"@type\":\"EntryPoint\",\"urlTemplate\":\"https:\\\/\\\/maristeurope.eu\\\/de\\\/?s={search_term_string}\"},\"query-input\":{\"@type\":\"PropertyValueSpecification\",\"valueRequired\":true,\"valueName\":\"search_term_string\"}}],\"inLanguage\":\"de\"},{\"@type\":\"Organization\",\"@id\":\"https:\\\/\\\/maristeurope.eu\\\/de\\\/#organization\",\"name\":\"Marist Europe\",\"url\":\"https:\\\/\\\/maristeurope.eu\\\/de\\\/\",\"logo\":{\"@type\":\"ImageObject\",\"inLanguage\":\"de\",\"@id\":\"https:\\\/\\\/maristeurope.eu\\\/de\\\/#\\\/schema\\\/logo\\\/image\\\/\",\"url\":\"https:\\\/\\\/maristeurope.eu\\\/wp-content\\\/uploads\\\/2024\\\/10\\\/EU-SM-Finalogo-02.png\",\"contentUrl\":\"https:\\\/\\\/maristeurope.eu\\\/wp-content\\\/uploads\\\/2024\\\/10\\\/EU-SM-Finalogo-02.png\",\"width\":150,\"height\":156,\"caption\":\"Marist Europe\"},\"image\":{\"@id\":\"https:\\\/\\\/maristeurope.eu\\\/de\\\/#\\\/schema\\\/logo\\\/image\\\/\"}}]}<\/script>\n<!-- \/ Yoast SEO plugin. -->","yoast_head_json":{"title":"Gerechtigkeit &amp; Sch\u00f6pfung - Marist Europe","robots":{"index":"index","follow":"follow","max-snippet":"max-snippet:-1","max-image-preview":"max-image-preview:large","max-video-preview":"max-video-preview:-1"},"canonical":"https:\/\/maristeurope.eu\/de\/mission\/gerechtigkeit-schoepfung\/","og_locale":"de_DE","og_type":"article","og_title":"Gerechtigkeit &amp; Sch\u00f6pfung - Marist Europe","og_description":"[et_pb_section fb_built=\"1&#8243; _builder_version=\"4.27.4&#8243; _module_preset=\"default\" use_background_color_gradient=\"on\" background_color_gradient_stops=\"rgba(2,48,71,0.2) 0%|rgba(2,48,71,0.4) 100%\" background_color_gradient_overlays_image=\"on\" background_image=\"https:\/\/maristeurope.eu\/wp-content\/uploads\/2024\/12\/DSC3585-1-en-tamano-grande.jpeg\" background_enable_video_mp4=\"off\" custom_padding=\"16vw||4vw||false|false\" bottom_divider_style=\"ramp2&#8243; bottom_divider_color=\"#FFFAF2&#8243; bottom_divider_flip=\"horizontal\" global_colors_info=\"{}\"][et_pb_row column_structure=\"2_3,1_3&#8243; make_equal=\"on\" _builder_version=\"4.27.4&#8243; _module_preset=\"default\" background_enable_color=\"off\" custom_padding=\"0px|40px|0px|40px|true|true\" animation_style=\"fade\" animation_duration=\"1500ms\" animation_delay=\"200ms\" global_colors_info=\"{}\"][et_pb_column type=\"2_3&#8243; _builder_version=\"4.27.4&#8243; _module_preset=\"default\" custom_css_main_element=\"margin: auto;\" global_colors_info=\"{}\"][et_pb_text _builder_version=\"4.27.4&#8243; _module_preset=\"default\" header_font=\"|600||on|||||\" header_text_color=\"#FFFFFF\" header_font_size=\"4rem\" header_letter_spacing=\"4px\" header_2_text_color=\"#219EBC\" header_2_font_size=\"3.5rem\" custom_margin=\"20px||20px||true|false\" global_colors_info=\"{}\"] Gerechtigkeit &amp; Sch\u00f6pfung [\/et_pb_text][\/et_pb_column][et_pb_column type=\"1_3&#8243; _builder_version=\"4.27.2&#8243; _module_preset=\"default\" global_colors_info=\"{}\"][\/et_pb_column][\/et_pb_row][\/et_pb_section][et_pb_section fb_built=\"1&#8243; _builder_version=\"4.27.4&#8243; _module_preset=\"default\" background_color=\"#FFFAF2&#8243; background_image=\"https:\/\/maristeurope.eu\/wp-content\/uploads\/2024\/11\/art-therapist-illustration-04-1.png\" [&hellip;]","og_url":"https:\/\/maristeurope.eu\/de\/mission\/gerechtigkeit-schoepfung\/","og_site_name":"Marist Europe","article_modified_time":"2025-02-12T08:48:52+00:00","twitter_card":"summary_large_image","twitter_misc":{"Gesch\u00e4tzte Lesezeit":"4\u00a0Minute"},"schema":{"@context":"https:\/\/schema.org","@graph":[{"@type":"WebPage","@id":"https:\/\/maristeurope.eu\/de\/mission\/gerechtigkeit-schoepfung\/","url":"https:\/\/maristeurope.eu\/de\/mission\/gerechtigkeit-schoepfung\/","name":"Gerechtigkeit &amp; Sch\u00f6pfung - Marist Europe","isPartOf":{"@id":"https:\/\/maristeurope.eu\/de\/#website"},"datePublished":"2024-12-19T09:55:50+00:00","dateModified":"2025-02-12T08:48:52+00:00","breadcrumb":{"@id":"https:\/\/maristeurope.eu\/de\/mission\/gerechtigkeit-schoepfung\/#breadcrumb"},"inLanguage":"de","potentialAction":[{"@type":"ReadAction","target":["https:\/\/maristeurope.eu\/de\/mission\/gerechtigkeit-schoepfung\/"]}]},{"@type":"BreadcrumbList","@id":"https:\/\/maristeurope.eu\/de\/mission\/gerechtigkeit-schoepfung\/#breadcrumb","itemListElement":[{"@type":"ListItem","position":1,"name":"Home","item":"https:\/\/maristeurope.eu\/de\/maristen\/"},{"@type":"ListItem","position":2,"name":"Mission","item":"https:\/\/maristeurope.eu\/de\/mission\/"},{"@type":"ListItem","position":3,"name":"Gerechtigkeit &amp; Sch\u00f6pfung"}]},{"@type":"WebSite","@id":"https:\/\/maristeurope.eu\/de\/#website","url":"https:\/\/maristeurope.eu\/de\/","name":"Marist Europe","description":"","publisher":{"@id":"https:\/\/maristeurope.eu\/de\/#organization"},"potentialAction":[{"@type":"SearchAction","target":{"@type":"EntryPoint","urlTemplate":"https:\/\/maristeurope.eu\/de\/?s={search_term_string}"},"query-input":{"@type":"PropertyValueSpecification","valueRequired":true,"valueName":"search_term_string"}}],"inLanguage":"de"},{"@type":"Organization","@id":"https:\/\/maristeurope.eu\/de\/#organization","name":"Marist Europe","url":"https:\/\/maristeurope.eu\/de\/","logo":{"@type":"ImageObject","inLanguage":"de","@id":"https:\/\/maristeurope.eu\/de\/#\/schema\/logo\/image\/","url":"https:\/\/maristeurope.eu\/wp-content\/uploads\/2024\/10\/EU-SM-Finalogo-02.png","contentUrl":"https:\/\/maristeurope.eu\/wp-content\/uploads\/2024\/10\/EU-SM-Finalogo-02.png","width":150,"height":156,"caption":"Marist Europe"},"image":{"@id":"https:\/\/maristeurope.eu\/de\/#\/schema\/logo\/image\/"}}]}},"_links":{"self":[{"href":"https:\/\/maristeurope.eu\/de\/wp-json\/wp\/v2\/pages\/2383","targetHints":{"allow":["GET"]}}],"collection":[{"href":"https:\/\/maristeurope.eu\/de\/wp-json\/wp\/v2\/pages"}],"about":[{"href":"https:\/\/maristeurope.eu\/de\/wp-json\/wp\/v2\/types\/page"}],"author":[{"embeddable":true,"href":"https:\/\/maristeurope.eu\/de\/wp-json\/wp\/v2\/users\/1"}],"replies":[{"embeddable":true,"href":"https:\/\/maristeurope.eu\/de\/wp-json\/wp\/v2\/comments?post=2383"}],"version-history":[{"count":2,"href":"https:\/\/maristeurope.eu\/de\/wp-json\/wp\/v2\/pages\/2383\/revisions"}],"predecessor-version":[{"id":2394,"href":"https:\/\/maristeurope.eu\/de\/wp-json\/wp\/v2\/pages\/2383\/revisions\/2394"}],"up":[{"embeddable":true,"href":"https:\/\/maristeurope.eu\/de\/wp-json\/wp\/v2\/pages\/2963"}],"wp:attachment":[{"href":"https:\/\/maristeurope.eu\/de\/wp-json\/wp\/v2\/media?parent=2383"}],"curies":[{"name":"wp","href":"https:\/\/api.w.org\/{rel}","templated":true}]}}