{"id":2342,"date":"2024-10-04T05:42:42","date_gmt":"2024-10-04T05:42:42","guid":{"rendered":"https:\/\/marist.sjdigitaldemo.ovh\/muster-seite\/"},"modified":"2025-02-12T08:47:51","modified_gmt":"2025-02-12T08:47:51","slug":"muster-seite","status":"publish","type":"page","link":"https:\/\/maristeurope.eu\/de\/muster-seite\/","title":{"rendered":"Muster Seite"},"content":{"rendered":"\n<p>Dies ist eine Beispielseite. Er unterscheidet sich von einem Blog-Post, da er an einem Ort bleibt und in der Navigation Ihrer Website angezeigt wird (in den meisten Themes). Die meisten Menschen beginnen mit einer \u00dcber-Seite, auf der sie sich potenziellen Besuchern ihrer Website vorstellen. Sie k\u00f6nnte etwa so lauten:<\/p>\n\n<blockquote class=\"wp-block-quote is-layout-flow wp-block-quote-is-layout-flow\"><p>Hallo zusammen! Ich bin tags\u00fcber ein Fahrradkurier und nachts ein aufstrebender Schauspieler, und dies ist meine Website. Ich lebe in Los Angeles, habe einen tollen Hund namens Jack und ich mag Pi\u00f1a Coladas. (Und vom Regen erwischt zu werden.)<\/p><\/blockquote>\n\n<p>&#8230;oder etwas in dieser Art:<\/p>\n\n<blockquote class=\"wp-block-quote is-layout-flow wp-block-quote-is-layout-flow\"><p>Die XYZ Doohickey Company wurde 1971 gegr\u00fcndet und bietet seitdem qualitativ hochwertige Doohickeys f\u00fcr die \u00d6ffentlichkeit an. Das in Gotham City ans\u00e4ssige Unternehmen XYZ besch\u00e4ftigt mehr als 2.000 Mitarbeiter und leistet eine Menge gro\u00dfartiger Dinge f\u00fcr die Gotham Community.<\/p><\/blockquote>\n\n<p>Als neuer WordPress-Benutzer sollten Sie zu <a href=\"https:\/\/maristeurope.eu\/wp-admin\/\">Ihrem Dashboard<\/a> gehen, um diese Seite zu l\u00f6schen und neue Seiten f\u00fcr Ihre Inhalte zu erstellen. Viel Spa\u00df!<\/p>\n","protected":false},"excerpt":{"rendered":"<p>Dies ist eine Beispielseite. Er unterscheidet sich von einem Blog-Post, da er an einem Ort bleibt und in der Navigation Ihrer Website angezeigt wird (in den meisten Themes). Die meisten Menschen beginnen mit einer \u00dcber-Seite, auf der sie sich potenziellen Besuchern ihrer Website vorstellen. Sie k\u00f6nnte etwa so lauten: Hallo zusammen! Ich bin tags\u00fcber ein [&hellip;]<\/p>\n","protected":false},"author":1,"featured_media":0,"parent":0,"menu_order":0,"comment_status":"closed","ping_status":"open","template":"","meta":{"_et_pb_use_builder":"","_et_pb_old_content":"","_et_gb_content_width":"","footnotes":""},"class_list":["post-2342","page","type-page","status-publish","hentry"],"yoast_head":"<!-- This site is optimized with the Yoast SEO plugin v27.4 - https:\/\/yoast.com\/product\/yoast-seo-wordpress\/ -->\n<title>Muster Seite - Marist Europe<\/title>\n<meta name=\"robots\" content=\"index, follow, max-snippet:-1, max-image-preview:large, max-video-preview:-1\" \/>\n<link rel=\"canonical\" href=\"https:\/\/maristeurope.eu\/de\/muster-seite\/\" \/>\n<meta property=\"og:locale\" content=\"de_DE\" \/>\n<meta property=\"og:type\" content=\"article\" \/>\n<meta property=\"og:title\" content=\"Muster Seite - Marist Europe\" \/>\n<meta property=\"og:description\" content=\"Dies ist eine Beispielseite. Er unterscheidet sich von einem Blog-Post, da er an einem Ort bleibt und in der Navigation Ihrer Website angezeigt wird (in den meisten Themes). Die meisten Menschen beginnen mit einer \u00dcber-Seite, auf der sie sich potenziellen Besuchern ihrer Website vorstellen. Sie k\u00f6nnte etwa so lauten: Hallo zusammen! Ich bin tags\u00fcber ein [&hellip;]\" \/>\n<meta property=\"og:url\" content=\"https:\/\/maristeurope.eu\/de\/muster-seite\/\" \/>\n<meta property=\"og:site_name\" content=\"Marist Europe\" \/>\n<meta property=\"article:modified_time\" content=\"2025-02-12T08:47:51+00:00\" \/>\n<meta name=\"twitter:card\" content=\"summary_large_image\" \/>\n<meta name=\"twitter:label1\" content=\"Gesch\u00e4tzte Lesezeit\" \/>\n\t<meta name=\"twitter:data1\" content=\"1\u00a0Minute\" \/>\n<script type=\"application\/ld+json\" class=\"yoast-schema-graph\">{\"@context\":\"https:\\\/\\\/schema.org\",\"@graph\":[{\"@type\":\"WebPage\",\"@id\":\"https:\\\/\\\/maristeurope.eu\\\/de\\\/muster-seite\\\/\",\"url\":\"https:\\\/\\\/maristeurope.eu\\\/de\\\/muster-seite\\\/\",\"name\":\"Muster Seite - Marist Europe\",\"isPartOf\":{\"@id\":\"https:\\\/\\\/maristeurope.eu\\\/de\\\/#website\"},\"datePublished\":\"2024-10-04T05:42:42+00:00\",\"dateModified\":\"2025-02-12T08:47:51+00:00\",\"breadcrumb\":{\"@id\":\"https:\\\/\\\/maristeurope.eu\\\/de\\\/muster-seite\\\/#breadcrumb\"},\"inLanguage\":\"de\",\"potentialAction\":[{\"@type\":\"ReadAction\",\"target\":[\"https:\\\/\\\/maristeurope.eu\\\/de\\\/muster-seite\\\/\"]}]},{\"@type\":\"BreadcrumbList\",\"@id\":\"https:\\\/\\\/maristeurope.eu\\\/de\\\/muster-seite\\\/#breadcrumb\",\"itemListElement\":[{\"@type\":\"ListItem\",\"position\":1,\"name\":\"Home\",\"item\":\"https:\\\/\\\/maristeurope.eu\\\/de\\\/maristen\\\/\"},{\"@type\":\"ListItem\",\"position\":2,\"name\":\"Muster Seite\"}]},{\"@type\":\"WebSite\",\"@id\":\"https:\\\/\\\/maristeurope.eu\\\/de\\\/#website\",\"url\":\"https:\\\/\\\/maristeurope.eu\\\/de\\\/\",\"name\":\"Marist Europe\",\"description\":\"\",\"publisher\":{\"@id\":\"https:\\\/\\\/maristeurope.eu\\\/de\\\/#organization\"},\"potentialAction\":[{\"@type\":\"SearchAction\",\"target\":{\"@type\":\"EntryPoint\",\"urlTemplate\":\"https:\\\/\\\/maristeurope.eu\\\/de\\\/?s={search_term_string}\"},\"query-input\":{\"@type\":\"PropertyValueSpecification\",\"valueRequired\":true,\"valueName\":\"search_term_string\"}}],\"inLanguage\":\"de\"},{\"@type\":\"Organization\",\"@id\":\"https:\\\/\\\/maristeurope.eu\\\/de\\\/#organization\",\"name\":\"Marist Europe\",\"url\":\"https:\\\/\\\/maristeurope.eu\\\/de\\\/\",\"logo\":{\"@type\":\"ImageObject\",\"inLanguage\":\"de\",\"@id\":\"https:\\\/\\\/maristeurope.eu\\\/de\\\/#\\\/schema\\\/logo\\\/image\\\/\",\"url\":\"https:\\\/\\\/maristeurope.eu\\\/wp-content\\\/uploads\\\/2024\\\/10\\\/EU-SM-Finalogo-02.png\",\"contentUrl\":\"https:\\\/\\\/maristeurope.eu\\\/wp-content\\\/uploads\\\/2024\\\/10\\\/EU-SM-Finalogo-02.png\",\"width\":150,\"height\":156,\"caption\":\"Marist Europe\"},\"image\":{\"@id\":\"https:\\\/\\\/maristeurope.eu\\\/de\\\/#\\\/schema\\\/logo\\\/image\\\/\"}}]}<\/script>\n<!-- \/ Yoast SEO plugin. -->","yoast_head_json":{"title":"Muster Seite - Marist Europe","robots":{"index":"index","follow":"follow","max-snippet":"max-snippet:-1","max-image-preview":"max-image-preview:large","max-video-preview":"max-video-preview:-1"},"canonical":"https:\/\/maristeurope.eu\/de\/muster-seite\/","og_locale":"de_DE","og_type":"article","og_title":"Muster Seite - Marist Europe","og_description":"Dies ist eine Beispielseite. Er unterscheidet sich von einem Blog-Post, da er an einem Ort bleibt und in der Navigation Ihrer Website angezeigt wird (in den meisten Themes). Die meisten Menschen beginnen mit einer \u00dcber-Seite, auf der sie sich potenziellen Besuchern ihrer Website vorstellen. Sie k\u00f6nnte etwa so lauten: Hallo zusammen! Ich bin tags\u00fcber ein [&hellip;]","og_url":"https:\/\/maristeurope.eu\/de\/muster-seite\/","og_site_name":"Marist Europe","article_modified_time":"2025-02-12T08:47:51+00:00","twitter_card":"summary_large_image","twitter_misc":{"Gesch\u00e4tzte Lesezeit":"1\u00a0Minute"},"schema":{"@context":"https:\/\/schema.org","@graph":[{"@type":"WebPage","@id":"https:\/\/maristeurope.eu\/de\/muster-seite\/","url":"https:\/\/maristeurope.eu\/de\/muster-seite\/","name":"Muster Seite - Marist Europe","isPartOf":{"@id":"https:\/\/maristeurope.eu\/de\/#website"},"datePublished":"2024-10-04T05:42:42+00:00","dateModified":"2025-02-12T08:47:51+00:00","breadcrumb":{"@id":"https:\/\/maristeurope.eu\/de\/muster-seite\/#breadcrumb"},"inLanguage":"de","potentialAction":[{"@type":"ReadAction","target":["https:\/\/maristeurope.eu\/de\/muster-seite\/"]}]},{"@type":"BreadcrumbList","@id":"https:\/\/maristeurope.eu\/de\/muster-seite\/#breadcrumb","itemListElement":[{"@type":"ListItem","position":1,"name":"Home","item":"https:\/\/maristeurope.eu\/de\/maristen\/"},{"@type":"ListItem","position":2,"name":"Muster Seite"}]},{"@type":"WebSite","@id":"https:\/\/maristeurope.eu\/de\/#website","url":"https:\/\/maristeurope.eu\/de\/","name":"Marist Europe","description":"","publisher":{"@id":"https:\/\/maristeurope.eu\/de\/#organization"},"potentialAction":[{"@type":"SearchAction","target":{"@type":"EntryPoint","urlTemplate":"https:\/\/maristeurope.eu\/de\/?s={search_term_string}"},"query-input":{"@type":"PropertyValueSpecification","valueRequired":true,"valueName":"search_term_string"}}],"inLanguage":"de"},{"@type":"Organization","@id":"https:\/\/maristeurope.eu\/de\/#organization","name":"Marist Europe","url":"https:\/\/maristeurope.eu\/de\/","logo":{"@type":"ImageObject","inLanguage":"de","@id":"https:\/\/maristeurope.eu\/de\/#\/schema\/logo\/image\/","url":"https:\/\/maristeurope.eu\/wp-content\/uploads\/2024\/10\/EU-SM-Finalogo-02.png","contentUrl":"https:\/\/maristeurope.eu\/wp-content\/uploads\/2024\/10\/EU-SM-Finalogo-02.png","width":150,"height":156,"caption":"Marist Europe"},"image":{"@id":"https:\/\/maristeurope.eu\/de\/#\/schema\/logo\/image\/"}}]}},"_links":{"self":[{"href":"https:\/\/maristeurope.eu\/de\/wp-json\/wp\/v2\/pages\/2342","targetHints":{"allow":["GET"]}}],"collection":[{"href":"https:\/\/maristeurope.eu\/de\/wp-json\/wp\/v2\/pages"}],"about":[{"href":"https:\/\/maristeurope.eu\/de\/wp-json\/wp\/v2\/types\/page"}],"author":[{"embeddable":true,"href":"https:\/\/maristeurope.eu\/de\/wp-json\/wp\/v2\/users\/1"}],"replies":[{"embeddable":true,"href":"https:\/\/maristeurope.eu\/de\/wp-json\/wp\/v2\/comments?post=2342"}],"version-history":[{"count":1,"href":"https:\/\/maristeurope.eu\/de\/wp-json\/wp\/v2\/pages\/2342\/revisions"}],"predecessor-version":[{"id":2343,"href":"https:\/\/maristeurope.eu\/de\/wp-json\/wp\/v2\/pages\/2342\/revisions\/2343"}],"wp:attachment":[{"href":"https:\/\/maristeurope.eu\/de\/wp-json\/wp\/v2\/media?parent=2342"}],"curies":[{"name":"wp","href":"https:\/\/api.w.org\/{rel}","templated":true}]}}