{"id":2313,"date":"2024-10-04T05:42:42","date_gmt":"2024-10-04T05:42:42","guid":{"rendered":"https:\/\/marist.sjdigitaldemo.ovh\/datenschutzbestimmungen\/"},"modified":"2025-03-13T17:18:45","modified_gmt":"2025-03-13T17:18:45","slug":"datenschutzbestimmungen","status":"publish","type":"page","link":"https:\/\/maristeurope.eu\/de\/datenschutzbestimmungen\/","title":{"rendered":"Datenschutzrichtlinie der Society of Mary in Europe"},"content":{"rendered":"<p>[et_pb_section fb_built=\"1&#8243; admin_label=\"section\" _builder_version=\"4.16&#8243; global_colors_info=\"{}\"][et_pb_row admin_label=\"Zeile\" _builder_version=\"4.16&#8243; background_size=\"initial\" background_position=\"top_left\" background_repeat=\"repeat\" global_colors_info=\"{}\"][et_pb_column type=\"4_4&#8243; _builder_version=\"4.16&#8243; custom_padding=\"|||\" global_colors_info=\"{}\" custom_padding__hover=\"|||\"][et_pb_text admin_label=\"Text\" _builder_version=\"4.16&#8243; background_size=\"initial\" background_position=\"top_left\" background_repeat=\"repeat\" global_colors_info=\"{}\"]<\/p>\n<p>&nbsp;<\/p>\n<p>&nbsp;<\/p>\n<p>&nbsp;<\/p>\n<p>&nbsp;<\/p>\n<h2 class=\"wp-block-heading\"><strong>Datenschutzbestimmungen<\/strong><\/h2>\n<p>&nbsp;<\/p>\n<p>Dies ist die prim\u00e4re Website der Gesellschaft Mariens in Europa. Unser Europ\u00e4isches Provinzhaus befindet sich in Frankreich: 104 rue de Vaugirard, 75006 Paris und kann per E-Mail unter <a href=\"mailto:info@maristeurope.eu\" target=\"_blank\" rel=\"noreferrer noopener\">info@maristeurope.eu kontaktiert werden .<\/a> <\/p>\n<\/p>\n<p>Wir haben diese Datenschutzrichtlinie angenommen, um unser Engagement f\u00fcr den Datenschutz zu demonstrieren. In dieser Datenschutzrichtlinie wird dargelegt, wie wir mit Informationen umgehen, die Sie uns durch die Nutzung dieser Website zur Verf\u00fcgung stellen. <\/p>\n<\/p>\n<h2 class=\"wp-block-heading\"><strong>Akzeptanz der Datenschutzbestimmungen<\/strong><\/h2>\n<\/p>\n<p>Indem Sie diese Website nutzen, erkl\u00e4ren Sie sich mit dieser Erkl\u00e4rung einverstanden. Wenn Sie mit einem Aspekt dieser Erkl\u00e4rung nicht einverstanden sind, empfehlen wir Ihnen, die Nutzung der Website einzustellen. Wir behalten uns das Recht vor, diese Datenschutzrichtlinie jederzeit zu \u00e4ndern. Daher sind Sie jedes Mal, wenn Sie diese Website nutzen, an die aktuelle Datenschutzerkl\u00e4rung gebunden und sollten diese jedes Mal \u00fcberpr\u00fcfen, wenn Sie die Website nutzen, um sicherzustellen, dass Sie alle \u00c4nderungen akzeptieren.   <\/p>\n<\/p>\n<h2 class=\"wp-block-heading\"><strong>Informationen, die wir sammeln<\/strong><\/h2>\n<\/p>\n<p>Unser Ziel ist es, Ihre Erfahrung mit unseren digitalen Kan\u00e4len kontinuierlich zu verbessern. Wir verwenden Cookies, um Ihre Erfahrung mit unserem Service und unseren Online-Anwendungen zu verbessern. Sie k\u00f6nnen auf unsere Website zugreifen und dort surfen, ohne uns Ihre pers\u00f6nlichen Daten mitzuteilen. Wenn Sie nur surfen und Informationen auf der Website lesen, erfassen und speichern wir wie bei jeder anderen Website auch die folgenden anonymen Informationen \u00fcber Ihren Besuch:   <\/p>\n<\/p>\n<p>- Die IP-Adresse, die mit Ihrer Verbindung verbunden war, als Sie die Website besuchten;<\/p>\n<\/p>\n<p>- Das Betriebssystem und den Browser, den Sie beim Besuch der Website verwendet haben;<\/p>\n<\/p>\n<p>- Die URL, die Sie auf die Website verwiesen hat;<\/p>\n<\/p>\n<p>- Datum, Uhrzeit und Dauer Ihres Besuchs; und<\/p>\n<\/p>\n<p>- Die URLs der Seiten, die Sie auf der Website besuchen.<\/p>\n<\/p>\n<p>Wir k\u00f6nnen diese anonymen Daten f\u00fcr statistische Zwecke verwenden und wir k\u00f6nnen allgemeine aggregierte demografische Daten, die nicht mit pers\u00f6nlichen Identifikationsdaten verkn\u00fcpft sind, an Dritte weitergeben, damit wir besser verstehen, wie Menschen unsere Website nutzen und welches Interesse sie an unseren Dienstleistungen haben.<\/p>\n<\/p>\n<h2 class=\"wp-block-heading\"><strong>Ihre pers\u00f6nlichen Identifikationsdaten<\/strong><\/h2>\n<\/p>\n<p>Wir protokollieren nicht automatisch pers\u00f6nliche Identifikationsdaten, wenn Sie diese Website nutzen und mit ihr interagieren. Wir verkn\u00fcpfen keine automatisch auf andere Weise protokollierten Informationen mit pers\u00f6nlichen Identifikationsdaten \u00fcber bestimmte Personen, die diese Website nutzen und mit ihr interagieren. Wir sammeln keine Informationen \u00fcber unsere Besucher aus anderen Quellen, wie z.B. aus \u00f6ffentlichen Aufzeichnungen oder Einrichtungen oder privaten Organisationen.  <\/p>\n<\/p>\n<p>Sie k\u00f6nnen sich jedoch daf\u00fcr entscheiden, der Europ\u00e4ischen Provinz der Gesellschaft Mariens pers\u00f6nliche Daten \u00fcber verschiedene Methoden auf dieser Website mitzuteilen, einschlie\u00dflich, aber nicht beschr\u00e4nkt auf Kontaktformulare, Anfrageformulare oder wenn Sie eine Online-Umfrage ausf\u00fcllen. Diese pers\u00f6nlichen Daten k\u00f6nnen nur dazu verwendet werden, Sie als Einzelperson zu identifizieren.  Wenn Sie uns pers\u00f6nliche Daten zur Identifizierung zur Verf\u00fcgung stellen, werden wir diese Informationen verwenden, um Ihnen die von Ihnen angeforderte Dienstleistung oder Information von der Europ\u00e4ischen Provinz der Gesellschaft Mariens zukommen zu lassen.<\/p>\n<\/p>\n<h2 class=\"wp-block-heading\"><strong>Sie stimmen uns zu<\/strong><\/h2>\n<\/p>\n<p>Verwendung Ihrer pers\u00f6nlichen Daten, um Ihnen Dienstleistungen zu empfehlen oder Ihnen andere Informationen zukommen zu lassen, von denen wir glauben, dass sie f\u00fcr Sie relevant sein k\u00f6nnten. Wir behalten uns das Recht vor, mit lokalen, nationalen oder internationalen Strafverfolgungsbeh\u00f6rden bei der Untersuchung von unangemessenen oder ungesetzlichen Aktivit\u00e4ten zusammenzuarbeiten. Wenn eine bestimmte Untersuchung die \u00dcbermittlung personenbezogener Daten erfordert, kann es notwendig sein, personenbezogene Daten \u00fcber diese Personen offenzulegen. Wir werden dies nur tun, wenn es gesetzlich erlaubt und erforderlich ist.   <\/p>\n<\/p>\n<h2 class=\"wp-block-heading\"><strong>Cookies<\/strong><\/h2>\n<\/p>\n<p>Cookies werden verwendet, um den Website-Verkehr zu \u00fcberwachen und Ihre Erfahrung mit unserer Website zu verbessern. Cookies sind Daten, die Ihr Computer, Handy oder Tablet herunterl\u00e4dt, wenn Sie eine Website besuchen. Cookies werden verwendet, um Ihre Pr\u00e4ferenzen zu verfolgen und um wiederkehrende Besucher zu erkennen. Sie k\u00f6nnen Ihren Webbrowser so einstellen, dass er Cookies ablehnt oder Sie warnt, wenn Cookies gesendet werden. Wenn sie dies tun, beachten Sie, dass einige Teile dieser Website m\u00f6glicherweise nicht wie vorgesehen funktionieren.    <\/p>\n<\/p>\n<h2 class=\"wp-block-heading\"><strong>Hyperlinks<\/strong><\/h2>\n<\/p>\n<p>Einige der Seiten auf unseren Websites k\u00f6nnen Hypertext-Links zu Websites enthalten, die nicht von der Europ\u00e4ischen Provinz der Gesellschaft Mariens unterhalten werden. Wir weisen Sie darauf hin, dass f\u00fcr Sie als Nutzer solcher Websites andere Nutzungsbedingungen gelten. Au\u00dferdem erreichen diese Websites m\u00f6glicherweise nicht die gleichen Datenschutzstandards, die die Europ\u00e4ische Provinz der Gesellschaft Mariens einh\u00e4lt. Wir raten Ihnen dringend, die Datenschutzbestimmungen jeder Website, die Sie besuchen, zu \u00fcberpr\u00fcfen.   <\/p>\n<\/p>\n<h2 class=\"wp-block-heading\"><strong>Recht auf Zugang und Berichtigung<\/strong><\/h2>\n<\/p>\n<p>Sie k\u00f6nnen Einzelheiten zu den personenbezogenen Daten anfordern, die wir gem\u00e4\u00df den einschl\u00e4gigen Datenschutzgesetzen und der Allgemeinen Datenschutzverordnung (GDPR) \u00fcber Sie gespeichert haben. Wenn Sie eine Kopie der \u00fcber Sie gespeicherten Daten w\u00fcnschen, kontaktieren Sie uns bitte. Wenn Sie der Meinung sind, dass die Informationen, die wir \u00fcber Sie gespeichert haben, falsch oder unvollst\u00e4ndig sind, schreiben Sie uns bitte an die oben genannte Adresse oder senden Sie eine E-Mail an <a href=\"mailto:info@maristeurope.eu\" target=\"_blank\" rel=\"noreferrer noopener\">info@maristeurope.eu.<\/a> Wir werden alle Informationen, die sich als unrichtig erweisen, umgehend korrigieren oder den gesamten Datensatz auf Ihren Wunsch hin l\u00f6schen.   <\/p>\n<\/p>\n<h2 class=\"wp-block-heading\"><strong>Sicherheit<\/strong><\/h2>\n<\/p>\n<p>Wir nehmen unsere Verantwortung f\u00fcr die Sicherheit sehr ernst und setzen die am besten geeigneten physischen und technischen Ma\u00dfnahmen ein, einschlie\u00dflich des Einsatzes der neuesten Sicherheitssoftware, der Schulung und Sensibilisierung unserer Mitarbeiter, und wir \u00fcberpr\u00fcfen diese Ma\u00dfnahmen regelm\u00e4\u00dfig.<\/p>\n<\/p>\n<h2 class=\"wp-block-heading\"><strong>Behalten<\/strong><\/h2>\n<\/p>\n<p>Wenn Sie der Europ\u00e4ischen Provinz der Society of Mary Ihre pers\u00f6nlichen Daten zur Verf\u00fcgung stellen, werden wir diese nur so lange aufbewahren, wie es vern\u00fcnftigerweise notwendig ist, um Anfragen zu beantworten oder Probleme zu l\u00f6sen, verbesserte und neue Dienstleistungen anzubieten und die rechtlichen Anforderungen nach geltendem Recht zu erf\u00fcllen. Das bedeutet, dass wir Ihre personenbezogenen Daten f\u00fcr einen angemessenen Zeitraum aufbewahren k\u00f6nnen, nachdem Sie unsere Dienste nicht mehr in Anspruch nehmen oder diese Website nicht mehr nutzen. Nach Ablauf dieses Zeitraums werden Ihre personenbezogenen Daten aus allen Systemen der Europ\u00e4ischen Provinz der Society of Mary gel\u00f6scht. Sie haben das Recht, Ihre pers\u00f6nlichen Daten jederzeit l\u00f6schen zu lassen.   <\/p>\n<\/p>\n<h2 class=\"wp-block-heading\"><strong>\u00c4nderungen an dieser Politik<\/strong><\/h2>\n<\/p>\n<p>Wir behalten uns das Recht vor, diese Datenschutzrichtlinie auf der Website ohne vorherige Ank\u00fcndigung zu \u00e4ndern, anzupassen und zu erg\u00e4nzen. Sie nehmen zur Kenntnis und erkl\u00e4ren sich damit einverstanden, dass diese Datenschutzrichtlinie von Zeit zu Zeit ge\u00e4ndert werden kann, und Sie sind sich bewusst, dass die neueste Version gilt, wenn Sie die Website besuchen. <\/p>\n<\/p>\n<h2 class=\"wp-block-heading\"><strong>Kontaktieren Sie uns<\/strong><\/h2>\n<\/p>\n<p>Diese Richtlinie legt die Datenschutzpraktiken f\u00fcr die Europ\u00e4ische Provinz der Gesellschaft Mariens offen. Wenn Sie spezielle Fragen zu diesen Praktiken und Richtlinien haben, k\u00f6nnen Sie uns eine E-Mail an <a href=\"mailto:info@maristeurope.eu\" target=\"_blank\" rel=\"noreferrer noopener\">info@maristeurope.eu schicken.<\/a> <\/p>\n<\/p>\n<p>[\/et_pb_text][\/et_pb_column][\/et_pb_row][\/et_pb_section]<\/p>\n","protected":false},"excerpt":{"rendered":"<p>&nbsp; &nbsp; &nbsp; &nbsp; Datenschutzbestimmungen &nbsp; Dies ist die prim\u00e4re Website der Gesellschaft Mariens in Europa. Unser Europ\u00e4isches Provinzhaus befindet sich in Frankreich: 104 rue de Vaugirard, 75006 Paris und kann per E-Mail unter info@maristeurope.eu kontaktiert werden . Wir haben diese Datenschutzrichtlinie angenommen, um unser Engagement f\u00fcr den Datenschutz zu demonstrieren. In dieser Datenschutzrichtlinie wird [&hellip;]<\/p>\n","protected":false},"author":1,"featured_media":0,"parent":0,"menu_order":0,"comment_status":"closed","ping_status":"open","template":"","meta":{"_et_pb_use_builder":"on","_et_pb_old_content":"","_et_gb_content_width":"","footnotes":""},"class_list":["post-2313","page","type-page","status-publish","hentry"],"yoast_head":"<!-- This site is optimized with the Yoast SEO plugin v27.4 - https:\/\/yoast.com\/product\/yoast-seo-wordpress\/ -->\n<title>Datenschutzrichtlinie der Society of Mary in Europe - Marist Europe<\/title>\n<meta name=\"robots\" content=\"index, follow, max-snippet:-1, max-image-preview:large, max-video-preview:-1\" \/>\n<link rel=\"canonical\" href=\"https:\/\/maristeurope.eu\/de\/datenschutzbestimmungen\/\" \/>\n<meta property=\"og:locale\" content=\"de_DE\" \/>\n<meta property=\"og:type\" content=\"article\" \/>\n<meta property=\"og:title\" content=\"Datenschutzrichtlinie der Society of Mary in Europe - Marist Europe\" \/>\n<meta property=\"og:description\" content=\"&nbsp; &nbsp; &nbsp; &nbsp; Datenschutzbestimmungen &nbsp; Dies ist die prim\u00e4re Website der Gesellschaft Mariens in Europa. Unser Europ\u00e4isches Provinzhaus befindet sich in Frankreich: 104 rue de Vaugirard, 75006 Paris und kann per E-Mail unter info@maristeurope.eu kontaktiert werden . Wir haben diese Datenschutzrichtlinie angenommen, um unser Engagement f\u00fcr den Datenschutz zu demonstrieren. In dieser Datenschutzrichtlinie wird [&hellip;]\" \/>\n<meta property=\"og:url\" content=\"https:\/\/maristeurope.eu\/de\/datenschutzbestimmungen\/\" \/>\n<meta property=\"og:site_name\" content=\"Marist Europe\" \/>\n<meta property=\"article:modified_time\" content=\"2025-03-13T17:18:45+00:00\" \/>\n<meta name=\"twitter:card\" content=\"summary_large_image\" \/>\n<meta name=\"twitter:label1\" content=\"Gesch\u00e4tzte Lesezeit\" \/>\n\t<meta name=\"twitter:data1\" content=\"6\u00a0Minute\" \/>\n<script type=\"application\/ld+json\" class=\"yoast-schema-graph\">{\"@context\":\"https:\\\/\\\/schema.org\",\"@graph\":[{\"@type\":\"WebPage\",\"@id\":\"https:\\\/\\\/maristeurope.eu\\\/de\\\/datenschutzbestimmungen\\\/\",\"url\":\"https:\\\/\\\/maristeurope.eu\\\/de\\\/datenschutzbestimmungen\\\/\",\"name\":\"Datenschutzrichtlinie der Society of Mary in Europe - Marist Europe\",\"isPartOf\":{\"@id\":\"https:\\\/\\\/maristeurope.eu\\\/de\\\/#website\"},\"datePublished\":\"2024-10-04T05:42:42+00:00\",\"dateModified\":\"2025-03-13T17:18:45+00:00\",\"breadcrumb\":{\"@id\":\"https:\\\/\\\/maristeurope.eu\\\/de\\\/datenschutzbestimmungen\\\/#breadcrumb\"},\"inLanguage\":\"de\",\"potentialAction\":[{\"@type\":\"ReadAction\",\"target\":[\"https:\\\/\\\/maristeurope.eu\\\/de\\\/datenschutzbestimmungen\\\/\"]}]},{\"@type\":\"BreadcrumbList\",\"@id\":\"https:\\\/\\\/maristeurope.eu\\\/de\\\/datenschutzbestimmungen\\\/#breadcrumb\",\"itemListElement\":[{\"@type\":\"ListItem\",\"position\":1,\"name\":\"Home\",\"item\":\"https:\\\/\\\/maristeurope.eu\\\/de\\\/maristen\\\/\"},{\"@type\":\"ListItem\",\"position\":2,\"name\":\"Datenschutzrichtlinie der Society of Mary in Europe\"}]},{\"@type\":\"WebSite\",\"@id\":\"https:\\\/\\\/maristeurope.eu\\\/de\\\/#website\",\"url\":\"https:\\\/\\\/maristeurope.eu\\\/de\\\/\",\"name\":\"Marist Europe\",\"description\":\"\",\"publisher\":{\"@id\":\"https:\\\/\\\/maristeurope.eu\\\/de\\\/#organization\"},\"potentialAction\":[{\"@type\":\"SearchAction\",\"target\":{\"@type\":\"EntryPoint\",\"urlTemplate\":\"https:\\\/\\\/maristeurope.eu\\\/de\\\/?s={search_term_string}\"},\"query-input\":{\"@type\":\"PropertyValueSpecification\",\"valueRequired\":true,\"valueName\":\"search_term_string\"}}],\"inLanguage\":\"de\"},{\"@type\":\"Organization\",\"@id\":\"https:\\\/\\\/maristeurope.eu\\\/de\\\/#organization\",\"name\":\"Marist Europe\",\"url\":\"https:\\\/\\\/maristeurope.eu\\\/de\\\/\",\"logo\":{\"@type\":\"ImageObject\",\"inLanguage\":\"de\",\"@id\":\"https:\\\/\\\/maristeurope.eu\\\/de\\\/#\\\/schema\\\/logo\\\/image\\\/\",\"url\":\"https:\\\/\\\/maristeurope.eu\\\/wp-content\\\/uploads\\\/2024\\\/10\\\/EU-SM-Finalogo-02.png\",\"contentUrl\":\"https:\\\/\\\/maristeurope.eu\\\/wp-content\\\/uploads\\\/2024\\\/10\\\/EU-SM-Finalogo-02.png\",\"width\":150,\"height\":156,\"caption\":\"Marist Europe\"},\"image\":{\"@id\":\"https:\\\/\\\/maristeurope.eu\\\/de\\\/#\\\/schema\\\/logo\\\/image\\\/\"}}]}<\/script>\n<!-- \/ Yoast SEO plugin. -->","yoast_head_json":{"title":"Datenschutzrichtlinie der Society of Mary in Europe - Marist Europe","robots":{"index":"index","follow":"follow","max-snippet":"max-snippet:-1","max-image-preview":"max-image-preview:large","max-video-preview":"max-video-preview:-1"},"canonical":"https:\/\/maristeurope.eu\/de\/datenschutzbestimmungen\/","og_locale":"de_DE","og_type":"article","og_title":"Datenschutzrichtlinie der Society of Mary in Europe - Marist Europe","og_description":"&nbsp; &nbsp; &nbsp; &nbsp; Datenschutzbestimmungen &nbsp; Dies ist die prim\u00e4re Website der Gesellschaft Mariens in Europa. Unser Europ\u00e4isches Provinzhaus befindet sich in Frankreich: 104 rue de Vaugirard, 75006 Paris und kann per E-Mail unter info@maristeurope.eu kontaktiert werden . Wir haben diese Datenschutzrichtlinie angenommen, um unser Engagement f\u00fcr den Datenschutz zu demonstrieren. In dieser Datenschutzrichtlinie wird [&hellip;]","og_url":"https:\/\/maristeurope.eu\/de\/datenschutzbestimmungen\/","og_site_name":"Marist Europe","article_modified_time":"2025-03-13T17:18:45+00:00","twitter_card":"summary_large_image","twitter_misc":{"Gesch\u00e4tzte Lesezeit":"6\u00a0Minute"},"schema":{"@context":"https:\/\/schema.org","@graph":[{"@type":"WebPage","@id":"https:\/\/maristeurope.eu\/de\/datenschutzbestimmungen\/","url":"https:\/\/maristeurope.eu\/de\/datenschutzbestimmungen\/","name":"Datenschutzrichtlinie der Society of Mary in Europe - Marist Europe","isPartOf":{"@id":"https:\/\/maristeurope.eu\/de\/#website"},"datePublished":"2024-10-04T05:42:42+00:00","dateModified":"2025-03-13T17:18:45+00:00","breadcrumb":{"@id":"https:\/\/maristeurope.eu\/de\/datenschutzbestimmungen\/#breadcrumb"},"inLanguage":"de","potentialAction":[{"@type":"ReadAction","target":["https:\/\/maristeurope.eu\/de\/datenschutzbestimmungen\/"]}]},{"@type":"BreadcrumbList","@id":"https:\/\/maristeurope.eu\/de\/datenschutzbestimmungen\/#breadcrumb","itemListElement":[{"@type":"ListItem","position":1,"name":"Home","item":"https:\/\/maristeurope.eu\/de\/maristen\/"},{"@type":"ListItem","position":2,"name":"Datenschutzrichtlinie der Society of Mary in Europe"}]},{"@type":"WebSite","@id":"https:\/\/maristeurope.eu\/de\/#website","url":"https:\/\/maristeurope.eu\/de\/","name":"Marist Europe","description":"","publisher":{"@id":"https:\/\/maristeurope.eu\/de\/#organization"},"potentialAction":[{"@type":"SearchAction","target":{"@type":"EntryPoint","urlTemplate":"https:\/\/maristeurope.eu\/de\/?s={search_term_string}"},"query-input":{"@type":"PropertyValueSpecification","valueRequired":true,"valueName":"search_term_string"}}],"inLanguage":"de"},{"@type":"Organization","@id":"https:\/\/maristeurope.eu\/de\/#organization","name":"Marist Europe","url":"https:\/\/maristeurope.eu\/de\/","logo":{"@type":"ImageObject","inLanguage":"de","@id":"https:\/\/maristeurope.eu\/de\/#\/schema\/logo\/image\/","url":"https:\/\/maristeurope.eu\/wp-content\/uploads\/2024\/10\/EU-SM-Finalogo-02.png","contentUrl":"https:\/\/maristeurope.eu\/wp-content\/uploads\/2024\/10\/EU-SM-Finalogo-02.png","width":150,"height":156,"caption":"Marist Europe"},"image":{"@id":"https:\/\/maristeurope.eu\/de\/#\/schema\/logo\/image\/"}}]}},"_links":{"self":[{"href":"https:\/\/maristeurope.eu\/de\/wp-json\/wp\/v2\/pages\/2313","targetHints":{"allow":["GET"]}}],"collection":[{"href":"https:\/\/maristeurope.eu\/de\/wp-json\/wp\/v2\/pages"}],"about":[{"href":"https:\/\/maristeurope.eu\/de\/wp-json\/wp\/v2\/types\/page"}],"author":[{"embeddable":true,"href":"https:\/\/maristeurope.eu\/de\/wp-json\/wp\/v2\/users\/1"}],"replies":[{"embeddable":true,"href":"https:\/\/maristeurope.eu\/de\/wp-json\/wp\/v2\/comments?post=2313"}],"version-history":[{"count":11,"href":"https:\/\/maristeurope.eu\/de\/wp-json\/wp\/v2\/pages\/2313\/revisions"}],"predecessor-version":[{"id":4851,"href":"https:\/\/maristeurope.eu\/de\/wp-json\/wp\/v2\/pages\/2313\/revisions\/4851"}],"wp:attachment":[{"href":"https:\/\/maristeurope.eu\/de\/wp-json\/wp\/v2\/media?parent=2313"}],"curies":[{"name":"wp","href":"https:\/\/api.w.org\/{rel}","templated":true}]}}