{"id":2232,"date":"2024-12-19T14:30:51","date_gmt":"2024-12-19T13:30:51","guid":{"rendered":"https:\/\/marist.sjdigitaldemo.ovh\/volunteering\/"},"modified":"2025-03-25T14:33:05","modified_gmt":"2025-03-25T13:33:05","slug":"volunteering","status":"publish","type":"page","link":"https:\/\/maristeurope.eu\/de\/volunteering\/","title":{"rendered":"VOLUNTEERING"},"content":{"rendered":"<p>[et_pb_section fb_built=\"1&#8243; admin_label=\"Secci\u00f3n\" _builder_version=\"4.27.4&#8243; _module_preset=\"default\" use_background_color_gradient=\"on\" background_color_gradient_stops=\"rgba(2,48,71,0.2) 0%|rgba(2,48,71,0.4) 100%\" background_color_gradient_overlays_image=\"on\" background_image=\"https:\/\/maristeurope.eu\/wp-content\/uploads\/2025\/03\/Ester-Youth-Camp-Norway.jpg\" background_position=\"top_center\" background_enable_video_mp4=\"off\" custom_padding=\"16vw||4vw||false|false\" bottom_divider_style=\"ramp2&#8243; bottom_divider_color=\"#FB8500&#8243; bottom_divider_flip=\"horizontal\" hover_enabled=\"0&#8243; global_colors_info=\"{}\" sticky_enabled=\"0&#8243; title_text=\"Ester Youth Camp Norway\"][et_pb_row make_equal=\"on\" _builder_version=\"4.27.2&#8243; _module_preset=\"936634bb-b644-4f86-9881-50254cef8e93&#8243; background_enable_color=\"off\" custom_padding=\"0px|40px|0px|40px|true|true\" animation_style=\"fade\" animation_duration=\"1500ms\" animation_delay=\"200ms\" global_colors_info=\"{}\"][et_pb_column type=\"4_4&#8243; _builder_version=\"4.27.2&#8243; _module_preset=\"default\" global_colors_info=\"{}\"][et_pb_text _builder_version=\"4.27.4&#8243; _module_preset=\"default\" header_font=\"|600||on|||||\" header_text_color=\"#FFFFFF\" header_font_size=\"4rem\" header_letter_spacing=\"4px\" header_2_text_color=\"#FFFFFF\" header_2_font_size=\"3.5rem\" custom_margin=\"20px||20px||true|false\" global_colors_info=\"{}\"]<\/p>\n<h2>VOLUNTEERING<\/h2>\n<p>[\/et_pb_text][\/et_pb_column][\/et_pb_row][\/et_pb_section][et_pb_section fb_built=\"1&#8243; admin_label=\"Secci\u00f3n\" _builder_version=\"4.27.4&#8243; _module_preset=\"default\" background_color=\"#FB8500&#8243; background_image=\"https:\/\/maristeurope.eu\/wp-content\/uploads\/2024\/11\/art-therapist-illustration-06-1.png\" background_size=\"initial\" background_blend=\"soft-light\" custom_padding=\"6vw||12vw||false|false\" top_divider_color=\"#FB8500&#8243; bottom_divider_style=\"wave2&#8243; bottom_divider_color=\"#FFFAF2&#8243; bottom_divider_flip=\"horizontal\" bottom_divider_arrangement=\"above_content\" global_colors_info=\"{}\"][et_pb_row column_structure=\"3_5,2_5&#8243; make_equal=\"on\" admin_label=\"Fila\" _builder_version=\"4.27.4&#8243; _module_preset=\"936634bb-b644-4f86-9881-50254cef8e93&#8243; background_enable_color=\"off\" background_enable_image=\"off\" custom_padding=\"|||40px|false|false\" border_radii=\"on|50px|50px|50px|50px\" global_colors_info=\"{}\"][et_pb_column type=\"3_5&#8243; _builder_version=\"4.27.2&#8243; _module_preset=\"default\" animation_style=\"fade\" animation_duration=\"1500ms\" animation_delay=\"200ms\" custom_css_main_element=\"margin: auto auto;\" global_colors_info=\"{}\"][et_pb_text _builder_version=\"4.27.4&#8243; _module_preset=\"default\" text_text_color=\"#FFFFFF\" header_text_color=\"#FFFFFF\" header_2_text_color=\"#FFFFFF\" header_2_font_size=\"3rem\" animation_style=\"fade\" animation_delay=\"200ms\" global_colors_info=\"{}\"]<\/p>\n<h2>Helfen Sie uns als Freiwilliger<\/h2>\n<p>[\/et_pb_text][et_pb_text _builder_version=\"4.27.4&#8243; _module_preset=\"default\" text_text_color=\"#FFFFFF\" text_font_size=\"20px\" global_colors_info=\"{}\"]<\/p>\n<p>Die <strong>Missionsaktivit\u00e4ten<\/strong> der Maristen gehen <strong>in der ganzen Welt<\/strong> weiter.<\/p>\n<p>Warum <strong>setzen Sie Ihre Talente<\/strong> und F\u00e4higkeiten nicht zum Wohle der Menschen <strong>ein<\/strong>, die durch Marias Arbeit heute versorgt werden?<\/p>\n<p><strong>Ziehen Sie in Erw\u00e4gung, sich uns als Freiwilliger anzuschlie\u00dfen!<\/strong><\/p>\n<p>[\/et_pb_text][\/et_pb_column][et_pb_column type=\"2_5&#8243; _builder_version=\"4.27.2&#8243; _module_preset=\"default\" animation_style=\"slide\" animation_direction=\"right\" animation_duration=\"1500ms\" animation_delay=\"500ms\" global_colors_info=\"{}\"][et_pb_image src=\"https:\/\/maristeurope.eu\/wp-content\/uploads\/2024\/12\/Peter-Thailand.jpg\" title_text=\"Peter Thailand\" _builder_version=\"4.27.4&#8243; _module_preset=\"default\" width=\"100%\" animation_style=\"fade\" animation_duration=\"2000ms\" animation_delay=\"600ms\" border_radii=\"on|50px|50px|50px|50px\" locked=\"off\" global_colors_info=\"{}\"][\/et_pb_image][\/et_pb_column][\/et_pb_row][\/et_pb_section][et_pb_section fb_built=\"1&#8243; admin_label=\"Secci\u00f3n\" _builder_version=\"4.27.2&#8243; _module_preset=\"default\" background_color=\"#FFFAF2&#8243; background_enable_image=\"off\" background_size=\"contain\" background_blend=\"soft-light\" background_enable_pattern_style=\"on\" background_pattern_style=\"confetti\" background_pattern_color=\"rgba(0,0,0,0.05)\" custom_padding=\"6vw||12vw||false|false\" bottom_divider_style=\"wave2&#8243; bottom_divider_color=\"#FFFAF2&#8243; bottom_divider_flip=\"horizontal\" bottom_divider_arrangement=\"above_content\" global_colors_info=\"{}\"][et_pb_row column_structure=\"2_5,3_5&#8243; make_equal=\"on\" _builder_version=\"4.27.2&#8243; _module_preset=\"936634bb-b644-4f86-9881-50254cef8e93&#8243; custom_padding=\"50px||50px||true|false\" animation_style=\"slide\" animation_duration=\"1500ms\" animation_delay=\"200ms\" border_color_top=\"#FFB703&#8243; global_colors_info=\"{}\"][et_pb_column type=\"2_5&#8243; _builder_version=\"4.27.2&#8243; _module_preset=\"default\" border_color_right=\"#FFB703&#8243; global_colors_info=\"{}\"][et_pb_text _builder_version=\"4.27.4&#8243; _module_preset=\"default\" text_font=\"|800|||||||\" text_text_color=\"#FFFFFF\" text_font_size=\"2rem\" header_font=\"-et_global_heading_font|700|||||||\" header_text_color=\"#FFB703&#8243; header_font_size=\"50px\" header_line_height=\"1.2em\" text_orientation=\"right\" custom_padding=\"20px|40px|20px||false|false\" animation_style=\"slide\" animation_direction=\"left\" animation_duration=\"1500ms\" animation_delay=\"500ms\" animation_starting_opacity=\"100%\" border_color_right=\"#FFB703&#8243; global_colors_info=\"{}\"]<\/p>\n<h1><b>F\u00fcr Freiwilligenarbeit vor Ort k\u00f6nnen Sie die Maristengemeinschaft in Ihrem Land kontaktieren.<\/b><\/h1>\n<h2>Wir haben international einige mittel- und langfristige M\u00f6glichkeiten:<\/h2>\n<p>[\/et_pb_text][\/et_pb_column][et_pb_column type=\"3_5&#8243; _builder_version=\"4.27.2&#8243; _module_preset=\"default\" global_colors_info=\"{}\"][et_pb_accordion open_toggle_text_color=\"#023047&#8243; open_toggle_background_color=\"#FFB703&#8243; closed_toggle_background_color=\"rgba(255,183,3,0.3)\" icon_color=\"#023047&#8243; use_icon_font_size=\"on\" icon_font_size=\"24px\" _builder_version=\"4.27.4&#8243; _module_preset=\"default\" toggle_font_size=\"24px\" toggle_line_height=\"1.8em\" body_text_color=\"#023047&#8243; body_font_size=\"18px\" background_enable_color=\"off\" custom_padding=\"40px|20px|40px|20px|true|true\" border_radii=\"on|50px|50px|50px|50px\" border_width_all=\"0px\" global_colors_info=\"{}\"][et_pb_accordion_item title=\"Christlicher Empfang f\u00fcr Pilger auf dem Camino, Sahag\u00fan, Spanien\" _builder_version=\"4.27.4&#8243; _module_preset=\"default\" global_colors_info=\"{}\" open=\"on\"]<\/p>\n<p><span style=\"font-weight: 400;\">Seit 2018 empfangen wir Pilger in unserer Herberge (albergue) auf dem Camino, im Benediktinerkloster Santa Cruz (Heiliges Kreuz) in Sahag\u00fan. Wir bieten den Pilgern einen spirituellen Empfang und Begleitung.   <\/span><\/p>\n<p><span style=\"font-weight: 400;\">Wir sind von Mitte M\u00e4rz bis Mitte November ge\u00f6ffnet. Tausende von Pilgern werden j\u00e4hrlich aufgenommen. Wenn Sie sich also berufen f\u00fchlen, Pilger willkommen zu hei\u00dfen und ihnen zuzuh\u00f6ren, z\u00f6gern Sie nicht, das Team zu kontaktieren. Sie werden vom ersten Moment an in die Vorbereitung des Empfangs (Reinigung, Organisation, Vorbereitung der materiellen und geistlichen Ressourcen), in die Registrierung und Unterbringung der Pilger eingebunden sein, ihnen zuh\u00f6ren und ihnen mit der Liebe Gottes dienen und versuchen, in jedem Pilger Christus selbst zu sehen, der eine Unterkunft braucht.     <\/span><\/p>\n<p><span style=\"font-weight: 400;\">Wir nehmen von M\u00e4rz bis November Freiwillige f\u00fcr einen Zeitraum von zwei Wochen oder mehreren Monaten auf. Wenn Sie also der Meinung sind, dass Sie den Pilgern dienen m\u00f6chten, z\u00f6gern Sie nicht, uns zu kontaktieren:<\/span><\/p>\n<p> <strong> Mail <\/strong><a href=\"mailto:alberguesantacruzsahagun@gmail.com\"><span style=\"font-weight: 400;\">alberguesantacruzsahagun@gmail.com<\/span><\/a><span style=\"font-weight: 400;\"> <\/span><\/p>\n<p><span style=\"font-weight: 400;\"><strong>Telefon<\/strong> (+34) 650 696 023 Web: <\/span><a href=\"http:\/\/www.alberguesensahagun.es\"><span style=\"font-weight: 400;\">www.alberguesensahagun.es<\/span><\/a><span style=\"font-weight: 400;\">  <\/span><\/p>\n<p><span style=\"font-weight: 400;\"><strong>Facebook<\/strong>: Albergue Santa Cruz<\/span><\/p>\n<p><span style=\"font-weight: 400;\"><strong>Instagram<\/strong>: albergue_santacruz<\/span><\/p>\n<p>[\/et_pb_accordion_item][et_pb_accordion_item title=\"Notre Dame de France, London, UK\" _builder_version=\"4.27.4&#8243; _module_preset=\"default\" global_colors_info=\"{}\" open=\"off\"]<\/p>\n<p><span style=\"font-weight: 400;\">Junge Leute sind eingeladen, sich unserer Maristengemeinschaft im Stadtzentrum und der frankophonen Seelsorge im Herzen Londons anzuschlie\u00dfen. Nehmen Sie am Leben der Maristengemeinschaft teil, indem Sie beten und in der Pfarrei arbeiten, z.B. im Sandwich-Service f\u00fcr Obdachlose oder im Notre Dame Refugee Centre. <\/span><\/p>\n<p><strong>Mehr Details <\/strong><span style=\"font-weight: 400;\"><a href=\"http:\/\/www.ndfchurch.org\">www.ndfchurch.org<\/a><a href=\"http:\/\/www.ndfchurch.org\"><\/a><\/span><\/p>\n<p><strong>Kontakt <\/strong><a href=\"mailto:pascal.boidin@ndfchurch.org\"><span style=\"font-weight: 400;\">pascal.boidin@ndfchurch.org<\/span><\/a><span style=\"font-weight: 400;\"> <\/span><\/p>\n<p>[\/et_pb_accordion_item][et_pb_accordion_item title=\"Ranong, Thailand\" _builder_version=\"4.27.4&#8243; _module_preset=\"default\" global_colors_info=\"{}\" open=\"off\"]<\/p>\n<p><span style=\"font-weight: 400;\">Wir suchen enthusiastische Freiwillige, die unser Team verst\u00e4rken und in der Arbeit mit Kindern aus Myanmar etwas bewirken wollen. Als Freiwilliger haben Sie die M\u00f6glichkeit, wertvolle Erfahrungen zu sammeln, neue Menschen kennenzulernen und einen Beitrag zu unserer maristischen Mission zu leisten. Zu den Dienstleistungen geh\u00f6ren Englischunterricht, Krankenbesuche und Hausbesuche.  <\/span><\/p>\n<p><span style=\"font-weight: 400;\"><strong>Mehr Details<\/strong> <\/span><a href=\"http:\/\/www.maristasiafoundation.org\/volunteers\"><span style=\"font-weight: 400;\">www.maristasiafoundation.org\/volunteers<\/span><\/a><\/p>\n<p>[\/et_pb_accordion_item][et_pb_accordion_item title=\"Kamerun, Senegal und Burundi\" _builder_version=\"4.27.4&#8243; _module_preset=\"default\" global_colors_info=\"{}\" open=\"off\"]<\/p>\n<p><span style=\"font-weight: 400;\">Die Mission der Maristen in Afrika umfasst die Betreuung von Stra\u00dfenkindern, informelle und formelle Bildungsprojekte, \u00f6kologische Initiativen und pastorale Dienste. Wir freuen uns \u00fcber freiwillige Helfer, die den professionellen Mitarbeitern bei diesen Projekten zur Seite stehen. <\/span><\/p>\n<p><strong>Kontakt <\/strong><a href=\"mailto:info@maristeurope.eu\"><span style=\"font-weight: 400;\">info@maristeurope.eu<\/span><\/a><\/p>\n<p>[\/et_pb_accordion_item][et_pb_accordion_item title=\"Marist School Outreach Programm, Atlanta, USA  \" open=\"off\" _builder_version=\"4.27.4&#8243; _module_preset=\"default\" global_colors_info=\"{}\"]<\/p>\n<p><span style=\"font-weight: 400;\">Der Einsatz f\u00fcr die Gemeinschaft ist wesentlich f\u00fcr den Geist der Maristen, insbesondere f\u00fcr diejenigen, die an den Rand gedr\u00e4ngt und unterversorgt sind. Gelegenheiten zum Dienst in Zusammenarbeit mit dem Campus Ministry Department, einschlie\u00dflich der Betreuung von Studenten und der Teilnahme an Hilfsprojekten der Schule. <\/span><\/p>\n<p><strong>Mehr Details <\/strong><a href=\"http:\/\/www.marist.com\"><span style=\"font-weight: 400;\">www.marist.com<\/span><\/a><span style=\"font-weight: 400;\"> <\/span><\/p>\n<p><strong>Kontakt <\/strong><a href=\"mailto:europrovsm.education@gmail.com\"><span style=\"font-weight: 400;\">europrovsm.education@gmail.com<\/span><\/a><\/p>\n<p>[\/et_pb_accordion_item][\/et_pb_accordion][\/et_pb_column][\/et_pb_row][\/et_pb_section]<\/p>\n","protected":false},"excerpt":{"rendered":"<p>VOLUNTEERINGHelfen Sie uns als FreiwilligerDie Missionsaktivit\u00e4ten der Maristen gehen in der ganzen Welt weiter. Warum setzen Sie Ihre Talente und F\u00e4higkeiten nicht zum Wohle der Menschen ein, die durch Marias Arbeit heute versorgt werden? Ziehen Sie in Erw\u00e4gung, sich uns als Freiwilliger anzuschlie\u00dfen!F\u00fcr Freiwilligenarbeit vor Ort k\u00f6nnen Sie die Maristengemeinschaft in Ihrem Land kontaktieren. Wir [&hellip;]<\/p>\n","protected":false},"author":1,"featured_media":0,"parent":0,"menu_order":0,"comment_status":"closed","ping_status":"closed","template":"","meta":{"_et_pb_use_builder":"on","_et_pb_old_content":"","_et_gb_content_width":"","footnotes":""},"class_list":["post-2232","page","type-page","status-publish","hentry"],"yoast_head":"<!-- This site is optimized with the Yoast SEO plugin v27.4 - https:\/\/yoast.com\/product\/yoast-seo-wordpress\/ -->\n<title>VOLUNTEERING - Marist Europe<\/title>\n<meta name=\"robots\" content=\"index, follow, max-snippet:-1, max-image-preview:large, max-video-preview:-1\" \/>\n<link rel=\"canonical\" href=\"https:\/\/maristeurope.eu\/de\/volunteering\/\" \/>\n<meta property=\"og:locale\" content=\"de_DE\" \/>\n<meta property=\"og:type\" content=\"article\" \/>\n<meta property=\"og:title\" content=\"VOLUNTEERING - Marist Europe\" \/>\n<meta property=\"og:description\" content=\"VOLUNTEERINGHelfen Sie uns als FreiwilligerDie Missionsaktivit\u00e4ten der Maristen gehen in der ganzen Welt weiter. Warum setzen Sie Ihre Talente und F\u00e4higkeiten nicht zum Wohle der Menschen ein, die durch Marias Arbeit heute versorgt werden? Ziehen Sie in Erw\u00e4gung, sich uns als Freiwilliger anzuschlie\u00dfen!F\u00fcr Freiwilligenarbeit vor Ort k\u00f6nnen Sie die Maristengemeinschaft in Ihrem Land kontaktieren. Wir [&hellip;]\" \/>\n<meta property=\"og:url\" content=\"https:\/\/maristeurope.eu\/de\/volunteering\/\" \/>\n<meta property=\"og:site_name\" content=\"Marist Europe\" \/>\n<meta property=\"article:modified_time\" content=\"2025-03-25T13:33:05+00:00\" \/>\n<meta name=\"twitter:card\" content=\"summary_large_image\" \/>\n<meta name=\"twitter:label1\" content=\"Gesch\u00e4tzte Lesezeit\" \/>\n\t<meta name=\"twitter:data1\" content=\"7\u00a0Minute\" \/>\n<script type=\"application\/ld+json\" class=\"yoast-schema-graph\">{\"@context\":\"https:\\\/\\\/schema.org\",\"@graph\":[{\"@type\":\"WebPage\",\"@id\":\"https:\\\/\\\/maristeurope.eu\\\/de\\\/volunteering\\\/\",\"url\":\"https:\\\/\\\/maristeurope.eu\\\/de\\\/volunteering\\\/\",\"name\":\"VOLUNTEERING - Marist Europe\",\"isPartOf\":{\"@id\":\"https:\\\/\\\/maristeurope.eu\\\/de\\\/#website\"},\"datePublished\":\"2024-12-19T13:30:51+00:00\",\"dateModified\":\"2025-03-25T13:33:05+00:00\",\"breadcrumb\":{\"@id\":\"https:\\\/\\\/maristeurope.eu\\\/de\\\/volunteering\\\/#breadcrumb\"},\"inLanguage\":\"de\",\"potentialAction\":[{\"@type\":\"ReadAction\",\"target\":[\"https:\\\/\\\/maristeurope.eu\\\/de\\\/volunteering\\\/\"]}]},{\"@type\":\"BreadcrumbList\",\"@id\":\"https:\\\/\\\/maristeurope.eu\\\/de\\\/volunteering\\\/#breadcrumb\",\"itemListElement\":[{\"@type\":\"ListItem\",\"position\":1,\"name\":\"Home\",\"item\":\"https:\\\/\\\/maristeurope.eu\\\/de\\\/maristen\\\/\"},{\"@type\":\"ListItem\",\"position\":2,\"name\":\"VOLUNTEERING\"}]},{\"@type\":\"WebSite\",\"@id\":\"https:\\\/\\\/maristeurope.eu\\\/de\\\/#website\",\"url\":\"https:\\\/\\\/maristeurope.eu\\\/de\\\/\",\"name\":\"Marist Europe\",\"description\":\"\",\"publisher\":{\"@id\":\"https:\\\/\\\/maristeurope.eu\\\/de\\\/#organization\"},\"potentialAction\":[{\"@type\":\"SearchAction\",\"target\":{\"@type\":\"EntryPoint\",\"urlTemplate\":\"https:\\\/\\\/maristeurope.eu\\\/de\\\/?s={search_term_string}\"},\"query-input\":{\"@type\":\"PropertyValueSpecification\",\"valueRequired\":true,\"valueName\":\"search_term_string\"}}],\"inLanguage\":\"de\"},{\"@type\":\"Organization\",\"@id\":\"https:\\\/\\\/maristeurope.eu\\\/de\\\/#organization\",\"name\":\"Marist Europe\",\"url\":\"https:\\\/\\\/maristeurope.eu\\\/de\\\/\",\"logo\":{\"@type\":\"ImageObject\",\"inLanguage\":\"de\",\"@id\":\"https:\\\/\\\/maristeurope.eu\\\/de\\\/#\\\/schema\\\/logo\\\/image\\\/\",\"url\":\"https:\\\/\\\/maristeurope.eu\\\/wp-content\\\/uploads\\\/2024\\\/10\\\/EU-SM-Finalogo-02.png\",\"contentUrl\":\"https:\\\/\\\/maristeurope.eu\\\/wp-content\\\/uploads\\\/2024\\\/10\\\/EU-SM-Finalogo-02.png\",\"width\":150,\"height\":156,\"caption\":\"Marist Europe\"},\"image\":{\"@id\":\"https:\\\/\\\/maristeurope.eu\\\/de\\\/#\\\/schema\\\/logo\\\/image\\\/\"}}]}<\/script>\n<!-- \/ Yoast SEO plugin. -->","yoast_head_json":{"title":"VOLUNTEERING - Marist Europe","robots":{"index":"index","follow":"follow","max-snippet":"max-snippet:-1","max-image-preview":"max-image-preview:large","max-video-preview":"max-video-preview:-1"},"canonical":"https:\/\/maristeurope.eu\/de\/volunteering\/","og_locale":"de_DE","og_type":"article","og_title":"VOLUNTEERING - Marist Europe","og_description":"VOLUNTEERINGHelfen Sie uns als FreiwilligerDie Missionsaktivit\u00e4ten der Maristen gehen in der ganzen Welt weiter. Warum setzen Sie Ihre Talente und F\u00e4higkeiten nicht zum Wohle der Menschen ein, die durch Marias Arbeit heute versorgt werden? Ziehen Sie in Erw\u00e4gung, sich uns als Freiwilliger anzuschlie\u00dfen!F\u00fcr Freiwilligenarbeit vor Ort k\u00f6nnen Sie die Maristengemeinschaft in Ihrem Land kontaktieren. Wir [&hellip;]","og_url":"https:\/\/maristeurope.eu\/de\/volunteering\/","og_site_name":"Marist Europe","article_modified_time":"2025-03-25T13:33:05+00:00","twitter_card":"summary_large_image","twitter_misc":{"Gesch\u00e4tzte Lesezeit":"7\u00a0Minute"},"schema":{"@context":"https:\/\/schema.org","@graph":[{"@type":"WebPage","@id":"https:\/\/maristeurope.eu\/de\/volunteering\/","url":"https:\/\/maristeurope.eu\/de\/volunteering\/","name":"VOLUNTEERING - Marist Europe","isPartOf":{"@id":"https:\/\/maristeurope.eu\/de\/#website"},"datePublished":"2024-12-19T13:30:51+00:00","dateModified":"2025-03-25T13:33:05+00:00","breadcrumb":{"@id":"https:\/\/maristeurope.eu\/de\/volunteering\/#breadcrumb"},"inLanguage":"de","potentialAction":[{"@type":"ReadAction","target":["https:\/\/maristeurope.eu\/de\/volunteering\/"]}]},{"@type":"BreadcrumbList","@id":"https:\/\/maristeurope.eu\/de\/volunteering\/#breadcrumb","itemListElement":[{"@type":"ListItem","position":1,"name":"Home","item":"https:\/\/maristeurope.eu\/de\/maristen\/"},{"@type":"ListItem","position":2,"name":"VOLUNTEERING"}]},{"@type":"WebSite","@id":"https:\/\/maristeurope.eu\/de\/#website","url":"https:\/\/maristeurope.eu\/de\/","name":"Marist Europe","description":"","publisher":{"@id":"https:\/\/maristeurope.eu\/de\/#organization"},"potentialAction":[{"@type":"SearchAction","target":{"@type":"EntryPoint","urlTemplate":"https:\/\/maristeurope.eu\/de\/?s={search_term_string}"},"query-input":{"@type":"PropertyValueSpecification","valueRequired":true,"valueName":"search_term_string"}}],"inLanguage":"de"},{"@type":"Organization","@id":"https:\/\/maristeurope.eu\/de\/#organization","name":"Marist Europe","url":"https:\/\/maristeurope.eu\/de\/","logo":{"@type":"ImageObject","inLanguage":"de","@id":"https:\/\/maristeurope.eu\/de\/#\/schema\/logo\/image\/","url":"https:\/\/maristeurope.eu\/wp-content\/uploads\/2024\/10\/EU-SM-Finalogo-02.png","contentUrl":"https:\/\/maristeurope.eu\/wp-content\/uploads\/2024\/10\/EU-SM-Finalogo-02.png","width":150,"height":156,"caption":"Marist Europe"},"image":{"@id":"https:\/\/maristeurope.eu\/de\/#\/schema\/logo\/image\/"}}]}},"_links":{"self":[{"href":"https:\/\/maristeurope.eu\/de\/wp-json\/wp\/v2\/pages\/2232","targetHints":{"allow":["GET"]}}],"collection":[{"href":"https:\/\/maristeurope.eu\/de\/wp-json\/wp\/v2\/pages"}],"about":[{"href":"https:\/\/maristeurope.eu\/de\/wp-json\/wp\/v2\/types\/page"}],"author":[{"embeddable":true,"href":"https:\/\/maristeurope.eu\/de\/wp-json\/wp\/v2\/users\/1"}],"replies":[{"embeddable":true,"href":"https:\/\/maristeurope.eu\/de\/wp-json\/wp\/v2\/comments?post=2232"}],"version-history":[{"count":4,"href":"https:\/\/maristeurope.eu\/de\/wp-json\/wp\/v2\/pages\/2232\/revisions"}],"predecessor-version":[{"id":6713,"href":"https:\/\/maristeurope.eu\/de\/wp-json\/wp\/v2\/pages\/2232\/revisions\/6713"}],"wp:attachment":[{"href":"https:\/\/maristeurope.eu\/de\/wp-json\/wp\/v2\/media?parent=2232"}],"curies":[{"name":"wp","href":"https:\/\/api.w.org\/{rel}","templated":true}]}}