{"id":2201,"date":"2024-10-23T11:10:49","date_gmt":"2024-10-23T09:10:49","guid":{"rendered":"https:\/\/marist.sjdigitaldemo.ovh\/nachrichten\/"},"modified":"2026-05-07T08:28:37","modified_gmt":"2026-05-07T06:28:37","slug":"nachrichten","status":"publish","type":"page","link":"https:\/\/maristeurope.eu\/de\/nachrichten\/","title":{"rendered":"Nachrichten"},"content":{"rendered":"\n<div class=\"et_pb_section_0 et_pb_section et_section_regular et_block_section section_has_divider et_pb_bottom_divider\"><span class=\"et_pb_background_pattern\"><\/span><div class=\"et_pb_row_0 et_pb_row et_pb_equal_columns et_block_row et_animated preset--module--divi-row--default\"><div class=\"et_pb_column_0 et_pb_column et_pb_column_2_3 et_block_column et_pb_css_mix_blend_mode_passthrough\"><div class=\"et_pb_text_0 et_pb_text et_pb_bg_layout_light et_pb_module et_block_module\"><div class=\"et_pb_text_inner\"><h1><strong>Nachrichten<\/strong><\/h1>\n<\/div><\/div><\/div><div class=\"et_pb_column_1 et_pb_column et_pb_column_1_3 et-last-child et_block_column et_pb_column_empty et_pb_css_mix_blend_mode_passthrough\"><\/div><\/div><div class=\"et_pb_bottom_inside_divider et-no-transition\"><\/div><\/div><div class=\"et_pb_section_1 et_pb_section et_section_regular et_block_section\"><div class=\"et_pb_row_1 et_pb_row et_block_row preset--module--divi-row--default\"><div class=\"et_pb_column_2 et_pb_column et_pb_column_4_4 et-last-child et_block_column et_pb_css_mix_blend_mode_passthrough\"><div class=\"et_pb_blog_0 et_pb_blog et_pb_bg_layout_light et_pb_posts et_animated et_pb_module\"><div class=\"et_pb_ajax_pagination_container\"><div class=\"et_pb_posts et_grid_module\"><article class=\"et_pb_post et_pb_post_id_10777 clearfix et_pb_blog_item_0_0 post-10777 post type-post status-publish format-standard has-post-thumbnail hentry category-nicht-kategorisiert\"><div class=\"et_pb_image_container\"><a href=\"https:\/\/maristeurope.eu\/de\/den-maristischen-geist-in-unseren-schulen-in-irland-kultivieren\/\" class=\"entry-featured-image-url\"><img loading=\"lazy\" decoding=\"async\" src=\"https:\/\/maristeurope.eu\/wp-content\/uploads\/2026\/05\/1000143931-scaled.jpg\" width=\"400\" height=\"284\" alt=\"Den maristischen Geist in unseren Schulen in Irland kultivieren\" class=\"\" srcset=\"https:\/\/maristeurope.eu\/wp-content\/uploads\/2026\/05\/1000143931-scaled.jpg 479w, https:\/\/maristeurope.eu\/wp-content\/uploads\/2026\/05\/1000143931-400x284.jpg 480w\" sizes=\"(max-width:479px) 479px, 100vw\" \/><span data-icon=\"\ue050\" class=\"et_overlay et_pb_inline_icon\"><\/span><\/a><\/div><h2 class=\"entry-title\"><a href=\"https:\/\/maristeurope.eu\/de\/den-maristischen-geist-in-unseren-schulen-in-irland-kultivieren\/\">Den maristischen Geist in unseren Schulen in Irland kultivieren<\/a><\/h2><p class=\"post-meta\"><span class=\"published\">Mai 6, 2026<\/span><\/p><div class=\"post-content\"><div class=\"post-content-inner\"><p>Die Chanel-Gemeinschaft in Coolock (Irland) empfing k\u00fcrzlich f\u00fcr eine Woche Lachie Bartlett, einen Seminaristen im zweiten Studienjahr aus dem Casa Di Maria in Rom. In Begleitung von Pater Martin McAnaney unterst\u00fctzte er die Bem\u00fchungen des maristischen Bildungspatronats, der Marist Education Authority Schools (MEAS), zur F\u00f6rderung des maristischen Ethos und der F\u00fchrungsausbildung im Bildungswesen.   <\/p>\n<\/div><\/div><\/article><article class=\"et_pb_post et_pb_post_id_10618 clearfix et_pb_blog_item_0_1 post-10618 post type-post status-publish format-standard has-post-thumbnail hentry category-nicht-kategorisiert\"><div class=\"et_pb_image_container\"><a href=\"https:\/\/maristeurope.eu\/de\/maristen-tage-austausch-ueber-berufungen-in-franzoesischen-schulen\/\" class=\"entry-featured-image-url\"><img loading=\"lazy\" decoding=\"async\" src=\"https:\/\/maristeurope.eu\/wp-content\/uploads\/2026\/04\/PHOTO-2026-04-22-14-42-39.jpg\" width=\"400\" height=\"284\" alt=\"Maristen-Tage: Austausch \u00fcber Berufungen in franz\u00f6sischen Schulen\" class=\"\" srcset=\"https:\/\/maristeurope.eu\/wp-content\/uploads\/2026\/04\/PHOTO-2026-04-22-14-42-39.jpg 479w, https:\/\/maristeurope.eu\/wp-content\/uploads\/2026\/04\/PHOTO-2026-04-22-14-42-39-400x284.jpg 480w\" sizes=\"(max-width:479px) 479px, 100vw\" \/><span data-icon=\"\ue050\" class=\"et_overlay et_pb_inline_icon\"><\/span><\/a><\/div><h2 class=\"entry-title\"><a href=\"https:\/\/maristeurope.eu\/de\/maristen-tage-austausch-ueber-berufungen-in-franzoesischen-schulen\/\">Maristen-Tage: Austausch \u00fcber Berufungen in franz\u00f6sischen Schulen<\/a><\/h2><p class=\"post-meta\"><span class=\"published\">Apr. 29, 2026<\/span><\/p><div class=\"post-content\"><div class=\"post-content-inner\"><p>In diesem Fr\u00fchjahr feierten mehrere Maristenschulen in Frankreich \"Les journ\u00e9es maristes\" (Maristen-Tage). Die Reise begann im M\u00e4rz in Bury und Le Rosaire (n\u00f6rdlich von Paris) und wurde nach Ostern an unseren drei Standorten in Toulon fortgesetzt: Cours F\u00e9nelon, Institution Sainte Marie, und Externat Saint Joseph la Cordeille. <\/p>\n<\/div><\/div><\/article><article class=\"et_pb_post et_pb_post_id_10584 clearfix et_pb_blog_item_0_2 post-10584 post type-post status-publish format-standard has-post-thumbnail hentry category-nicht-kategorisiert\"><div class=\"et_pb_image_container\"><a href=\"https:\/\/maristeurope.eu\/de\/maristenpatres-treten-der-europaeischen-provinz-bei\/\" class=\"entry-featured-image-url\"><img loading=\"lazy\" decoding=\"async\" src=\"https:\/\/maristeurope.eu\/wp-content\/uploads\/2026\/04\/small-table-lamp-world-map-copy-space-1-scaled.jpg\" width=\"400\" height=\"284\" alt=\"Maristenpatres treten der europ\u00e4ischen Provinz bei\" class=\"\" srcset=\"https:\/\/maristeurope.eu\/wp-content\/uploads\/2026\/04\/small-table-lamp-world-map-copy-space-1-scaled.jpg 479w, https:\/\/maristeurope.eu\/wp-content\/uploads\/2026\/04\/small-table-lamp-world-map-copy-space-1-400x284.jpg 480w\" sizes=\"(max-width:479px) 479px, 100vw\" \/><span data-icon=\"\ue050\" class=\"et_overlay et_pb_inline_icon\"><\/span><\/a><\/div><h2 class=\"entry-title\"><a href=\"https:\/\/maristeurope.eu\/de\/maristenpatres-treten-der-europaeischen-provinz-bei\/\">Maristenpatres treten der europ\u00e4ischen Provinz bei<\/a><\/h2><p class=\"post-meta\"><span class=\"published\">Apr. 22, 2026<\/span><\/p><div class=\"post-content\"><div class=\"post-content-inner\"><p>Wir freuen uns, in der europ\u00e4ischen Provinz Pater Christian willkommen zu hei\u00dfen, der in der Gemeinschaft in Lyon lebt, und Pater Clovis, der sich der Gemeinschaft in London anschlie\u00dft<\/p>\n<\/div><\/div><\/article><article class=\"et_pb_post et_pb_post_id_10525 clearfix et_pb_blog_item_0_3 post-10525 post type-post status-publish format-standard has-post-thumbnail hentry category-nicht-kategorisiert\"><div class=\"et_pb_image_container\"><a href=\"https:\/\/maristeurope.eu\/de\/32-jahre-maristenmission-auf-den-philippinen\/\" class=\"entry-featured-image-url\"><img loading=\"lazy\" decoding=\"async\" src=\"https:\/\/maristeurope.eu\/wp-content\/uploads\/2026\/04\/IMG-20260225-WA0006-e1775511047653.jpg\" width=\"400\" height=\"284\" alt=\"32 Jahre Maristenmission auf den Philippinen\" class=\"\" srcset=\"https:\/\/maristeurope.eu\/wp-content\/uploads\/2026\/04\/IMG-20260225-WA0006-e1775511047653.jpg 479w, https:\/\/maristeurope.eu\/wp-content\/uploads\/2026\/04\/IMG-20260225-WA0006-400x284.jpg 480w\" sizes=\"(max-width:479px) 479px, 100vw\" \/><span data-icon=\"\ue050\" class=\"et_overlay et_pb_inline_icon\"><\/span><\/a><\/div><h2 class=\"entry-title\"><a href=\"https:\/\/maristeurope.eu\/de\/32-jahre-maristenmission-auf-den-philippinen\/\">32 Jahre Maristenmission auf den Philippinen<\/a><\/h2><p class=\"post-meta\"><span class=\"published\">Apr. 9, 2026<\/span><\/p><div class=\"post-content\"><div class=\"post-content-inner\"><p>Pater Paddy Muckian ist vor kurzem in seine Heimat Irland zur\u00fcckgekehrt. Mit gro\u00dfem Eifer und Freude schreibt er \u00fcber seine Jahre in der Mission&#8230; <\/p>\n<\/div><\/div><\/article><article class=\"et_pb_post et_pb_post_id_10487 clearfix et_pb_blog_item_0_4 post-10487 post type-post status-publish format-standard has-post-thumbnail hentry category-nicht-kategorisiert\"><div class=\"et_pb_image_container\"><a href=\"https:\/\/maristeurope.eu\/de\/novene-zum-heiligen-peter-chanel\/\" class=\"entry-featured-image-url\"><img loading=\"lazy\" decoding=\"async\" src=\"https:\/\/maristeurope.eu\/wp-content\/uploads\/2026\/04\/peter-chanel.jpg\" width=\"400\" height=\"284\" alt=\"Novene zum Heiligen Peter Chanel\" class=\"\" srcset=\"https:\/\/maristeurope.eu\/wp-content\/uploads\/2026\/04\/peter-chanel.jpg 479w, https:\/\/maristeurope.eu\/wp-content\/uploads\/2026\/04\/peter-chanel-400x284.jpg 480w\" sizes=\"(max-width:479px) 479px, 100vw\" \/><span data-icon=\"\ue050\" class=\"et_overlay et_pb_inline_icon\"><\/span><\/a><\/div><h2 class=\"entry-title\"><a href=\"https:\/\/maristeurope.eu\/de\/novene-zum-heiligen-peter-chanel\/\">Novene zum Heiligen Peter Chanel<\/a><\/h2><p class=\"post-meta\"><span class=\"published\">Apr. 7, 2026<\/span><\/p><div class=\"post-content\"><div class=\"post-content-inner\"><p>Es ist \u00fcblich, dass wir w\u00e4hrend der Novene vom 20. April bis zum Fest des heiligen Peter Chanel am 28. April f\u00fcr maristische Berufungen beten.  <\/p>\n<\/div><\/div><\/article><article class=\"et_pb_post et_pb_post_id_10344 clearfix et_pb_blog_item_0_5 post-10344 post type-post status-publish format-standard has-post-thumbnail hentry category-nicht-kategorisiert\"><div class=\"et_pb_image_container\"><a href=\"https:\/\/maristeurope.eu\/de\/liebe-bis-zum-ende\/\" class=\"entry-featured-image-url\"><img loading=\"lazy\" decoding=\"async\" src=\"https:\/\/maristeurope.eu\/wp-content\/uploads\/2026\/04\/IMG20260329111520.jpg\" width=\"400\" height=\"284\" alt=\"Liebe bis zum Ende&#8230;\" class=\"\" srcset=\"https:\/\/maristeurope.eu\/wp-content\/uploads\/2026\/04\/IMG20260329111520.jpg 479w, https:\/\/maristeurope.eu\/wp-content\/uploads\/2026\/04\/IMG20260329111520-400x284.jpg 480w\" sizes=\"(max-width:479px) 479px, 100vw\" \/><span data-icon=\"\ue050\" class=\"et_overlay et_pb_inline_icon\"><\/span><\/a><\/div><h2 class=\"entry-title\"><a href=\"https:\/\/maristeurope.eu\/de\/liebe-bis-zum-ende\/\">Liebe bis zum Ende&#8230;<\/a><\/h2><p class=\"post-meta\"><span class=\"published\">Apr. 4, 2026<\/span><\/p><div class=\"post-content\"><div class=\"post-content-inner\"><p>Die Ereignisse, die wir w\u00e4hrend des \u00f6sterlichen Triduums feiern und an die wir uns erinnern, fanden vor zweitausend Jahren in Jerusalem statt, doch heute sind sie eine Inspiration f\u00fcr unz\u00e4hlige Menschen auf der ganzen Welt. In diesen unruhigen Zeiten, in denen an so vielen Orten Krieg herrscht, leben viele unserer Schwestern und Br\u00fcder die Passion auf eine Weise, die nur allzu real ist&#8230; <\/p>\n<\/div><\/div><\/article><article class=\"et_pb_post et_pb_post_id_10402 clearfix et_pb_blog_item_0_6 post-10402 post type-post status-publish format-standard has-post-thumbnail hentry category-nicht-kategorisiert\"><div class=\"et_pb_image_container\"><a href=\"https:\/\/maristeurope.eu\/de\/die-gnade-die-eucharistie-zu-feiern\/\" class=\"entry-featured-image-url\"><img loading=\"lazy\" decoding=\"async\" src=\"https:\/\/maristeurope.eu\/wp-content\/uploads\/2026\/04\/fran-e1775317376428.jpg\" width=\"400\" height=\"284\" alt=\"Die Gnade, die Eucharistie zu feiern\" class=\"\" srcset=\"https:\/\/maristeurope.eu\/wp-content\/uploads\/2026\/04\/fran-e1775317376428.jpg 479w, https:\/\/maristeurope.eu\/wp-content\/uploads\/2026\/04\/fran-400x284.jpg 480w\" sizes=\"(max-width:479px) 479px, 100vw\" \/><span data-icon=\"\ue050\" class=\"et_overlay et_pb_inline_icon\"><\/span><\/a><\/div><h2 class=\"entry-title\"><a href=\"https:\/\/maristeurope.eu\/de\/die-gnade-die-eucharistie-zu-feiern\/\">Die Gnade, die Eucharistie zu feiern<\/a><\/h2><p class=\"post-meta\"><span class=\"published\">M\u00e4rz 27, 2026<\/span><\/p><div class=\"post-content\"><div class=\"post-content-inner\"><p>Fran\u00e7ois Chauvet l\u00e4dt uns ein, \u00fcber den Priester hinaus zu schauen, um den Herrn zu sehen. In diesem kurzen Artikel reflektiert er \u00fcber seine 42-j\u00e4hrige Reise und die dem\u00fctigende Gnade, die Eucharistie inmitten des Alltags zu feiern - im Regen, in den Bergen und in den Herzen der Menschen. <\/p>\n<\/div><\/div><\/article><article class=\"et_pb_post et_pb_post_id_10299 clearfix et_pb_blog_item_0_7 post-10299 post type-post status-publish format-standard has-post-thumbnail hentry category-nicht-kategorisiert\"><div class=\"et_pb_image_container\"><a href=\"https:\/\/maristeurope.eu\/de\/das-jahr-des-heiligen-franziskus-in-assisi-feiern\/\" class=\"entry-featured-image-url\"><img loading=\"lazy\" decoding=\"async\" src=\"https:\/\/maristeurope.eu\/wp-content\/uploads\/2026\/03\/20260225_124158-scaled.jpg\" width=\"400\" height=\"284\" alt=\"Das Jahr des Heiligen Franziskus in Assisi feiern\" class=\"\" srcset=\"https:\/\/maristeurope.eu\/wp-content\/uploads\/2026\/03\/20260225_124158-scaled.jpg 479w, https:\/\/maristeurope.eu\/wp-content\/uploads\/2026\/03\/20260225_124158-400x284.jpg 480w\" sizes=\"(max-width:479px) 479px, 100vw\" \/><span data-icon=\"\ue050\" class=\"et_overlay et_pb_inline_icon\"><\/span><\/a><\/div><h2 class=\"entry-title\"><a href=\"https:\/\/maristeurope.eu\/de\/das-jahr-des-heiligen-franziskus-in-assisi-feiern\/\">Das Jahr des Heiligen Franziskus in Assisi feiern<\/a><\/h2><p class=\"post-meta\"><span class=\"published\">M\u00e4rz 21, 2026<\/span><\/p><div class=\"post-content\"><div class=\"post-content-inner\"><p>Vom 10. Januar 2026 bis zum 10. Januar 2027 findet in Assisi ein besonderes Jubil\u00e4umsjahr des Heiligen Franziskus statt, um den 800. Todestag des Heiligen (1226-2026) zu feiern. In diesem von Papst Leo XIV. ausgerufenen \"Jahr des Heiligen Franziskus\" werden die sterblichen \u00dcberreste des Heiligen Franziskus selten \u00f6ffentlich ausgestellt.   <\/p>\n<\/div><\/div><\/article><article class=\"et_pb_post et_pb_post_id_10253 clearfix et_pb_blog_item_0_8 post-10253 post type-post status-publish format-standard has-post-thumbnail hentry category-nicht-kategorisiert\"><div class=\"et_pb_image_container\"><a href=\"https:\/\/maristeurope.eu\/de\/ein-marist-in-japan-vom-kulturschock-zum-wachstum\/\" class=\"entry-featured-image-url\"><img loading=\"lazy\" decoding=\"async\" src=\"https:\/\/maristeurope.eu\/wp-content\/uploads\/2026\/03\/image-1.png\" width=\"400\" height=\"284\" alt=\"Ein Marist in Japan: vom Kulturschock zum Wachstum\" class=\"\" srcset=\"https:\/\/maristeurope.eu\/wp-content\/uploads\/2026\/03\/image-1.png 479w, https:\/\/maristeurope.eu\/wp-content\/uploads\/2026\/03\/image-1-400x284.png 480w\" sizes=\"(max-width:479px) 479px, 100vw\" \/><span data-icon=\"\ue050\" class=\"et_overlay et_pb_inline_icon\"><\/span><\/a><\/div><h2 class=\"entry-title\"><a href=\"https:\/\/maristeurope.eu\/de\/ein-marist-in-japan-vom-kulturschock-zum-wachstum\/\">Ein Marist in Japan: vom Kulturschock zum Wachstum<\/a><\/h2><p class=\"post-meta\"><span class=\"published\">M\u00e4rz 16, 2026<\/span><\/p><div class=\"post-content\"><div class=\"post-content-inner\"><p>Pater Paddy O&#8217;Hare berichtet \u00fcber seine reichen Missionserfahrungen in Japan und Europa&#8230;  <\/p>\n<\/div><\/div><\/article><article class=\"et_pb_post et_pb_post_id_10187 clearfix et_pb_blog_item_0_9 post-10187 post type-post status-publish format-standard has-post-thumbnail hentry category-nicht-kategorisiert\"><div class=\"et_pb_image_container\"><a href=\"https:\/\/maristeurope.eu\/de\/gebet-um-berufungen\/\" class=\"entry-featured-image-url\"><img loading=\"lazy\" decoding=\"async\" src=\"https:\/\/maristeurope.eu\/wp-content\/uploads\/2026\/03\/standing-mountain-peak-arms-raised-success-generated-by-ai-scaled-e1773611179222.jpg\" width=\"400\" height=\"284\" alt=\"Gebet um maristische Berufungen\" class=\"\" srcset=\"https:\/\/maristeurope.eu\/wp-content\/uploads\/2026\/03\/standing-mountain-peak-arms-raised-success-generated-by-ai-scaled-e1773611179222.jpg 479w, https:\/\/maristeurope.eu\/wp-content\/uploads\/2026\/03\/standing-mountain-peak-arms-raised-success-generated-by-ai-400x284.jpg 480w\" sizes=\"(max-width:479px) 479px, 100vw\" \/><span data-icon=\"\ue050\" class=\"et_overlay et_pb_inline_icon\"><\/span><\/a><\/div><h2 class=\"entry-title\"><a href=\"https:\/\/maristeurope.eu\/de\/gebet-um-berufungen\/\">Gebet um maristische Berufungen<\/a><\/h2><p class=\"post-meta\"><span class=\"published\">M\u00e4rz 15, 2026<\/span><\/p><div class=\"post-content\"><div class=\"post-content-inner\"><p>Laden Sie das neue Berufungsgebet herunter, das wir in der Provinz teilen wollen. Lasst uns beten, dass der Heilige Geist die verschiedenen Initiativen f\u00fcr Berufungen in der Provinz leiten m\u00f6ge.  <\/p>\n<\/div><\/div><\/article><article class=\"et_pb_post et_pb_post_id_10001 clearfix et_pb_blog_item_0_10 post-10001 post type-post status-publish format-standard has-post-thumbnail hentry category-nicht-kategorisiert\"><div class=\"et_pb_image_container\"><a href=\"https:\/\/maristeurope.eu\/de\/la-neyliere-war-gastgeber-eines-literaturpreises\/\" class=\"entry-featured-image-url\"><img loading=\"lazy\" decoding=\"async\" src=\"https:\/\/maristeurope.eu\/wp-content\/uploads\/2026\/03\/Photo-1-scaled.jpg\" width=\"400\" height=\"284\" alt=\"La Neyli\u00e8re war Gastgeber eines Literaturpreises\" class=\"\" srcset=\"https:\/\/maristeurope.eu\/wp-content\/uploads\/2026\/03\/Photo-1-scaled.jpg 479w, https:\/\/maristeurope.eu\/wp-content\/uploads\/2026\/03\/Photo-1-400x284.jpg 480w\" sizes=\"(max-width:479px) 479px, 100vw\" \/><span data-icon=\"\ue050\" class=\"et_overlay et_pb_inline_icon\"><\/span><\/a><\/div><h2 class=\"entry-title\"><a href=\"https:\/\/maristeurope.eu\/de\/la-neyliere-war-gastgeber-eines-literaturpreises\/\">La Neyli\u00e8re war Gastgeber eines Literaturpreises<\/a><\/h2><p class=\"post-meta\"><span class=\"published\">M\u00e4rz 13, 2026<\/span><\/p><div class=\"post-content\"><div class=\"post-content-inner\"><p>Alle zwei Jahre organisiert das Mediathekennetzwerk Com&#8217;MonLy der Gemeinde Monts du Lyonnais einen Literaturpreis zu einem Thema, das sich auf einen Kontinent oder ein Land bezieht. Bei der f\u00fcnften Ausgabe des Preises ging es um Ozeanien. <\/p>\n<\/div><\/div><\/article><article class=\"et_pb_post et_pb_post_id_9966 clearfix et_pb_blog_item_0_11 post-9966 post type-post status-publish format-standard has-post-thumbnail hentry category-nicht-kategorisiert\"><div class=\"et_pb_image_container\"><a href=\"https:\/\/maristeurope.eu\/de\/predigen-fuer-die-missionen\/\" class=\"entry-featured-image-url\"><img loading=\"lazy\" decoding=\"async\" src=\"https:\/\/maristeurope.eu\/wp-content\/uploads\/2026\/03\/IMG-20240426-WA0012.jpg\" width=\"400\" height=\"284\" alt=\"Predigen f\u00fcr die Missionen\" class=\"\" srcset=\"https:\/\/maristeurope.eu\/wp-content\/uploads\/2026\/03\/IMG-20240426-WA0012.jpg 479w, https:\/\/maristeurope.eu\/wp-content\/uploads\/2026\/03\/IMG-20240426-WA0012-400x284.jpg 480w\" sizes=\"(max-width:479px) 479px, 100vw\" \/><span data-icon=\"\ue050\" class=\"et_overlay et_pb_inline_icon\"><\/span><\/a><\/div><h2 class=\"entry-title\"><a href=\"https:\/\/maristeurope.eu\/de\/predigen-fuer-die-missionen\/\">Predigen f\u00fcr die Missionen<\/a><\/h2><p class=\"post-meta\"><span class=\"published\">M\u00e4rz 5, 2026<\/span><\/p><div class=\"post-content\"><div class=\"post-content-inner\"><p>Damien Diouf berichtet \u00fcber seinen Dienst, indem er Gemeinden besucht und \u00fcber das maristische Charisma und unsere missionarischen Apostolate spricht&#8230;<\/p>\n<\/div><\/div><\/article><\/div><div class=\"pagination clearfix\">\n\t<div class=\"alignleft\"><a href=\"https:\/\/maristeurope.eu\/de\/wp-json\/wp\/v2\/pages\/2201\/page\/2\/?et_blog\" >&laquo; \u00c4ltere Eintr\u00e4ge<\/a><\/div>\n\t<div class=\"alignright\"><\/div>\n<\/div><\/div><\/div><\/div><\/div><\/div>\n","protected":false},"excerpt":{"rendered":"","protected":false},"author":1,"featured_media":0,"parent":0,"menu_order":0,"comment_status":"closed","ping_status":"closed","template":"","meta":{"footnotes":""},"class_list":["post-2201","page","type-page","status-publish","hentry"],"yoast_head":"<!-- This site is optimized with the Yoast SEO plugin v27.5 - https:\/\/yoast.com\/product\/yoast-seo-wordpress\/ -->\n<title>Nachrichten - Marist Europe<\/title>\n<meta name=\"robots\" content=\"index, follow, max-snippet:-1, max-image-preview:large, max-video-preview:-1\" \/>\n<link rel=\"canonical\" href=\"https:\/\/maristeurope.eu\/de\/nachrichten\/\" \/>\n<meta property=\"og:locale\" content=\"de_DE\" \/>\n<meta property=\"og:type\" content=\"article\" \/>\n<meta property=\"og:title\" content=\"Nachrichten - Marist Europe\" \/>\n<meta property=\"og:url\" content=\"https:\/\/maristeurope.eu\/de\/nachrichten\/\" \/>\n<meta property=\"og:site_name\" content=\"Marist Europe\" \/>\n<meta property=\"article:modified_time\" content=\"2026-05-07T06:28:37+00:00\" \/>\n<meta name=\"twitter:card\" content=\"summary_large_image\" \/>\n<script type=\"application\/ld+json\" class=\"yoast-schema-graph\">{\"@context\":\"https:\\\/\\\/schema.org\",\"@graph\":[{\"@type\":\"WebPage\",\"@id\":\"https:\\\/\\\/maristeurope.eu\\\/de\\\/nachrichten\\\/\",\"url\":\"https:\\\/\\\/maristeurope.eu\\\/de\\\/nachrichten\\\/\",\"name\":\"Nachrichten - Marist Europe\",\"isPartOf\":{\"@id\":\"https:\\\/\\\/maristeurope.eu\\\/de\\\/#website\"},\"datePublished\":\"2024-10-23T09:10:49+00:00\",\"dateModified\":\"2026-05-07T06:28:37+00:00\",\"breadcrumb\":{\"@id\":\"https:\\\/\\\/maristeurope.eu\\\/de\\\/nachrichten\\\/#breadcrumb\"},\"inLanguage\":\"de\",\"potentialAction\":[{\"@type\":\"ReadAction\",\"target\":[\"https:\\\/\\\/maristeurope.eu\\\/de\\\/nachrichten\\\/\"]}]},{\"@type\":\"BreadcrumbList\",\"@id\":\"https:\\\/\\\/maristeurope.eu\\\/de\\\/nachrichten\\\/#breadcrumb\",\"itemListElement\":[{\"@type\":\"ListItem\",\"position\":1,\"name\":\"Home\",\"item\":\"https:\\\/\\\/maristeurope.eu\\\/de\\\/\"},{\"@type\":\"ListItem\",\"position\":2,\"name\":\"Nachrichten\"}]},{\"@type\":\"WebSite\",\"@id\":\"https:\\\/\\\/maristeurope.eu\\\/de\\\/#website\",\"url\":\"https:\\\/\\\/maristeurope.eu\\\/de\\\/\",\"name\":\"Marist Europe\",\"description\":\"\",\"publisher\":{\"@id\":\"https:\\\/\\\/maristeurope.eu\\\/de\\\/#organization\"},\"potentialAction\":[{\"@type\":\"SearchAction\",\"target\":{\"@type\":\"EntryPoint\",\"urlTemplate\":\"https:\\\/\\\/maristeurope.eu\\\/de\\\/?s={search_term_string}\"},\"query-input\":{\"@type\":\"PropertyValueSpecification\",\"valueRequired\":true,\"valueName\":\"search_term_string\"}}],\"inLanguage\":\"de\"},{\"@type\":\"Organization\",\"@id\":\"https:\\\/\\\/maristeurope.eu\\\/de\\\/#organization\",\"name\":\"Marist Europe\",\"url\":\"https:\\\/\\\/maristeurope.eu\\\/de\\\/\",\"logo\":{\"@type\":\"ImageObject\",\"inLanguage\":\"de\",\"@id\":\"https:\\\/\\\/maristeurope.eu\\\/de\\\/#\\\/schema\\\/logo\\\/image\\\/\",\"url\":\"https:\\\/\\\/maristeurope.eu\\\/wp-content\\\/uploads\\\/2024\\\/10\\\/EU-SM-Finalogo-02.png\",\"contentUrl\":\"https:\\\/\\\/maristeurope.eu\\\/wp-content\\\/uploads\\\/2024\\\/10\\\/EU-SM-Finalogo-02.png\",\"width\":150,\"height\":156,\"caption\":\"Marist Europe\"},\"image\":{\"@id\":\"https:\\\/\\\/maristeurope.eu\\\/de\\\/#\\\/schema\\\/logo\\\/image\\\/\"}}]}<\/script>\n<!-- \/ Yoast SEO plugin. -->","yoast_head_json":{"title":"Nachrichten - Marist Europe","robots":{"index":"index","follow":"follow","max-snippet":"max-snippet:-1","max-image-preview":"max-image-preview:large","max-video-preview":"max-video-preview:-1"},"canonical":"https:\/\/maristeurope.eu\/de\/nachrichten\/","og_locale":"de_DE","og_type":"article","og_title":"Nachrichten - Marist Europe","og_url":"https:\/\/maristeurope.eu\/de\/nachrichten\/","og_site_name":"Marist Europe","article_modified_time":"2026-05-07T06:28:37+00:00","twitter_card":"summary_large_image","schema":{"@context":"https:\/\/schema.org","@graph":[{"@type":"WebPage","@id":"https:\/\/maristeurope.eu\/de\/nachrichten\/","url":"https:\/\/maristeurope.eu\/de\/nachrichten\/","name":"Nachrichten - Marist Europe","isPartOf":{"@id":"https:\/\/maristeurope.eu\/de\/#website"},"datePublished":"2024-10-23T09:10:49+00:00","dateModified":"2026-05-07T06:28:37+00:00","breadcrumb":{"@id":"https:\/\/maristeurope.eu\/de\/nachrichten\/#breadcrumb"},"inLanguage":"de","potentialAction":[{"@type":"ReadAction","target":["https:\/\/maristeurope.eu\/de\/nachrichten\/"]}]},{"@type":"BreadcrumbList","@id":"https:\/\/maristeurope.eu\/de\/nachrichten\/#breadcrumb","itemListElement":[{"@type":"ListItem","position":1,"name":"Home","item":"https:\/\/maristeurope.eu\/de\/"},{"@type":"ListItem","position":2,"name":"Nachrichten"}]},{"@type":"WebSite","@id":"https:\/\/maristeurope.eu\/de\/#website","url":"https:\/\/maristeurope.eu\/de\/","name":"Marist Europe","description":"","publisher":{"@id":"https:\/\/maristeurope.eu\/de\/#organization"},"potentialAction":[{"@type":"SearchAction","target":{"@type":"EntryPoint","urlTemplate":"https:\/\/maristeurope.eu\/de\/?s={search_term_string}"},"query-input":{"@type":"PropertyValueSpecification","valueRequired":true,"valueName":"search_term_string"}}],"inLanguage":"de"},{"@type":"Organization","@id":"https:\/\/maristeurope.eu\/de\/#organization","name":"Marist Europe","url":"https:\/\/maristeurope.eu\/de\/","logo":{"@type":"ImageObject","inLanguage":"de","@id":"https:\/\/maristeurope.eu\/de\/#\/schema\/logo\/image\/","url":"https:\/\/maristeurope.eu\/wp-content\/uploads\/2024\/10\/EU-SM-Finalogo-02.png","contentUrl":"https:\/\/maristeurope.eu\/wp-content\/uploads\/2024\/10\/EU-SM-Finalogo-02.png","width":150,"height":156,"caption":"Marist Europe"},"image":{"@id":"https:\/\/maristeurope.eu\/de\/#\/schema\/logo\/image\/"}}]}},"_links":{"self":[{"href":"https:\/\/maristeurope.eu\/de\/wp-json\/wp\/v2\/pages\/2201","targetHints":{"allow":["GET"]}}],"collection":[{"href":"https:\/\/maristeurope.eu\/de\/wp-json\/wp\/v2\/pages"}],"about":[{"href":"https:\/\/maristeurope.eu\/de\/wp-json\/wp\/v2\/types\/page"}],"author":[{"embeddable":true,"href":"https:\/\/maristeurope.eu\/de\/wp-json\/wp\/v2\/users\/1"}],"replies":[{"embeddable":true,"href":"https:\/\/maristeurope.eu\/de\/wp-json\/wp\/v2\/comments?post=2201"}],"version-history":[{"count":11,"href":"https:\/\/maristeurope.eu\/de\/wp-json\/wp\/v2\/pages\/2201\/revisions"}],"predecessor-version":[{"id":10739,"href":"https:\/\/maristeurope.eu\/de\/wp-json\/wp\/v2\/pages\/2201\/revisions\/10739"}],"wp:attachment":[{"href":"https:\/\/maristeurope.eu\/de\/wp-json\/wp\/v2\/media?parent=2201"}],"curies":[{"name":"wp","href":"https:\/\/api.w.org\/{rel}","templated":true}]}}