{"id":2176,"date":"2024-10-07T13:32:08","date_gmt":"2024-10-07T11:32:08","guid":{"rendered":"https:\/\/marist.sjdigitaldemo.ovh\/bibliothek\/"},"modified":"2025-10-11T12:37:04","modified_gmt":"2025-10-11T10:37:04","slug":"bibliothek","status":"publish","type":"page","link":"https:\/\/maristeurope.eu\/de\/bibliothek\/","title":{"rendered":"Ressourcen"},"content":{"rendered":"<p>[et_pb_section fb_built=\"1&#8243; _builder_version=\"4.27.4&#8243; _module_preset=\"default\" background_color=\"#FB8500&#8243; use_background_color_gradient=\"on\" background_color_gradient_stops=\"rgba(2,48,71,0.2) 0%|rgba(2,48,71,0.4) 100%\" background_color_gradient_overlays_image=\"on\" background_enable_image=\"off\" background_enable_video_mp4=\"off\" background_enable_pattern_style=\"on\" background_pattern_style=\"confetti\" background_pattern_color=\"rgba(0,0,0,0.11)\" custom_padding=\"200px||4vw||false|false\" bottom_divider_style=\"ramp2&#8243; bottom_divider_color=\"#FFFAF2&#8243; bottom_divider_flip=\"horizontal\" global_colors_info=\"{}\"][et_pb_row column_structure=\"2_3,1_3&#8243; make_equal=\"on\" _builder_version=\"4.27.4&#8243; _module_preset=\"default\" background_enable_color=\"off\" custom_padding=\"0px|40px|0px|40px|true|true\" animation_style=\"fade\" animation_duration=\"1500ms\" animation_delay=\"200ms\" global_colors_info=\"{}\"][et_pb_column type=\"2_3&#8243; _builder_version=\"4.27.4&#8243; _module_preset=\"default\" custom_css_main_element=\"margin: auto;\" global_colors_info=\"{}\"][et_pb_text _builder_version=\"4.27.4&#8243; _module_preset=\"default\" header_font=\"|600||on|||||\" header_text_color=\"#FFFFFF\" header_font_size=\"4rem\" header_letter_spacing=\"4px\" header_2_text_color=\"#219EBC\" header_2_font_size=\"3.5rem\" custom_margin=\"20px||20px||true|false\" global_colors_info=\"{}\"]<\/p>\n<h1><strong>RESSOURCEN<\/strong><\/h1>\n<p>[\/et_pb_text][\/et_pb_column][et_pb_column type=\"1_3&#8243; _builder_version=\"4.27.2&#8243; _module_preset=\"default\" global_colors_info=\"{}\"][\/et_pb_column][\/et_pb_row][\/et_pb_section][et_pb_section fb_built=\"1&#8243; module_id=\"Ressourcen\" _builder_version=\"4.27.4&#8243; _module_preset=\"default\" background_color=\"#FFFAF2&#8243; background_enable_image=\"off\" background_size=\"contain\" global_colors_info=\"{}\"][et_pb_row disabled_on=\"off|off|off\" _builder_version=\"4.27.4&#8243; _module_preset=\"default\" global_colors_info=\"{}\"][et_pb_column type=\"4_4&#8243; _builder_version=\"4.27.4&#8243; _module_preset=\"cb26f350-8f59-46c4-8f67-0c8d03d9ef93&#8243; global_colors_info=\"{}\"][et_pb_text _builder_version=\"4.27.4&#8243; _module_preset=\"default\" custom_padding=\"9px|||||\" global_colors_info=\"{}\"]<\/p>\n<h2>Wir entwickeln diese Ressourcen-Seite weiter - bitte haben Sie Geduld mit uns, w\u00e4hrend wir Materialien hinzuf\u00fcgen.<\/h2>\n<h3><span style=\"color: #ff6600;\"><a href=\"https:\/\/maristeurope.eu\/de\/kontakt-seite\/\" target=\"_blank\" rel=\"noopener\" style=\"color: #ff6600;\">Kontaktieren Sie uns<\/a> <\/span>mit Ihren Kommentaren und Vorschl\u00e4gen.<\/h3>\n<p>[\/et_pb_text][\/et_pb_column][\/et_pb_row][et_pb_row disabled_on=\"off|off|off\" _builder_version=\"4.27.4&#8243; _module_preset=\"default\" global_colors_info=\"{}\"][et_pb_column type=\"4_4&#8243; _builder_version=\"4.27.4&#8243; _module_preset=\"default\" global_colors_info=\"{}\"][et_pb_tabs active_tab_background_color=\"#FFB703&#8243; inactive_tab_background_color=\"#219EBC\" active_tab_text_color=\"#023047&#8243; module_id=\"colegios\" module_class=\"resources\" _builder_version=\"4.27.4&#8243; _module_preset=\"default\" tab_text_color=\"#FFFAF2&#8243; body_font=\"|600|||||||\" body_text_color=\"#023047&#8243; body_font_size=\"18px\" tab_font_size=\"24px\" body_link_font=\"||||on|||#FB8500|\" body_link_text_color=\"#FB8500&#8243; body_link_font_size=\"19px\" background_color=\"#8ECAE6&#8243; custom_padding=\"||||false|false\" custom_padding_last_edited=\"off|desktop\" hover_enabled=\"0&#8243; border_radii=\"on|50px|50px|50px|50px\" border_width_all=\"0px\" global_colors_info=\"{}\" sticky_enabled=\"0&#8243;][et_pb_tab title=\"Englisch\" _builder_version=\"4.27.4&#8243; _module_preset=\"default\" body_text_color=\"#023047&#8243; global_colors_info=\"{}\"]<\/p>\n<h3>Maristen-Quellen<\/h3>\n<div><a href=\"https:\/\/maristeurope.eu\/wp-content\/uploads\/2025\/03\/Constitutions-1987-English.pdf\" target=\"_blank\" rel=\"noopener\">Konstitutionen 1987<\/a><br \/>\n  <a href=\"https:\/\/maristeurope.eu\/wp-content\/uploads\/2025\/03\/A-Founder-speaks-ENGLISH.pdf\" target=\"_blank\" rel=\"noopener\">Ein Stifter spricht<\/a><br \/>\n  <br \/>\n    <a href=\"https:\/\/maristeurope.eu\/wp-content\/uploads\/2025\/03\/A-Founder-Acts-ENGLISH.pdf\" target=\"_blank\" rel=\"noopener\">Ein Stifter handelt<\/a><\/p>\n<\/div>\n<h3><\/h3>\n<h3>Maristische Geschichte und Spiritualit\u00e4t<\/h3>\n<div><a href=\"href=\" maristeurope=\"\" eu=\"\" wp-content=\"\" uploads=\"\" jan-snijders-age-of-mary-english=\"\" pdf=\"\" target=\"_blank\" rel=\"noopener\" https:=\"\">Jan Snijders: Das Zeitalter der Maria<\/a><br \/>\n  <a href=\"https:\/\/maristeurope.eu\/wp-content\/uploads\/2025\/03\/Francois-Marc-Marian-Church.pdf\" target=\"_blank\" rel=\"noopener\">Francois Marc: Die marianische Kirche<\/a>\n<\/div>\n<h3><\/h3>\n<h3>Marist B\u00fccher &amp; Zeitschriften<\/h3>\n<div><a href=\"https:\/\/maristeurope.eu\/wp-content\/uploads\/2025\/03\/KEEL_Book_of_Texts_ENGLISH.pdf\" target=\"_blank\" rel=\"noopener\">Kieler Buch der Texte<\/a><\/div>\n<h3><\/h3>\n<h3>Laien<\/h3>\n<div><a href=\"https:\/\/maristeurope.eu\/wp-content\/uploads\/2025\/03\/Frank-McKay-SM-The-Marist-Laity-Maristica-4-ENGLISH.pdf\" target=\"_blank\" rel=\"noopener\">Frank McKay: Die maristischen Laien<\/a><\/div>\n<h3><\/h3>\n<h3>Liturgie <span>- Feste - Gebete<\/span><\/h3>\n<div><a href=\"https:\/\/maristeurope.eu\/wp-content\/uploads\/2025\/03\/Mass_HNM_0919-ENGLISH.pdf\" target=\"_blank\" rel=\"noopener\">Heiliger Name Mariens Messe<\/a><br \/>\n  <a href=\"https:\/\/maristeurope.eu\/wp-content\/uploads\/2025\/03\/Paraliturgy_HNM_0919-ENGLISH.pdf\" target=\"_blank\" rel=\"noopener\">Heiliger Name Mariens Paraliturgie<\/a><br \/>\n  <br \/>\n    <a href=\"https:\/\/maristeurope.eu\/wp-content\/uploads\/2025\/03\/Fourviere_liturgy_0719-c-ENGLISH.pdf\" target=\"_blank\" rel=\"noopener\">Fourviere-Liturgie<\/a><\/p>\n<\/div>\n<div><a href=\"https:\/\/maristeurope.eu\/wp-content\/uploads\/2025\/03\/JCC_Novena_booklet_EN_1020-scrolling-c2.pdf\" target=\"_blank\" rel=\"noopener\">Jean-Claude Colin Novene<\/a><\/div>\n<p>[\/et_pb_tab][et_pb_tab title=\"Niederl\u00e4ndisch\" _builder_version=\"4.27.4&#8243; _module_preset=\"default\" body_text_color=\"#023047&#8243; global_colors_info=\"{}\"]<\/p>\n<h3>Maristen-Quellen<\/h3>\n<p>&nbsp;<\/p>\n<h3>Maristische Geschichte und Spiritualit\u00e4t<\/h3>\n<h3> <\/h3>\n<h3>Marist B\u00fccher &amp; Zeitschriften<\/h3>\n<p>&nbsp;<\/p>\n<h3>Maristen Laien<\/h3>\n<p>&nbsp;<\/p>\n<h3>Liturgie <span>- Feste - Gebete<\/span><\/h3>\n<p>&nbsp;<\/p>\n<div><\/div>\n<p>[\/et_pb_tab][et_pb_tab title=\"Franz\u00f6sisch\" _builder_version=\"4.27.4&#8243; _module_preset=\"default\" body_text_color=\"#023047&#8243; global_colors_info=\"{}\"]<\/p>\n<h3>Maristen-Quellen<\/h3>\n<div><a href=\"https:\/\/maristeurope.eu\/wp-content\/uploads\/2025\/03\/Constitutions-Francais-.pdf\" target=\"_blank\" rel=\"noopener\">Konstitutionen<\/a><br \/>\n  <a href=\"https:\/\/maristeurope.eu\/wp-content\/uploads\/2025\/03\/Entretiens-Spirituels.pdf\" target=\"_blank\" rel=\"noopener\">Ein Stifter spricht<\/a><br \/>\n  <br \/>\n    <a href=\"https:\/\/maristeurope.eu\/wp-content\/uploads\/2025\/03\/Quelques-souvenirs-Propos-du-pere-Colin-recueillis-par-le-P.-Mayet-2.pdf\" target=\"_blank\" rel=\"noopener\">Ein Stifter handelt<\/a><\/p>\n<\/div>\n<p>&nbsp;<\/p>\n<h3>Maristische Geschichte und Spiritualit\u00e4t<\/h3>\n<div><\/div>\n<h3><\/h3>\n<h3>Marist B\u00fccher &amp; Zeitschriften<\/h3>\n<h3><\/h3>\n<h3>Laien<\/h3>\n<div><\/div>\n<h3>Liturgie <span>- Feste - Gebete<\/span><\/h3>\n<p>&nbsp;<\/p>\n<p>[\/et_pb_tab][et_pb_tab title=\"Deutsch\" _builder_version=\"4.27.4&#8243; _module_preset=\"default\" body_text_color=\"#023047&#8243; global_colors_info=\"{}\"]<\/p>\n<h3>Maristen-Quellen<\/h3>\n<div><a href=\"https:\/\/maristeurope.eu\/wp-content\/uploads\/2025\/03\/1987-Konstitutionen.pdf\" target=\"_blank\" rel=\"noopener\">Konstitutionen<\/a><br \/>\n  <a href=\"https:\/\/maristeurope.eu\/wp-content\/uploads\/2025\/03\/Geistliche-Gesprache-Colin.pdf\" target=\"_blank\" rel=\"noopener\">Ein Gr\u00fcnder spricht<\/a>\n<\/div>\n<h3><\/h3>\n<h3>Maristische Geschichte und Spiritualit\u00e4t<\/h3>\n<p>&nbsp;<\/p>\n<h3>Marist B\u00fccher &amp; Zeitschriften<\/h3>\n<h3><\/h3>\n<h3>Laien<a href=\"#\"><\/a><\/h3>\n<h3><\/h3>\n<h3>Liturgie <span>- Feste - Gebete<\/span><\/h3>\n<div><\/div>\n<p>[\/et_pb_tab][et_pb_tab title=\"Italienisch\" _builder_version=\"4.27.4&#8243; _module_preset=\"default\" body_text_color=\"#023047&#8243; global_colors_info=\"{}\"]<\/p>\n<h3>Maristen-Quellen<\/h3>\n<div><a href=\"https:\/\/maristeurope.eu\/wp-content\/uploads\/2025\/03\/costituzioni_sm_1988.pdf\" target=\"_blank\" rel=\"noopener\">Konstitutionen<\/a><br \/>\n  <a href=\"https:\/\/maristeurope.eu\/wp-content\/uploads\/2025\/03\/parole_di_un_fondatore.pdf\" target=\"_blank\" rel=\"noopener\">Ein Stifter spricht<\/a><br \/>\n  <br \/>\n    <a href=\"https:\/\/maristeurope.eu\/wp-content\/uploads\/2025\/03\/un_fondatore_in_azione.pdf\" target=\"_blank\" rel=\"noopener\">Ein Stifter handelt<\/a><\/p>\n<\/div>\n<h3><\/h3>\n<h3>Maristische Geschichte und Spiritualit\u00e4t<\/h3>\n<div><\/div>\n<div><\/div>\n<h3>Marist B\u00fccher &amp; Zeitschriften<\/h3>\n<div><\/div>\n<div><\/div>\n<h3>Laien<\/h3>\n<div><\/div>\n<div><\/div>\n<h3>Liturgie <span>- Feste - Gebete<\/span><\/h3>\n<div><\/div>\n<p>[\/et_pb_tab][et_pb_tab title=\"Norwegisch\" _builder_version=\"4.27.4&#8243; _module_preset=\"default\" body_text_color=\"#023047&#8243; global_colors_info=\"{}\"]<\/p>\n<h3>Maristen-Quellen<a href=\"#\"><\/a><\/h3>\n<p>&nbsp;<\/p>\n<h3>Maristische Geschichte und Spiritualit\u00e4t<\/h3>\n<p>&nbsp;<\/p>\n<h3>Marist B\u00fccher &amp; Zeitschriften<a href=\"#\"><\/a><\/h3>\n<p>&nbsp;<\/p>\n<h3>Laien<a href=\"#\"><\/a><\/h3>\n<p>&nbsp;<\/p>\n<h3>Liturgie <span>- Feste - Gebete<\/span><\/h3>\n<div><\/div>\n<p>[\/et_pb_tab][et_pb_tab title=\"Spanisch\" _builder_version=\"4.27.4&#8243; _module_preset=\"default\" body_text_color=\"#023047&#8243; global_colors_info=\"{}\"]<\/p>\n<h3>Maristen-Quellen<\/h3>\n<div><a href=\"https:\/\/maristeurope.eu\/wp-content\/uploads\/2025\/03\/Const88-ESPANOL.pdf\" target=\"_blank\" rel=\"noopener\">Konstitutionen<\/a><br \/>\n  <a href=\"https:\/\/maristeurope.eu\/wp-content\/uploads\/2025\/03\/Habla-un-Fundador.pdf\" target=\"_blank\" rel=\"noopener\">Ein Stifter spricht<\/a><br \/>\n  <br \/>\n    <a href=\"https:\/\/maristeurope.eu\/wp-content\/uploads\/2025\/03\/Un-Fundador-en-accion.pdf\" target=\"_blank\" rel=\"noopener\">Ein Stifter handelt<\/a><\/p>\n<\/div>\n<p>&nbsp;<\/p>\n<h3>Maristische Geschichte und Spiritualit\u00e4t<\/h3>\n<div><\/div>\n<div><\/div>\n<h3>Marist B\u00fccher &amp; Zeitschriften<\/h3>\n<div><\/div>\n<div><\/div>\n<h3>Laien<\/h3>\n<div><\/div>\n<div><\/div>\n<h3>Liturgie <span>- Feste - Gebete<\/span><\/h3>\n<div><\/div>\n<p>[\/et_pb_tab][et_pb_tab title=\"EuroInfo\" _builder_version=\"4.27.4&#8243; _module_preset=\"default\" link_option_url_new_window=\"on\" hover_enabled=\"0&#8243; global_colors_info=\"{}\" sticky_enabled=\"0&#8243;]<\/p>\n<h3>10. Oktober 2025  <\/h3>\n<div><a href=\"https:\/\/maristeurope.eu\/wp-content\/uploads\/2025\/10\/EuroInfo-204-EN.pdf\" target=\"_blank\" rel=\"noopener\">Englisch<\/a><br \/><a href=\"https:\/\/maristeurope.eu\/wp-content\/uploads\/2025\/10\/EuroInfo-204-FR.pdf\" target=\"_blank\" rel=\"noopener\">Franz\u00f6sisch<\/a><\/div>\n<div><a href=\"https:\/\/maristeurope.eu\/wp-content\/uploads\/2025\/10\/EuroInfo-204-DE.pdf\" target=\"_blank\" rel=\"noopener\">Deutsch<\/a><\/div>\n<div><a href=\"https:\/\/maristeurope.eu\/wp-content\/uploads\/2025\/10\/EuroInfo-204-NL.pdf\" target=\"_blank\" rel=\"noopener\">Niederl\u00e4ndisch<\/a><\/div>\n<div><a href=\"https:\/\/maristeurope.eu\/wp-content\/uploads\/2025\/10\/EuroInfo-204-IT.pdf\" target=\"_blank\" rel=\"noopener\">Italienisch<\/a><\/div>\n<div><a href=\"https:\/\/maristeurope.eu\/wp-content\/uploads\/2025\/10\/EuroInfo-204-ES.pdf\" target=\"_blank\" rel=\"noopener\">Spanisch<\/a><\/div>\n<p>&nbsp;<\/p>\n<h3>09. September 2025<\/h3>\n<p>&nbsp;<\/p>\n<p>[\/et_pb_tab][\/et_pb_tabs][\/et_pb_column][\/et_pb_row][\/et_pb_section]<\/p>\n","protected":false},"excerpt":{"rendered":"<p>RESSOURCENWir entwickeln diese Ressourcen-Seite weiter - bitte haben Sie Geduld mit uns, w\u00e4hrend wir Materialien hinzuf\u00fcgen. Kontaktieren Sie uns mit Ihren Kommentaren und Vorschl\u00e4gen.Maristen-Quellen Konstitutionen 1987 Ein Stifter spricht Ein Stifter handelt Maristische Geschichte und Spiritualit\u00e4t Jan Snijders: Das Zeitalter der Maria Francois Marc: Die marianische Kirche Marist B\u00fccher &amp; Zeitschriften Kieler Buch der Texte [&hellip;]<\/p>\n","protected":false},"author":1,"featured_media":0,"parent":0,"menu_order":0,"comment_status":"closed","ping_status":"closed","template":"","meta":{"_et_pb_use_builder":"on","_et_pb_old_content":"","_et_gb_content_width":"","footnotes":""},"class_list":["post-2176","page","type-page","status-publish","hentry"],"yoast_head":"<!-- This site is optimized with the Yoast SEO plugin v27.4 - https:\/\/yoast.com\/product\/yoast-seo-wordpress\/ -->\n<title>Ressourcen - Marist Europe<\/title>\n<meta name=\"robots\" content=\"index, follow, max-snippet:-1, max-image-preview:large, max-video-preview:-1\" \/>\n<link rel=\"canonical\" href=\"https:\/\/maristeurope.eu\/de\/bibliothek\/\" \/>\n<meta property=\"og:locale\" content=\"de_DE\" \/>\n<meta property=\"og:type\" content=\"article\" \/>\n<meta property=\"og:title\" content=\"Ressourcen - Marist Europe\" \/>\n<meta property=\"og:description\" content=\"RESSOURCENWir entwickeln diese Ressourcen-Seite weiter - bitte haben Sie Geduld mit uns, w\u00e4hrend wir Materialien hinzuf\u00fcgen. Kontaktieren Sie uns mit Ihren Kommentaren und Vorschl\u00e4gen.Maristen-Quellen Konstitutionen 1987 Ein Stifter spricht Ein Stifter handelt Maristische Geschichte und Spiritualit\u00e4t Jan Snijders: Das Zeitalter der Maria Francois Marc: Die marianische Kirche Marist B\u00fccher &amp; Zeitschriften Kieler Buch der Texte [&hellip;]\" \/>\n<meta property=\"og:url\" content=\"https:\/\/maristeurope.eu\/de\/bibliothek\/\" \/>\n<meta property=\"og:site_name\" content=\"Marist Europe\" \/>\n<meta property=\"article:modified_time\" content=\"2025-10-11T10:37:04+00:00\" \/>\n<meta name=\"twitter:card\" content=\"summary_large_image\" \/>\n<meta name=\"twitter:label1\" content=\"Gesch\u00e4tzte Lesezeit\" \/>\n\t<meta name=\"twitter:data1\" content=\"4\u00a0Minute\" \/>\n<script type=\"application\/ld+json\" class=\"yoast-schema-graph\">{\"@context\":\"https:\\\/\\\/schema.org\",\"@graph\":[{\"@type\":\"WebPage\",\"@id\":\"https:\\\/\\\/maristeurope.eu\\\/de\\\/bibliothek\\\/\",\"url\":\"https:\\\/\\\/maristeurope.eu\\\/de\\\/bibliothek\\\/\",\"name\":\"Ressourcen - Marist Europe\",\"isPartOf\":{\"@id\":\"https:\\\/\\\/maristeurope.eu\\\/de\\\/#website\"},\"datePublished\":\"2024-10-07T11:32:08+00:00\",\"dateModified\":\"2025-10-11T10:37:04+00:00\",\"breadcrumb\":{\"@id\":\"https:\\\/\\\/maristeurope.eu\\\/de\\\/bibliothek\\\/#breadcrumb\"},\"inLanguage\":\"de\",\"potentialAction\":[{\"@type\":\"ReadAction\",\"target\":[\"https:\\\/\\\/maristeurope.eu\\\/de\\\/bibliothek\\\/\"]}]},{\"@type\":\"BreadcrumbList\",\"@id\":\"https:\\\/\\\/maristeurope.eu\\\/de\\\/bibliothek\\\/#breadcrumb\",\"itemListElement\":[{\"@type\":\"ListItem\",\"position\":1,\"name\":\"Home\",\"item\":\"https:\\\/\\\/maristeurope.eu\\\/de\\\/maristen\\\/\"},{\"@type\":\"ListItem\",\"position\":2,\"name\":\"Ressourcen\"}]},{\"@type\":\"WebSite\",\"@id\":\"https:\\\/\\\/maristeurope.eu\\\/de\\\/#website\",\"url\":\"https:\\\/\\\/maristeurope.eu\\\/de\\\/\",\"name\":\"Marist Europe\",\"description\":\"\",\"publisher\":{\"@id\":\"https:\\\/\\\/maristeurope.eu\\\/de\\\/#organization\"},\"potentialAction\":[{\"@type\":\"SearchAction\",\"target\":{\"@type\":\"EntryPoint\",\"urlTemplate\":\"https:\\\/\\\/maristeurope.eu\\\/de\\\/?s={search_term_string}\"},\"query-input\":{\"@type\":\"PropertyValueSpecification\",\"valueRequired\":true,\"valueName\":\"search_term_string\"}}],\"inLanguage\":\"de\"},{\"@type\":\"Organization\",\"@id\":\"https:\\\/\\\/maristeurope.eu\\\/de\\\/#organization\",\"name\":\"Marist Europe\",\"url\":\"https:\\\/\\\/maristeurope.eu\\\/de\\\/\",\"logo\":{\"@type\":\"ImageObject\",\"inLanguage\":\"de\",\"@id\":\"https:\\\/\\\/maristeurope.eu\\\/de\\\/#\\\/schema\\\/logo\\\/image\\\/\",\"url\":\"https:\\\/\\\/maristeurope.eu\\\/wp-content\\\/uploads\\\/2024\\\/10\\\/EU-SM-Finalogo-02.png\",\"contentUrl\":\"https:\\\/\\\/maristeurope.eu\\\/wp-content\\\/uploads\\\/2024\\\/10\\\/EU-SM-Finalogo-02.png\",\"width\":150,\"height\":156,\"caption\":\"Marist Europe\"},\"image\":{\"@id\":\"https:\\\/\\\/maristeurope.eu\\\/de\\\/#\\\/schema\\\/logo\\\/image\\\/\"}}]}<\/script>\n<!-- \/ Yoast SEO plugin. -->","yoast_head_json":{"title":"Ressourcen - Marist Europe","robots":{"index":"index","follow":"follow","max-snippet":"max-snippet:-1","max-image-preview":"max-image-preview:large","max-video-preview":"max-video-preview:-1"},"canonical":"https:\/\/maristeurope.eu\/de\/bibliothek\/","og_locale":"de_DE","og_type":"article","og_title":"Ressourcen - Marist Europe","og_description":"RESSOURCENWir entwickeln diese Ressourcen-Seite weiter - bitte haben Sie Geduld mit uns, w\u00e4hrend wir Materialien hinzuf\u00fcgen. Kontaktieren Sie uns mit Ihren Kommentaren und Vorschl\u00e4gen.Maristen-Quellen Konstitutionen 1987 Ein Stifter spricht Ein Stifter handelt Maristische Geschichte und Spiritualit\u00e4t Jan Snijders: Das Zeitalter der Maria Francois Marc: Die marianische Kirche Marist B\u00fccher &amp; Zeitschriften Kieler Buch der Texte [&hellip;]","og_url":"https:\/\/maristeurope.eu\/de\/bibliothek\/","og_site_name":"Marist Europe","article_modified_time":"2025-10-11T10:37:04+00:00","twitter_card":"summary_large_image","twitter_misc":{"Gesch\u00e4tzte Lesezeit":"4\u00a0Minute"},"schema":{"@context":"https:\/\/schema.org","@graph":[{"@type":"WebPage","@id":"https:\/\/maristeurope.eu\/de\/bibliothek\/","url":"https:\/\/maristeurope.eu\/de\/bibliothek\/","name":"Ressourcen - Marist Europe","isPartOf":{"@id":"https:\/\/maristeurope.eu\/de\/#website"},"datePublished":"2024-10-07T11:32:08+00:00","dateModified":"2025-10-11T10:37:04+00:00","breadcrumb":{"@id":"https:\/\/maristeurope.eu\/de\/bibliothek\/#breadcrumb"},"inLanguage":"de","potentialAction":[{"@type":"ReadAction","target":["https:\/\/maristeurope.eu\/de\/bibliothek\/"]}]},{"@type":"BreadcrumbList","@id":"https:\/\/maristeurope.eu\/de\/bibliothek\/#breadcrumb","itemListElement":[{"@type":"ListItem","position":1,"name":"Home","item":"https:\/\/maristeurope.eu\/de\/maristen\/"},{"@type":"ListItem","position":2,"name":"Ressourcen"}]},{"@type":"WebSite","@id":"https:\/\/maristeurope.eu\/de\/#website","url":"https:\/\/maristeurope.eu\/de\/","name":"Marist Europe","description":"","publisher":{"@id":"https:\/\/maristeurope.eu\/de\/#organization"},"potentialAction":[{"@type":"SearchAction","target":{"@type":"EntryPoint","urlTemplate":"https:\/\/maristeurope.eu\/de\/?s={search_term_string}"},"query-input":{"@type":"PropertyValueSpecification","valueRequired":true,"valueName":"search_term_string"}}],"inLanguage":"de"},{"@type":"Organization","@id":"https:\/\/maristeurope.eu\/de\/#organization","name":"Marist Europe","url":"https:\/\/maristeurope.eu\/de\/","logo":{"@type":"ImageObject","inLanguage":"de","@id":"https:\/\/maristeurope.eu\/de\/#\/schema\/logo\/image\/","url":"https:\/\/maristeurope.eu\/wp-content\/uploads\/2024\/10\/EU-SM-Finalogo-02.png","contentUrl":"https:\/\/maristeurope.eu\/wp-content\/uploads\/2024\/10\/EU-SM-Finalogo-02.png","width":150,"height":156,"caption":"Marist Europe"},"image":{"@id":"https:\/\/maristeurope.eu\/de\/#\/schema\/logo\/image\/"}}]}},"_links":{"self":[{"href":"https:\/\/maristeurope.eu\/de\/wp-json\/wp\/v2\/pages\/2176","targetHints":{"allow":["GET"]}}],"collection":[{"href":"https:\/\/maristeurope.eu\/de\/wp-json\/wp\/v2\/pages"}],"about":[{"href":"https:\/\/maristeurope.eu\/de\/wp-json\/wp\/v2\/types\/page"}],"author":[{"embeddable":true,"href":"https:\/\/maristeurope.eu\/de\/wp-json\/wp\/v2\/users\/1"}],"replies":[{"embeddable":true,"href":"https:\/\/maristeurope.eu\/de\/wp-json\/wp\/v2\/comments?post=2176"}],"version-history":[{"count":68,"href":"https:\/\/maristeurope.eu\/de\/wp-json\/wp\/v2\/pages\/2176\/revisions"}],"predecessor-version":[{"id":8117,"href":"https:\/\/maristeurope.eu\/de\/wp-json\/wp\/v2\/pages\/2176\/revisions\/8117"}],"wp:attachment":[{"href":"https:\/\/maristeurope.eu\/de\/wp-json\/wp\/v2\/media?parent=2176"}],"curies":[{"name":"wp","href":"https:\/\/api.w.org\/{rel}","templated":true}]}}